{"id":44382,"date":"2022-04-08T11:09:34","date_gmt":"2023-04-06T10:18:43","guid":{"rendered":"https:\/\/www.pakery.pl\/produkt\/hydrogum-injektiohartsi\/"},"modified":"2023-04-06T12:18:44","modified_gmt":"2023-04-06T10:18:44","slug":"hydrogum-injektiohartsi","status":"publish","type":"product","link":"https:\/\/www.pakery.pl\/fi\/produkt\/hydrogum-injektiohartsi\/","title":{"rendered":"HydroGum injektiohartsi"},"content":{"rendered":"\t\t<div data-elementor-type=\"product-post\" data-elementor-id=\"44382\" class=\"elementor elementor-44382 elementor-41168\" data-elementor-post-type=\"product\">\n\t\t\t\t\t\t<section class=\"elementor-section elementor-top-section elementor-element elementor-element-2949323 elementor-section-boxed elementor-section-height-default elementor-section-height-default\" data-id=\"2949323\" data-element_type=\"section\" data-e-type=\"section\">\n\t\t\t\t\t\t<div class=\"elementor-container elementor-column-gap-default\">\n\t\t\t\t\t<div class=\"elementor-column elementor-col-100 elementor-top-column elementor-element elementor-element-30d4109\" data-id=\"30d4109\" data-element_type=\"column\" data-e-type=\"column\">\n\t\t\t<div class=\"elementor-widget-wrap elementor-element-populated\">\n\t\t\t\t\t\t<div class=\"elementor-element elementor-element-c062012 elementor-widget elementor-widget-image\" data-id=\"c062012\" data-element_type=\"widget\" data-e-type=\"widget\" data-widget_type=\"image.default\">\n\t\t\t\t<div class=\"elementor-widget-container\">\n\t\t\t\t\t\t\t\t\t\t\t\t\t\t\t<img fetchpriority=\"high\" decoding=\"async\" width=\"1024\" height=\"271\" src=\"https:\/\/www.pakery.pl\/wp-content\/uploads\/2022\/04\/HydroGum-ResinBau-1024x271.png\" class=\"attachment-large size-large wp-image-40049\" alt=\"\" srcset=\"https:\/\/www.pakery.pl\/wp-content\/uploads\/2022\/04\/HydroGum-ResinBau-1024x271.png 1024w, https:\/\/www.pakery.pl\/wp-content\/uploads\/2022\/04\/HydroGum-ResinBau-300x79.png 300w, https:\/\/www.pakery.pl\/wp-content\/uploads\/2022\/04\/HydroGum-ResinBau-768x203.png 768w, https:\/\/www.pakery.pl\/wp-content\/uploads\/2022\/04\/HydroGum-ResinBau-683x181.png 683w, https:\/\/www.pakery.pl\/wp-content\/uploads\/2022\/04\/HydroGum-ResinBau-602x159.png 602w, https:\/\/www.pakery.pl\/wp-content\/uploads\/2022\/04\/HydroGum-ResinBau.png 1378w\" sizes=\"(max-width: 1024px) 100vw, 1024px\" \/>\t\t\t\t\t\t\t\t\t\t\t\t\t\t\t<\/div>\n\t\t\t\t<\/div>\n\t\t\t\t\t<\/div>\n\t\t<\/div>\n\t\t\t\t\t<\/div>\n\t\t<\/section>\n\t\t\t\t<section class=\"elementor-section elementor-top-section elementor-element elementor-element-5b6538c elementor-section-boxed elementor-section-height-default elementor-section-height-default\" data-id=\"5b6538c\" data-element_type=\"section\" data-e-type=\"section\">\n\t\t\t\t\t\t<div class=\"elementor-container elementor-column-gap-default\">\n\t\t\t\t\t<div class=\"elementor-column elementor-col-50 elementor-top-column elementor-element elementor-element-426ec40\" data-id=\"426ec40\" data-element_type=\"column\" data-e-type=\"column\">\n\t\t\t<div class=\"elementor-widget-wrap elementor-element-populated\">\n\t\t\t\t\t\t<div class=\"elementor-element elementor-element-6ccc1c8 elementor-widget elementor-widget-text-editor\" data-id=\"6ccc1c8\" data-element_type=\"widget\" data-e-type=\"widget\" data-widget_type=\"text-editor.default\">\n\t\t\t\t<div class=\"elementor-widget-container\">\n\t\t\t\t\t\t\t\t\t<div class=\"page\" style=\"caret-color: #000000; color: #000000;\" title=\"Sivu 1\">\n<div class=\"section\">\n<div class=\"layoutArea\">\n<div class=\"column\">\n<p><span style=\"font-size: 14pt; font-family: ArialNarrow; font-weight: bold; color: #14408a;\">  Soveltamisala  <\/span><\/p>\n<\/div>\n<\/div>\n<\/div>\n<\/div>\n\t\t\t\t\t\t\t\t<\/div>\n\t\t\t\t<\/div>\n\t\t\t\t\t<\/div>\n\t\t<\/div>\n\t\t\t\t<div class=\"elementor-column elementor-col-50 elementor-top-column elementor-element elementor-element-156cd07\" data-id=\"156cd07\" data-element_type=\"column\" data-e-type=\"column\">\n\t\t\t<div class=\"elementor-widget-wrap\">\n\t\t\t\t\t\t\t<\/div>\n\t\t<\/div>\n\t\t\t\t\t<\/div>\n\t\t<\/section>\n\t\t\t\t<section class=\"elementor-section elementor-top-section elementor-element elementor-element-cd66351 elementor-section-boxed elementor-section-height-default elementor-section-height-default\" data-id=\"cd66351\" data-element_type=\"section\" data-e-type=\"section\">\n\t\t\t\t\t\t<div class=\"elementor-container elementor-column-gap-default\">\n\t\t\t\t\t<div class=\"elementor-column elementor-col-100 elementor-top-column elementor-element elementor-element-d5e2fd1\" data-id=\"d5e2fd1\" data-element_type=\"column\" data-e-type=\"column\">\n\t\t\t<div class=\"elementor-widget-wrap elementor-element-populated\">\n\t\t\t\t\t\t<section class=\"elementor-section elementor-inner-section elementor-element elementor-element-b737aa8 elementor-section-boxed elementor-section-height-default elementor-section-height-default\" data-id=\"b737aa8\" data-element_type=\"section\" data-e-type=\"section\">\n\t\t\t\t\t\t<div class=\"elementor-container elementor-column-gap-default\">\n\t\t\t\t\t<div class=\"elementor-column elementor-col-50 elementor-inner-column elementor-element elementor-element-d426ca8\" data-id=\"d426ca8\" data-element_type=\"column\" data-e-type=\"column\">\n\t\t\t<div class=\"elementor-widget-wrap elementor-element-populated\">\n\t\t\t\t\t\t<div class=\"elementor-element elementor-element-6a33aae elementor-widget elementor-widget-image\" data-id=\"6a33aae\" data-element_type=\"widget\" data-e-type=\"widget\" data-widget_type=\"image.default\">\n\t\t\t\t<div class=\"elementor-widget-container\">\n\t\t\t\t\t\t\t\t\t\t\t\t\t\t\t<img decoding=\"async\" width=\"353\" height=\"115\" src=\"https:\/\/www.pakery.pl\/wp-content\/uploads\/2022\/04\/Zrzut-ekranu-2022-04-8-o-11.14.25.png\" class=\"attachment-large size-large wp-image-40073\" alt=\"\" srcset=\"https:\/\/www.pakery.pl\/wp-content\/uploads\/2022\/04\/Zrzut-ekranu-2022-04-8-o-11.14.25.png 353w, https:\/\/www.pakery.pl\/wp-content\/uploads\/2022\/04\/Zrzut-ekranu-2022-04-8-o-11.14.25-300x98.png 300w\" sizes=\"(max-width: 353px) 100vw, 353px\" \/>\t\t\t\t\t\t\t\t\t\t\t\t\t\t\t<\/div>\n\t\t\t\t<\/div>\n\t\t\t\t\t<\/div>\n\t\t<\/div>\n\t\t\t\t<div class=\"elementor-column elementor-col-50 elementor-inner-column elementor-element elementor-element-50e7855\" data-id=\"50e7855\" data-element_type=\"column\" data-e-type=\"column\">\n\t\t\t<div class=\"elementor-widget-wrap elementor-element-populated\">\n\t\t\t\t\t\t<div class=\"elementor-element elementor-element-e36967f elementor-widget elementor-widget-text-editor\" data-id=\"e36967f\" data-element_type=\"widget\" data-e-type=\"widget\" data-widget_type=\"text-editor.default\">\n\t\t\t\t<div class=\"elementor-widget-container\">\n\t\t\t\t\t\t\t\t\t<ul>\n<li>\n<h6><span style=\"color: #000000;\">Betonirakenteiden ja maanalaisten rakenteiden halkeamien tiivist\u00e4minen.<\/span><\/h6>\n<\/li>\n<li>\n<h6><span style=\"color: #000000;\">Veden virtauksen rajoitin vuotojen tai aktiivisten vuotojen varalta.  <\/span><\/h6>\n<\/li>\n<li>\n<h6><span style=\"color: #000000;\">Voidaan k\u00e4ytt\u00e4\u00e4 2K 1:1 j\u00e4rjestelm\u00e4ss\u00e4 veden kanssa kuivien halkeamien tiivist\u00e4miseen.<\/span><\/h6>\n<\/li>\n<\/ul>\n\t\t\t\t\t\t\t\t<\/div>\n\t\t\t\t<\/div>\n\t\t\t\t\t<\/div>\n\t\t<\/div>\n\t\t\t\t\t<\/div>\n\t\t<\/section>\n\t\t\t\t\t<\/div>\n\t\t<\/div>\n\t\t\t\t\t<\/div>\n\t\t<\/section>\n\t\t\t\t<section class=\"elementor-section elementor-top-section elementor-element elementor-element-d476401 elementor-section-boxed elementor-section-height-default elementor-section-height-default\" data-id=\"d476401\" data-element_type=\"section\" data-e-type=\"section\">\n\t\t\t\t\t\t<div class=\"elementor-container elementor-column-gap-default\">\n\t\t\t\t\t<div class=\"elementor-column elementor-col-100 elementor-top-column elementor-element elementor-element-42e5f56\" data-id=\"42e5f56\" data-element_type=\"column\" data-e-type=\"column\">\n\t\t\t<div class=\"elementor-widget-wrap elementor-element-populated\">\n\t\t\t\t\t\t<section class=\"elementor-section elementor-inner-section elementor-element elementor-element-84e3d7d elementor-section-boxed elementor-section-height-default elementor-section-height-default\" data-id=\"84e3d7d\" data-element_type=\"section\" data-e-type=\"section\">\n\t\t\t\t\t\t<div class=\"elementor-container elementor-column-gap-default\">\n\t\t\t\t\t<div class=\"elementor-column elementor-col-50 elementor-inner-column elementor-element elementor-element-f05f039\" data-id=\"f05f039\" data-element_type=\"column\" data-e-type=\"column\">\n\t\t\t<div class=\"elementor-widget-wrap elementor-element-populated\">\n\t\t\t\t\t\t<div class=\"elementor-element elementor-element-34c0b91 elementor-widget elementor-widget-text-editor\" data-id=\"34c0b91\" data-element_type=\"widget\" data-e-type=\"widget\" data-widget_type=\"text-editor.default\">\n\t\t\t\t<div class=\"elementor-widget-container\">\n\t\t\t\t\t\t\t\t\t<div title=\"Sivu 2\">\n<div>\n<div>\n<div>\n<p>       <span style=\"caret-color: #000000; color: #14408a; font-family: ArialNarrow; font-size: 18.66666603088379px; font-weight: bold;\">Lis\u00e4tuotteet <\/span><\/p>\n<\/div>\n<\/div>\n<\/div>\n<\/div>\n\t\t\t\t\t\t\t\t<\/div>\n\t\t\t\t<\/div>\n\t\t\t\t\t<\/div>\n\t\t<\/div>\n\t\t\t\t<div class=\"elementor-column elementor-col-50 elementor-inner-column elementor-element elementor-element-a30d5fc\" data-id=\"a30d5fc\" data-element_type=\"column\" data-e-type=\"column\">\n\t\t\t<div class=\"elementor-widget-wrap elementor-element-populated\">\n\t\t\t\t\t\t<div class=\"elementor-element elementor-element-15c1714 elementor-widget elementor-widget-text-editor\" data-id=\"15c1714\" data-element_type=\"widget\" data-e-type=\"widget\" data-widget_type=\"text-editor.default\">\n\t\t\t\t<div class=\"elementor-widget-container\">\n\t\t\t\t\t\t\t\t\t<ul>\n<li>\n<h6><span style=\"color: #000000;\">ResinBau CrackOn.5 &#8211; laasti, joka sulkee halkeamapinnan<\/span><\/h6>\n<\/li>\n<li>\n<h6><span style=\"color: #000000;\">Hammpack\u00ae PI-Cleaner &#8211; ruiskutuslaitteiden puhdistukseen<\/span><\/h6>\n<\/li>\n<li>\n<h6><span style=\"color: #000000;\">Hammpack\u00ae injektiopakkaimet<\/span><\/h6>\n<\/li>\n<li>\n<h6><span style=\"color: #000000;\">Ruiskutuspumppu 1K\/2K<\/span><\/h6>\n<\/li>\n<\/ul>\n\t\t\t\t\t\t\t\t<\/div>\n\t\t\t\t<\/div>\n\t\t\t\t\t<\/div>\n\t\t<\/div>\n\t\t\t\t\t<\/div>\n\t\t<\/section>\n\t\t\t\t\t<\/div>\n\t\t<\/div>\n\t\t\t\t\t<\/div>\n\t\t<\/section>\n\t\t\t\t<section class=\"elementor-section elementor-top-section elementor-element elementor-element-ccad8ac elementor-section-boxed elementor-section-height-default elementor-section-height-default\" data-id=\"ccad8ac\" data-element_type=\"section\" data-e-type=\"section\">\n\t\t\t\t\t\t<div class=\"elementor-container elementor-column-gap-default\">\n\t\t\t\t\t<div class=\"elementor-column elementor-col-100 elementor-top-column elementor-element elementor-element-94ea379\" data-id=\"94ea379\" data-element_type=\"column\" data-e-type=\"column\">\n\t\t\t<div class=\"elementor-widget-wrap elementor-element-populated\">\n\t\t\t\t\t\t<section class=\"elementor-section elementor-inner-section elementor-element elementor-element-466a2c6 elementor-section-boxed elementor-section-height-default elementor-section-height-default\" data-id=\"466a2c6\" data-element_type=\"section\" data-e-type=\"section\">\n\t\t\t\t\t\t<div class=\"elementor-container elementor-column-gap-default\">\n\t\t\t\t\t<div class=\"elementor-column elementor-col-50 elementor-inner-column elementor-element elementor-element-0177b2c\" data-id=\"0177b2c\" data-element_type=\"column\" data-e-type=\"column\">\n\t\t\t<div class=\"elementor-widget-wrap elementor-element-populated\">\n\t\t\t\t\t\t<div class=\"elementor-element elementor-element-8e66520 elementor-widget elementor-widget-text-editor\" data-id=\"8e66520\" data-element_type=\"widget\" data-e-type=\"widget\" data-widget_type=\"text-editor.default\">\n\t\t\t\t<div class=\"elementor-widget-container\">\n\t\t\t\t\t\t\t\t\t<div title=\"Sivu 2\">\n<div>\n<div>\n<div>\n<p>       <span style=\"caret-color: #000000; color: #14408a; font-family: ArialNarrow; font-size: 18.66666603088379px; font-weight: bold;\">Lataa<\/span><\/p>\n<\/div>\n<\/div>\n<\/div>\n<\/div>\n\t\t\t\t\t\t\t\t<\/div>\n\t\t\t\t<\/div>\n\t\t\t\t\t<\/div>\n\t\t<\/div>\n\t\t\t\t<div class=\"elementor-column elementor-col-50 elementor-inner-column elementor-element elementor-element-f1311a6\" data-id=\"f1311a6\" data-element_type=\"column\" data-e-type=\"column\">\n\t\t\t<div class=\"elementor-widget-wrap elementor-element-populated\">\n\t\t\t\t\t\t<div class=\"elementor-element elementor-element-dd041d6 elementor-align-left elementor-widget elementor-widget-button\" data-id=\"dd041d6\" data-element_type=\"widget\" data-e-type=\"widget\" data-widget_type=\"button.default\">\n\t\t\t\t<div class=\"elementor-widget-container\">\n\t\t\t\t\t\t\t\t\t<div class=\"elementor-button-wrapper\">\n\t\t\t\t\t<a class=\"elementor-button elementor-button-link elementor-size-sm\" href=\"https:\/\/www.pakery.pl\/wp-content\/uploads\/2023\/04\/ResinBau-HydroGum_Karta_Techniczna.pdf\" target=\"_blank\">\n\t\t\t\t\t\t<span class=\"elementor-button-content-wrapper\">\n\t\t\t\t\t\t\t\t\t<span class=\"elementor-button-text\">Tekninen peruskirja<\/span>\n\t\t\t\t\t<\/span>\n\t\t\t\t\t<\/a>\n\t\t\t\t<\/div>\n\t\t\t\t\t\t\t\t<\/div>\n\t\t\t\t<\/div>\n\t\t\t\t<div class=\"elementor-element elementor-element-c73bfb7 elementor-widget elementor-widget-spacer\" data-id=\"c73bfb7\" data-element_type=\"widget\" data-e-type=\"widget\" data-widget_type=\"spacer.default\">\n\t\t\t\t<div class=\"elementor-widget-container\">\n\t\t\t\t\t\t\t<div class=\"elementor-spacer\">\n\t\t\t<div class=\"elementor-spacer-inner\"><\/div>\n\t\t<\/div>\n\t\t\t\t\t\t<\/div>\n\t\t\t\t<\/div>\n\t\t\t\t<div class=\"elementor-element elementor-element-274bcb6 elementor-widget elementor-widget-spacer\" data-id=\"274bcb6\" data-element_type=\"widget\" data-e-type=\"widget\" data-widget_type=\"spacer.default\">\n\t\t\t\t<div class=\"elementor-widget-container\">\n\t\t\t\t\t\t\t<div class=\"elementor-spacer\">\n\t\t\t<div class=\"elementor-spacer-inner\"><\/div>\n\t\t<\/div>\n\t\t\t\t\t\t<\/div>\n\t\t\t\t<\/div>\n\t\t\t\t\t<\/div>\n\t\t<\/div>\n\t\t\t\t\t<\/div>\n\t\t<\/section>\n\t\t\t\t\t<\/div>\n\t\t<\/div>\n\t\t\t\t\t<\/div>\n\t\t<\/section>\n\t\t\t\t<\/div>\n\t\t","protected":false},"excerpt":{"rendered":"<p>Soveltamisala Betonirakenteiden ja maanalaisten rakenteiden halkeamien tiivist\u00e4minen. Veden virtauksen rajoitin vuotojen tai aktiivisten vuotojen varalta. Voidaan k\u00e4ytt\u00e4\u00e4 2K 1:1 j\u00e4rjestelm\u00e4ss\u00e4 veden kanssa kuivien halkeamien tiivist\u00e4miseen. Lis\u00e4tuotteet ResinBau CrackOn.5 &#8211; laasti, joka sulkee halkeamapinnan Hammpack\u00ae PI-Cleaner &#8211; ruiskutuslaitteiden puhdistukseen Hammpack\u00ae injektiopakkaimet Ruiskutuspumppu 1K\/2K Lataa Tekninen peruskirja<\/p>\n","protected":false},"featured_media":40100,"template":"","meta":{"_acf_changed":false},"product_brand":[],"product_cat":[1896],"product_tag":[],"class_list":{"0":"post-44382","1":"product","2":"type-product","3":"status-publish","4":"has-post-thumbnail","6":"product_cat-ruiskuhartsit","8":"first","9":"instock","10":"taxable","11":"shipping-taxable","12":"purchasable","13":"product-type-variable"},"acf":[],"yoast_head":"<!-- This site is optimized with the Yoast SEO plugin v27.3 - https:\/\/yoast.com\/product\/yoast-seo-wordpress\/ -->\n<title>HydroGum injektiohartsi - PAKERY.PL<\/title>\n<meta name=\"description\" content=\"Elastinen yksikomponenttinen injektiohartsi - ResinBau HydrGum - ResinBau HydrGum\" \/>\n<meta name=\"robots\" content=\"index, follow, max-snippet:-1, max-image-preview:large, max-video-preview:-1\" \/>\n<link rel=\"canonical\" href=\"https:\/\/www.pakery.pl\/fi\/produkt\/hydrogum-injektiohartsi\/\" \/>\n<meta property=\"og:locale\" content=\"fi_FI\" \/>\n<meta property=\"og:type\" content=\"article\" \/>\n<meta property=\"og:title\" content=\"HydroGum injektiohartsi - PAKERY.PL\" \/>\n<meta property=\"og:description\" content=\"Elastinen yksikomponenttinen injektiohartsi - ResinBau HydrGum - ResinBau HydrGum\" \/>\n<meta property=\"og:url\" content=\"https:\/\/www.pakery.pl\/fi\/produkt\/hydrogum-injektiohartsi\/\" \/>\n<meta property=\"og:site_name\" content=\"PAKERY.PL\" \/>\n<meta property=\"article:modified_time\" content=\"2023-04-06T10:18:44+00:00\" \/>\n<meta property=\"og:image\" content=\"https:\/\/www.pakery.pl\/wp-content\/uploads\/2022\/04\/ResinBau-HydroGum-5KG-1024x1024.png\" \/>\n\t<meta property=\"og:image:width\" content=\"1024\" \/>\n\t<meta property=\"og:image:height\" content=\"1024\" \/>\n\t<meta property=\"og:image:type\" content=\"image\/png\" \/>\n<meta name=\"twitter:card\" content=\"summary_large_image\" \/>\n<script type=\"application\/ld+json\" class=\"yoast-schema-graph\">{\"@context\":\"https:\\\/\\\/schema.org\",\"@graph\":[{\"@type\":\"WebPage\",\"@id\":\"https:\\\/\\\/www.pakery.pl\\\/fi\\\/produkt\\\/hydrogum-injektiohartsi\\\/\",\"url\":\"https:\\\/\\\/www.pakery.pl\\\/fi\\\/produkt\\\/hydrogum-injektiohartsi\\\/\",\"name\":\"HydroGum injektiohartsi - PAKERY.PL\",\"isPartOf\":{\"@id\":\"https:\\\/\\\/www.pakery.pl\\\/fi\\\/#website\"},\"primaryImageOfPage\":{\"@id\":\"https:\\\/\\\/www.pakery.pl\\\/fi\\\/produkt\\\/hydrogum-injektiohartsi\\\/#primaryimage\"},\"image\":{\"@id\":\"https:\\\/\\\/www.pakery.pl\\\/fi\\\/produkt\\\/hydrogum-injektiohartsi\\\/#primaryimage\"},\"thumbnailUrl\":\"https:\\\/\\\/www.pakery.pl\\\/wp-content\\\/uploads\\\/2022\\\/04\\\/ResinBau-HydroGum-5KG.png\",\"datePublished\":\"2023-04-06T10:18:43+00:00\",\"dateModified\":\"2023-04-06T10:18:44+00:00\",\"description\":\"Elastinen yksikomponenttinen injektiohartsi - ResinBau HydrGum - ResinBau HydrGum\",\"breadcrumb\":{\"@id\":\"https:\\\/\\\/www.pakery.pl\\\/fi\\\/produkt\\\/hydrogum-injektiohartsi\\\/#breadcrumb\"},\"inLanguage\":\"fi\",\"potentialAction\":[{\"@type\":\"ReadAction\",\"target\":[\"https:\\\/\\\/www.pakery.pl\\\/fi\\\/produkt\\\/hydrogum-injektiohartsi\\\/\"]}]},{\"@type\":\"ImageObject\",\"inLanguage\":\"fi\",\"@id\":\"https:\\\/\\\/www.pakery.pl\\\/fi\\\/produkt\\\/hydrogum-injektiohartsi\\\/#primaryimage\",\"url\":\"https:\\\/\\\/www.pakery.pl\\\/wp-content\\\/uploads\\\/2022\\\/04\\\/ResinBau-HydroGum-5KG.png\",\"contentUrl\":\"https:\\\/\\\/www.pakery.pl\\\/wp-content\\\/uploads\\\/2022\\\/04\\\/ResinBau-HydroGum-5KG.png\",\"width\":3000,\"height\":3000},{\"@type\":\"BreadcrumbList\",\"@id\":\"https:\\\/\\\/www.pakery.pl\\\/fi\\\/produkt\\\/hydrogum-injektiohartsi\\\/#breadcrumb\",\"itemListElement\":[{\"@type\":\"ListItem\",\"position\":1,\"name\":\"Strona g\u0142\u00f3wna\",\"item\":\"https:\\\/\\\/www.pakery.pl\\\/fi\\\/\"},{\"@type\":\"ListItem\",\"position\":2,\"name\":\"S\u00e4ilyt\u00e4\",\"item\":\"https:\\\/\\\/www.pakery.pl\\\/fi\\\/sailyta\\\/\"},{\"@type\":\"ListItem\",\"position\":3,\"name\":\"HydroGum injektiohartsi\"}]},{\"@type\":\"WebSite\",\"@id\":\"https:\\\/\\\/www.pakery.pl\\\/fi\\\/#website\",\"url\":\"https:\\\/\\\/www.pakery.pl\\\/fi\\\/\",\"name\":\"Pakery.pl\",\"description\":\"Pakery iniekcyjne, Kotwy spiralne, Lance iniekcyjne, W\u0119\u017ce do iniekcji, Pompy iniekcyjne, Serwis pomp iniekcyjnych, Wynajem pomp do iniekcji\",\"publisher\":{\"@id\":\"https:\\\/\\\/www.pakery.pl\\\/fi\\\/#organization\"},\"potentialAction\":[{\"@type\":\"SearchAction\",\"target\":{\"@type\":\"EntryPoint\",\"urlTemplate\":\"https:\\\/\\\/www.pakery.pl\\\/fi\\\/?s={search_term_string}\"},\"query-input\":{\"@type\":\"PropertyValueSpecification\",\"valueRequired\":true,\"valueName\":\"search_term_string\"}}],\"inLanguage\":\"fi\"},{\"@type\":\"Organization\",\"@id\":\"https:\\\/\\\/www.pakery.pl\\\/fi\\\/#organization\",\"name\":\"PAKERY.PL\",\"url\":\"https:\\\/\\\/www.pakery.pl\\\/fi\\\/\",\"logo\":{\"@type\":\"ImageObject\",\"inLanguage\":\"fi\",\"@id\":\"https:\\\/\\\/www.pakery.pl\\\/fi\\\/#\\\/schema\\\/logo\\\/image\\\/\",\"url\":\"https:\\\/\\\/www.pakery.pl\\\/wp-content\\\/uploads\\\/2021\\\/04\\\/cropped-PAKERY-LOGO.png\",\"contentUrl\":\"https:\\\/\\\/www.pakery.pl\\\/wp-content\\\/uploads\\\/2021\\\/04\\\/cropped-PAKERY-LOGO.png\",\"width\":1529,\"height\":500,\"caption\":\"PAKERY.PL\"},\"image\":{\"@id\":\"https:\\\/\\\/www.pakery.pl\\\/fi\\\/#\\\/schema\\\/logo\\\/image\\\/\"}}]}<\/script>\n<!-- \/ Yoast SEO plugin. -->","yoast_head_json":{"title":"HydroGum injektiohartsi - PAKERY.PL","description":"Elastinen yksikomponenttinen injektiohartsi - ResinBau HydrGum - ResinBau HydrGum","robots":{"index":"index","follow":"follow","max-snippet":"max-snippet:-1","max-image-preview":"max-image-preview:large","max-video-preview":"max-video-preview:-1"},"canonical":"https:\/\/www.pakery.pl\/fi\/produkt\/hydrogum-injektiohartsi\/","og_locale":"fi_FI","og_type":"article","og_title":"HydroGum injektiohartsi - PAKERY.PL","og_description":"Elastinen yksikomponenttinen injektiohartsi - ResinBau HydrGum - ResinBau HydrGum","og_url":"https:\/\/www.pakery.pl\/fi\/produkt\/hydrogum-injektiohartsi\/","og_site_name":"PAKERY.PL","article_modified_time":"2023-04-06T10:18:44+00:00","og_image":[{"width":1024,"height":1024,"url":"https:\/\/www.pakery.pl\/wp-content\/uploads\/2022\/04\/ResinBau-HydroGum-5KG-1024x1024.png","type":"image\/png"}],"twitter_card":"summary_large_image","schema":{"@context":"https:\/\/schema.org","@graph":[{"@type":"WebPage","@id":"https:\/\/www.pakery.pl\/fi\/produkt\/hydrogum-injektiohartsi\/","url":"https:\/\/www.pakery.pl\/fi\/produkt\/hydrogum-injektiohartsi\/","name":"HydroGum injektiohartsi - PAKERY.PL","isPartOf":{"@id":"https:\/\/www.pakery.pl\/fi\/#website"},"primaryImageOfPage":{"@id":"https:\/\/www.pakery.pl\/fi\/produkt\/hydrogum-injektiohartsi\/#primaryimage"},"image":{"@id":"https:\/\/www.pakery.pl\/fi\/produkt\/hydrogum-injektiohartsi\/#primaryimage"},"thumbnailUrl":"https:\/\/www.pakery.pl\/wp-content\/uploads\/2022\/04\/ResinBau-HydroGum-5KG.png","datePublished":"2023-04-06T10:18:43+00:00","dateModified":"2023-04-06T10:18:44+00:00","description":"Elastinen yksikomponenttinen injektiohartsi - ResinBau HydrGum - ResinBau HydrGum","breadcrumb":{"@id":"https:\/\/www.pakery.pl\/fi\/produkt\/hydrogum-injektiohartsi\/#breadcrumb"},"inLanguage":"fi","potentialAction":[{"@type":"ReadAction","target":["https:\/\/www.pakery.pl\/fi\/produkt\/hydrogum-injektiohartsi\/"]}]},{"@type":"ImageObject","inLanguage":"fi","@id":"https:\/\/www.pakery.pl\/fi\/produkt\/hydrogum-injektiohartsi\/#primaryimage","url":"https:\/\/www.pakery.pl\/wp-content\/uploads\/2022\/04\/ResinBau-HydroGum-5KG.png","contentUrl":"https:\/\/www.pakery.pl\/wp-content\/uploads\/2022\/04\/ResinBau-HydroGum-5KG.png","width":3000,"height":3000},{"@type":"BreadcrumbList","@id":"https:\/\/www.pakery.pl\/fi\/produkt\/hydrogum-injektiohartsi\/#breadcrumb","itemListElement":[{"@type":"ListItem","position":1,"name":"Strona g\u0142\u00f3wna","item":"https:\/\/www.pakery.pl\/fi\/"},{"@type":"ListItem","position":2,"name":"S\u00e4ilyt\u00e4","item":"https:\/\/www.pakery.pl\/fi\/sailyta\/"},{"@type":"ListItem","position":3,"name":"HydroGum injektiohartsi"}]},{"@type":"WebSite","@id":"https:\/\/www.pakery.pl\/fi\/#website","url":"https:\/\/www.pakery.pl\/fi\/","name":"Pakery.pl","description":"Pakery iniekcyjne, Kotwy spiralne, Lance iniekcyjne, W\u0119\u017ce do iniekcji, Pompy iniekcyjne, Serwis pomp iniekcyjnych, Wynajem pomp do iniekcji","publisher":{"@id":"https:\/\/www.pakery.pl\/fi\/#organization"},"potentialAction":[{"@type":"SearchAction","target":{"@type":"EntryPoint","urlTemplate":"https:\/\/www.pakery.pl\/fi\/?s={search_term_string}"},"query-input":{"@type":"PropertyValueSpecification","valueRequired":true,"valueName":"search_term_string"}}],"inLanguage":"fi"},{"@type":"Organization","@id":"https:\/\/www.pakery.pl\/fi\/#organization","name":"PAKERY.PL","url":"https:\/\/www.pakery.pl\/fi\/","logo":{"@type":"ImageObject","inLanguage":"fi","@id":"https:\/\/www.pakery.pl\/fi\/#\/schema\/logo\/image\/","url":"https:\/\/www.pakery.pl\/wp-content\/uploads\/2021\/04\/cropped-PAKERY-LOGO.png","contentUrl":"https:\/\/www.pakery.pl\/wp-content\/uploads\/2021\/04\/cropped-PAKERY-LOGO.png","width":1529,"height":500,"caption":"PAKERY.PL"},"image":{"@id":"https:\/\/www.pakery.pl\/fi\/#\/schema\/logo\/image\/"}}]}},"_links":{"self":[{"href":"https:\/\/www.pakery.pl\/fi\/wp-json\/wp\/v2\/product\/44382","targetHints":{"allow":["GET"]}}],"collection":[{"href":"https:\/\/www.pakery.pl\/fi\/wp-json\/wp\/v2\/product"}],"about":[{"href":"https:\/\/www.pakery.pl\/fi\/wp-json\/wp\/v2\/types\/product"}],"version-history":[{"count":1,"href":"https:\/\/www.pakery.pl\/fi\/wp-json\/wp\/v2\/product\/44382\/revisions"}],"predecessor-version":[{"id":44385,"href":"https:\/\/www.pakery.pl\/fi\/wp-json\/wp\/v2\/product\/44382\/revisions\/44385"}],"wp:featuredmedia":[{"embeddable":true,"href":"https:\/\/www.pakery.pl\/fi\/wp-json\/wp\/v2\/media\/40100"}],"wp:attachment":[{"href":"https:\/\/www.pakery.pl\/fi\/wp-json\/wp\/v2\/media?parent=44382"}],"wp:term":[{"taxonomy":"product_brand","embeddable":true,"href":"https:\/\/www.pakery.pl\/fi\/wp-json\/wp\/v2\/product_brand?post=44382"},{"taxonomy":"product_cat","embeddable":true,"href":"https:\/\/www.pakery.pl\/fi\/wp-json\/wp\/v2\/product_cat?post=44382"},{"taxonomy":"product_tag","embeddable":true,"href":"https:\/\/www.pakery.pl\/fi\/wp-json\/wp\/v2\/product_tag?post=44382"}],"curies":[{"name":"wp","href":"https:\/\/api.w.org\/{rel}","templated":true}]}}