{"id":49692,"date":"2021-04-11T09:49:09","date_gmt":"2025-05-15T10:04:26","guid":{"rendered":"https:\/\/www.pakery.pl\/produkt\/sustepakendaja-pi-spm-13-110\/"},"modified":"2025-05-15T12:18:02","modified_gmt":"2025-05-15T10:18:02","slug":"pi-spm-13-110","status":"publish","type":"product","link":"https:\/\/www.pakery.pl\/et\/produkt\/pi-spm-13-110\/","title":{"rendered":"S\u00fcstepakendaja PI-SPM 13\/110"},"content":{"rendered":"\t\t<div data-elementor-type=\"product-post\" data-elementor-id=\"49692\" class=\"elementor elementor-49692 elementor-1317\" data-elementor-post-type=\"product\">\n\t\t\t\t\t\t<section class=\"elementor-section elementor-top-section elementor-element elementor-element-ca5e2e4 elementor-section-full_width elementor-section-height-default elementor-section-height-default\" data-id=\"ca5e2e4\" data-element_type=\"section\" data-e-type=\"section\">\n\t\t\t\t\t\t<div class=\"elementor-container elementor-column-gap-default\">\n\t\t\t\t\t<div class=\"elementor-column elementor-col-100 elementor-top-column elementor-element elementor-element-0911722\" data-id=\"0911722\" data-element_type=\"column\" data-e-type=\"column\">\n\t\t\t<div class=\"elementor-widget-wrap elementor-element-populated\">\n\t\t\t\t\t\t<div class=\"elementor-element elementor-element-63bcdb3 elementor-widget elementor-widget-text-editor\" data-id=\"63bcdb3\" data-element_type=\"widget\" data-e-type=\"widget\" data-widget_type=\"text-editor.default\">\n\t\t\t\t<div class=\"elementor-widget-container\">\n\t\t\t\t\t\t\t\t\t<p><span style=\"color: #000000;\">PI-SPM pacer <strong>professional line<\/strong> sarja aastatepikkune lipulaev <strong>.<\/strong> Injektor tagab suurep\u00e4rase tiheduse ja eeskujuliku kinnituse. Injektor sobib igat t\u00fc\u00fcpi s\u00fcstimiseks. See tagab kalamiteerija ja ka strutsiosa eeskujuliku tiheduse nii k\u00f5rge kui ka madala r\u00f5hu s\u00fcstimisel.  <\/span><\/p>\n<p><span style=\"color: #000000;\">T\u00e4nu spetsiaalsetele kalamiitidele hoiavad pakendid vastur\u00f5hku ideaalselt (&#8220;ei leki&#8221;).<\/span><\/p>\n<p><span style=\"color: #000000;\"><em><strong>SWG kalamiidipakendid<\/strong> on mehaaniliselt pingutatud anaeroobse liimiga, mis tagab tiheda m6x1 keermestatud \u00fchenduse.  <\/em><\/span><\/p>\n<p><span style=\"color: #000000;\"><em><strong>PRE kalamiidipakenditel<\/strong> on niidid eelnevalt pinnakattega kaetud, saavutades seega kalamiidi keeramisel kohese tiheduse.<\/em><\/span><\/p>\n\t\t\t\t\t\t\t\t<\/div>\n\t\t\t\t<\/div>\n\t\t\t\t\t<\/div>\n\t\t<\/div>\n\t\t\t\t\t<\/div>\n\t\t<\/section>\n\t\t\t\t<\/div>\n\t\t","protected":false},"excerpt":{"rendered":"<p>PI-SPM pacer professional line sarja aastatepikkune lipulaev . Injektor tagab suurep\u00e4rase tiheduse ja eeskujuliku kinnituse. Injektor sobib igat t\u00fc\u00fcpi s\u00fcstimiseks. See tagab kalamiteerija ja ka strutsiosa eeskujuliku tiheduse nii k\u00f5rge kui ka madala r\u00f5hu s\u00fcstimisel. T\u00e4nu spetsiaalsetele kalamiitidele hoiavad pakendid vastur\u00f5hku ideaalselt (&#8220;ei leki&#8221;). SWG kalamiidipakendid on mehaaniliselt pingutatud anaeroobse liimiga, mis tagab tiheda m6x1 [&hellip;]<\/p>\n","protected":false},"featured_media":49693,"template":"","meta":{"_acf_changed":false},"product_brand":[],"product_cat":[2008,1020],"product_tag":[],"class_list":{"0":"post-49692","1":"product","2":"type-product","3":"status-publish","4":"has-post-thumbnail","6":"product_cat-injektsioonipakendid","7":"product_cat-metallpakendid","8":"pa_rodzaj-kalamitki-fwg-et","9":"pa_rodzaj-kalamitki-pre-et","10":"pa_rodzaj-kalamitki-swg-et","12":"first","13":"instock","14":"taxable","15":"shipping-taxable","16":"purchasable","17":"product-type-variable"},"acf":[],"yoast_head":"<!-- This site is optimized with the Yoast SEO plugin v27.3 - https:\/\/yoast.com\/product\/yoast-seo-wordpress\/ -->\n<title>Injektsioonipakendid | Injektsioonipakendaja PI-SPM 13\/110 - PAKERY.PL<\/title>\n<meta name=\"description\" content=\"Injektsioonipakendaja fi 13. Erakordne tihedus isegi v\u00e4ga k\u00f5rge r\u00f5hu juures. Valige oma kalamiidi t\u00fc\u00fcp\" \/>\n<meta name=\"robots\" content=\"index, follow, max-snippet:-1, max-image-preview:large, max-video-preview:-1\" \/>\n<link rel=\"canonical\" href=\"https:\/\/www.pakery.pl\/et\/produkt\/pi-spm-13-110\/\" \/>\n<meta property=\"og:locale\" content=\"et_EE\" \/>\n<meta property=\"og:type\" content=\"article\" \/>\n<meta property=\"og:title\" content=\"Injektsioonipakendid | Injektsioonipakendaja PI-SPM 13\/110 - PAKERY.PL\" \/>\n<meta property=\"og:description\" content=\"Injektsioonipakendaja fi 13. Erakordne tihedus isegi v\u00e4ga k\u00f5rge r\u00f5hu juures. Valige oma kalamiidi t\u00fc\u00fcp\" \/>\n<meta property=\"og:url\" content=\"https:\/\/www.pakery.pl\/et\/produkt\/pi-spm-13-110\/\" \/>\n<meta property=\"og:site_name\" content=\"PAKERY.PL\" \/>\n<meta property=\"article:modified_time\" content=\"2025-05-15T10:18:02+00:00\" \/>\n<meta property=\"og:image\" content=\"https:\/\/www.pakery.pl\/wp-content\/uploads\/2021\/04\/PI-SPM-13110-1024x1024.png\" \/>\n\t<meta property=\"og:image:width\" content=\"1024\" \/>\n\t<meta property=\"og:image:height\" content=\"1024\" \/>\n\t<meta property=\"og:image:type\" content=\"image\/png\" \/>\n<meta name=\"twitter:card\" content=\"summary_large_image\" \/>\n<script type=\"application\/ld+json\" class=\"yoast-schema-graph\">{\"@context\":\"https:\\\/\\\/schema.org\",\"@graph\":[{\"@type\":\"WebPage\",\"@id\":\"https:\\\/\\\/www.pakery.pl\\\/et\\\/produkt\\\/pi-spm-13-110\\\/\",\"url\":\"https:\\\/\\\/www.pakery.pl\\\/et\\\/produkt\\\/pi-spm-13-110\\\/\",\"name\":\"Injektsioonipakendid | Injektsioonipakendaja PI-SPM 13\\\/110 - PAKERY.PL\",\"isPartOf\":{\"@id\":\"https:\\\/\\\/www.pakery.pl\\\/et\\\/#website\"},\"primaryImageOfPage\":{\"@id\":\"https:\\\/\\\/www.pakery.pl\\\/et\\\/produkt\\\/pi-spm-13-110\\\/#primaryimage\"},\"image\":{\"@id\":\"https:\\\/\\\/www.pakery.pl\\\/et\\\/produkt\\\/pi-spm-13-110\\\/#primaryimage\"},\"thumbnailUrl\":\"https:\\\/\\\/www.pakery.pl\\\/wp-content\\\/uploads\\\/2021\\\/04\\\/PI-SPM-13110.png\",\"datePublished\":\"2025-05-15T10:04:26+00:00\",\"dateModified\":\"2025-05-15T10:18:02+00:00\",\"description\":\"Injektsioonipakendaja fi 13. Erakordne tihedus isegi v\u00e4ga k\u00f5rge r\u00f5hu juures. Valige oma kalamiidi t\u00fc\u00fcp\",\"breadcrumb\":{\"@id\":\"https:\\\/\\\/www.pakery.pl\\\/et\\\/produkt\\\/pi-spm-13-110\\\/#breadcrumb\"},\"inLanguage\":\"et\",\"potentialAction\":[{\"@type\":\"ReadAction\",\"target\":[\"https:\\\/\\\/www.pakery.pl\\\/et\\\/produkt\\\/pi-spm-13-110\\\/\"]}]},{\"@type\":\"ImageObject\",\"inLanguage\":\"et\",\"@id\":\"https:\\\/\\\/www.pakery.pl\\\/et\\\/produkt\\\/pi-spm-13-110\\\/#primaryimage\",\"url\":\"https:\\\/\\\/www.pakery.pl\\\/wp-content\\\/uploads\\\/2021\\\/04\\\/PI-SPM-13110.png\",\"contentUrl\":\"https:\\\/\\\/www.pakery.pl\\\/wp-content\\\/uploads\\\/2021\\\/04\\\/PI-SPM-13110.png\",\"width\":2500,\"height\":2500},{\"@type\":\"BreadcrumbList\",\"@id\":\"https:\\\/\\\/www.pakery.pl\\\/et\\\/produkt\\\/pi-spm-13-110\\\/#breadcrumb\",\"itemListElement\":[{\"@type\":\"ListItem\",\"position\":1,\"name\":\"Strona g\u0142\u00f3wna\",\"item\":\"https:\\\/\\\/www.pakery.pl\\\/et\\\/\"},{\"@type\":\"ListItem\",\"position\":2,\"name\":\"Kauplus\",\"item\":\"https:\\\/\\\/www.pakery.pl\\\/et\\\/kauplus\\\/\"},{\"@type\":\"ListItem\",\"position\":3,\"name\":\"S\u00fcstepakendaja PI-SPM 13\\\/110\"}]},{\"@type\":\"WebSite\",\"@id\":\"https:\\\/\\\/www.pakery.pl\\\/et\\\/#website\",\"url\":\"https:\\\/\\\/www.pakery.pl\\\/et\\\/\",\"name\":\"Pakery.pl\",\"description\":\"Pakery iniekcyjne, Kotwy spiralne, Lance iniekcyjne, W\u0119\u017ce do iniekcji, Pompy iniekcyjne, Serwis pomp iniekcyjnych, Wynajem pomp do iniekcji\",\"publisher\":{\"@id\":\"https:\\\/\\\/www.pakery.pl\\\/et\\\/#organization\"},\"potentialAction\":[{\"@type\":\"SearchAction\",\"target\":{\"@type\":\"EntryPoint\",\"urlTemplate\":\"https:\\\/\\\/www.pakery.pl\\\/et\\\/?s={search_term_string}\"},\"query-input\":{\"@type\":\"PropertyValueSpecification\",\"valueRequired\":true,\"valueName\":\"search_term_string\"}}],\"inLanguage\":\"et\"},{\"@type\":\"Organization\",\"@id\":\"https:\\\/\\\/www.pakery.pl\\\/et\\\/#organization\",\"name\":\"PAKERY.PL\",\"url\":\"https:\\\/\\\/www.pakery.pl\\\/et\\\/\",\"logo\":{\"@type\":\"ImageObject\",\"inLanguage\":\"et\",\"@id\":\"https:\\\/\\\/www.pakery.pl\\\/et\\\/#\\\/schema\\\/logo\\\/image\\\/\",\"url\":\"https:\\\/\\\/www.pakery.pl\\\/wp-content\\\/uploads\\\/2021\\\/04\\\/cropped-PAKERY-LOGO.png\",\"contentUrl\":\"https:\\\/\\\/www.pakery.pl\\\/wp-content\\\/uploads\\\/2021\\\/04\\\/cropped-PAKERY-LOGO.png\",\"width\":1529,\"height\":500,\"caption\":\"PAKERY.PL\"},\"image\":{\"@id\":\"https:\\\/\\\/www.pakery.pl\\\/et\\\/#\\\/schema\\\/logo\\\/image\\\/\"}}]}<\/script>\n<!-- \/ Yoast SEO plugin. -->","yoast_head_json":{"title":"Injektsioonipakendid | Injektsioonipakendaja PI-SPM 13\/110 - PAKERY.PL","description":"Injektsioonipakendaja fi 13. Erakordne tihedus isegi v\u00e4ga k\u00f5rge r\u00f5hu juures. Valige oma kalamiidi t\u00fc\u00fcp","robots":{"index":"index","follow":"follow","max-snippet":"max-snippet:-1","max-image-preview":"max-image-preview:large","max-video-preview":"max-video-preview:-1"},"canonical":"https:\/\/www.pakery.pl\/et\/produkt\/pi-spm-13-110\/","og_locale":"et_EE","og_type":"article","og_title":"Injektsioonipakendid | Injektsioonipakendaja PI-SPM 13\/110 - PAKERY.PL","og_description":"Injektsioonipakendaja fi 13. Erakordne tihedus isegi v\u00e4ga k\u00f5rge r\u00f5hu juures. Valige oma kalamiidi t\u00fc\u00fcp","og_url":"https:\/\/www.pakery.pl\/et\/produkt\/pi-spm-13-110\/","og_site_name":"PAKERY.PL","article_modified_time":"2025-05-15T10:18:02+00:00","og_image":[{"width":1024,"height":1024,"url":"https:\/\/www.pakery.pl\/wp-content\/uploads\/2021\/04\/PI-SPM-13110-1024x1024.png","type":"image\/png"}],"twitter_card":"summary_large_image","schema":{"@context":"https:\/\/schema.org","@graph":[{"@type":"WebPage","@id":"https:\/\/www.pakery.pl\/et\/produkt\/pi-spm-13-110\/","url":"https:\/\/www.pakery.pl\/et\/produkt\/pi-spm-13-110\/","name":"Injektsioonipakendid | Injektsioonipakendaja PI-SPM 13\/110 - PAKERY.PL","isPartOf":{"@id":"https:\/\/www.pakery.pl\/et\/#website"},"primaryImageOfPage":{"@id":"https:\/\/www.pakery.pl\/et\/produkt\/pi-spm-13-110\/#primaryimage"},"image":{"@id":"https:\/\/www.pakery.pl\/et\/produkt\/pi-spm-13-110\/#primaryimage"},"thumbnailUrl":"https:\/\/www.pakery.pl\/wp-content\/uploads\/2021\/04\/PI-SPM-13110.png","datePublished":"2025-05-15T10:04:26+00:00","dateModified":"2025-05-15T10:18:02+00:00","description":"Injektsioonipakendaja fi 13. Erakordne tihedus isegi v\u00e4ga k\u00f5rge r\u00f5hu juures. Valige oma kalamiidi t\u00fc\u00fcp","breadcrumb":{"@id":"https:\/\/www.pakery.pl\/et\/produkt\/pi-spm-13-110\/#breadcrumb"},"inLanguage":"et","potentialAction":[{"@type":"ReadAction","target":["https:\/\/www.pakery.pl\/et\/produkt\/pi-spm-13-110\/"]}]},{"@type":"ImageObject","inLanguage":"et","@id":"https:\/\/www.pakery.pl\/et\/produkt\/pi-spm-13-110\/#primaryimage","url":"https:\/\/www.pakery.pl\/wp-content\/uploads\/2021\/04\/PI-SPM-13110.png","contentUrl":"https:\/\/www.pakery.pl\/wp-content\/uploads\/2021\/04\/PI-SPM-13110.png","width":2500,"height":2500},{"@type":"BreadcrumbList","@id":"https:\/\/www.pakery.pl\/et\/produkt\/pi-spm-13-110\/#breadcrumb","itemListElement":[{"@type":"ListItem","position":1,"name":"Strona g\u0142\u00f3wna","item":"https:\/\/www.pakery.pl\/et\/"},{"@type":"ListItem","position":2,"name":"Kauplus","item":"https:\/\/www.pakery.pl\/et\/kauplus\/"},{"@type":"ListItem","position":3,"name":"S\u00fcstepakendaja PI-SPM 13\/110"}]},{"@type":"WebSite","@id":"https:\/\/www.pakery.pl\/et\/#website","url":"https:\/\/www.pakery.pl\/et\/","name":"Pakery.pl","description":"Pakery iniekcyjne, Kotwy spiralne, Lance iniekcyjne, W\u0119\u017ce do iniekcji, Pompy iniekcyjne, Serwis pomp iniekcyjnych, Wynajem pomp do iniekcji","publisher":{"@id":"https:\/\/www.pakery.pl\/et\/#organization"},"potentialAction":[{"@type":"SearchAction","target":{"@type":"EntryPoint","urlTemplate":"https:\/\/www.pakery.pl\/et\/?s={search_term_string}"},"query-input":{"@type":"PropertyValueSpecification","valueRequired":true,"valueName":"search_term_string"}}],"inLanguage":"et"},{"@type":"Organization","@id":"https:\/\/www.pakery.pl\/et\/#organization","name":"PAKERY.PL","url":"https:\/\/www.pakery.pl\/et\/","logo":{"@type":"ImageObject","inLanguage":"et","@id":"https:\/\/www.pakery.pl\/et\/#\/schema\/logo\/image\/","url":"https:\/\/www.pakery.pl\/wp-content\/uploads\/2021\/04\/cropped-PAKERY-LOGO.png","contentUrl":"https:\/\/www.pakery.pl\/wp-content\/uploads\/2021\/04\/cropped-PAKERY-LOGO.png","width":1529,"height":500,"caption":"PAKERY.PL"},"image":{"@id":"https:\/\/www.pakery.pl\/et\/#\/schema\/logo\/image\/"}}]}},"_links":{"self":[{"href":"https:\/\/www.pakery.pl\/et\/wp-json\/wp\/v2\/product\/49692","targetHints":{"allow":["GET"]}}],"collection":[{"href":"https:\/\/www.pakery.pl\/et\/wp-json\/wp\/v2\/product"}],"about":[{"href":"https:\/\/www.pakery.pl\/et\/wp-json\/wp\/v2\/types\/product"}],"version-history":[{"count":1,"href":"https:\/\/www.pakery.pl\/et\/wp-json\/wp\/v2\/product\/49692\/revisions"}],"predecessor-version":[{"id":49697,"href":"https:\/\/www.pakery.pl\/et\/wp-json\/wp\/v2\/product\/49692\/revisions\/49697"}],"wp:featuredmedia":[{"embeddable":true,"href":"https:\/\/www.pakery.pl\/et\/wp-json\/wp\/v2\/media\/49693"}],"wp:attachment":[{"href":"https:\/\/www.pakery.pl\/et\/wp-json\/wp\/v2\/media?parent=49692"}],"wp:term":[{"taxonomy":"product_brand","embeddable":true,"href":"https:\/\/www.pakery.pl\/et\/wp-json\/wp\/v2\/product_brand?post=49692"},{"taxonomy":"product_cat","embeddable":true,"href":"https:\/\/www.pakery.pl\/et\/wp-json\/wp\/v2\/product_cat?post=49692"},{"taxonomy":"product_tag","embeddable":true,"href":"https:\/\/www.pakery.pl\/et\/wp-json\/wp\/v2\/product_tag?post=49692"}],"curies":[{"name":"wp","href":"https:\/\/api.w.org\/{rel}","templated":true}]}}