{"id":49207,"date":"2021-04-21T09:23:50","date_gmt":"2025-05-13T06:57:48","guid":{"rendered":"https:\/\/www.pakery.pl\/produkt\/paevapakkija-pi-spx-10-110swg\/"},"modified":"2025-05-19T14:34:30","modified_gmt":"2025-05-19T12:34:30","slug":"paker-jednodniowy-pi-spx-10-110swg","status":"publish","type":"product","link":"https:\/\/www.pakery.pl\/et\/produkt\/paker-jednodniowy-pi-spx-10-110swg\/","title":{"rendered":"P\u00e4evapakkija PI-SPX 10\/110swg"},"content":{"rendered":"\t\t<div data-elementor-type=\"product-post\" data-elementor-id=\"49207\" class=\"elementor elementor-49207 elementor-1875\" data-elementor-post-type=\"product\">\n\t\t\t\t\t\t<section class=\"elementor-section elementor-top-section elementor-element elementor-element-6bf1e09 elementor-section-full_width elementor-section-height-default elementor-section-height-default\" data-id=\"6bf1e09\" data-element_type=\"section\" data-e-type=\"section\">\n\t\t\t\t\t\t<div class=\"elementor-container elementor-column-gap-default\">\n\t\t\t\t\t<div class=\"elementor-column elementor-col-100 elementor-top-column elementor-element elementor-element-e29b068\" data-id=\"e29b068\" data-element_type=\"column\" data-e-type=\"column\">\n\t\t\t<div class=\"elementor-widget-wrap elementor-element-populated\">\n\t\t\t\t\t\t<div class=\"elementor-element elementor-element-85aae22 elementor-widget elementor-widget-text-editor\" data-id=\"85aae22\" data-element_type=\"widget\" data-e-type=\"widget\" data-widget_type=\"text-editor.default\">\n\t\t\t\t<div class=\"elementor-widget-container\">\n\t\t\t\t\t\t\t\t\t<p><span style=\"color: #000000;\"><strong>\u00dchep\u00e4evased s\u00fcstepakendid<\/strong> v\u00f5i kaheventiililised pakendid. Need v\u00f5imaldavad s\u00fcstimise l\u00f5pule viia samal p\u00e4eval, ilma et oleks vaja oodata s\u00fcstivaigu k\u00f5venemist. <\/span><\/p>\n<p><span style=\"color: #000000;\">S\u00fcstiku (paisumiskummi) p\u00f5hjas on teine klapp ja l\u00f5nga k\u00fcljes on kinnitusr\u00f5ngas. S\u00fcstepaakeri korpuse saab eemaldada kohe p\u00e4rast s\u00fcstimist, ootamata, kuni s\u00fcstevaha on k\u00f5venenud. <\/span><\/p>\n<p><em><span style=\"color: #000000;\">See on eriti kasulik, kui ei ole kulutasuv, et s\u00fcstemeeskond saabuks j\u00e4rgmisel p\u00e4eval ainult pakendajate eemaldamiseks.<\/span><\/em><br \/><em><span style=\"color: #000000;\">Ka maa-alustes garaa\u017eides, kus tavalised s\u00fcstikupakkujad j\u00e4tsid sisenevate autode rehvid l\u00f5igata.<\/span><\/em><\/p>\n\t\t\t\t\t\t\t\t<\/div>\n\t\t\t\t<\/div>\n\t\t\t\t\t<\/div>\n\t\t<\/div>\n\t\t\t\t\t<\/div>\n\t\t<\/section>\n\t\t\t\t<\/div>\n\t\t","protected":false},"excerpt":{"rendered":"<p>\u00dchep\u00e4evased s\u00fcstepakendid v\u00f5i kaheventiililised pakendid. Need v\u00f5imaldavad s\u00fcstimise l\u00f5pule viia samal p\u00e4eval, ilma et oleks vaja oodata s\u00fcstivaigu k\u00f5venemist. S\u00fcstiku (paisumiskummi) p\u00f5hjas on teine klapp ja l\u00f5nga k\u00fcljes on kinnitusr\u00f5ngas. S\u00fcstepaakeri korpuse saab eemaldada kohe p\u00e4rast s\u00fcstimist, ootamata, kuni s\u00fcstevaha on k\u00f5venenud. See on eriti kasulik, kui ei ole kulutasuv, et s\u00fcstemeeskond saabuks j\u00e4rgmisel p\u00e4eval [&hellip;]<\/p>\n","protected":false},"featured_media":49178,"template":"","meta":{"_acf_changed":false},"product_brand":[],"product_cat":[2008,1020],"product_tag":[],"class_list":{"0":"post-49207","1":"product","2":"type-product","3":"status-publish","4":"has-post-thumbnail","6":"product_cat-injektsioonipakendid","7":"product_cat-metallpakendid","9":"first","10":"instock","11":"taxable","12":"shipping-taxable","13":"purchasable","14":"product-type-simple"},"acf":[],"yoast_head":"<!-- This site is optimized with the Yoast SEO plugin v27.3 - https:\/\/yoast.com\/product\/yoast-seo-wordpress\/ -->\n<title>Injektsioonipakendaja \u00fchep\u00e4evaseks s\u00fcstimiseks PI-SPX 10\/110 - PAKERY.PL<\/title>\n<meta name=\"description\" content=\"\u00dchep\u00e4evane s\u00fcstepakendaja. Erakordne tihedus isegi v\u00e4ga k\u00f5rge r\u00f5hu juures. Registreeruge, et valida oma kalamiidi t\u00fc\u00fcp.\" \/>\n<meta name=\"robots\" content=\"index, follow, max-snippet:-1, max-image-preview:large, max-video-preview:-1\" \/>\n<link rel=\"canonical\" href=\"https:\/\/www.pakery.pl\/et\/produkt\/paker-jednodniowy-pi-spx-10-110swg\/\" \/>\n<meta property=\"og:locale\" content=\"et_EE\" \/>\n<meta property=\"og:type\" content=\"article\" \/>\n<meta property=\"og:title\" content=\"Injektsioonipakendaja \u00fchep\u00e4evaseks s\u00fcstimiseks PI-SPX 10\/110 - PAKERY.PL\" \/>\n<meta property=\"og:description\" content=\"\u00dchep\u00e4evane s\u00fcstepakendaja. Erakordne tihedus isegi v\u00e4ga k\u00f5rge r\u00f5hu juures. Registreeruge, et valida oma kalamiidi t\u00fc\u00fcp.\" \/>\n<meta property=\"og:url\" content=\"https:\/\/www.pakery.pl\/et\/produkt\/paker-jednodniowy-pi-spx-10-110swg\/\" \/>\n<meta property=\"og:site_name\" content=\"PAKERY.PL\" \/>\n<meta property=\"article:modified_time\" content=\"2025-05-19T12:34:30+00:00\" \/>\n<meta property=\"og:image\" content=\"https:\/\/www.pakery.pl\/wp-content\/uploads\/2021\/04\/PI-SPX-10110e-1024x1024.png\" \/>\n\t<meta property=\"og:image:width\" content=\"1024\" \/>\n\t<meta property=\"og:image:height\" content=\"1024\" \/>\n\t<meta property=\"og:image:type\" content=\"image\/png\" \/>\n<meta name=\"twitter:card\" content=\"summary_large_image\" \/>\n<script type=\"application\/ld+json\" class=\"yoast-schema-graph\">{\"@context\":\"https:\\\/\\\/schema.org\",\"@graph\":[{\"@type\":\"WebPage\",\"@id\":\"https:\\\/\\\/www.pakery.pl\\\/et\\\/produkt\\\/paker-jednodniowy-pi-spx-10-110swg\\\/\",\"url\":\"https:\\\/\\\/www.pakery.pl\\\/et\\\/produkt\\\/paker-jednodniowy-pi-spx-10-110swg\\\/\",\"name\":\"Injektsioonipakendaja \u00fchep\u00e4evaseks s\u00fcstimiseks PI-SPX 10\\\/110 - PAKERY.PL\",\"isPartOf\":{\"@id\":\"https:\\\/\\\/www.pakery.pl\\\/et\\\/#website\"},\"primaryImageOfPage\":{\"@id\":\"https:\\\/\\\/www.pakery.pl\\\/et\\\/produkt\\\/paker-jednodniowy-pi-spx-10-110swg\\\/#primaryimage\"},\"image\":{\"@id\":\"https:\\\/\\\/www.pakery.pl\\\/et\\\/produkt\\\/paker-jednodniowy-pi-spx-10-110swg\\\/#primaryimage\"},\"thumbnailUrl\":\"https:\\\/\\\/www.pakery.pl\\\/wp-content\\\/uploads\\\/2021\\\/04\\\/PI-SPX-10110e.png\",\"datePublished\":\"2025-05-13T06:57:48+00:00\",\"dateModified\":\"2025-05-19T12:34:30+00:00\",\"description\":\"\u00dchep\u00e4evane s\u00fcstepakendaja. Erakordne tihedus isegi v\u00e4ga k\u00f5rge r\u00f5hu juures. Registreeruge, et valida oma kalamiidi t\u00fc\u00fcp.\",\"breadcrumb\":{\"@id\":\"https:\\\/\\\/www.pakery.pl\\\/et\\\/produkt\\\/paker-jednodniowy-pi-spx-10-110swg\\\/#breadcrumb\"},\"inLanguage\":\"et\",\"potentialAction\":[{\"@type\":\"ReadAction\",\"target\":[\"https:\\\/\\\/www.pakery.pl\\\/et\\\/produkt\\\/paker-jednodniowy-pi-spx-10-110swg\\\/\"]}]},{\"@type\":\"ImageObject\",\"inLanguage\":\"et\",\"@id\":\"https:\\\/\\\/www.pakery.pl\\\/et\\\/produkt\\\/paker-jednodniowy-pi-spx-10-110swg\\\/#primaryimage\",\"url\":\"https:\\\/\\\/www.pakery.pl\\\/wp-content\\\/uploads\\\/2021\\\/04\\\/PI-SPX-10110e.png\",\"contentUrl\":\"https:\\\/\\\/www.pakery.pl\\\/wp-content\\\/uploads\\\/2021\\\/04\\\/PI-SPX-10110e.png\",\"width\":2000,\"height\":2000},{\"@type\":\"BreadcrumbList\",\"@id\":\"https:\\\/\\\/www.pakery.pl\\\/et\\\/produkt\\\/paker-jednodniowy-pi-spx-10-110swg\\\/#breadcrumb\",\"itemListElement\":[{\"@type\":\"ListItem\",\"position\":1,\"name\":\"Strona g\u0142\u00f3wna\",\"item\":\"https:\\\/\\\/www.pakery.pl\\\/et\\\/\"},{\"@type\":\"ListItem\",\"position\":2,\"name\":\"Kauplus\",\"item\":\"https:\\\/\\\/www.pakery.pl\\\/et\\\/kauplus\\\/\"},{\"@type\":\"ListItem\",\"position\":3,\"name\":\"P\u00e4evapakkija PI-SPX 10\\\/110swg\"}]},{\"@type\":\"WebSite\",\"@id\":\"https:\\\/\\\/www.pakery.pl\\\/et\\\/#website\",\"url\":\"https:\\\/\\\/www.pakery.pl\\\/et\\\/\",\"name\":\"Pakery.pl\",\"description\":\"Pakery iniekcyjne, Kotwy spiralne, Lance iniekcyjne, W\u0119\u017ce do iniekcji, Pompy iniekcyjne, Serwis pomp iniekcyjnych, Wynajem pomp do iniekcji\",\"publisher\":{\"@id\":\"https:\\\/\\\/www.pakery.pl\\\/et\\\/#organization\"},\"potentialAction\":[{\"@type\":\"SearchAction\",\"target\":{\"@type\":\"EntryPoint\",\"urlTemplate\":\"https:\\\/\\\/www.pakery.pl\\\/et\\\/?s={search_term_string}\"},\"query-input\":{\"@type\":\"PropertyValueSpecification\",\"valueRequired\":true,\"valueName\":\"search_term_string\"}}],\"inLanguage\":\"et\"},{\"@type\":\"Organization\",\"@id\":\"https:\\\/\\\/www.pakery.pl\\\/et\\\/#organization\",\"name\":\"PAKERY.PL\",\"url\":\"https:\\\/\\\/www.pakery.pl\\\/et\\\/\",\"logo\":{\"@type\":\"ImageObject\",\"inLanguage\":\"et\",\"@id\":\"https:\\\/\\\/www.pakery.pl\\\/et\\\/#\\\/schema\\\/logo\\\/image\\\/\",\"url\":\"https:\\\/\\\/www.pakery.pl\\\/wp-content\\\/uploads\\\/2021\\\/04\\\/cropped-PAKERY-LOGO.png\",\"contentUrl\":\"https:\\\/\\\/www.pakery.pl\\\/wp-content\\\/uploads\\\/2021\\\/04\\\/cropped-PAKERY-LOGO.png\",\"width\":1529,\"height\":500,\"caption\":\"PAKERY.PL\"},\"image\":{\"@id\":\"https:\\\/\\\/www.pakery.pl\\\/et\\\/#\\\/schema\\\/logo\\\/image\\\/\"}}]}<\/script>\n<!-- \/ Yoast SEO plugin. -->","yoast_head_json":{"title":"Injektsioonipakendaja \u00fchep\u00e4evaseks s\u00fcstimiseks PI-SPX 10\/110 - PAKERY.PL","description":"\u00dchep\u00e4evane s\u00fcstepakendaja. Erakordne tihedus isegi v\u00e4ga k\u00f5rge r\u00f5hu juures. Registreeruge, et valida oma kalamiidi t\u00fc\u00fcp.","robots":{"index":"index","follow":"follow","max-snippet":"max-snippet:-1","max-image-preview":"max-image-preview:large","max-video-preview":"max-video-preview:-1"},"canonical":"https:\/\/www.pakery.pl\/et\/produkt\/paker-jednodniowy-pi-spx-10-110swg\/","og_locale":"et_EE","og_type":"article","og_title":"Injektsioonipakendaja \u00fchep\u00e4evaseks s\u00fcstimiseks PI-SPX 10\/110 - PAKERY.PL","og_description":"\u00dchep\u00e4evane s\u00fcstepakendaja. Erakordne tihedus isegi v\u00e4ga k\u00f5rge r\u00f5hu juures. Registreeruge, et valida oma kalamiidi t\u00fc\u00fcp.","og_url":"https:\/\/www.pakery.pl\/et\/produkt\/paker-jednodniowy-pi-spx-10-110swg\/","og_site_name":"PAKERY.PL","article_modified_time":"2025-05-19T12:34:30+00:00","og_image":[{"width":1024,"height":1024,"url":"https:\/\/www.pakery.pl\/wp-content\/uploads\/2021\/04\/PI-SPX-10110e-1024x1024.png","type":"image\/png"}],"twitter_card":"summary_large_image","schema":{"@context":"https:\/\/schema.org","@graph":[{"@type":"WebPage","@id":"https:\/\/www.pakery.pl\/et\/produkt\/paker-jednodniowy-pi-spx-10-110swg\/","url":"https:\/\/www.pakery.pl\/et\/produkt\/paker-jednodniowy-pi-spx-10-110swg\/","name":"Injektsioonipakendaja \u00fchep\u00e4evaseks s\u00fcstimiseks PI-SPX 10\/110 - PAKERY.PL","isPartOf":{"@id":"https:\/\/www.pakery.pl\/et\/#website"},"primaryImageOfPage":{"@id":"https:\/\/www.pakery.pl\/et\/produkt\/paker-jednodniowy-pi-spx-10-110swg\/#primaryimage"},"image":{"@id":"https:\/\/www.pakery.pl\/et\/produkt\/paker-jednodniowy-pi-spx-10-110swg\/#primaryimage"},"thumbnailUrl":"https:\/\/www.pakery.pl\/wp-content\/uploads\/2021\/04\/PI-SPX-10110e.png","datePublished":"2025-05-13T06:57:48+00:00","dateModified":"2025-05-19T12:34:30+00:00","description":"\u00dchep\u00e4evane s\u00fcstepakendaja. Erakordne tihedus isegi v\u00e4ga k\u00f5rge r\u00f5hu juures. Registreeruge, et valida oma kalamiidi t\u00fc\u00fcp.","breadcrumb":{"@id":"https:\/\/www.pakery.pl\/et\/produkt\/paker-jednodniowy-pi-spx-10-110swg\/#breadcrumb"},"inLanguage":"et","potentialAction":[{"@type":"ReadAction","target":["https:\/\/www.pakery.pl\/et\/produkt\/paker-jednodniowy-pi-spx-10-110swg\/"]}]},{"@type":"ImageObject","inLanguage":"et","@id":"https:\/\/www.pakery.pl\/et\/produkt\/paker-jednodniowy-pi-spx-10-110swg\/#primaryimage","url":"https:\/\/www.pakery.pl\/wp-content\/uploads\/2021\/04\/PI-SPX-10110e.png","contentUrl":"https:\/\/www.pakery.pl\/wp-content\/uploads\/2021\/04\/PI-SPX-10110e.png","width":2000,"height":2000},{"@type":"BreadcrumbList","@id":"https:\/\/www.pakery.pl\/et\/produkt\/paker-jednodniowy-pi-spx-10-110swg\/#breadcrumb","itemListElement":[{"@type":"ListItem","position":1,"name":"Strona g\u0142\u00f3wna","item":"https:\/\/www.pakery.pl\/et\/"},{"@type":"ListItem","position":2,"name":"Kauplus","item":"https:\/\/www.pakery.pl\/et\/kauplus\/"},{"@type":"ListItem","position":3,"name":"P\u00e4evapakkija PI-SPX 10\/110swg"}]},{"@type":"WebSite","@id":"https:\/\/www.pakery.pl\/et\/#website","url":"https:\/\/www.pakery.pl\/et\/","name":"Pakery.pl","description":"Pakery iniekcyjne, Kotwy spiralne, Lance iniekcyjne, W\u0119\u017ce do iniekcji, Pompy iniekcyjne, Serwis pomp iniekcyjnych, Wynajem pomp do iniekcji","publisher":{"@id":"https:\/\/www.pakery.pl\/et\/#organization"},"potentialAction":[{"@type":"SearchAction","target":{"@type":"EntryPoint","urlTemplate":"https:\/\/www.pakery.pl\/et\/?s={search_term_string}"},"query-input":{"@type":"PropertyValueSpecification","valueRequired":true,"valueName":"search_term_string"}}],"inLanguage":"et"},{"@type":"Organization","@id":"https:\/\/www.pakery.pl\/et\/#organization","name":"PAKERY.PL","url":"https:\/\/www.pakery.pl\/et\/","logo":{"@type":"ImageObject","inLanguage":"et","@id":"https:\/\/www.pakery.pl\/et\/#\/schema\/logo\/image\/","url":"https:\/\/www.pakery.pl\/wp-content\/uploads\/2021\/04\/cropped-PAKERY-LOGO.png","contentUrl":"https:\/\/www.pakery.pl\/wp-content\/uploads\/2021\/04\/cropped-PAKERY-LOGO.png","width":1529,"height":500,"caption":"PAKERY.PL"},"image":{"@id":"https:\/\/www.pakery.pl\/et\/#\/schema\/logo\/image\/"}}]}},"_links":{"self":[{"href":"https:\/\/www.pakery.pl\/et\/wp-json\/wp\/v2\/product\/49207","targetHints":{"allow":["GET"]}}],"collection":[{"href":"https:\/\/www.pakery.pl\/et\/wp-json\/wp\/v2\/product"}],"about":[{"href":"https:\/\/www.pakery.pl\/et\/wp-json\/wp\/v2\/types\/product"}],"version-history":[{"count":1,"href":"https:\/\/www.pakery.pl\/et\/wp-json\/wp\/v2\/product\/49207\/revisions"}],"predecessor-version":[{"id":49209,"href":"https:\/\/www.pakery.pl\/et\/wp-json\/wp\/v2\/product\/49207\/revisions\/49209"}],"wp:featuredmedia":[{"embeddable":true,"href":"https:\/\/www.pakery.pl\/et\/wp-json\/wp\/v2\/media\/49178"}],"wp:attachment":[{"href":"https:\/\/www.pakery.pl\/et\/wp-json\/wp\/v2\/media?parent=49207"}],"wp:term":[{"taxonomy":"product_brand","embeddable":true,"href":"https:\/\/www.pakery.pl\/et\/wp-json\/wp\/v2\/product_brand?post=49207"},{"taxonomy":"product_cat","embeddable":true,"href":"https:\/\/www.pakery.pl\/et\/wp-json\/wp\/v2\/product_cat?post=49207"},{"taxonomy":"product_tag","embeddable":true,"href":"https:\/\/www.pakery.pl\/et\/wp-json\/wp\/v2\/product_tag?post=49207"}],"curies":[{"name":"wp","href":"https:\/\/api.w.org\/{rel}","templated":true}]}}