{"id":44466,"date":"2023-04-06T12:25:11","date_gmt":"2023-04-06T10:25:11","guid":{"rendered":"https:\/\/www.pakery.pl\/produkt\/sissepritsepumpade-puhastusvahend\/"},"modified":"2023-04-06T12:25:12","modified_gmt":"2023-04-06T10:25:12","slug":"sissepritsepumpade-puhastusvahend","status":"publish","type":"product","link":"https:\/\/www.pakery.pl\/et\/produkt\/sissepritsepumpade-puhastusvahend\/","title":{"rendered":"Sissepritsepumpade puhastusvahend"},"content":{"rendered":"\t\t<div data-elementor-type=\"product-post\" data-elementor-id=\"44466\" class=\"elementor elementor-44466 elementor-3547\" data-elementor-post-type=\"product\">\n\t\t\t\t\t\t<section class=\"elementor-section elementor-top-section elementor-element elementor-element-3e560d8 elementor-section-full_width elementor-section-height-default elementor-section-height-default\" data-id=\"3e560d8\" data-element_type=\"section\" data-e-type=\"section\">\n\t\t\t\t\t\t<div class=\"elementor-container elementor-column-gap-default\">\n\t\t\t\t\t<div class=\"elementor-column elementor-col-100 elementor-top-column elementor-element elementor-element-8404500\" data-id=\"8404500\" data-element_type=\"column\" data-e-type=\"column\">\n\t\t\t<div class=\"elementor-widget-wrap elementor-element-populated\">\n\t\t\t\t\t\t<section class=\"elementor-section elementor-inner-section elementor-element elementor-element-8fdfbc5 elementor-section-full_width elementor-section-height-default elementor-section-height-default\" data-id=\"8fdfbc5\" data-element_type=\"section\" data-e-type=\"section\">\n\t\t\t\t\t\t<div class=\"elementor-container elementor-column-gap-default\">\n\t\t\t\t\t<div class=\"elementor-column elementor-col-50 elementor-inner-column elementor-element elementor-element-0817a6e\" data-id=\"0817a6e\" data-element_type=\"column\" data-e-type=\"column\">\n\t\t\t<div class=\"elementor-widget-wrap elementor-element-populated\">\n\t\t\t\t\t\t<div class=\"elementor-element elementor-element-fa6af93 elementor-widget elementor-widget-text-editor\" data-id=\"fa6af93\" data-element_type=\"widget\" data-e-type=\"widget\" data-widget_type=\"text-editor.default\">\n\t\t\t\t<div class=\"elementor-widget-container\">\n\t\t\t\t\t\t\t\t\t<div class=\"_1bo4a _xu6h2 _1ylmp _2d49e_YrWCD\">\n<div class=\"_1voj4 _z9prt _1xzdi _ai5yc _5d6n2 _15lj1\">\n<div class=\"_2d49e_5pK0q\">\n<p style=\"text-align: center;\"><strong><span style=\"color: #000000;\"> <\/span><\/strong><\/p>\n<p style=\"text-align: center;\"><strong><span style=\"color: #000000;\">PI-CLEANER A<\/span><\/strong><\/p>\n<p><span style=\"color: #000000;\">SOODUSTUSED:<\/span><\/p>\n<ul>\n<li><span style=\"color: #000000;\">ei kahjusta pumpade ja p\u00e4iste o-r\u00f5ngaid ja tihendeid<\/span><\/li>\n<li><span style=\"color: #000000;\">omab s\u00e4ilitusaineid<\/span><\/li>\n<li><span style=\"color: #000000;\">ei vahusta kokkupuutel vahustatud pol\u00fcuretaanvaikudega<\/span><\/li>\n<li><span style=\"color: #000000;\">ei aurustu<\/span><\/li>\n<li><span style=\"color: #000000;\">segatud vaiguga &#8220;deaktiveerib selle&#8221;<\/span><\/li>\n<li><span style=\"color: #000000;\">on keskkonnas\u00f5bralik ja ADR-m\u00e4rgistuseta<\/span><\/li>\n<\/ul>\n<\/div>\n<\/div>\n<\/div>\n<div class=\"_1bo4a _xu6h2 _1ylmp _2d49e_YrWCD\">\n<div class=\"_1voj4 _z9prt _1xzdi _ai5yc _5d6n2 _15lj1\">\n<div class=\"_2d49e_5pK0q\">\n<p><span style=\"color: #000000;\">See ei sobi s\u00fcstelahuste lahjendamiseks, et v\u00e4hendada nende viskoossust, kokkupuutel vaiguga neutraliseerib see seda ja segu on inertne.<\/span><\/p>\n<p><span style=\"color: #000000;\">Kui sissepritsepumpa ei kasutata pikema aja jooksul, on soovitatav seda h\u00fcdraulika\u00f5liga k\u00e4ivitada.<\/span><\/p>\n<\/div>\n<\/div>\n<\/div>\n\t\t\t\t\t\t\t\t<\/div>\n\t\t\t\t<\/div>\n\t\t\t\t\t<\/div>\n\t\t<\/div>\n\t\t\t\t<div class=\"elementor-column elementor-col-50 elementor-inner-column elementor-element elementor-element-7279e65\" data-id=\"7279e65\" data-element_type=\"column\" data-e-type=\"column\">\n\t\t\t<div class=\"elementor-widget-wrap elementor-element-populated\">\n\t\t\t\t\t\t<div class=\"elementor-element elementor-element-659abdb elementor-widget elementor-widget-image\" data-id=\"659abdb\" data-element_type=\"widget\" data-e-type=\"widget\" data-widget_type=\"image.default\">\n\t\t\t\t<div class=\"elementor-widget-container\">\n\t\t\t\t\t\t\t\t\t\t\t\t\t\t\t<img decoding=\"async\" src=\"https:\/\/www.pakery.pl\/wp-content\/uploads\/elementor\/thumbs\/Cleaner_5kg-ppymivpw9zzdfe5j7sdp6mi0mw9ae62bsif74yeirs.png\" title=\"Cleaner_5kg\" alt=\"Cleaner_5kg\" loading=\"lazy\" \/>\t\t\t\t\t\t\t\t\t\t\t\t\t\t\t<\/div>\n\t\t\t\t<\/div>\n\t\t\t\t\t<\/div>\n\t\t<\/div>\n\t\t\t\t\t<\/div>\n\t\t<\/section>\n\t\t\t\t\t<\/div>\n\t\t<\/div>\n\t\t\t\t\t<\/div>\n\t\t<\/section>\n\t\t\t\t<\/div>\n\t\t","protected":false},"excerpt":{"rendered":"<p>PI-CLEANER A SOODUSTUSED: ei kahjusta pumpade ja p\u00e4iste o-r\u00f5ngaid ja tihendeid omab s\u00e4ilitusaineid ei vahusta kokkupuutel vahustatud pol\u00fcuretaanvaikudega ei aurustu segatud vaiguga &#8220;deaktiveerib selle&#8221; on keskkonnas\u00f5bralik ja ADR-m\u00e4rgistuseta See ei sobi s\u00fcstelahuste lahjendamiseks, et v\u00e4hendada nende viskoossust, kokkupuutel vaiguga neutraliseerib see seda ja segu on inertne. Kui sissepritsepumpa ei kasutata pikema aja jooksul, on soovitatav [&hellip;]<\/p>\n","protected":false},"featured_media":40418,"template":"","meta":{"_acf_changed":false},"product_brand":[],"product_cat":[1895,1015],"product_tag":[],"class_list":{"0":"post-44466","1":"product","2":"type-product","3":"status-publish","4":"has-post-thumbnail","6":"product_cat-injektsioonivaigud","7":"product_cat-sustimistarvikud","8":"pa_przylacza-i-czyszczenie-uhendused-ja-puhastamine","9":"pa_waga-1-kg-et","10":"pa_waga-5-kg-et","12":"first","13":"instock","14":"taxable","15":"shipping-taxable","16":"purchasable","17":"product-type-variable"},"acf":[],"yoast_head":"<!-- This site is optimized with the Yoast SEO plugin v27.3 - https:\/\/yoast.com\/product\/yoast-seo-wordpress\/ -->\n<title>Sissepritsepumpade puhastusvahend - PAKERY.PL<\/title>\n<meta name=\"description\" content=\"Injektsioonipumba puhastusvahend | K\u00f5rge lahustusv\u00f5ime, mis sobib vedelate pol\u00fcuretaan- v\u00f5i epoks\u00fcvaikude eemaldamiseks.\" \/>\n<meta name=\"robots\" content=\"index, follow, max-snippet:-1, max-image-preview:large, max-video-preview:-1\" \/>\n<link rel=\"canonical\" href=\"https:\/\/www.pakery.pl\/et\/produkt\/sissepritsepumpade-puhastusvahend\/\" \/>\n<meta property=\"og:locale\" content=\"et_EE\" \/>\n<meta property=\"og:type\" content=\"article\" \/>\n<meta property=\"og:title\" content=\"Sissepritsepumpade puhastusvahend - PAKERY.PL\" \/>\n<meta property=\"og:description\" content=\"Injektsioonipumba puhastusvahend | K\u00f5rge lahustusv\u00f5ime, mis sobib vedelate pol\u00fcuretaan- v\u00f5i epoks\u00fcvaikude eemaldamiseks.\" \/>\n<meta property=\"og:url\" content=\"https:\/\/www.pakery.pl\/et\/produkt\/sissepritsepumpade-puhastusvahend\/\" \/>\n<meta property=\"og:site_name\" content=\"PAKERY.PL\" \/>\n<meta property=\"article:modified_time\" content=\"2023-04-06T10:25:12+00:00\" \/>\n<meta property=\"og:image\" content=\"https:\/\/www.pakery.pl\/wp-content\/uploads\/2021\/05\/cleaner-15-e1656664350611.png\" \/>\n\t<meta property=\"og:image:width\" content=\"850\" \/>\n\t<meta property=\"og:image:height\" content=\"768\" \/>\n\t<meta property=\"og:image:type\" content=\"image\/png\" \/>\n<meta name=\"twitter:card\" content=\"summary_large_image\" \/>\n<script type=\"application\/ld+json\" class=\"yoast-schema-graph\">{\"@context\":\"https:\\\/\\\/schema.org\",\"@graph\":[{\"@type\":\"WebPage\",\"@id\":\"https:\\\/\\\/www.pakery.pl\\\/et\\\/produkt\\\/sissepritsepumpade-puhastusvahend\\\/\",\"url\":\"https:\\\/\\\/www.pakery.pl\\\/et\\\/produkt\\\/sissepritsepumpade-puhastusvahend\\\/\",\"name\":\"Sissepritsepumpade puhastusvahend - PAKERY.PL\",\"isPartOf\":{\"@id\":\"https:\\\/\\\/www.pakery.pl\\\/et\\\/#website\"},\"primaryImageOfPage\":{\"@id\":\"https:\\\/\\\/www.pakery.pl\\\/et\\\/produkt\\\/sissepritsepumpade-puhastusvahend\\\/#primaryimage\"},\"image\":{\"@id\":\"https:\\\/\\\/www.pakery.pl\\\/et\\\/produkt\\\/sissepritsepumpade-puhastusvahend\\\/#primaryimage\"},\"thumbnailUrl\":\"https:\\\/\\\/www.pakery.pl\\\/wp-content\\\/uploads\\\/2021\\\/05\\\/cleaner-15-e1656664350611.png\",\"datePublished\":\"2023-04-06T10:25:11+00:00\",\"dateModified\":\"2023-04-06T10:25:12+00:00\",\"description\":\"Injektsioonipumba puhastusvahend | K\u00f5rge lahustusv\u00f5ime, mis sobib vedelate pol\u00fcuretaan- v\u00f5i epoks\u00fcvaikude eemaldamiseks.\",\"breadcrumb\":{\"@id\":\"https:\\\/\\\/www.pakery.pl\\\/et\\\/produkt\\\/sissepritsepumpade-puhastusvahend\\\/#breadcrumb\"},\"inLanguage\":\"et\",\"potentialAction\":[{\"@type\":\"ReadAction\",\"target\":[\"https:\\\/\\\/www.pakery.pl\\\/et\\\/produkt\\\/sissepritsepumpade-puhastusvahend\\\/\"]}]},{\"@type\":\"ImageObject\",\"inLanguage\":\"et\",\"@id\":\"https:\\\/\\\/www.pakery.pl\\\/et\\\/produkt\\\/sissepritsepumpade-puhastusvahend\\\/#primaryimage\",\"url\":\"https:\\\/\\\/www.pakery.pl\\\/wp-content\\\/uploads\\\/2021\\\/05\\\/cleaner-15-e1656664350611.png\",\"contentUrl\":\"https:\\\/\\\/www.pakery.pl\\\/wp-content\\\/uploads\\\/2021\\\/05\\\/cleaner-15-e1656664350611.png\",\"width\":850,\"height\":768},{\"@type\":\"BreadcrumbList\",\"@id\":\"https:\\\/\\\/www.pakery.pl\\\/et\\\/produkt\\\/sissepritsepumpade-puhastusvahend\\\/#breadcrumb\",\"itemListElement\":[{\"@type\":\"ListItem\",\"position\":1,\"name\":\"Strona g\u0142\u00f3wna\",\"item\":\"https:\\\/\\\/www.pakery.pl\\\/et\\\/\"},{\"@type\":\"ListItem\",\"position\":2,\"name\":\"Kauplus\",\"item\":\"https:\\\/\\\/www.pakery.pl\\\/et\\\/kauplus\\\/\"},{\"@type\":\"ListItem\",\"position\":3,\"name\":\"Sissepritsepumpade puhastusvahend\"}]},{\"@type\":\"WebSite\",\"@id\":\"https:\\\/\\\/www.pakery.pl\\\/et\\\/#website\",\"url\":\"https:\\\/\\\/www.pakery.pl\\\/et\\\/\",\"name\":\"Pakery.pl\",\"description\":\"Pakery iniekcyjne, Kotwy spiralne, Lance iniekcyjne, W\u0119\u017ce do iniekcji, Pompy iniekcyjne, Serwis pomp iniekcyjnych, Wynajem pomp do iniekcji\",\"publisher\":{\"@id\":\"https:\\\/\\\/www.pakery.pl\\\/et\\\/#organization\"},\"potentialAction\":[{\"@type\":\"SearchAction\",\"target\":{\"@type\":\"EntryPoint\",\"urlTemplate\":\"https:\\\/\\\/www.pakery.pl\\\/et\\\/?s={search_term_string}\"},\"query-input\":{\"@type\":\"PropertyValueSpecification\",\"valueRequired\":true,\"valueName\":\"search_term_string\"}}],\"inLanguage\":\"et\"},{\"@type\":\"Organization\",\"@id\":\"https:\\\/\\\/www.pakery.pl\\\/et\\\/#organization\",\"name\":\"PAKERY.PL\",\"url\":\"https:\\\/\\\/www.pakery.pl\\\/et\\\/\",\"logo\":{\"@type\":\"ImageObject\",\"inLanguage\":\"et\",\"@id\":\"https:\\\/\\\/www.pakery.pl\\\/et\\\/#\\\/schema\\\/logo\\\/image\\\/\",\"url\":\"https:\\\/\\\/www.pakery.pl\\\/wp-content\\\/uploads\\\/2021\\\/04\\\/cropped-PAKERY-LOGO.png\",\"contentUrl\":\"https:\\\/\\\/www.pakery.pl\\\/wp-content\\\/uploads\\\/2021\\\/04\\\/cropped-PAKERY-LOGO.png\",\"width\":1529,\"height\":500,\"caption\":\"PAKERY.PL\"},\"image\":{\"@id\":\"https:\\\/\\\/www.pakery.pl\\\/et\\\/#\\\/schema\\\/logo\\\/image\\\/\"}}]}<\/script>\n<!-- \/ Yoast SEO plugin. -->","yoast_head_json":{"title":"Sissepritsepumpade puhastusvahend - PAKERY.PL","description":"Injektsioonipumba puhastusvahend | K\u00f5rge lahustusv\u00f5ime, mis sobib vedelate pol\u00fcuretaan- v\u00f5i epoks\u00fcvaikude eemaldamiseks.","robots":{"index":"index","follow":"follow","max-snippet":"max-snippet:-1","max-image-preview":"max-image-preview:large","max-video-preview":"max-video-preview:-1"},"canonical":"https:\/\/www.pakery.pl\/et\/produkt\/sissepritsepumpade-puhastusvahend\/","og_locale":"et_EE","og_type":"article","og_title":"Sissepritsepumpade puhastusvahend - PAKERY.PL","og_description":"Injektsioonipumba puhastusvahend | K\u00f5rge lahustusv\u00f5ime, mis sobib vedelate pol\u00fcuretaan- v\u00f5i epoks\u00fcvaikude eemaldamiseks.","og_url":"https:\/\/www.pakery.pl\/et\/produkt\/sissepritsepumpade-puhastusvahend\/","og_site_name":"PAKERY.PL","article_modified_time":"2023-04-06T10:25:12+00:00","og_image":[{"width":850,"height":768,"url":"https:\/\/www.pakery.pl\/wp-content\/uploads\/2021\/05\/cleaner-15-e1656664350611.png","type":"image\/png"}],"twitter_card":"summary_large_image","schema":{"@context":"https:\/\/schema.org","@graph":[{"@type":"WebPage","@id":"https:\/\/www.pakery.pl\/et\/produkt\/sissepritsepumpade-puhastusvahend\/","url":"https:\/\/www.pakery.pl\/et\/produkt\/sissepritsepumpade-puhastusvahend\/","name":"Sissepritsepumpade puhastusvahend - PAKERY.PL","isPartOf":{"@id":"https:\/\/www.pakery.pl\/et\/#website"},"primaryImageOfPage":{"@id":"https:\/\/www.pakery.pl\/et\/produkt\/sissepritsepumpade-puhastusvahend\/#primaryimage"},"image":{"@id":"https:\/\/www.pakery.pl\/et\/produkt\/sissepritsepumpade-puhastusvahend\/#primaryimage"},"thumbnailUrl":"https:\/\/www.pakery.pl\/wp-content\/uploads\/2021\/05\/cleaner-15-e1656664350611.png","datePublished":"2023-04-06T10:25:11+00:00","dateModified":"2023-04-06T10:25:12+00:00","description":"Injektsioonipumba puhastusvahend | K\u00f5rge lahustusv\u00f5ime, mis sobib vedelate pol\u00fcuretaan- v\u00f5i epoks\u00fcvaikude eemaldamiseks.","breadcrumb":{"@id":"https:\/\/www.pakery.pl\/et\/produkt\/sissepritsepumpade-puhastusvahend\/#breadcrumb"},"inLanguage":"et","potentialAction":[{"@type":"ReadAction","target":["https:\/\/www.pakery.pl\/et\/produkt\/sissepritsepumpade-puhastusvahend\/"]}]},{"@type":"ImageObject","inLanguage":"et","@id":"https:\/\/www.pakery.pl\/et\/produkt\/sissepritsepumpade-puhastusvahend\/#primaryimage","url":"https:\/\/www.pakery.pl\/wp-content\/uploads\/2021\/05\/cleaner-15-e1656664350611.png","contentUrl":"https:\/\/www.pakery.pl\/wp-content\/uploads\/2021\/05\/cleaner-15-e1656664350611.png","width":850,"height":768},{"@type":"BreadcrumbList","@id":"https:\/\/www.pakery.pl\/et\/produkt\/sissepritsepumpade-puhastusvahend\/#breadcrumb","itemListElement":[{"@type":"ListItem","position":1,"name":"Strona g\u0142\u00f3wna","item":"https:\/\/www.pakery.pl\/et\/"},{"@type":"ListItem","position":2,"name":"Kauplus","item":"https:\/\/www.pakery.pl\/et\/kauplus\/"},{"@type":"ListItem","position":3,"name":"Sissepritsepumpade puhastusvahend"}]},{"@type":"WebSite","@id":"https:\/\/www.pakery.pl\/et\/#website","url":"https:\/\/www.pakery.pl\/et\/","name":"Pakery.pl","description":"Pakery iniekcyjne, Kotwy spiralne, Lance iniekcyjne, W\u0119\u017ce do iniekcji, Pompy iniekcyjne, Serwis pomp iniekcyjnych, Wynajem pomp do iniekcji","publisher":{"@id":"https:\/\/www.pakery.pl\/et\/#organization"},"potentialAction":[{"@type":"SearchAction","target":{"@type":"EntryPoint","urlTemplate":"https:\/\/www.pakery.pl\/et\/?s={search_term_string}"},"query-input":{"@type":"PropertyValueSpecification","valueRequired":true,"valueName":"search_term_string"}}],"inLanguage":"et"},{"@type":"Organization","@id":"https:\/\/www.pakery.pl\/et\/#organization","name":"PAKERY.PL","url":"https:\/\/www.pakery.pl\/et\/","logo":{"@type":"ImageObject","inLanguage":"et","@id":"https:\/\/www.pakery.pl\/et\/#\/schema\/logo\/image\/","url":"https:\/\/www.pakery.pl\/wp-content\/uploads\/2021\/04\/cropped-PAKERY-LOGO.png","contentUrl":"https:\/\/www.pakery.pl\/wp-content\/uploads\/2021\/04\/cropped-PAKERY-LOGO.png","width":1529,"height":500,"caption":"PAKERY.PL"},"image":{"@id":"https:\/\/www.pakery.pl\/et\/#\/schema\/logo\/image\/"}}]}},"_links":{"self":[{"href":"https:\/\/www.pakery.pl\/et\/wp-json\/wp\/v2\/product\/44466","targetHints":{"allow":["GET"]}}],"collection":[{"href":"https:\/\/www.pakery.pl\/et\/wp-json\/wp\/v2\/product"}],"about":[{"href":"https:\/\/www.pakery.pl\/et\/wp-json\/wp\/v2\/types\/product"}],"version-history":[{"count":1,"href":"https:\/\/www.pakery.pl\/et\/wp-json\/wp\/v2\/product\/44466\/revisions"}],"predecessor-version":[{"id":44469,"href":"https:\/\/www.pakery.pl\/et\/wp-json\/wp\/v2\/product\/44466\/revisions\/44469"}],"wp:featuredmedia":[{"embeddable":true,"href":"https:\/\/www.pakery.pl\/et\/wp-json\/wp\/v2\/media\/40418"}],"wp:attachment":[{"href":"https:\/\/www.pakery.pl\/et\/wp-json\/wp\/v2\/media?parent=44466"}],"wp:term":[{"taxonomy":"product_brand","embeddable":true,"href":"https:\/\/www.pakery.pl\/et\/wp-json\/wp\/v2\/product_brand?post=44466"},{"taxonomy":"product_cat","embeddable":true,"href":"https:\/\/www.pakery.pl\/et\/wp-json\/wp\/v2\/product_cat?post=44466"},{"taxonomy":"product_tag","embeddable":true,"href":"https:\/\/www.pakery.pl\/et\/wp-json\/wp\/v2\/product_tag?post=44466"}],"curies":[{"name":"wp","href":"https:\/\/api.w.org\/{rel}","templated":true}]}}