{"id":22012,"date":"2021-06-21T13:58:32","date_gmt":"2021-08-12T05:13:03","guid":{"rendered":"https:\/\/www.pakery.pl\/produkt\/sustimis-sustimisvoolik-18-mm-100-m\/"},"modified":"2021-08-12T07:13:14","modified_gmt":"2021-08-12T05:13:14","slug":"sustimis-sustimisvoolik-18-mm-100-m","status":"publish","type":"product","link":"https:\/\/www.pakery.pl\/et\/produkt\/sustimis-sustimisvoolik-18-mm-100-m\/","title":{"rendered":"S\u00fcstimis- \/ s\u00fcstimisvoolik 18 mm \/ 100 m"},"content":{"rendered":"\t\t<div data-elementor-type=\"product-post\" data-elementor-id=\"22012\" class=\"elementor elementor-22012 elementor-4829\" data-elementor-post-type=\"product\">\n\t\t\t\t\t\t<section class=\"elementor-section elementor-top-section elementor-element elementor-element-720f304b elementor-section-boxed elementor-section-height-default elementor-section-height-default\" data-id=\"720f304b\" data-element_type=\"section\" data-e-type=\"section\">\n\t\t\t\t\t\t<div class=\"elementor-container elementor-column-gap-default\">\n\t\t\t\t\t<div class=\"elementor-column elementor-col-100 elementor-top-column elementor-element elementor-element-4d736291\" data-id=\"4d736291\" data-element_type=\"column\" data-e-type=\"column\">\n\t\t\t<div class=\"elementor-widget-wrap elementor-element-populated\">\n\t\t\t\t\t\t<section class=\"elementor-section elementor-inner-section elementor-element elementor-element-c813456 elementor-section-boxed elementor-section-height-default elementor-section-height-default\" data-id=\"c813456\" data-element_type=\"section\" data-e-type=\"section\">\n\t\t\t\t\t\t<div class=\"elementor-container elementor-column-gap-default\">\n\t\t\t\t\t<div class=\"elementor-column elementor-col-50 elementor-inner-column elementor-element elementor-element-1160251\" data-id=\"1160251\" data-element_type=\"column\" data-e-type=\"column\">\n\t\t\t<div class=\"elementor-widget-wrap elementor-element-populated\">\n\t\t\t\t\t\t<div class=\"elementor-element elementor-element-41af3b3 elementor-widget elementor-widget-text-editor\" data-id=\"41af3b3\" data-element_type=\"widget\" data-e-type=\"widget\" data-widget_type=\"text-editor.default\">\n\t\t\t\t<div class=\"elementor-widget-container\">\n\t\t\t\t\t\t\t\t\t<p><span style=\"color: #000000;\">S\u00fcsteemi sissepritsevoolik<b><i> SMARTHOSE<\/i><\/b> tuleks sisse ehitada \u00fclikooli struktuuride t\u00f6\u00f6pausidesse. Voolik tuleb paigaldada siledale ja puhtale pinnale spetsiaalsete Ho-hoidiku sulgude abil. Vooliku paigaldamisel j\u00e4lgige, et vooliku punutist ei kahjustataks.<\/span><br \/><span style=\"color: #000000;\">S\u00fcsteem<em><strong> SMARTHOSE<\/strong><\/em> on terviklik s\u00fcsteem, mis v\u00f5imaldab t\u00f6id t\u00f5husalt teostada.<\/span><br \/><span style=\"color: #000000;\">S\u00fcsteemi komponentide kasutamisel<em><strong> SMARTHOSE<\/strong><\/em> teiste s\u00fcstimisvoolikute \u00fchendamiseks veenduge, et need oleksid \u00fchilduvad.<\/span><\/p>\n\t\t\t\t\t\t\t\t<\/div>\n\t\t\t\t<\/div>\n\t\t\t\t\t<\/div>\n\t\t<\/div>\n\t\t\t\t<div class=\"elementor-column elementor-col-50 elementor-inner-column elementor-element elementor-element-1ddcc23\" data-id=\"1ddcc23\" data-element_type=\"column\" data-e-type=\"column\">\n\t\t\t<div class=\"elementor-widget-wrap elementor-element-populated\">\n\t\t\t\t\t\t<div class=\"elementor-element elementor-element-8f6613e elementor-widget elementor-widget-image\" data-id=\"8f6613e\" data-element_type=\"widget\" data-e-type=\"widget\" data-widget_type=\"image.default\">\n\t\t\t\t<div class=\"elementor-widget-container\">\n\t\t\t\t\t\t\t\t\t\t\t\t\t\t\t<img fetchpriority=\"high\" decoding=\"async\" width=\"768\" height=\"602\" src=\"https:\/\/www.pakery.pl\/wp-content\/uploads\/2021\/06\/waz-iniekcyjny-przekroj-768x602.png\" class=\"attachment-medium_large size-medium_large wp-image-22014\" alt=\"\" srcset=\"https:\/\/www.pakery.pl\/wp-content\/uploads\/2021\/06\/waz-iniekcyjny-przekroj-768x602.png 768w, https:\/\/www.pakery.pl\/wp-content\/uploads\/2021\/06\/waz-iniekcyjny-przekroj-300x235.png 300w, https:\/\/www.pakery.pl\/wp-content\/uploads\/2021\/06\/waz-iniekcyjny-przekroj-1024x803.png 1024w, https:\/\/www.pakery.pl\/wp-content\/uploads\/2021\/06\/waz-iniekcyjny-przekroj-1536x1204.png 1536w, https:\/\/www.pakery.pl\/wp-content\/uploads\/2021\/06\/waz-iniekcyjny-przekroj-683x535.png 683w, https:\/\/www.pakery.pl\/wp-content\/uploads\/2021\/06\/waz-iniekcyjny-przekroj-602x472.png 602w, https:\/\/www.pakery.pl\/wp-content\/uploads\/2021\/06\/waz-iniekcyjny-przekroj.png 1800w\" sizes=\"(max-width: 768px) 100vw, 768px\" \/>\t\t\t\t\t\t\t\t\t\t\t\t\t\t\t<\/div>\n\t\t\t\t<\/div>\n\t\t\t\t\t<\/div>\n\t\t<\/div>\n\t\t\t\t\t<\/div>\n\t\t<\/section>\n\t\t\t\t\t<\/div>\n\t\t<\/div>\n\t\t\t\t\t<\/div>\n\t\t<\/section>\n\t\t\t\t<section class=\"elementor-section elementor-top-section elementor-element elementor-element-8442f32 elementor-section-boxed elementor-section-height-default elementor-section-height-default\" data-id=\"8442f32\" data-element_type=\"section\" data-e-type=\"section\">\n\t\t\t\t\t\t<div class=\"elementor-container elementor-column-gap-default\">\n\t\t\t\t\t<div class=\"elementor-column elementor-col-100 elementor-top-column elementor-element elementor-element-600b722\" data-id=\"600b722\" data-element_type=\"column\" data-e-type=\"column\">\n\t\t\t<div class=\"elementor-widget-wrap elementor-element-populated\">\n\t\t\t\t\t\t<div class=\"elementor-element elementor-element-9c44c9b elementor-widget elementor-widget-image\" data-id=\"9c44c9b\" data-element_type=\"widget\" data-e-type=\"widget\" data-widget_type=\"image.default\">\n\t\t\t\t<div class=\"elementor-widget-container\">\n\t\t\t\t\t\t\t\t\t\t\t\t\t\t\t<img decoding=\"async\" width=\"1024\" height=\"389\" src=\"https:\/\/www.pakery.pl\/wp-content\/uploads\/2021\/06\/scheamt-wezy-iniekcyjnych-e1624542119579-1024x389.png\" class=\"attachment-large size-large wp-image-22016\" alt=\"\" srcset=\"https:\/\/www.pakery.pl\/wp-content\/uploads\/2021\/06\/scheamt-wezy-iniekcyjnych-e1624542119579-1024x389.png 1024w, https:\/\/www.pakery.pl\/wp-content\/uploads\/2021\/06\/scheamt-wezy-iniekcyjnych-e1624542119579-300x114.png 300w, https:\/\/www.pakery.pl\/wp-content\/uploads\/2021\/06\/scheamt-wezy-iniekcyjnych-e1624542119579-768x292.png 768w, https:\/\/www.pakery.pl\/wp-content\/uploads\/2021\/06\/scheamt-wezy-iniekcyjnych-e1624542119579-1536x583.png 1536w, https:\/\/www.pakery.pl\/wp-content\/uploads\/2021\/06\/scheamt-wezy-iniekcyjnych-e1624542119579-2048x778.png 2048w, https:\/\/www.pakery.pl\/wp-content\/uploads\/2021\/06\/scheamt-wezy-iniekcyjnych-e1624542119579-683x259.png 683w, https:\/\/www.pakery.pl\/wp-content\/uploads\/2021\/06\/scheamt-wezy-iniekcyjnych-e1624542119579-602x229.png 602w\" sizes=\"(max-width: 1024px) 100vw, 1024px\" \/>\t\t\t\t\t\t\t\t\t\t\t\t\t\t\t<\/div>\n\t\t\t\t<\/div>\n\t\t\t\t\t<\/div>\n\t\t<\/div>\n\t\t\t\t\t<\/div>\n\t\t<\/section>\n\t\t\t\t<\/div>\n\t\t","protected":false},"excerpt":{"rendered":"<p>S\u00fcsteemi sissepritsevoolik SMARTHOSE tuleks sisse ehitada \u00fclikooli struktuuride t\u00f6\u00f6pausidesse. Voolik tuleb paigaldada siledale ja puhtale pinnale spetsiaalsete Ho-hoidiku sulgude abil. Vooliku paigaldamisel j\u00e4lgige, et vooliku punutist ei kahjustataks.S\u00fcsteem SMARTHOSE on terviklik s\u00fcsteem, mis v\u00f5imaldab t\u00f6id t\u00f5husalt teostada.S\u00fcsteemi komponentide kasutamisel SMARTHOSE teiste s\u00fcstimisvoolikute \u00fchendamiseks veenduge, et need oleksid \u00fchilduvad.<\/p>\n","protected":false},"featured_media":22013,"template":"","meta":{"_acf_changed":false},"product_brand":[],"product_cat":[1016],"product_tag":[],"class_list":{"0":"post-22012","1":"product","2":"type-product","3":"status-publish","4":"has-post-thumbnail","6":"product_cat-sustimisvoolikud","8":"first","9":"instock","10":"taxable","11":"shipping-taxable","12":"purchasable","13":"product-type-simple"},"acf":[],"yoast_head":"<!-- This site is optimized with the Yoast SEO plugin v27.3 - https:\/\/yoast.com\/product\/yoast-seo-wordpress\/ -->\n<title>S\u00fcstimis- \/ s\u00fcstimisvoolik 18 mm \/ 100 m - fi 18 mm | PAKERY.PL<\/title>\n<meta name=\"robots\" content=\"index, follow, max-snippet:-1, max-image-preview:large, max-video-preview:-1\" \/>\n<link rel=\"canonical\" href=\"https:\/\/www.pakery.pl\/et\/produkt\/sustimis-sustimisvoolik-18-mm-100-m\/\" \/>\n<meta property=\"og:locale\" content=\"et_EE\" \/>\n<meta property=\"og:type\" content=\"article\" \/>\n<meta property=\"og:title\" content=\"S\u00fcstimis- \/ s\u00fcstimisvoolik 18 mm \/ 100 m - fi 18 mm | PAKERY.PL\" \/>\n<meta property=\"og:description\" content=\"S\u00fcsteemi sissepritsevoolik SMARTHOSE tuleks sisse ehitada \u00fclikooli struktuuride t\u00f6\u00f6pausidesse. Voolik tuleb paigaldada siledale ja puhtale pinnale spetsiaalsete Ho-hoidiku sulgude abil. Vooliku paigaldamisel j\u00e4lgige, et vooliku punutist ei kahjustataks.S\u00fcsteem SMARTHOSE on terviklik s\u00fcsteem, mis v\u00f5imaldab t\u00f6id t\u00f5husalt teostada.S\u00fcsteemi komponentide kasutamisel SMARTHOSE teiste s\u00fcstimisvoolikute \u00fchendamiseks veenduge, et need oleksid \u00fchilduvad.\" \/>\n<meta property=\"og:url\" content=\"https:\/\/www.pakery.pl\/et\/produkt\/sustimis-sustimisvoolik-18-mm-100-m\/\" \/>\n<meta property=\"og:site_name\" content=\"PAKERY.PL\" \/>\n<meta property=\"article:modified_time\" content=\"2021-08-12T05:13:14+00:00\" \/>\n<meta property=\"og:image\" content=\"https:\/\/www.pakery.pl\/wp-content\/uploads\/2021\/06\/waz-iniekcyjny-18mm-1024x1024.png\" \/>\n\t<meta property=\"og:image:width\" content=\"1024\" \/>\n\t<meta property=\"og:image:height\" content=\"1024\" \/>\n\t<meta property=\"og:image:type\" content=\"image\/png\" \/>\n<meta name=\"twitter:card\" content=\"summary_large_image\" \/>\n<script type=\"application\/ld+json\" class=\"yoast-schema-graph\">{\"@context\":\"https:\\\/\\\/schema.org\",\"@graph\":[{\"@type\":\"WebPage\",\"@id\":\"https:\\\/\\\/www.pakery.pl\\\/et\\\/produkt\\\/sustimis-sustimisvoolik-18-mm-100-m\\\/\",\"url\":\"https:\\\/\\\/www.pakery.pl\\\/et\\\/produkt\\\/sustimis-sustimisvoolik-18-mm-100-m\\\/\",\"name\":\"S\u00fcstimis- \\\/ s\u00fcstimisvoolik 18 mm \\\/ 100 m - fi 18 mm | PAKERY.PL\",\"isPartOf\":{\"@id\":\"https:\\\/\\\/www.pakery.pl\\\/et\\\/#website\"},\"primaryImageOfPage\":{\"@id\":\"https:\\\/\\\/www.pakery.pl\\\/et\\\/produkt\\\/sustimis-sustimisvoolik-18-mm-100-m\\\/#primaryimage\"},\"image\":{\"@id\":\"https:\\\/\\\/www.pakery.pl\\\/et\\\/produkt\\\/sustimis-sustimisvoolik-18-mm-100-m\\\/#primaryimage\"},\"thumbnailUrl\":\"https:\\\/\\\/www.pakery.pl\\\/wp-content\\\/uploads\\\/2021\\\/06\\\/waz-iniekcyjny-18mm-e1624276788212.png\",\"datePublished\":\"2021-08-12T05:13:03+00:00\",\"dateModified\":\"2021-08-12T05:13:14+00:00\",\"breadcrumb\":{\"@id\":\"https:\\\/\\\/www.pakery.pl\\\/et\\\/produkt\\\/sustimis-sustimisvoolik-18-mm-100-m\\\/#breadcrumb\"},\"inLanguage\":\"et\",\"potentialAction\":[{\"@type\":\"ReadAction\",\"target\":[\"https:\\\/\\\/www.pakery.pl\\\/et\\\/produkt\\\/sustimis-sustimisvoolik-18-mm-100-m\\\/\"]}]},{\"@type\":\"ImageObject\",\"inLanguage\":\"et\",\"@id\":\"https:\\\/\\\/www.pakery.pl\\\/et\\\/produkt\\\/sustimis-sustimisvoolik-18-mm-100-m\\\/#primaryimage\",\"url\":\"https:\\\/\\\/www.pakery.pl\\\/wp-content\\\/uploads\\\/2021\\\/06\\\/waz-iniekcyjny-18mm-e1624276788212.png\",\"contentUrl\":\"https:\\\/\\\/www.pakery.pl\\\/wp-content\\\/uploads\\\/2021\\\/06\\\/waz-iniekcyjny-18mm-e1624276788212.png\",\"width\":2500,\"height\":2500},{\"@type\":\"BreadcrumbList\",\"@id\":\"https:\\\/\\\/www.pakery.pl\\\/et\\\/produkt\\\/sustimis-sustimisvoolik-18-mm-100-m\\\/#breadcrumb\",\"itemListElement\":[{\"@type\":\"ListItem\",\"position\":1,\"name\":\"Strona g\u0142\u00f3wna\",\"item\":\"https:\\\/\\\/www.pakery.pl\\\/et\\\/\"},{\"@type\":\"ListItem\",\"position\":2,\"name\":\"Kauplus\",\"item\":\"https:\\\/\\\/www.pakery.pl\\\/et\\\/kauplus\\\/\"},{\"@type\":\"ListItem\",\"position\":3,\"name\":\"S\u00fcstimis- \\\/ s\u00fcstimisvoolik 18 mm \\\/ 100 m\"}]},{\"@type\":\"WebSite\",\"@id\":\"https:\\\/\\\/www.pakery.pl\\\/et\\\/#website\",\"url\":\"https:\\\/\\\/www.pakery.pl\\\/et\\\/\",\"name\":\"Pakery.pl\",\"description\":\"Pakery iniekcyjne, Kotwy spiralne, Lance iniekcyjne, W\u0119\u017ce do iniekcji, Pompy iniekcyjne, Serwis pomp iniekcyjnych, Wynajem pomp do iniekcji\",\"publisher\":{\"@id\":\"https:\\\/\\\/www.pakery.pl\\\/et\\\/#organization\"},\"potentialAction\":[{\"@type\":\"SearchAction\",\"target\":{\"@type\":\"EntryPoint\",\"urlTemplate\":\"https:\\\/\\\/www.pakery.pl\\\/et\\\/?s={search_term_string}\"},\"query-input\":{\"@type\":\"PropertyValueSpecification\",\"valueRequired\":true,\"valueName\":\"search_term_string\"}}],\"inLanguage\":\"et\"},{\"@type\":\"Organization\",\"@id\":\"https:\\\/\\\/www.pakery.pl\\\/et\\\/#organization\",\"name\":\"PAKERY.PL\",\"url\":\"https:\\\/\\\/www.pakery.pl\\\/et\\\/\",\"logo\":{\"@type\":\"ImageObject\",\"inLanguage\":\"et\",\"@id\":\"https:\\\/\\\/www.pakery.pl\\\/et\\\/#\\\/schema\\\/logo\\\/image\\\/\",\"url\":\"https:\\\/\\\/www.pakery.pl\\\/wp-content\\\/uploads\\\/2021\\\/04\\\/cropped-PAKERY-LOGO.png\",\"contentUrl\":\"https:\\\/\\\/www.pakery.pl\\\/wp-content\\\/uploads\\\/2021\\\/04\\\/cropped-PAKERY-LOGO.png\",\"width\":1529,\"height\":500,\"caption\":\"PAKERY.PL\"},\"image\":{\"@id\":\"https:\\\/\\\/www.pakery.pl\\\/et\\\/#\\\/schema\\\/logo\\\/image\\\/\"}}]}<\/script>\n<!-- \/ Yoast SEO plugin. -->","yoast_head_json":{"title":"S\u00fcstimis- \/ s\u00fcstimisvoolik 18 mm \/ 100 m - fi 18 mm | PAKERY.PL","robots":{"index":"index","follow":"follow","max-snippet":"max-snippet:-1","max-image-preview":"max-image-preview:large","max-video-preview":"max-video-preview:-1"},"canonical":"https:\/\/www.pakery.pl\/et\/produkt\/sustimis-sustimisvoolik-18-mm-100-m\/","og_locale":"et_EE","og_type":"article","og_title":"S\u00fcstimis- \/ s\u00fcstimisvoolik 18 mm \/ 100 m - fi 18 mm | PAKERY.PL","og_description":"S\u00fcsteemi sissepritsevoolik SMARTHOSE tuleks sisse ehitada \u00fclikooli struktuuride t\u00f6\u00f6pausidesse. Voolik tuleb paigaldada siledale ja puhtale pinnale spetsiaalsete Ho-hoidiku sulgude abil. Vooliku paigaldamisel j\u00e4lgige, et vooliku punutist ei kahjustataks.S\u00fcsteem SMARTHOSE on terviklik s\u00fcsteem, mis v\u00f5imaldab t\u00f6id t\u00f5husalt teostada.S\u00fcsteemi komponentide kasutamisel SMARTHOSE teiste s\u00fcstimisvoolikute \u00fchendamiseks veenduge, et need oleksid \u00fchilduvad.","og_url":"https:\/\/www.pakery.pl\/et\/produkt\/sustimis-sustimisvoolik-18-mm-100-m\/","og_site_name":"PAKERY.PL","article_modified_time":"2021-08-12T05:13:14+00:00","og_image":[{"width":1024,"height":1024,"url":"https:\/\/www.pakery.pl\/wp-content\/uploads\/2021\/06\/waz-iniekcyjny-18mm-1024x1024.png","type":"image\/png"}],"twitter_card":"summary_large_image","schema":{"@context":"https:\/\/schema.org","@graph":[{"@type":"WebPage","@id":"https:\/\/www.pakery.pl\/et\/produkt\/sustimis-sustimisvoolik-18-mm-100-m\/","url":"https:\/\/www.pakery.pl\/et\/produkt\/sustimis-sustimisvoolik-18-mm-100-m\/","name":"S\u00fcstimis- \/ s\u00fcstimisvoolik 18 mm \/ 100 m - fi 18 mm | PAKERY.PL","isPartOf":{"@id":"https:\/\/www.pakery.pl\/et\/#website"},"primaryImageOfPage":{"@id":"https:\/\/www.pakery.pl\/et\/produkt\/sustimis-sustimisvoolik-18-mm-100-m\/#primaryimage"},"image":{"@id":"https:\/\/www.pakery.pl\/et\/produkt\/sustimis-sustimisvoolik-18-mm-100-m\/#primaryimage"},"thumbnailUrl":"https:\/\/www.pakery.pl\/wp-content\/uploads\/2021\/06\/waz-iniekcyjny-18mm-e1624276788212.png","datePublished":"2021-08-12T05:13:03+00:00","dateModified":"2021-08-12T05:13:14+00:00","breadcrumb":{"@id":"https:\/\/www.pakery.pl\/et\/produkt\/sustimis-sustimisvoolik-18-mm-100-m\/#breadcrumb"},"inLanguage":"et","potentialAction":[{"@type":"ReadAction","target":["https:\/\/www.pakery.pl\/et\/produkt\/sustimis-sustimisvoolik-18-mm-100-m\/"]}]},{"@type":"ImageObject","inLanguage":"et","@id":"https:\/\/www.pakery.pl\/et\/produkt\/sustimis-sustimisvoolik-18-mm-100-m\/#primaryimage","url":"https:\/\/www.pakery.pl\/wp-content\/uploads\/2021\/06\/waz-iniekcyjny-18mm-e1624276788212.png","contentUrl":"https:\/\/www.pakery.pl\/wp-content\/uploads\/2021\/06\/waz-iniekcyjny-18mm-e1624276788212.png","width":2500,"height":2500},{"@type":"BreadcrumbList","@id":"https:\/\/www.pakery.pl\/et\/produkt\/sustimis-sustimisvoolik-18-mm-100-m\/#breadcrumb","itemListElement":[{"@type":"ListItem","position":1,"name":"Strona g\u0142\u00f3wna","item":"https:\/\/www.pakery.pl\/et\/"},{"@type":"ListItem","position":2,"name":"Kauplus","item":"https:\/\/www.pakery.pl\/et\/kauplus\/"},{"@type":"ListItem","position":3,"name":"S\u00fcstimis- \/ s\u00fcstimisvoolik 18 mm \/ 100 m"}]},{"@type":"WebSite","@id":"https:\/\/www.pakery.pl\/et\/#website","url":"https:\/\/www.pakery.pl\/et\/","name":"Pakery.pl","description":"Pakery iniekcyjne, Kotwy spiralne, Lance iniekcyjne, W\u0119\u017ce do iniekcji, Pompy iniekcyjne, Serwis pomp iniekcyjnych, Wynajem pomp do iniekcji","publisher":{"@id":"https:\/\/www.pakery.pl\/et\/#organization"},"potentialAction":[{"@type":"SearchAction","target":{"@type":"EntryPoint","urlTemplate":"https:\/\/www.pakery.pl\/et\/?s={search_term_string}"},"query-input":{"@type":"PropertyValueSpecification","valueRequired":true,"valueName":"search_term_string"}}],"inLanguage":"et"},{"@type":"Organization","@id":"https:\/\/www.pakery.pl\/et\/#organization","name":"PAKERY.PL","url":"https:\/\/www.pakery.pl\/et\/","logo":{"@type":"ImageObject","inLanguage":"et","@id":"https:\/\/www.pakery.pl\/et\/#\/schema\/logo\/image\/","url":"https:\/\/www.pakery.pl\/wp-content\/uploads\/2021\/04\/cropped-PAKERY-LOGO.png","contentUrl":"https:\/\/www.pakery.pl\/wp-content\/uploads\/2021\/04\/cropped-PAKERY-LOGO.png","width":1529,"height":500,"caption":"PAKERY.PL"},"image":{"@id":"https:\/\/www.pakery.pl\/et\/#\/schema\/logo\/image\/"}}]}},"_links":{"self":[{"href":"https:\/\/www.pakery.pl\/et\/wp-json\/wp\/v2\/product\/22012","targetHints":{"allow":["GET"]}}],"collection":[{"href":"https:\/\/www.pakery.pl\/et\/wp-json\/wp\/v2\/product"}],"about":[{"href":"https:\/\/www.pakery.pl\/et\/wp-json\/wp\/v2\/types\/product"}],"version-history":[{"count":3,"href":"https:\/\/www.pakery.pl\/et\/wp-json\/wp\/v2\/product\/22012\/revisions"}],"predecessor-version":[{"id":22019,"href":"https:\/\/www.pakery.pl\/et\/wp-json\/wp\/v2\/product\/22012\/revisions\/22019"}],"wp:featuredmedia":[{"embeddable":true,"href":"https:\/\/www.pakery.pl\/et\/wp-json\/wp\/v2\/media\/22013"}],"wp:attachment":[{"href":"https:\/\/www.pakery.pl\/et\/wp-json\/wp\/v2\/media?parent=22012"}],"wp:term":[{"taxonomy":"product_brand","embeddable":true,"href":"https:\/\/www.pakery.pl\/et\/wp-json\/wp\/v2\/product_brand?post=22012"},{"taxonomy":"product_cat","embeddable":true,"href":"https:\/\/www.pakery.pl\/et\/wp-json\/wp\/v2\/product_cat?post=22012"},{"taxonomy":"product_tag","embeddable":true,"href":"https:\/\/www.pakery.pl\/et\/wp-json\/wp\/v2\/product_tag?post=22012"}],"curies":[{"name":"wp","href":"https:\/\/api.w.org\/{rel}","templated":true}]}}