{"id":21733,"date":"2021-04-22T07:42:02","date_gmt":"2021-08-12T05:10:45","guid":{"rendered":"https:\/\/www.pakery.pl\/produkt\/sustimisotsik\/"},"modified":"2021-08-12T07:10:48","modified_gmt":"2021-08-12T05:10:48","slug":"pi-jg-18-150-2","status":"publish","type":"product","link":"https:\/\/www.pakery.pl\/et\/produkt\/pi-jg-18-150-2\/","title":{"rendered":"S\u00fcstimisotsik"},"content":{"rendered":"\t\t<div data-elementor-type=\"product-post\" data-elementor-id=\"21733\" class=\"elementor elementor-21733 elementor-1961\" data-elementor-post-type=\"product\">\n\t\t\t\t\t\t<section class=\"elementor-section elementor-top-section elementor-element elementor-element-4b3f2ca elementor-section-boxed elementor-section-height-default elementor-section-height-default\" data-id=\"4b3f2ca\" data-element_type=\"section\" data-e-type=\"section\">\n\t\t\t\t\t\t<div class=\"elementor-container elementor-column-gap-default\">\n\t\t\t\t\t<div class=\"elementor-column elementor-col-100 elementor-top-column elementor-element elementor-element-4a71d8e\" data-id=\"4a71d8e\" data-element_type=\"column\" data-e-type=\"column\">\n\t\t\t<div class=\"elementor-widget-wrap elementor-element-populated\">\n\t\t\t\t\t\t<div class=\"elementor-element elementor-element-a055679 elementor-widget elementor-widget-image\" data-id=\"a055679\" data-element_type=\"widget\" data-e-type=\"widget\" data-widget_type=\"image.default\">\n\t\t\t\t<div class=\"elementor-widget-container\">\n\t\t\t\t\t\t\t\t\t\t\t\t\t\t\t<img fetchpriority=\"high\" decoding=\"async\" width=\"1763\" height=\"565\" src=\"https:\/\/www.pakery.pl\/wp-content\/uploads\/2021\/05\/schemat-lance-PI-JG-18150.png\" class=\"attachment-full size-full wp-image-21745\" alt=\"\" srcset=\"https:\/\/www.pakery.pl\/wp-content\/uploads\/2021\/05\/schemat-lance-PI-JG-18150.png 1763w, https:\/\/www.pakery.pl\/wp-content\/uploads\/2021\/05\/schemat-lance-PI-JG-18150-300x96.png 300w, https:\/\/www.pakery.pl\/wp-content\/uploads\/2021\/05\/schemat-lance-PI-JG-18150-1024x328.png 1024w, https:\/\/www.pakery.pl\/wp-content\/uploads\/2021\/05\/schemat-lance-PI-JG-18150-768x246.png 768w, https:\/\/www.pakery.pl\/wp-content\/uploads\/2021\/05\/schemat-lance-PI-JG-18150-1536x492.png 1536w, https:\/\/www.pakery.pl\/wp-content\/uploads\/2021\/05\/schemat-lance-PI-JG-18150-683x219.png 683w, https:\/\/www.pakery.pl\/wp-content\/uploads\/2021\/05\/schemat-lance-PI-JG-18150-602x193.png 602w\" sizes=\"(max-width: 1763px) 100vw, 1763px\" \/>\t\t\t\t\t\t\t\t\t\t\t\t\t\t\t<\/div>\n\t\t\t\t<\/div>\n\t\t\t\t<div class=\"elementor-element elementor-element-359b8bd elementor-widget elementor-widget-spacer\" data-id=\"359b8bd\" data-element_type=\"widget\" data-e-type=\"widget\" data-widget_type=\"spacer.default\">\n\t\t\t\t<div class=\"elementor-widget-container\">\n\t\t\t\t\t\t\t<div class=\"elementor-spacer\">\n\t\t\t<div class=\"elementor-spacer-inner\"><\/div>\n\t\t<\/div>\n\t\t\t\t\t\t<\/div>\n\t\t\t\t<\/div>\n\t\t\t\t<section class=\"elementor-section elementor-inner-section elementor-element elementor-element-19842a0 elementor-section-boxed elementor-section-height-default elementor-section-height-default\" data-id=\"19842a0\" data-element_type=\"section\" data-e-type=\"section\">\n\t\t\t\t\t\t<div class=\"elementor-container elementor-column-gap-default\">\n\t\t\t\t\t<div class=\"elementor-column elementor-col-50 elementor-inner-column elementor-element elementor-element-a30251c\" data-id=\"a30251c\" data-element_type=\"column\" data-e-type=\"column\">\n\t\t\t<div class=\"elementor-widget-wrap elementor-element-populated\">\n\t\t\t\t\t\t<div class=\"elementor-element elementor-element-f77ed0c elementor-widget elementor-widget-text-editor\" data-id=\"f77ed0c\" data-element_type=\"widget\" data-e-type=\"widget\" data-widget_type=\"text-editor.default\">\n\t\t\t\t<div class=\"elementor-widget-container\">\n\t\t\t\t\t\t\t\t\t<p><span style=\"color: #000000;\"><strong>TEHNILISED KIRJELDUSED:<\/strong><\/span><\/p>\n<ul>\n<li><span style=\"color: #000000;\">materjal: teras<\/span><\/li>\n<li><span style=\"color: #000000;\">l\u00e4bim\u00f5\u00f5t ot. s\u00fcst:<b><i> KELL 18<\/i><\/b><\/span><\/li>\n<li><span style=\"color: #000000;\">klapi \u00fchendus:<strong> GZ m10x1<\/strong><\/span><\/li>\n<li><span style=\"color: #000000;\">\u00fchendus lantside all<strong> 1\/4 &#8220;niit<\/strong><\/span><\/li>\n<\/ul>\n<p><span style=\"color: #000000;\">HAMMPACK s\u00fcstimispakend, mis on ette n\u00e4htud s\u00fcstimiseks koos lantsettidega. T\u00e4nu suurele l\u00e4bim\u00f5\u00f5dule saab seda edukalt kasutada k\u00f5igi materjalide jaoks, n\u00e4iteks: <\/span><br \/><span style=\"color: #000000;\">geopol\u00fcmeerid, akr\u00fc\u00fclgeelid, tsemendisuspensioonid, kreemid, vesidispersioonid jm.<\/span><\/p>\n\t\t\t\t\t\t\t\t<\/div>\n\t\t\t\t<\/div>\n\t\t\t\t\t<\/div>\n\t\t<\/div>\n\t\t\t\t<div class=\"elementor-column elementor-col-50 elementor-inner-column elementor-element elementor-element-103470a\" data-id=\"103470a\" data-element_type=\"column\" data-e-type=\"column\">\n\t\t\t<div class=\"elementor-widget-wrap elementor-element-populated\">\n\t\t\t\t\t\t<div class=\"elementor-element elementor-element-6e32374 elementor-widget elementor-widget-image\" data-id=\"6e32374\" data-element_type=\"widget\" data-e-type=\"widget\" data-widget_type=\"image.default\">\n\t\t\t\t<div class=\"elementor-widget-container\">\n\t\t\t\t\t\t\t\t\t\t\t\t\t\t\t<img decoding=\"async\" width=\"768\" height=\"768\" src=\"https:\/\/www.pakery.pl\/wp-content\/uploads\/2021\/04\/PI-JG-18150-bez-kalamitki-768x768.png\" class=\"attachment-medium_large size-medium_large wp-image-21734\" alt=\"\" srcset=\"https:\/\/www.pakery.pl\/wp-content\/uploads\/2021\/04\/PI-JG-18150-bez-kalamitki-768x768.png 768w, https:\/\/www.pakery.pl\/wp-content\/uploads\/2021\/04\/PI-JG-18150-bez-kalamitki-300x300.png 300w, https:\/\/www.pakery.pl\/wp-content\/uploads\/2021\/04\/PI-JG-18150-bez-kalamitki-1024x1024.png 1024w, https:\/\/www.pakery.pl\/wp-content\/uploads\/2021\/04\/PI-JG-18150-bez-kalamitki-150x150.png 150w, https:\/\/www.pakery.pl\/wp-content\/uploads\/2021\/04\/PI-JG-18150-bez-kalamitki-1536x1536.png 1536w, https:\/\/www.pakery.pl\/wp-content\/uploads\/2021\/04\/PI-JG-18150-bez-kalamitki-2048x2048.png 2048w, https:\/\/www.pakery.pl\/wp-content\/uploads\/2021\/04\/PI-JG-18150-bez-kalamitki-683x683.png 683w, https:\/\/www.pakery.pl\/wp-content\/uploads\/2021\/04\/PI-JG-18150-bez-kalamitki-602x602.png 602w, https:\/\/www.pakery.pl\/wp-content\/uploads\/2021\/04\/PI-JG-18150-bez-kalamitki-110x110.png 110w\" sizes=\"(max-width: 768px) 100vw, 768px\" \/>\t\t\t\t\t\t\t\t\t\t\t\t\t\t\t<\/div>\n\t\t\t\t<\/div>\n\t\t\t\t\t<\/div>\n\t\t<\/div>\n\t\t\t\t\t<\/div>\n\t\t<\/section>\n\t\t\t\t\t<\/div>\n\t\t<\/div>\n\t\t\t\t\t<\/div>\n\t\t<\/section>\n\t\t\t\t<section class=\"elementor-section elementor-top-section elementor-element elementor-element-e1ef0c9 elementor-section-full_width elementor-section-height-default elementor-section-height-default\" data-id=\"e1ef0c9\" data-element_type=\"section\" data-e-type=\"section\">\n\t\t\t\t\t\t<div class=\"elementor-container elementor-column-gap-default\">\n\t\t\t\t\t<div class=\"elementor-column elementor-col-100 elementor-top-column elementor-element elementor-element-8d39ece\" data-id=\"8d39ece\" data-element_type=\"column\" data-e-type=\"column\">\n\t\t\t<div class=\"elementor-widget-wrap elementor-element-populated\">\n\t\t\t\t\t\t<div class=\"elementor-element elementor-element-5c90230 elementor-widget elementor-widget-image\" data-id=\"5c90230\" data-element_type=\"widget\" data-e-type=\"widget\" data-widget_type=\"image.default\">\n\t\t\t\t<div class=\"elementor-widget-container\">\n\t\t\t\t\t\t\t\t\t\t\t\t\t\t\t<img decoding=\"async\" width=\"1024\" height=\"360\" src=\"https:\/\/www.pakery.pl\/wp-content\/uploads\/2021\/04\/schemat-pakera-do-lancy-1024x360.png\" class=\"attachment-large size-large wp-image-21742\" alt=\"\" srcset=\"https:\/\/www.pakery.pl\/wp-content\/uploads\/2021\/04\/schemat-pakera-do-lancy-1024x360.png 1024w, https:\/\/www.pakery.pl\/wp-content\/uploads\/2021\/04\/schemat-pakera-do-lancy-300x105.png 300w, https:\/\/www.pakery.pl\/wp-content\/uploads\/2021\/04\/schemat-pakera-do-lancy-768x270.png 768w, https:\/\/www.pakery.pl\/wp-content\/uploads\/2021\/04\/schemat-pakera-do-lancy-1536x540.png 1536w, https:\/\/www.pakery.pl\/wp-content\/uploads\/2021\/04\/schemat-pakera-do-lancy-2048x720.png 2048w, https:\/\/www.pakery.pl\/wp-content\/uploads\/2021\/04\/schemat-pakera-do-lancy-683x240.png 683w, https:\/\/www.pakery.pl\/wp-content\/uploads\/2021\/04\/schemat-pakera-do-lancy-602x212.png 602w\" sizes=\"(max-width: 1024px) 100vw, 1024px\" \/>\t\t\t\t\t\t\t\t\t\t\t\t\t\t\t<\/div>\n\t\t\t\t<\/div>\n\t\t\t\t\t<\/div>\n\t\t<\/div>\n\t\t\t\t\t<\/div>\n\t\t<\/section>\n\t\t\t\t<\/div>\n\t\t","protected":false},"excerpt":{"rendered":"<p>TEHNILISED KIRJELDUSED: materjal: teras l\u00e4bim\u00f5\u00f5t ot. s\u00fcst: KELL 18 klapi \u00fchendus: GZ m10x1 \u00fchendus lantside all 1\/4 &#8220;niit HAMMPACK s\u00fcstimispakend, mis on ette n\u00e4htud s\u00fcstimiseks koos lantsettidega. T\u00e4nu suurele l\u00e4bim\u00f5\u00f5dule saab seda edukalt kasutada k\u00f5igi materjalide jaoks, n\u00e4iteks: geopol\u00fcmeerid, akr\u00fc\u00fclgeelid, tsemendisuspensioonid, kreemid, vesidispersioonid jm.<\/p>\n","protected":false},"featured_media":21734,"template":"","meta":{"_acf_changed":false},"product_brand":[],"product_cat":[1017,1011],"product_tag":[],"class_list":{"0":"post-21733","1":"product","2":"type-product","3":"status-publish","4":"has-post-thumbnail","6":"product_cat-sustimisotsikud","7":"product_cat-tsemendipakendajad","8":"pa_model-kalamitki-ilma-kalamiidita","9":"pa_model-kalamitki-kalamiit-tasane","10":"pa_model-kalamitki-napitsad","12":"first","13":"instock","14":"taxable","15":"shipping-taxable","16":"purchasable","17":"product-type-variable","18":"has-default-attributes"},"acf":[],"yoast_head":"<!-- This site is optimized with the Yoast SEO plugin v27.3 - https:\/\/yoast.com\/product\/yoast-seo-wordpress\/ -->\n<title>S\u00fcstimisotsik - PAKERY.PL<\/title>\n<meta name=\"robots\" content=\"index, follow, max-snippet:-1, max-image-preview:large, max-video-preview:-1\" \/>\n<link rel=\"canonical\" href=\"https:\/\/www.pakery.pl\/et\/produkt\/pi-jg-18-150-2\/\" \/>\n<meta property=\"og:locale\" content=\"et_EE\" \/>\n<meta property=\"og:type\" content=\"article\" \/>\n<meta property=\"og:title\" content=\"S\u00fcstimisotsik - PAKERY.PL\" \/>\n<meta property=\"og:description\" content=\"TEHNILISED KIRJELDUSED: materjal: teras l\u00e4bim\u00f5\u00f5t ot. s\u00fcst: KELL 18 klapi \u00fchendus: GZ m10x1 \u00fchendus lantside all 1\/4 &#8220;niit HAMMPACK s\u00fcstimispakend, mis on ette n\u00e4htud s\u00fcstimiseks koos lantsettidega. T\u00e4nu suurele l\u00e4bim\u00f5\u00f5dule saab seda edukalt kasutada k\u00f5igi materjalide jaoks, n\u00e4iteks: geopol\u00fcmeerid, akr\u00fc\u00fclgeelid, tsemendisuspensioonid, kreemid, vesidispersioonid jm.\" \/>\n<meta property=\"og:url\" content=\"https:\/\/www.pakery.pl\/et\/produkt\/pi-jg-18-150-2\/\" \/>\n<meta property=\"og:site_name\" content=\"PAKERY.PL\" \/>\n<meta property=\"article:modified_time\" content=\"2021-08-12T05:10:48+00:00\" \/>\n<meta property=\"og:image\" content=\"https:\/\/www.pakery.pl\/wp-content\/uploads\/2021\/04\/PI-JG-18150-bez-kalamitki.png\" \/>\n\t<meta property=\"og:image:width\" content=\"2500\" \/>\n\t<meta property=\"og:image:height\" content=\"2500\" \/>\n\t<meta property=\"og:image:type\" content=\"image\/png\" \/>\n<meta name=\"twitter:card\" content=\"summary_large_image\" \/>\n<script type=\"application\/ld+json\" class=\"yoast-schema-graph\">{\"@context\":\"https:\\\/\\\/schema.org\",\"@graph\":[{\"@type\":\"WebPage\",\"@id\":\"https:\\\/\\\/www.pakery.pl\\\/et\\\/produkt\\\/pi-jg-18-150-2\\\/\",\"url\":\"https:\\\/\\\/www.pakery.pl\\\/et\\\/produkt\\\/pi-jg-18-150-2\\\/\",\"name\":\"S\u00fcstimisotsik - PAKERY.PL\",\"isPartOf\":{\"@id\":\"https:\\\/\\\/www.pakery.pl\\\/et\\\/#website\"},\"primaryImageOfPage\":{\"@id\":\"https:\\\/\\\/www.pakery.pl\\\/et\\\/produkt\\\/pi-jg-18-150-2\\\/#primaryimage\"},\"image\":{\"@id\":\"https:\\\/\\\/www.pakery.pl\\\/et\\\/produkt\\\/pi-jg-18-150-2\\\/#primaryimage\"},\"thumbnailUrl\":\"https:\\\/\\\/www.pakery.pl\\\/wp-content\\\/uploads\\\/2021\\\/04\\\/PI-JG-18150-bez-kalamitki.png\",\"datePublished\":\"2021-08-12T05:10:45+00:00\",\"dateModified\":\"2021-08-12T05:10:48+00:00\",\"breadcrumb\":{\"@id\":\"https:\\\/\\\/www.pakery.pl\\\/et\\\/produkt\\\/pi-jg-18-150-2\\\/#breadcrumb\"},\"inLanguage\":\"et\",\"potentialAction\":[{\"@type\":\"ReadAction\",\"target\":[\"https:\\\/\\\/www.pakery.pl\\\/et\\\/produkt\\\/pi-jg-18-150-2\\\/\"]}]},{\"@type\":\"ImageObject\",\"inLanguage\":\"et\",\"@id\":\"https:\\\/\\\/www.pakery.pl\\\/et\\\/produkt\\\/pi-jg-18-150-2\\\/#primaryimage\",\"url\":\"https:\\\/\\\/www.pakery.pl\\\/wp-content\\\/uploads\\\/2021\\\/04\\\/PI-JG-18150-bez-kalamitki.png\",\"contentUrl\":\"https:\\\/\\\/www.pakery.pl\\\/wp-content\\\/uploads\\\/2021\\\/04\\\/PI-JG-18150-bez-kalamitki.png\",\"width\":2500,\"height\":2500,\"caption\":\"S\u00fcstimisotsik\"},{\"@type\":\"BreadcrumbList\",\"@id\":\"https:\\\/\\\/www.pakery.pl\\\/et\\\/produkt\\\/pi-jg-18-150-2\\\/#breadcrumb\",\"itemListElement\":[{\"@type\":\"ListItem\",\"position\":1,\"name\":\"Strona g\u0142\u00f3wna\",\"item\":\"https:\\\/\\\/www.pakery.pl\\\/et\\\/\"},{\"@type\":\"ListItem\",\"position\":2,\"name\":\"Kauplus\",\"item\":\"https:\\\/\\\/www.pakery.pl\\\/et\\\/kauplus\\\/\"},{\"@type\":\"ListItem\",\"position\":3,\"name\":\"S\u00fcstimisotsik\"}]},{\"@type\":\"WebSite\",\"@id\":\"https:\\\/\\\/www.pakery.pl\\\/et\\\/#website\",\"url\":\"https:\\\/\\\/www.pakery.pl\\\/et\\\/\",\"name\":\"Pakery.pl\",\"description\":\"Pakery iniekcyjne, Kotwy spiralne, Lance iniekcyjne, W\u0119\u017ce do iniekcji, Pompy iniekcyjne, Serwis pomp iniekcyjnych, Wynajem pomp do iniekcji\",\"publisher\":{\"@id\":\"https:\\\/\\\/www.pakery.pl\\\/et\\\/#organization\"},\"potentialAction\":[{\"@type\":\"SearchAction\",\"target\":{\"@type\":\"EntryPoint\",\"urlTemplate\":\"https:\\\/\\\/www.pakery.pl\\\/et\\\/?s={search_term_string}\"},\"query-input\":{\"@type\":\"PropertyValueSpecification\",\"valueRequired\":true,\"valueName\":\"search_term_string\"}}],\"inLanguage\":\"et\"},{\"@type\":\"Organization\",\"@id\":\"https:\\\/\\\/www.pakery.pl\\\/et\\\/#organization\",\"name\":\"PAKERY.PL\",\"url\":\"https:\\\/\\\/www.pakery.pl\\\/et\\\/\",\"logo\":{\"@type\":\"ImageObject\",\"inLanguage\":\"et\",\"@id\":\"https:\\\/\\\/www.pakery.pl\\\/et\\\/#\\\/schema\\\/logo\\\/image\\\/\",\"url\":\"https:\\\/\\\/www.pakery.pl\\\/wp-content\\\/uploads\\\/2021\\\/04\\\/cropped-PAKERY-LOGO.png\",\"contentUrl\":\"https:\\\/\\\/www.pakery.pl\\\/wp-content\\\/uploads\\\/2021\\\/04\\\/cropped-PAKERY-LOGO.png\",\"width\":1529,\"height\":500,\"caption\":\"PAKERY.PL\"},\"image\":{\"@id\":\"https:\\\/\\\/www.pakery.pl\\\/et\\\/#\\\/schema\\\/logo\\\/image\\\/\"}}]}<\/script>\n<!-- \/ Yoast SEO plugin. -->","yoast_head_json":{"title":"S\u00fcstimisotsik - PAKERY.PL","robots":{"index":"index","follow":"follow","max-snippet":"max-snippet:-1","max-image-preview":"max-image-preview:large","max-video-preview":"max-video-preview:-1"},"canonical":"https:\/\/www.pakery.pl\/et\/produkt\/pi-jg-18-150-2\/","og_locale":"et_EE","og_type":"article","og_title":"S\u00fcstimisotsik - PAKERY.PL","og_description":"TEHNILISED KIRJELDUSED: materjal: teras l\u00e4bim\u00f5\u00f5t ot. s\u00fcst: KELL 18 klapi \u00fchendus: GZ m10x1 \u00fchendus lantside all 1\/4 &#8220;niit HAMMPACK s\u00fcstimispakend, mis on ette n\u00e4htud s\u00fcstimiseks koos lantsettidega. T\u00e4nu suurele l\u00e4bim\u00f5\u00f5dule saab seda edukalt kasutada k\u00f5igi materjalide jaoks, n\u00e4iteks: geopol\u00fcmeerid, akr\u00fc\u00fclgeelid, tsemendisuspensioonid, kreemid, vesidispersioonid jm.","og_url":"https:\/\/www.pakery.pl\/et\/produkt\/pi-jg-18-150-2\/","og_site_name":"PAKERY.PL","article_modified_time":"2021-08-12T05:10:48+00:00","og_image":[{"width":2500,"height":2500,"url":"https:\/\/www.pakery.pl\/wp-content\/uploads\/2021\/04\/PI-JG-18150-bez-kalamitki.png","type":"image\/png"}],"twitter_card":"summary_large_image","schema":{"@context":"https:\/\/schema.org","@graph":[{"@type":"WebPage","@id":"https:\/\/www.pakery.pl\/et\/produkt\/pi-jg-18-150-2\/","url":"https:\/\/www.pakery.pl\/et\/produkt\/pi-jg-18-150-2\/","name":"S\u00fcstimisotsik - PAKERY.PL","isPartOf":{"@id":"https:\/\/www.pakery.pl\/et\/#website"},"primaryImageOfPage":{"@id":"https:\/\/www.pakery.pl\/et\/produkt\/pi-jg-18-150-2\/#primaryimage"},"image":{"@id":"https:\/\/www.pakery.pl\/et\/produkt\/pi-jg-18-150-2\/#primaryimage"},"thumbnailUrl":"https:\/\/www.pakery.pl\/wp-content\/uploads\/2021\/04\/PI-JG-18150-bez-kalamitki.png","datePublished":"2021-08-12T05:10:45+00:00","dateModified":"2021-08-12T05:10:48+00:00","breadcrumb":{"@id":"https:\/\/www.pakery.pl\/et\/produkt\/pi-jg-18-150-2\/#breadcrumb"},"inLanguage":"et","potentialAction":[{"@type":"ReadAction","target":["https:\/\/www.pakery.pl\/et\/produkt\/pi-jg-18-150-2\/"]}]},{"@type":"ImageObject","inLanguage":"et","@id":"https:\/\/www.pakery.pl\/et\/produkt\/pi-jg-18-150-2\/#primaryimage","url":"https:\/\/www.pakery.pl\/wp-content\/uploads\/2021\/04\/PI-JG-18150-bez-kalamitki.png","contentUrl":"https:\/\/www.pakery.pl\/wp-content\/uploads\/2021\/04\/PI-JG-18150-bez-kalamitki.png","width":2500,"height":2500,"caption":"S\u00fcstimisotsik"},{"@type":"BreadcrumbList","@id":"https:\/\/www.pakery.pl\/et\/produkt\/pi-jg-18-150-2\/#breadcrumb","itemListElement":[{"@type":"ListItem","position":1,"name":"Strona g\u0142\u00f3wna","item":"https:\/\/www.pakery.pl\/et\/"},{"@type":"ListItem","position":2,"name":"Kauplus","item":"https:\/\/www.pakery.pl\/et\/kauplus\/"},{"@type":"ListItem","position":3,"name":"S\u00fcstimisotsik"}]},{"@type":"WebSite","@id":"https:\/\/www.pakery.pl\/et\/#website","url":"https:\/\/www.pakery.pl\/et\/","name":"Pakery.pl","description":"Pakery iniekcyjne, Kotwy spiralne, Lance iniekcyjne, W\u0119\u017ce do iniekcji, Pompy iniekcyjne, Serwis pomp iniekcyjnych, Wynajem pomp do iniekcji","publisher":{"@id":"https:\/\/www.pakery.pl\/et\/#organization"},"potentialAction":[{"@type":"SearchAction","target":{"@type":"EntryPoint","urlTemplate":"https:\/\/www.pakery.pl\/et\/?s={search_term_string}"},"query-input":{"@type":"PropertyValueSpecification","valueRequired":true,"valueName":"search_term_string"}}],"inLanguage":"et"},{"@type":"Organization","@id":"https:\/\/www.pakery.pl\/et\/#organization","name":"PAKERY.PL","url":"https:\/\/www.pakery.pl\/et\/","logo":{"@type":"ImageObject","inLanguage":"et","@id":"https:\/\/www.pakery.pl\/et\/#\/schema\/logo\/image\/","url":"https:\/\/www.pakery.pl\/wp-content\/uploads\/2021\/04\/cropped-PAKERY-LOGO.png","contentUrl":"https:\/\/www.pakery.pl\/wp-content\/uploads\/2021\/04\/cropped-PAKERY-LOGO.png","width":1529,"height":500,"caption":"PAKERY.PL"},"image":{"@id":"https:\/\/www.pakery.pl\/et\/#\/schema\/logo\/image\/"}}]}},"_links":{"self":[{"href":"https:\/\/www.pakery.pl\/et\/wp-json\/wp\/v2\/product\/21733","targetHints":{"allow":["GET"]}}],"collection":[{"href":"https:\/\/www.pakery.pl\/et\/wp-json\/wp\/v2\/product"}],"about":[{"href":"https:\/\/www.pakery.pl\/et\/wp-json\/wp\/v2\/types\/product"}],"version-history":[{"count":2,"href":"https:\/\/www.pakery.pl\/et\/wp-json\/wp\/v2\/product\/21733\/revisions"}],"predecessor-version":[{"id":21744,"href":"https:\/\/www.pakery.pl\/et\/wp-json\/wp\/v2\/product\/21733\/revisions\/21744"}],"wp:featuredmedia":[{"embeddable":true,"href":"https:\/\/www.pakery.pl\/et\/wp-json\/wp\/v2\/media\/21734"}],"wp:attachment":[{"href":"https:\/\/www.pakery.pl\/et\/wp-json\/wp\/v2\/media?parent=21733"}],"wp:term":[{"taxonomy":"product_brand","embeddable":true,"href":"https:\/\/www.pakery.pl\/et\/wp-json\/wp\/v2\/product_brand?post=21733"},{"taxonomy":"product_cat","embeddable":true,"href":"https:\/\/www.pakery.pl\/et\/wp-json\/wp\/v2\/product_cat?post=21733"},{"taxonomy":"product_tag","embeddable":true,"href":"https:\/\/www.pakery.pl\/et\/wp-json\/wp\/v2\/product_tag?post=21733"}],"curies":[{"name":"wp","href":"https:\/\/api.w.org\/{rel}","templated":true}]}}