{"id":21649,"date":"2021-08-12T07:08:57","date_gmt":"2021-08-12T05:08:57","guid":{"rendered":"https:\/\/www.pakery.pl\/produkt\/spiraalankur-%e2%8c%808-mm\/"},"modified":"2021-08-23T12:08:03","modified_gmt":"2021-08-23T10:08:03","slug":"spiraalankur-%e2%8c%808-mm","status":"publish","type":"product","link":"https:\/\/www.pakery.pl\/et\/produkt\/spiraalankur-%e2%8c%808-mm\/","title":{"rendered":"Spiraalankur \u23008 mm"},"content":{"rendered":"\t\t<div data-elementor-type=\"product-post\" data-elementor-id=\"21649\" class=\"elementor elementor-21649 elementor-1861\" data-elementor-post-type=\"product\">\n\t\t\t\t\t\t<section class=\"elementor-section elementor-top-section elementor-element elementor-element-27d19c8 elementor-section-boxed elementor-section-height-default elementor-section-height-default\" data-id=\"27d19c8\" data-element_type=\"section\" data-e-type=\"section\">\n\t\t\t\t\t\t<div class=\"elementor-container elementor-column-gap-default\">\n\t\t\t\t\t<div class=\"elementor-column elementor-col-100 elementor-top-column elementor-element elementor-element-1379c46\" data-id=\"1379c46\" data-element_type=\"column\" data-e-type=\"column\">\n\t\t\t<div class=\"elementor-widget-wrap elementor-element-populated\">\n\t\t\t\t\t\t<section class=\"elementor-section elementor-inner-section elementor-element elementor-element-6a4b693 elementor-section-boxed elementor-section-height-default elementor-section-height-default\" data-id=\"6a4b693\" data-element_type=\"section\" data-e-type=\"section\">\n\t\t\t\t\t\t<div class=\"elementor-container elementor-column-gap-default\">\n\t\t\t\t\t<div class=\"elementor-column elementor-col-50 elementor-inner-column elementor-element elementor-element-9775ea6\" data-id=\"9775ea6\" data-element_type=\"column\" data-e-type=\"column\">\n\t\t\t<div class=\"elementor-widget-wrap elementor-element-populated\">\n\t\t\t\t\t\t<div class=\"elementor-element elementor-element-54aed20 elementor-widget elementor-widget-text-editor\" data-id=\"54aed20\" data-element_type=\"widget\" data-e-type=\"widget\" data-widget_type=\"text-editor.default\">\n\t\t\t\t<div class=\"elementor-widget-container\">\n\t\t\t\t\t\t\t\t\t<div data-id=\"9c16b70\" data-element_type=\"widget\" data-widget_type=\"text-editor.default\">\n<div>\n<div>\n<div><span style=\"color: #000000;\"><strong>TEHNILISED KIRJELDUSED:<\/strong><\/span><\/div>\n<ul>\n<li><span style=\"color: #000000;\">Ankru l\u00e4bim\u00f5\u00f5t: 8 mm<\/span><\/li>\n<li><span style=\"color: #000000;\">Ristl\u00f5ikepindala[mm\u00b2] : 10.00<\/span><\/li>\n<li><span style=\"color: #000000;\">Saagikuse punkt[MPa] : 388,9<\/span><\/li>\n<li><span style=\"color: #000000;\">T\u00f5mbetugevus[MPa] : 988,7<\/span><\/li>\n<li><span style=\"color: #000000;\">Moodul[GPa] : 163.1<\/span><\/li>\n<\/ul>\n<\/div>\n<\/div>\n<\/div>\n<div data-id=\"f10e87b\" data-element_type=\"widget\" data-widget_type=\"text-editor.default\">\n<div>\n<div>\n<p><span style=\"color: #000000;\"><strong>RAKENDUS:<\/strong><\/span><\/p>\n<ul>\n<li><span style=\"color: #000000;\">tellistest, kivist, betoonist konstruktsiooniseinte pragude parandamine<\/span><\/li>\n<li><span style=\"color: #000000;\">vaheseinte \u00fchenduste tugevdamine konstruktsiooniga<\/span><\/li>\n<li><span style=\"color: #000000;\">katusealuste tugevdamine<\/span><\/li>\n<li><span style=\"color: #000000;\">r\u00f5duplaatide tugevdamine<\/span><\/li>\n<li><span style=\"color: #000000;\">silluste, talade ja lagede remont ja tugevdamine<\/span><\/li>\n<li><span style=\"color: #000000;\">eraldatud seinakattekihtide ankurdamine<\/span><\/li>\n<li><span style=\"color: #000000;\">kinnitatud seinte stabiliseerimine<\/span><\/li>\n<li><span style=\"color: #000000;\">seinte tugevdamine kaasaegsetes hoonetes<\/span><\/li>\n<\/ul>\n<p><span style=\"color: #000000;\"><strong>SPIRAALSETE TUGEVUSTUSTE EELISED:<\/strong><\/span><\/p>\n<ul>\n<li><span style=\"color: #000000;\">Seinte, sammaste, talade, talade, plaatide, vundamentide kandev\u00f5ime suurendamine<\/span><\/li>\n<li><span style=\"color: #000000;\">Kiire pealekandmine &#8211; ilma tehnoloogiliste pausideta<\/span><\/li>\n<li><span style=\"color: #000000;\">Madal invasiivsus &#8211; rakendus ilma segaduse ja segaduseta<\/span><\/li>\n<li><span style=\"color: #000000;\">Praod ei ilmu uuesti &#8211; suure j\u00f5udlusega tehnoloogia<\/span><\/li>\n<li><span style=\"color: #000000;\">Odav<\/span><\/li>\n<\/ul>\n<\/div>\n<\/div>\n<\/div>\n\t\t\t\t\t\t\t\t<\/div>\n\t\t\t\t<\/div>\n\t\t\t\t\t<\/div>\n\t\t<\/div>\n\t\t\t\t<div class=\"elementor-column elementor-col-50 elementor-inner-column elementor-element elementor-element-1c1b2cc\" data-id=\"1c1b2cc\" data-element_type=\"column\" data-e-type=\"column\">\n\t\t\t<div class=\"elementor-widget-wrap elementor-element-populated\">\n\t\t\t\t\t\t<div class=\"elementor-element elementor-element-fb8190c elementor-widget elementor-widget-image\" data-id=\"fb8190c\" data-element_type=\"widget\" data-e-type=\"widget\" data-widget_type=\"image.default\">\n\t\t\t\t<div class=\"elementor-widget-container\">\n\t\t\t\t\t\t\t\t\t\t\t\t\t\t\t<img fetchpriority=\"high\" decoding=\"async\" width=\"691\" height=\"758\" src=\"https:\/\/www.pakery.pl\/wp-content\/uploads\/2021\/04\/Kotwa-spiralna.png\" class=\"attachment-large size-large wp-image-21627\" alt=\"\" srcset=\"https:\/\/www.pakery.pl\/wp-content\/uploads\/2021\/04\/Kotwa-spiralna.png 691w, https:\/\/www.pakery.pl\/wp-content\/uploads\/2021\/04\/Kotwa-spiralna-273x300.png 273w, https:\/\/www.pakery.pl\/wp-content\/uploads\/2021\/04\/Kotwa-spiralna-683x749.png 683w, https:\/\/www.pakery.pl\/wp-content\/uploads\/2021\/04\/Kotwa-spiralna-602x660.png 602w\" sizes=\"(max-width: 691px) 100vw, 691px\" \/>\t\t\t\t\t\t\t\t\t\t\t\t\t\t\t<\/div>\n\t\t\t\t<\/div>\n\t\t\t\t\t<\/div>\n\t\t<\/div>\n\t\t\t\t\t<\/div>\n\t\t<\/section>\n\t\t\t\t\t<\/div>\n\t\t<\/div>\n\t\t\t\t\t<\/div>\n\t\t<\/section>\n\t\t\t\t<section class=\"elementor-section elementor-top-section elementor-element elementor-element-c5684eb elementor-section-boxed elementor-section-height-default elementor-section-height-default\" data-id=\"c5684eb\" data-element_type=\"section\" data-e-type=\"section\">\n\t\t\t\t\t\t<div class=\"elementor-container elementor-column-gap-default\">\n\t\t\t\t\t<div class=\"elementor-column elementor-col-100 elementor-top-column elementor-element elementor-element-a67b020\" data-id=\"a67b020\" data-element_type=\"column\" data-e-type=\"column\">\n\t\t\t<div class=\"elementor-widget-wrap elementor-element-populated\">\n\t\t\t\t\t\t<div class=\"elementor-element elementor-element-4006458 elementor-widget elementor-widget-image\" data-id=\"4006458\" data-element_type=\"widget\" data-e-type=\"widget\" data-widget_type=\"image.default\">\n\t\t\t\t<div class=\"elementor-widget-container\">\n\t\t\t\t\t\t\t\t\t\t\t\t\t\t\t<img decoding=\"async\" width=\"781\" height=\"410\" src=\"https:\/\/www.pakery.pl\/wp-content\/uploads\/2021\/04\/kotwy-eng-.png\" class=\"attachment-large size-large wp-image-36139\" alt=\"\" srcset=\"https:\/\/www.pakery.pl\/wp-content\/uploads\/2021\/04\/kotwy-eng-.png 781w, https:\/\/www.pakery.pl\/wp-content\/uploads\/2021\/04\/kotwy-eng--300x157.png 300w, https:\/\/www.pakery.pl\/wp-content\/uploads\/2021\/04\/kotwy-eng--768x403.png 768w, https:\/\/www.pakery.pl\/wp-content\/uploads\/2021\/04\/kotwy-eng--683x359.png 683w, https:\/\/www.pakery.pl\/wp-content\/uploads\/2021\/04\/kotwy-eng--602x316.png 602w\" sizes=\"(max-width: 781px) 100vw, 781px\" \/>\t\t\t\t\t\t\t\t\t\t\t\t\t\t\t<\/div>\n\t\t\t\t<\/div>\n\t\t\t\t\t<\/div>\n\t\t<\/div>\n\t\t\t\t\t<\/div>\n\t\t<\/section>\n\t\t\t\t<section class=\"elementor-section elementor-top-section elementor-element elementor-element-ec0bf78 elementor-section-boxed elementor-section-height-default elementor-section-height-default\" data-id=\"ec0bf78\" data-element_type=\"section\" data-e-type=\"section\">\n\t\t\t\t\t\t<div class=\"elementor-container elementor-column-gap-default\">\n\t\t\t\t\t<div class=\"elementor-column elementor-col-100 elementor-top-column elementor-element elementor-element-05c2e9e\" data-id=\"05c2e9e\" data-element_type=\"column\" data-e-type=\"column\">\n\t\t\t<div class=\"elementor-widget-wrap elementor-element-populated\">\n\t\t\t\t\t\t<div class=\"elementor-element elementor-element-8369f04 elementor-widget elementor-widget-text-editor\" data-id=\"8369f04\" data-element_type=\"widget\" data-e-type=\"widget\" data-widget_type=\"text-editor.default\">\n\t\t\t\t<div class=\"elementor-widget-container\">\n\t\t\t\t\t\t\t\t\t<p><span style=\"caret-color: #000000; color: #000000;\">Spiraalankrude soonte m\u00f5\u00f5tmed koos ankurm\u00f6rdi ligikaudse tarbimisega leiate j\u00e4rgmisest tabelist:<\/span><\/p>\n\t\t\t\t\t\t\t\t<\/div>\n\t\t\t\t<\/div>\n\t\t\t\t\t<\/div>\n\t\t<\/div>\n\t\t\t\t\t<\/div>\n\t\t<\/section>\n\t\t\t\t<section class=\"elementor-section elementor-top-section elementor-element elementor-element-ab4cb88 elementor-section-boxed elementor-section-height-default elementor-section-height-default\" data-id=\"ab4cb88\" data-element_type=\"section\" data-e-type=\"section\">\n\t\t\t\t\t\t<div class=\"elementor-container elementor-column-gap-default\">\n\t\t\t\t\t<div class=\"elementor-column elementor-col-100 elementor-top-column elementor-element elementor-element-6c18d94\" data-id=\"6c18d94\" data-element_type=\"column\" data-e-type=\"column\">\n\t\t\t<div class=\"elementor-widget-wrap elementor-element-populated\">\n\t\t\t\t\t\t<section class=\"elementor-section elementor-inner-section elementor-element elementor-element-26da927 elementor-section-boxed elementor-section-height-default elementor-section-height-default\" data-id=\"26da927\" data-element_type=\"section\" data-e-type=\"section\">\n\t\t\t\t\t\t<div class=\"elementor-container elementor-column-gap-default\">\n\t\t\t\t\t<div class=\"elementor-column elementor-col-50 elementor-inner-column elementor-element elementor-element-5fb7aab\" data-id=\"5fb7aab\" data-element_type=\"column\" data-e-type=\"column\">\n\t\t\t<div class=\"elementor-widget-wrap elementor-element-populated\">\n\t\t\t\t\t\t<div class=\"elementor-element elementor-element-43c5782 elementor-widget elementor-widget-image\" data-id=\"43c5782\" data-element_type=\"widget\" data-e-type=\"widget\" data-widget_type=\"image.default\">\n\t\t\t\t<div class=\"elementor-widget-container\">\n\t\t\t\t\t\t\t\t\t\t\t\t\t\t\t<img decoding=\"async\" width=\"1024\" height=\"525\" src=\"https:\/\/www.pakery.pl\/wp-content\/uploads\/2021\/04\/table-kotwa-1024x525.png\" class=\"attachment-large size-large wp-image-36166\" alt=\"\" srcset=\"https:\/\/www.pakery.pl\/wp-content\/uploads\/2021\/04\/table-kotwa-1024x525.png 1024w, https:\/\/www.pakery.pl\/wp-content\/uploads\/2021\/04\/table-kotwa-300x154.png 300w, https:\/\/www.pakery.pl\/wp-content\/uploads\/2021\/04\/table-kotwa-768x393.png 768w, https:\/\/www.pakery.pl\/wp-content\/uploads\/2021\/04\/table-kotwa-683x350.png 683w, https:\/\/www.pakery.pl\/wp-content\/uploads\/2021\/04\/table-kotwa-602x308.png 602w, https:\/\/www.pakery.pl\/wp-content\/uploads\/2021\/04\/table-kotwa.png 1058w\" sizes=\"(max-width: 1024px) 100vw, 1024px\" \/>\t\t\t\t\t\t\t\t\t\t\t\t\t\t\t<\/div>\n\t\t\t\t<\/div>\n\t\t\t\t\t<\/div>\n\t\t<\/div>\n\t\t\t\t<div class=\"elementor-column elementor-col-50 elementor-inner-column elementor-element elementor-element-fe237d5\" data-id=\"fe237d5\" data-element_type=\"column\" data-e-type=\"column\">\n\t\t\t<div class=\"elementor-widget-wrap elementor-element-populated\">\n\t\t\t\t\t\t<div class=\"elementor-element elementor-element-a112f5a elementor-widget elementor-widget-text-editor\" data-id=\"a112f5a\" data-element_type=\"widget\" data-e-type=\"widget\" data-widget_type=\"text-editor.default\">\n\t\t\t\t<div class=\"elementor-widget-container\">\n\t\t\t\t\t\t\t\t\t<p><strong><span style=\"font-size: 1rem; color: #000000;\">min. ankru kogupikkus (tellis \/ kivi \/ m\u00fc\u00fcritise) &#8211; 1000 mm<\/span><\/strong><\/p>\n<p><strong><span style=\"color: #000000;\">min. ankru kogupikkus (betoon) &#8211; 600 mm<\/span><\/strong><\/p>\n<p><em>Kliendi selges\u00f5nalisel soovil l\u00f5ikasime ankrud kindlaksm\u00e4\u00e4ratud suurusega.<\/em><\/p>\n<p><em>Rohkem kujundusettepanekuid leiate Hammpack Spiral Hammeri tehnilisest dokumentatsioonist.<\/em><\/p>\n\t\t\t\t\t\t\t\t<\/div>\n\t\t\t\t<\/div>\n\t\t\t\t\t<\/div>\n\t\t<\/div>\n\t\t\t\t\t<\/div>\n\t\t<\/section>\n\t\t\t\t\t<\/div>\n\t\t<\/div>\n\t\t\t\t\t<\/div>\n\t\t<\/section>\n\t\t\t\t<\/div>\n\t\t","protected":false},"excerpt":{"rendered":"<p>TEHNILISED KIRJELDUSED: Ankru l\u00e4bim\u00f5\u00f5t: 8 mm Ristl\u00f5ikepindala[mm\u00b2] : 10.00 Saagikuse punkt[MPa] : 388,9 T\u00f5mbetugevus[MPa] : 988,7 Moodul[GPa] : 163.1 RAKENDUS: tellistest, kivist, betoonist konstruktsiooniseinte pragude parandamine vaheseinte \u00fchenduste tugevdamine konstruktsiooniga katusealuste tugevdamine r\u00f5duplaatide tugevdamine silluste, talade ja lagede remont ja tugevdamine eraldatud seinakattekihtide ankurdamine kinnitatud seinte stabiliseerimine seinte tugevdamine kaasaegsetes hoonetes SPIRAALSETE TUGEVUSTUSTE EELISED: Seinte, [&hellip;]<\/p>\n","protected":false},"featured_media":21620,"template":"","meta":{"_acf_changed":false},"product_brand":[],"product_cat":[1027],"product_tag":[],"class_list":{"0":"post-21649","1":"product","2":"type-product","3":"status-publish","4":"has-post-thumbnail","6":"product_cat-spiraalsed-ankrud","7":"pa_dlugosc-100-m-et","8":"pa_dlugosc-10m-et","9":"pa_dlugosc-1m-et","11":"first","12":"instock","13":"taxable","14":"shipping-taxable","15":"purchasable","16":"product-type-variable"},"acf":[],"yoast_head":"<!-- This site is optimized with the Yoast SEO plugin v27.3 - https:\/\/yoast.com\/product\/yoast-seo-wordpress\/ -->\n<title>Spiraalankur \u23008 mm l Spiraalne ankur seinte pragude jaoks<\/title>\n<meta name=\"description\" content=\"Seina pragunemise ankur | Spiraalankur | Seinte, sammaste, talade, talade, plaatide, vundamentide kandev\u00f5ime suurendamine\" \/>\n<meta name=\"robots\" content=\"index, follow, max-snippet:-1, max-image-preview:large, max-video-preview:-1\" \/>\n<link rel=\"canonical\" href=\"https:\/\/www.pakery.pl\/et\/produkt\/spiraalankur-%e2%8c%808-mm\/\" \/>\n<meta property=\"og:locale\" content=\"et_EE\" \/>\n<meta property=\"og:type\" content=\"article\" \/>\n<meta property=\"og:title\" content=\"Spiraalankur \u23008 mm l Spiraalne ankur seinte pragude jaoks\" \/>\n<meta property=\"og:description\" content=\"Seina pragunemise ankur | Spiraalankur | Seinte, sammaste, talade, talade, plaatide, vundamentide kandev\u00f5ime suurendamine\" \/>\n<meta property=\"og:url\" content=\"https:\/\/www.pakery.pl\/et\/produkt\/spiraalankur-%e2%8c%808-mm\/\" \/>\n<meta property=\"og:site_name\" content=\"PAKERY.PL\" \/>\n<meta property=\"article:modified_time\" content=\"2021-08-23T10:08:03+00:00\" \/>\n<meta property=\"og:image\" content=\"https:\/\/www.pakery.pl\/wp-content\/uploads\/2021\/05\/kotwy-zbiorcze-1024x1024.png\" \/>\n\t<meta property=\"og:image:width\" content=\"1024\" \/>\n\t<meta property=\"og:image:height\" content=\"1024\" \/>\n\t<meta property=\"og:image:type\" content=\"image\/png\" \/>\n<meta name=\"twitter:card\" content=\"summary_large_image\" \/>\n<meta name=\"twitter:label1\" content=\"Est. reading time\" \/>\n\t<meta name=\"twitter:data1\" content=\"1 minut\" \/>\n<script type=\"application\/ld+json\" class=\"yoast-schema-graph\">{\"@context\":\"https:\\\/\\\/schema.org\",\"@graph\":[{\"@type\":\"WebPage\",\"@id\":\"https:\\\/\\\/www.pakery.pl\\\/et\\\/produkt\\\/spiraalankur-%e2%8c%808-mm\\\/\",\"url\":\"https:\\\/\\\/www.pakery.pl\\\/et\\\/produkt\\\/spiraalankur-%e2%8c%808-mm\\\/\",\"name\":\"Spiraalankur \u23008 mm l Spiraalne ankur seinte pragude jaoks\",\"isPartOf\":{\"@id\":\"https:\\\/\\\/www.pakery.pl\\\/et\\\/#website\"},\"primaryImageOfPage\":{\"@id\":\"https:\\\/\\\/www.pakery.pl\\\/et\\\/produkt\\\/spiraalankur-%e2%8c%808-mm\\\/#primaryimage\"},\"image\":{\"@id\":\"https:\\\/\\\/www.pakery.pl\\\/et\\\/produkt\\\/spiraalankur-%e2%8c%808-mm\\\/#primaryimage\"},\"thumbnailUrl\":\"https:\\\/\\\/www.pakery.pl\\\/wp-content\\\/uploads\\\/2021\\\/05\\\/kotwy-zbiorcze.png\",\"datePublished\":\"2021-08-12T05:08:57+00:00\",\"dateModified\":\"2021-08-23T10:08:03+00:00\",\"description\":\"Seina pragunemise ankur | Spiraalankur | Seinte, sammaste, talade, talade, plaatide, vundamentide kandev\u00f5ime suurendamine\",\"breadcrumb\":{\"@id\":\"https:\\\/\\\/www.pakery.pl\\\/et\\\/produkt\\\/spiraalankur-%e2%8c%808-mm\\\/#breadcrumb\"},\"inLanguage\":\"et\",\"potentialAction\":[{\"@type\":\"ReadAction\",\"target\":[\"https:\\\/\\\/www.pakery.pl\\\/et\\\/produkt\\\/spiraalankur-%e2%8c%808-mm\\\/\"]}]},{\"@type\":\"ImageObject\",\"inLanguage\":\"et\",\"@id\":\"https:\\\/\\\/www.pakery.pl\\\/et\\\/produkt\\\/spiraalankur-%e2%8c%808-mm\\\/#primaryimage\",\"url\":\"https:\\\/\\\/www.pakery.pl\\\/wp-content\\\/uploads\\\/2021\\\/05\\\/kotwy-zbiorcze.png\",\"contentUrl\":\"https:\\\/\\\/www.pakery.pl\\\/wp-content\\\/uploads\\\/2021\\\/05\\\/kotwy-zbiorcze.png\",\"width\":2500,\"height\":2500},{\"@type\":\"BreadcrumbList\",\"@id\":\"https:\\\/\\\/www.pakery.pl\\\/et\\\/produkt\\\/spiraalankur-%e2%8c%808-mm\\\/#breadcrumb\",\"itemListElement\":[{\"@type\":\"ListItem\",\"position\":1,\"name\":\"Strona g\u0142\u00f3wna\",\"item\":\"https:\\\/\\\/www.pakery.pl\\\/et\\\/\"},{\"@type\":\"ListItem\",\"position\":2,\"name\":\"Kauplus\",\"item\":\"https:\\\/\\\/www.pakery.pl\\\/et\\\/kauplus\\\/\"},{\"@type\":\"ListItem\",\"position\":3,\"name\":\"Spiraalankur \u23008 mm\"}]},{\"@type\":\"WebSite\",\"@id\":\"https:\\\/\\\/www.pakery.pl\\\/et\\\/#website\",\"url\":\"https:\\\/\\\/www.pakery.pl\\\/et\\\/\",\"name\":\"Pakery.pl\",\"description\":\"Pakery iniekcyjne, Kotwy spiralne, Lance iniekcyjne, W\u0119\u017ce do iniekcji, Pompy iniekcyjne, Serwis pomp iniekcyjnych, Wynajem pomp do iniekcji\",\"publisher\":{\"@id\":\"https:\\\/\\\/www.pakery.pl\\\/et\\\/#organization\"},\"potentialAction\":[{\"@type\":\"SearchAction\",\"target\":{\"@type\":\"EntryPoint\",\"urlTemplate\":\"https:\\\/\\\/www.pakery.pl\\\/et\\\/?s={search_term_string}\"},\"query-input\":{\"@type\":\"PropertyValueSpecification\",\"valueRequired\":true,\"valueName\":\"search_term_string\"}}],\"inLanguage\":\"et\"},{\"@type\":\"Organization\",\"@id\":\"https:\\\/\\\/www.pakery.pl\\\/et\\\/#organization\",\"name\":\"PAKERY.PL\",\"url\":\"https:\\\/\\\/www.pakery.pl\\\/et\\\/\",\"logo\":{\"@type\":\"ImageObject\",\"inLanguage\":\"et\",\"@id\":\"https:\\\/\\\/www.pakery.pl\\\/et\\\/#\\\/schema\\\/logo\\\/image\\\/\",\"url\":\"https:\\\/\\\/www.pakery.pl\\\/wp-content\\\/uploads\\\/2021\\\/04\\\/cropped-PAKERY-LOGO.png\",\"contentUrl\":\"https:\\\/\\\/www.pakery.pl\\\/wp-content\\\/uploads\\\/2021\\\/04\\\/cropped-PAKERY-LOGO.png\",\"width\":1529,\"height\":500,\"caption\":\"PAKERY.PL\"},\"image\":{\"@id\":\"https:\\\/\\\/www.pakery.pl\\\/et\\\/#\\\/schema\\\/logo\\\/image\\\/\"}}]}<\/script>\n<!-- \/ Yoast SEO plugin. -->","yoast_head_json":{"title":"Spiraalankur \u23008 mm l Spiraalne ankur seinte pragude jaoks","description":"Seina pragunemise ankur | Spiraalankur | Seinte, sammaste, talade, talade, plaatide, vundamentide kandev\u00f5ime suurendamine","robots":{"index":"index","follow":"follow","max-snippet":"max-snippet:-1","max-image-preview":"max-image-preview:large","max-video-preview":"max-video-preview:-1"},"canonical":"https:\/\/www.pakery.pl\/et\/produkt\/spiraalankur-%e2%8c%808-mm\/","og_locale":"et_EE","og_type":"article","og_title":"Spiraalankur \u23008 mm l Spiraalne ankur seinte pragude jaoks","og_description":"Seina pragunemise ankur | Spiraalankur | Seinte, sammaste, talade, talade, plaatide, vundamentide kandev\u00f5ime suurendamine","og_url":"https:\/\/www.pakery.pl\/et\/produkt\/spiraalankur-%e2%8c%808-mm\/","og_site_name":"PAKERY.PL","article_modified_time":"2021-08-23T10:08:03+00:00","og_image":[{"width":1024,"height":1024,"url":"https:\/\/www.pakery.pl\/wp-content\/uploads\/2021\/05\/kotwy-zbiorcze-1024x1024.png","type":"image\/png"}],"twitter_card":"summary_large_image","twitter_misc":{"Est. reading time":"1 minut"},"schema":{"@context":"https:\/\/schema.org","@graph":[{"@type":"WebPage","@id":"https:\/\/www.pakery.pl\/et\/produkt\/spiraalankur-%e2%8c%808-mm\/","url":"https:\/\/www.pakery.pl\/et\/produkt\/spiraalankur-%e2%8c%808-mm\/","name":"Spiraalankur \u23008 mm l Spiraalne ankur seinte pragude jaoks","isPartOf":{"@id":"https:\/\/www.pakery.pl\/et\/#website"},"primaryImageOfPage":{"@id":"https:\/\/www.pakery.pl\/et\/produkt\/spiraalankur-%e2%8c%808-mm\/#primaryimage"},"image":{"@id":"https:\/\/www.pakery.pl\/et\/produkt\/spiraalankur-%e2%8c%808-mm\/#primaryimage"},"thumbnailUrl":"https:\/\/www.pakery.pl\/wp-content\/uploads\/2021\/05\/kotwy-zbiorcze.png","datePublished":"2021-08-12T05:08:57+00:00","dateModified":"2021-08-23T10:08:03+00:00","description":"Seina pragunemise ankur | Spiraalankur | Seinte, sammaste, talade, talade, plaatide, vundamentide kandev\u00f5ime suurendamine","breadcrumb":{"@id":"https:\/\/www.pakery.pl\/et\/produkt\/spiraalankur-%e2%8c%808-mm\/#breadcrumb"},"inLanguage":"et","potentialAction":[{"@type":"ReadAction","target":["https:\/\/www.pakery.pl\/et\/produkt\/spiraalankur-%e2%8c%808-mm\/"]}]},{"@type":"ImageObject","inLanguage":"et","@id":"https:\/\/www.pakery.pl\/et\/produkt\/spiraalankur-%e2%8c%808-mm\/#primaryimage","url":"https:\/\/www.pakery.pl\/wp-content\/uploads\/2021\/05\/kotwy-zbiorcze.png","contentUrl":"https:\/\/www.pakery.pl\/wp-content\/uploads\/2021\/05\/kotwy-zbiorcze.png","width":2500,"height":2500},{"@type":"BreadcrumbList","@id":"https:\/\/www.pakery.pl\/et\/produkt\/spiraalankur-%e2%8c%808-mm\/#breadcrumb","itemListElement":[{"@type":"ListItem","position":1,"name":"Strona g\u0142\u00f3wna","item":"https:\/\/www.pakery.pl\/et\/"},{"@type":"ListItem","position":2,"name":"Kauplus","item":"https:\/\/www.pakery.pl\/et\/kauplus\/"},{"@type":"ListItem","position":3,"name":"Spiraalankur \u23008 mm"}]},{"@type":"WebSite","@id":"https:\/\/www.pakery.pl\/et\/#website","url":"https:\/\/www.pakery.pl\/et\/","name":"Pakery.pl","description":"Pakery iniekcyjne, Kotwy spiralne, Lance iniekcyjne, W\u0119\u017ce do iniekcji, Pompy iniekcyjne, Serwis pomp iniekcyjnych, Wynajem pomp do iniekcji","publisher":{"@id":"https:\/\/www.pakery.pl\/et\/#organization"},"potentialAction":[{"@type":"SearchAction","target":{"@type":"EntryPoint","urlTemplate":"https:\/\/www.pakery.pl\/et\/?s={search_term_string}"},"query-input":{"@type":"PropertyValueSpecification","valueRequired":true,"valueName":"search_term_string"}}],"inLanguage":"et"},{"@type":"Organization","@id":"https:\/\/www.pakery.pl\/et\/#organization","name":"PAKERY.PL","url":"https:\/\/www.pakery.pl\/et\/","logo":{"@type":"ImageObject","inLanguage":"et","@id":"https:\/\/www.pakery.pl\/et\/#\/schema\/logo\/image\/","url":"https:\/\/www.pakery.pl\/wp-content\/uploads\/2021\/04\/cropped-PAKERY-LOGO.png","contentUrl":"https:\/\/www.pakery.pl\/wp-content\/uploads\/2021\/04\/cropped-PAKERY-LOGO.png","width":1529,"height":500,"caption":"PAKERY.PL"},"image":{"@id":"https:\/\/www.pakery.pl\/et\/#\/schema\/logo\/image\/"}}]}},"_links":{"self":[{"href":"https:\/\/www.pakery.pl\/et\/wp-json\/wp\/v2\/product\/21649","targetHints":{"allow":["GET"]}}],"collection":[{"href":"https:\/\/www.pakery.pl\/et\/wp-json\/wp\/v2\/product"}],"about":[{"href":"https:\/\/www.pakery.pl\/et\/wp-json\/wp\/v2\/types\/product"}],"version-history":[{"count":4,"href":"https:\/\/www.pakery.pl\/et\/wp-json\/wp\/v2\/product\/21649\/revisions"}],"predecessor-version":[{"id":36265,"href":"https:\/\/www.pakery.pl\/et\/wp-json\/wp\/v2\/product\/21649\/revisions\/36265"}],"wp:featuredmedia":[{"embeddable":true,"href":"https:\/\/www.pakery.pl\/et\/wp-json\/wp\/v2\/media\/21620"}],"wp:attachment":[{"href":"https:\/\/www.pakery.pl\/et\/wp-json\/wp\/v2\/media?parent=21649"}],"wp:term":[{"taxonomy":"product_brand","embeddable":true,"href":"https:\/\/www.pakery.pl\/et\/wp-json\/wp\/v2\/product_brand?post=21649"},{"taxonomy":"product_cat","embeddable":true,"href":"https:\/\/www.pakery.pl\/et\/wp-json\/wp\/v2\/product_cat?post=21649"},{"taxonomy":"product_tag","embeddable":true,"href":"https:\/\/www.pakery.pl\/et\/wp-json\/wp\/v2\/product_tag?post=21649"}],"curies":[{"name":"wp","href":"https:\/\/api.w.org\/{rel}","templated":true}]}}