{"id":21528,"date":"2021-08-12T06:57:43","date_gmt":"2021-08-12T04:57:43","guid":{"rendered":"https:\/\/www.pakery.pl\/rekord\/"},"modified":"2021-08-12T07:41:33","modified_gmt":"2021-08-12T05:41:33","slug":"rekord","status":"publish","type":"page","link":"https:\/\/www.pakery.pl\/et\/rekord\/","title":{"rendered":"Rekord"},"content":{"rendered":"\t\t<div data-elementor-type=\"wp-page\" data-elementor-id=\"21528\" class=\"elementor elementor-21528 elementor-1271\" data-elementor-post-type=\"page\">\n\t\t\t\t\t\t<section class=\"elementor-section elementor-top-section elementor-element elementor-element-06f1593 elementor-section-boxed elementor-section-height-default elementor-section-height-default\" data-id=\"06f1593\" data-element_type=\"section\" data-e-type=\"section\">\n\t\t\t\t\t\t<div class=\"elementor-container elementor-column-gap-default\">\n\t\t\t\t\t<div class=\"elementor-column elementor-col-100 elementor-top-column elementor-element elementor-element-cfbb1e7\" data-id=\"cfbb1e7\" data-element_type=\"column\" data-e-type=\"column\">\n\t\t\t<div class=\"elementor-widget-wrap elementor-element-populated\">\n\t\t\t\t\t\t<div class=\"elementor-element elementor-element-2b129a7 elementor-widget elementor-widget-text-editor\" data-id=\"2b129a7\" data-element_type=\"widget\" data-e-type=\"widget\" data-widget_type=\"text-editor.default\">\n\t\t\t\t<div class=\"elementor-widget-container\">\n\t\t\t\t\t\t\t\t\t<p style=\"text-align: center;\"><span style=\"color: #000000;\">Daamid ja h\u00e4rrad ! Hulgitellimuse esitamiseks t\u00e4itke palun registreerimisvorm. Kui otsite jaem\u00fc\u00fcgis ostetavaid tooteid (<b><i> ilma registreerimiseta)<\/i><\/b> palun k\u00fclastage poodi<span style=\"text-decoration: underline;\"><a style=\"color: #000000; text-decoration: underline;\" href=\"https:\/\/iniekcjebudowlane.pl\/\"> INIEKCJEBUDOWLANE.PL<\/a><\/span><\/span><\/p>\n<p style=\"text-align: center;\"><span style=\"color: #000000;\">Hakka PAKERY.PL t\u00f6\u00f6v\u00f5tjaks B2B platvormil. Uurige uusi tooteid, hindu ja tellige 24 tundi \u00f6\u00f6p\u00e4evas<\/span><\/p>\n<p style=\"text-align: center;\"><span style=\"color: #000000;\">Platvormi kasutajateks v\u00f5ivad saada ainult ettev\u00f5tjad ja ettev\u00f5tted<span class=\"Apple-converted-space\"> <\/span><\/span><\/p>\n<p style=\"text-align: center;\"><span style=\"color: #000000;\">Registreerimiseks t\u00e4itke palun j\u00e4rgmised v\u00e4ljad:<\/span><\/p>\n\t\t\t\t\t\t\t\t<\/div>\n\t\t\t\t<\/div>\n\t\t\t\t\t<\/div>\n\t\t<\/div>\n\t\t\t\t\t<\/div>\n\t\t<\/section>\n\t\t\t\t<section class=\"elementor-section elementor-top-section elementor-element elementor-element-d91d0e4 elementor-section-boxed elementor-section-height-default elementor-section-height-default\" data-id=\"d91d0e4\" data-element_type=\"section\" data-e-type=\"section\">\n\t\t\t\t\t\t<div class=\"elementor-container elementor-column-gap-default\">\n\t\t\t\t\t<div class=\"elementor-column elementor-col-100 elementor-top-column elementor-element elementor-element-c0bf998\" data-id=\"c0bf998\" data-element_type=\"column\" data-e-type=\"column\">\n\t\t\t<div class=\"elementor-widget-wrap elementor-element-populated\">\n\t\t\t\t\t\t<section class=\"elementor-section elementor-inner-section elementor-element elementor-element-fffb09c elementor-section-boxed elementor-section-height-default elementor-section-height-default\" data-id=\"fffb09c\" data-element_type=\"section\" data-e-type=\"section\">\n\t\t\t\t\t\t<div class=\"elementor-container elementor-column-gap-default\">\n\t\t\t\t\t<div class=\"elementor-column elementor-col-100 elementor-inner-column elementor-element elementor-element-186a892\" data-id=\"186a892\" data-element_type=\"column\" data-e-type=\"column\">\n\t\t\t<div class=\"elementor-widget-wrap elementor-element-populated\">\n\t\t\t\t\t\t<div class=\"elementor-element elementor-element-870a454 responsive-iframe elementor-widget elementor-widget-html\" data-id=\"870a454\" data-element_type=\"widget\" data-e-type=\"widget\" data-widget_type=\"html.default\">\n\t\t\t\t<div class=\"elementor-widget-container\">\n\t\t\t\t\t  <iframe class=\"responsive-iframe\" src=\"https:\/\/docs.google.com\/forms\/d\/e\/1FAIpQLScT3KfAkQMfterHbbkCMFbiofJqGWi5Lx55gjs1Mr4BQ1_pGw\/viewform\"><\/iframe>\t\t\t\t<\/div>\n\t\t\t\t<\/div>\n\t\t\t\t\t<\/div>\n\t\t<\/div>\n\t\t\t\t\t<\/div>\n\t\t<\/section>\n\t\t\t\t\t<\/div>\n\t\t<\/div>\n\t\t\t\t\t<\/div>\n\t\t<\/section>\n\t\t\t\t<\/div>\n\t\t","protected":false},"excerpt":{"rendered":"<p>Daamid ja h\u00e4rrad ! Hulgitellimuse esitamiseks t\u00e4itke palun registreerimisvorm. Kui otsite jaem\u00fc\u00fcgis ostetavaid tooteid ( ilma registreerimiseta) palun k\u00fclastage poodi INIEKCJEBUDOWLANE.PL Hakka PAKERY.PL t\u00f6\u00f6v\u00f5tjaks B2B platvormil. Uurige uusi tooteid, hindu ja tellige 24 tundi \u00f6\u00f6p\u00e4evas Platvormi kasutajateks v\u00f5ivad saada ainult ettev\u00f5tjad ja ettev\u00f5tted Registreerimiseks t\u00e4itke palun j\u00e4rgmised v\u00e4ljad:<\/p>\n","protected":false},"author":1,"featured_media":0,"parent":0,"menu_order":0,"comment_status":"closed","ping_status":"closed","template":"","meta":{"_acf_changed":false,"footnotes":""},"class_list":["post-21528","page","type-page","status-publish","hentry"],"acf":[],"yoast_head":"<!-- This site is optimized with the Yoast SEO plugin v27.3 - https:\/\/yoast.com\/product\/yoast-seo-wordpress\/ -->\n<title>Rekord - PAKERY.PL<\/title>\n<meta name=\"robots\" content=\"index, follow, max-snippet:-1, max-image-preview:large, max-video-preview:-1\" \/>\n<link rel=\"canonical\" href=\"https:\/\/www.pakery.pl\/et\/rekord\/\" \/>\n<meta property=\"og:locale\" content=\"et_EE\" \/>\n<meta property=\"og:type\" content=\"article\" \/>\n<meta property=\"og:title\" content=\"Rekord - PAKERY.PL\" \/>\n<meta property=\"og:description\" content=\"Daamid ja h\u00e4rrad ! Hulgitellimuse esitamiseks t\u00e4itke palun registreerimisvorm. Kui otsite jaem\u00fc\u00fcgis ostetavaid tooteid ( ilma registreerimiseta) palun k\u00fclastage poodi INIEKCJEBUDOWLANE.PL Hakka PAKERY.PL t\u00f6\u00f6v\u00f5tjaks B2B platvormil. Uurige uusi tooteid, hindu ja tellige 24 tundi \u00f6\u00f6p\u00e4evas Platvormi kasutajateks v\u00f5ivad saada ainult ettev\u00f5tjad ja ettev\u00f5tted Registreerimiseks t\u00e4itke palun j\u00e4rgmised v\u00e4ljad:\" \/>\n<meta property=\"og:url\" content=\"https:\/\/www.pakery.pl\/et\/rekord\/\" \/>\n<meta property=\"og:site_name\" content=\"PAKERY.PL\" \/>\n<meta property=\"article:modified_time\" content=\"2021-08-12T05:41:33+00:00\" \/>\n<meta name=\"twitter:card\" content=\"summary_large_image\" \/>\n<meta name=\"twitter:label1\" content=\"Est. reading time\" \/>\n\t<meta name=\"twitter:data1\" content=\"1 minut\" \/>\n<script type=\"application\/ld+json\" class=\"yoast-schema-graph\">{\"@context\":\"https:\\\/\\\/schema.org\",\"@graph\":[{\"@type\":\"WebPage\",\"@id\":\"https:\\\/\\\/www.pakery.pl\\\/et\\\/rekord\\\/\",\"url\":\"https:\\\/\\\/www.pakery.pl\\\/et\\\/rekord\\\/\",\"name\":\"Rekord - PAKERY.PL\",\"isPartOf\":{\"@id\":\"https:\\\/\\\/www.pakery.pl\\\/et\\\/#website\"},\"datePublished\":\"2021-08-12T04:57:43+00:00\",\"dateModified\":\"2021-08-12T05:41:33+00:00\",\"breadcrumb\":{\"@id\":\"https:\\\/\\\/www.pakery.pl\\\/et\\\/rekord\\\/#breadcrumb\"},\"inLanguage\":\"et\",\"potentialAction\":[{\"@type\":\"ReadAction\",\"target\":[\"https:\\\/\\\/www.pakery.pl\\\/et\\\/rekord\\\/\"]}]},{\"@type\":\"BreadcrumbList\",\"@id\":\"https:\\\/\\\/www.pakery.pl\\\/et\\\/rekord\\\/#breadcrumb\",\"itemListElement\":[{\"@type\":\"ListItem\",\"position\":1,\"name\":\"Strona g\u0142\u00f3wna\",\"item\":\"https:\\\/\\\/www.pakery.pl\\\/et\\\/\"},{\"@type\":\"ListItem\",\"position\":2,\"name\":\"Rekord\"}]},{\"@type\":\"WebSite\",\"@id\":\"https:\\\/\\\/www.pakery.pl\\\/et\\\/#website\",\"url\":\"https:\\\/\\\/www.pakery.pl\\\/et\\\/\",\"name\":\"Pakery.pl\",\"description\":\"Pakery iniekcyjne, Kotwy spiralne, Lance iniekcyjne, W\u0119\u017ce do iniekcji, Pompy iniekcyjne, Serwis pomp iniekcyjnych, Wynajem pomp do iniekcji\",\"publisher\":{\"@id\":\"https:\\\/\\\/www.pakery.pl\\\/et\\\/#organization\"},\"potentialAction\":[{\"@type\":\"SearchAction\",\"target\":{\"@type\":\"EntryPoint\",\"urlTemplate\":\"https:\\\/\\\/www.pakery.pl\\\/et\\\/?s={search_term_string}\"},\"query-input\":{\"@type\":\"PropertyValueSpecification\",\"valueRequired\":true,\"valueName\":\"search_term_string\"}}],\"inLanguage\":\"et\"},{\"@type\":\"Organization\",\"@id\":\"https:\\\/\\\/www.pakery.pl\\\/et\\\/#organization\",\"name\":\"PAKERY.PL\",\"url\":\"https:\\\/\\\/www.pakery.pl\\\/et\\\/\",\"logo\":{\"@type\":\"ImageObject\",\"inLanguage\":\"et\",\"@id\":\"https:\\\/\\\/www.pakery.pl\\\/et\\\/#\\\/schema\\\/logo\\\/image\\\/\",\"url\":\"https:\\\/\\\/www.pakery.pl\\\/wp-content\\\/uploads\\\/2021\\\/04\\\/cropped-PAKERY-LOGO.png\",\"contentUrl\":\"https:\\\/\\\/www.pakery.pl\\\/wp-content\\\/uploads\\\/2021\\\/04\\\/cropped-PAKERY-LOGO.png\",\"width\":1529,\"height\":500,\"caption\":\"PAKERY.PL\"},\"image\":{\"@id\":\"https:\\\/\\\/www.pakery.pl\\\/et\\\/#\\\/schema\\\/logo\\\/image\\\/\"}}]}<\/script>\n<!-- \/ Yoast SEO plugin. -->","yoast_head_json":{"title":"Rekord - PAKERY.PL","robots":{"index":"index","follow":"follow","max-snippet":"max-snippet:-1","max-image-preview":"max-image-preview:large","max-video-preview":"max-video-preview:-1"},"canonical":"https:\/\/www.pakery.pl\/et\/rekord\/","og_locale":"et_EE","og_type":"article","og_title":"Rekord - PAKERY.PL","og_description":"Daamid ja h\u00e4rrad ! Hulgitellimuse esitamiseks t\u00e4itke palun registreerimisvorm. Kui otsite jaem\u00fc\u00fcgis ostetavaid tooteid ( ilma registreerimiseta) palun k\u00fclastage poodi INIEKCJEBUDOWLANE.PL Hakka PAKERY.PL t\u00f6\u00f6v\u00f5tjaks B2B platvormil. Uurige uusi tooteid, hindu ja tellige 24 tundi \u00f6\u00f6p\u00e4evas Platvormi kasutajateks v\u00f5ivad saada ainult ettev\u00f5tjad ja ettev\u00f5tted Registreerimiseks t\u00e4itke palun j\u00e4rgmised v\u00e4ljad:","og_url":"https:\/\/www.pakery.pl\/et\/rekord\/","og_site_name":"PAKERY.PL","article_modified_time":"2021-08-12T05:41:33+00:00","twitter_card":"summary_large_image","twitter_misc":{"Est. reading time":"1 minut"},"schema":{"@context":"https:\/\/schema.org","@graph":[{"@type":"WebPage","@id":"https:\/\/www.pakery.pl\/et\/rekord\/","url":"https:\/\/www.pakery.pl\/et\/rekord\/","name":"Rekord - PAKERY.PL","isPartOf":{"@id":"https:\/\/www.pakery.pl\/et\/#website"},"datePublished":"2021-08-12T04:57:43+00:00","dateModified":"2021-08-12T05:41:33+00:00","breadcrumb":{"@id":"https:\/\/www.pakery.pl\/et\/rekord\/#breadcrumb"},"inLanguage":"et","potentialAction":[{"@type":"ReadAction","target":["https:\/\/www.pakery.pl\/et\/rekord\/"]}]},{"@type":"BreadcrumbList","@id":"https:\/\/www.pakery.pl\/et\/rekord\/#breadcrumb","itemListElement":[{"@type":"ListItem","position":1,"name":"Strona g\u0142\u00f3wna","item":"https:\/\/www.pakery.pl\/et\/"},{"@type":"ListItem","position":2,"name":"Rekord"}]},{"@type":"WebSite","@id":"https:\/\/www.pakery.pl\/et\/#website","url":"https:\/\/www.pakery.pl\/et\/","name":"Pakery.pl","description":"Pakery iniekcyjne, Kotwy spiralne, Lance iniekcyjne, W\u0119\u017ce do iniekcji, Pompy iniekcyjne, Serwis pomp iniekcyjnych, Wynajem pomp do iniekcji","publisher":{"@id":"https:\/\/www.pakery.pl\/et\/#organization"},"potentialAction":[{"@type":"SearchAction","target":{"@type":"EntryPoint","urlTemplate":"https:\/\/www.pakery.pl\/et\/?s={search_term_string}"},"query-input":{"@type":"PropertyValueSpecification","valueRequired":true,"valueName":"search_term_string"}}],"inLanguage":"et"},{"@type":"Organization","@id":"https:\/\/www.pakery.pl\/et\/#organization","name":"PAKERY.PL","url":"https:\/\/www.pakery.pl\/et\/","logo":{"@type":"ImageObject","inLanguage":"et","@id":"https:\/\/www.pakery.pl\/et\/#\/schema\/logo\/image\/","url":"https:\/\/www.pakery.pl\/wp-content\/uploads\/2021\/04\/cropped-PAKERY-LOGO.png","contentUrl":"https:\/\/www.pakery.pl\/wp-content\/uploads\/2021\/04\/cropped-PAKERY-LOGO.png","width":1529,"height":500,"caption":"PAKERY.PL"},"image":{"@id":"https:\/\/www.pakery.pl\/et\/#\/schema\/logo\/image\/"}}]}},"_links":{"self":[{"href":"https:\/\/www.pakery.pl\/et\/wp-json\/wp\/v2\/pages\/21528","targetHints":{"allow":["GET"]}}],"collection":[{"href":"https:\/\/www.pakery.pl\/et\/wp-json\/wp\/v2\/pages"}],"about":[{"href":"https:\/\/www.pakery.pl\/et\/wp-json\/wp\/v2\/types\/page"}],"author":[{"embeddable":true,"href":"https:\/\/www.pakery.pl\/et\/wp-json\/wp\/v2\/users\/1"}],"replies":[{"embeddable":true,"href":"https:\/\/www.pakery.pl\/et\/wp-json\/wp\/v2\/comments?post=21528"}],"version-history":[{"count":4,"href":"https:\/\/www.pakery.pl\/et\/wp-json\/wp\/v2\/pages\/21528\/revisions"}],"predecessor-version":[{"id":22672,"href":"https:\/\/www.pakery.pl\/et\/wp-json\/wp\/v2\/pages\/21528\/revisions\/22672"}],"wp:attachment":[{"href":"https:\/\/www.pakery.pl\/et\/wp-json\/wp\/v2\/media?parent=21528"}],"curies":[{"name":"wp","href":"https:\/\/api.w.org\/{rel}","templated":true}]}}