{"id":21368,"date":"2021-08-12T06:56:04","date_gmt":"2021-08-12T04:56:04","guid":{"rendered":"https:\/\/www.pakery.pl\/gtc-2\/"},"modified":"2021-10-14T11:41:35","modified_gmt":"2021-10-14T09:41:35","slug":"gtc-2","status":"publish","type":"page","link":"https:\/\/www.pakery.pl\/et\/gtc-2\/","title":{"rendered":"GTC"},"content":{"rendered":"\t\t<div data-elementor-type=\"wp-page\" data-elementor-id=\"21368\" class=\"elementor elementor-21368 elementor-160\" data-elementor-post-type=\"page\">\n\t\t\t\t\t\t<section class=\"elementor-section elementor-top-section elementor-element elementor-element-71717f3 elementor-section-boxed elementor-section-height-default elementor-section-height-default\" data-id=\"71717f3\" data-element_type=\"section\" data-e-type=\"section\">\n\t\t\t\t\t\t<div class=\"elementor-container elementor-column-gap-default\">\n\t\t\t\t\t<div class=\"elementor-column elementor-col-100 elementor-top-column elementor-element elementor-element-2406725\" data-id=\"2406725\" data-element_type=\"column\" data-e-type=\"column\">\n\t\t\t<div class=\"elementor-widget-wrap elementor-element-populated\">\n\t\t\t\t\t\t<div class=\"elementor-element elementor-element-5b754aa elementor-widget elementor-widget-text-editor\" data-id=\"5b754aa\" data-element_type=\"widget\" data-e-type=\"widget\" data-widget_type=\"text-editor.default\">\n\t\t\t\t<div class=\"elementor-widget-container\">\n\t\t\t\t\t\t\t\t\t<p style=\"text-align: center;\"><strong>\u00dcLDISED \u00c4RITINGIMUSED<\/strong><br \/><strong>PAKERY.PL&nbsp;<\/strong><\/p>\n<p style=\"text-align: center;\"><b>Art. 1 \u00dcLDS\u00c4TTED<\/b><\/p>\n<p><b><br \/><\/b>\u00a7 1. K\u00e4esolevad \u00fcldtingimused (GTC) on kehtestatud Art. 384&nbsp; ja tsiviilseadustiku hilisemad aktid ning m\u00e4\u00e4ratleda Hammpack Sp. Z OO&nbsp; aadress: 02-690 Warszawa, ul. Bokserska 47, maksukood:&nbsp; 9512466806<span style=\"font-family: 'Open Sans', sans-serif; font-size: 13px; background-color: #ffffdd;\">&nbsp;<\/span><span style=\"{wpml_trans_unit_1_0_2_13_-1_0}\">REGON:&nbsp;<\/span> 380 860 490<span style=\"font-size: 1rem;\">&nbsp; (M\u00fc\u00fcja)&nbsp; t\u00f6\u00f6v\u00f5tjatega (ostjad), kes s\u00f5lmivad need lepingud ainult nende \u00e4ritegevusega otseselt seotud eesm\u00e4rgil.<\/span><\/p>\n<p>\u00a7 2. Kaupa ei m\u00fc\u00fcda f\u00fc\u00fcsilistele isikutele &#8211; tarbijatele tsiviilseadustiku t\u00e4henduses, seega ei kehti \u00fcldtingimused tarbijatele.<br \/>\u00a7 3. GTC on saadaval veebisaidil&nbsp;<a href=\"https:\/\/www.pakery.pl\/\"><span style=\"{wpml_trans_unit_1_0_3_6_0_-1_0}\">www.pakery.pl<\/span><\/a>&nbsp; ja Ostja soovil saab need saata tema aadressile elektroonilisel kujul.<br \/>\u00a7 4. Ostja poolt tellimuse vormistamisega aktsepteerib Ostja neid \u00fcldtingimusi ilma reservatsioonita.<\/p>\n<p style=\"text-align: center;\"><b>Art. 2. LEPINGU S\u00d5LMIMINE<\/b><br \/>\u00a7 1. Igasugune reklaami- ja turundusliku iseloomuga \u00e4riteave, olenemata nende vormist, sealhulgas hinnakirjad, ei kujuta endast pakkumist tsiviilseadustiku t\u00e4henduses<br \/>\u00a7 2. Leping s\u00f5lmitakse pakkumise esitamise ja vastuv\u00f5tmisega (ka p\u00e4rast selle v\u00f5imalikku kokkulepet).<br \/>\u00a7 3. Lepingu s\u00f5lmimine n\u00f5uab, et ostja esitaks iga kord m\u00fc\u00fcjale tellimuse telefoni, faksi, kirjalikult v\u00f5i e-posti teel, t\u00e4psustades tellitud kauba hinna, liigi ja koguse, samuti andmed (nimi ja perekonnanimi, ostja nimel tellimuse esitaja ja ostja enda eest (sealhulgas maksukohustuslase number). Kui ostja esindaja \u00f5igus ei tulene riiklikust kohturegistrist v\u00f5i keskregistrist ja majandustegevuse teabest, tuleb tellimusele lisada koopia dokumendist, mis volitab ostjat ostjat esindama.<br \/>\u00a7 4. Leping s\u00f5lmitakse p\u00e4rast M\u00fc\u00fcja poolt tellimuse kinnitamist. Tellimust k\u00e4sitletakse kui pakkumist ja selle kinnitust kui pakkumise aktsepteerimist.<br \/>\u00a7 5. Artiklis viidatud juhul. 6 lg 3 kohaselt toimub lepingu s\u00f5lmimine Ostja poolt tellimuse kinnitamisel p\u00e4rast M\u00fc\u00fcja teabe saamist tellitud kauba hetkehinda sisaldava tellimuse vastuv\u00f5tmise kohta.<br \/>\u00a7 6. M\u00fc\u00fcja ei levita otseste ega kaudsete esindajate osalusel.<br \/>\u00a7 7. Lepingu s\u00f5lmimise kinnituseks on k\u00e4ibemaksuarve, pakkumist esitades n\u00f5ustub Ostja k\u00e4ibemaksuarveid elektroonilisel kujul vastu v\u00f5tma.<\/p>\n<p style=\"text-align: center;\"><b>KUNST. 3. TELLI VALMISTAMISE KUUP\u00c4EVAD<\/b><br \/>&nbsp;\u00a7 1. Tarneaeg on ainult soovituslik ja ei tekita M\u00fc\u00fcjale mingeid kohustusi, kui Pooled l\u00e4bir\u00e4\u00e4kimiste teel teisiti kokku ei lepi.<br \/>\u00a7 2. Tellimuse t\u00e4itmise periood algab tellimuse kinnitusel m\u00e4rgitud kuup\u00e4eval.<br \/>\u00a7 3. Tellimuse kohaletoimetamise ja \/ v\u00f5i t\u00e4itmise tingimused ning muud m\u00fc\u00fcgitingimused v\u00f5ivad muutuda ka p\u00e4rast seda, kui Ostja on kauba tellinud, eelk\u00f5ige v\u00e4\u00e4ramatu j\u00f5u ja muude M\u00fc\u00fcjast s\u00f5ltumatute asjaolude t\u00f5ttu, ning muutuste t\u00f5ttu turuolukorras ja praegustes \u00e4ritingimustes, mis on muu hulgas seotud M\u00fc\u00fcja suhetega \u00fcksustega, kes teevad M\u00fc\u00fcja poolt lepingute t\u00e4itmisel koost\u00f6\u00f6d. Ostjat teavitatakse koheselt tarnekuup\u00e4eva ja \/ v\u00f5i tellimuse t\u00e4itmise ning muude m\u00fc\u00fcgitingimuste muutumisest.<\/p>\n<p style=\"text-align: center;\"><b><br \/>KUNST. 4. TARNE, KAUPADE VASTUV\u00d5TMINE<\/b><span style=\"font-size: 1rem;\"><br \/><\/span>\u00a7 1.&nbsp; Ostja m\u00e4\u00e4rab tellimuses kauba kohaletoimetamise viisi.<br \/>\u00a7 2. Kauba v\u00f5ib v\u00e4ljastada kas M\u00fc\u00fcja ruumides v\u00f5i muus M\u00fc\u00fcja poolt n\u00e4idatud kohas v\u00f5i kulleriga.<br \/>\u00a7 3. Kohaletoimetamise kulud katab Ostja.<br \/>\u00a7 4. Eeldatakse, et kaup vabastatakse ostjale v\u00f5i kullerfirmale \u00fcleandmisel.<br \/>\u00a7 5. Ostja on kohustatud tellitud kaubale j\u00e4rele tulema. Kauba k\u00e4ttesaamata j\u00e4tmine ei vabasta Ostjat kohustusest tasuda kogu hind. P\u00e4rast kauba kogumise t\u00e4htaega on M\u00fc\u00fcjal \u00f5igus n\u00f5uda Ostjalt hoiustamise eest tasu, mille suurus on 1\/24 n\u00f5utud kauba hinnast iga t\u00e4iskuu eest. Kui ladustamiskulud j\u00f5uavad kauba hinnaga, on M\u00fc\u00fcjal \u00f5igus kaup uuesti m\u00fc\u00fca (selle \u00f5iguse kasutamine vabastab Ostja ladustamise eest tasumise kohustusest, kuid ei vabasta teda m\u00fc\u00fcgihinna tasumise kohustusest) ).<br \/>\u00a7 6. Paki k\u00e4ttesaamisel on Ostja kohustatud kulleri juuresolekul hoolikalt kontrollima v\u00e4lispakendi seisukorda. Kui ostja leiab saadetisele v\u00e4liseid kahjustusi, peaks ostja kulleri juuresolekul koostama kahjuaruande, sealhulgas saadetise kirjelduse ja fotod. Kahest kulleri allkirjastatud identsest eksemplarist tuleks \u00fcks saata M\u00fc\u00fcjale, teine j\u00e4\u00e4b Ostjale. Sel juhul tagastatakse kaup M\u00fc\u00fcjale, et algatada kullerettev\u00f5ttega kaebemenetlus.<\/p>\n<p style=\"text-align: center;\"><b>KUNST. 5. RISKI M\u00c4\u00c4RAMINE JA OMANDI PIIRANG<\/b><br \/>\u00a7 1. Kauba kaotamise v\u00f5i kahjustumise oht l\u00e4heb Ostjale \u00fcle p\u00e4rast Ostjale v\u00f5i kullerfirmale \u00fcleandmist.<br \/>\u00a7 2. Kaup j\u00e4\u00e4b M\u00fc\u00fcja omandisse kuni m\u00fc\u00fcja poolt kauba eest v\u00e4ljastatud m\u00fc\u00fcgiarvelt tuleneva hinna t\u00e4ieliku tasumiseni (tsiviilseadustiku artikkel 589). K\u00f5ik ostja tehtud maksed, on m\u00fc\u00fcjal \u00f5igus arvestada esmalt k\u00f5rvalkuludega (sh n\u00f5uded kauba ladustamise eest), enne kui need arvestatakse m\u00fc\u00fcgihinna sisse.<br \/>\u00a7 3 Ostja on kohustatud kaubaga n\u00f5uetekohaselt \u00fcmber k\u00e4ima ega tohi kaupa koormata kolmandate isikute \u00f5igustega, eelk\u00f5ige ei tohi ta kaupa pantida ega kolmandatele isikutele \u00fcle anda (nii tasuta kui ka tasu eest), ilma M\u00fc\u00fcja n\u00f5usolekuta.<\/p>\n<p style=\"text-align: center;\"><b>KUNST. 6 HINNA- JA MAKSEESKIRJAD<\/b><br \/>\u00a7 1. Kauba m\u00fc\u00fck toimub vastavalt tellimuse kinnitamise kuup\u00e4eval kehtinud ja M\u00fc\u00fcja hinnakirja kantud hindadele.<br \/>\u00a7 2 Pakkumisega h\u00f5lmatud hinnad ja selle aktsepteerimine kehtivad ainult antud tellimuse t\u00e4itmiseks, kui pooled ei ole kirjalikult teisiti kokku leppinud. \u00dche tellimuse t\u00e4itmine konkreetsete hindade alusel ei kohusta M\u00fc\u00fcjat neid hindu j\u00e4rgmise tellimuse puhul s\u00e4ilitama.<br \/>\u00a7 3. M\u00fc\u00fcja j\u00e4tab endale \u00f5iguse muuta hinnakirjas m\u00e4rgitud hindu ja ei vastuta ostjale muudatusest ette teatamata j\u00e4tmise eest. Sel juhul teavitatakse Ostjat tellimuse vastuv\u00f5tmisest ja tellitud kauba praegusest hinnast (nn vastupakkumine, mis n\u00f5uab Ostja n\u00f5usolekut).&nbsp; Sellisel juhul s\u00f5lmitakse leping art. 2 GTC \u00a7 5.<br \/>\u00a7 4 Makseviis on panga\u00fclekanne M\u00fc\u00fcja kontole enne kauba laost vabastamist (ettemaks). Pangatehingute kulud kannab ainult Ostja.<br \/>\u00a7 5. &nbsp;&nbsp; Pooled v\u00f5ivad kokku leppida muudes maksetingimustes ja m\u00e4rkida kauba m\u00fc\u00fcki dokumenteerivasse k\u00e4ibemaksuarve.<br \/>\u00a7 6 Hinna tasumise hetk on M\u00fc\u00fcja pangakontole laekunud raha.<br \/>\u00a7 7. Kogu hinna v\u00f5i selle osa tasumisega viivitamise korral on M\u00fc\u00fcjal \u00f5igus viivituse eest n\u00f5uda seadusj\u00e4rgset intressi ja peatada tellitud kauba kohaletoimetamine kuni kogu hinna tasumiseni, millele lisandub k\u00f5ik seadusest tulenevad intressid viivituse eest, mis arvutatakse makseviivituse aja eest.<br \/>\u00a7 8. Tellitud ja tarnitud kauba ning m\u00fc\u00fcki dokumenteeriva k\u00e4ibemaksuarve sisu lahknevuse korral v\u00e4ljastab ja esitab M\u00fc\u00fcja Ostjale korrigeeriva arve. Kui arve parandamist kavatsetakse teha Ostja soovil, peaks taotlus sisaldama teavet leitud lahknevuste ja k\u00fcsitava k\u00e4ibemaksuarve numbri kohta.&nbsp;<\/p>\n<p style=\"text-align: center;\"><b>KUNST. 7. GARANTII<\/b><br \/>M\u00fc\u00fcja vastutab garantii alusel m\u00fc\u00fcdud toote f\u00fc\u00fcsiliste ja juriidiliste puuduste eest, kuid see vastutus on piiratud j\u00e4rgmiselt:<span style=\"font-size: 1rem;\">Teade defekti kohta&nbsp; v\u00f5ib esitada kirjalikult, m\u00e4rkides toote m\u00fc\u00fcki dokumenteeriva k\u00e4ibemaksuarve numbri, 8 p\u00e4eva jooksul alates&nbsp; defektide avastamine, kui garantii kaotab \u00f5igused.&nbsp; Garantii periood&nbsp; on 30 p\u00e4eva alates kauba ostjale \u00fcleandmise kuup\u00e4evast.<\/span><\/p>\n<ol>\n<li>M\u00fc\u00fcja 14 p\u00e4eva jooksul p\u00e4rast \u00f5ige kaebuse saamist, s.t. kirjalik teade, mis sisaldab toote m\u00fc\u00fcki dokumenteeriva k\u00e4ibemaksuarve numbrit, teavitab Ostjat n\u00f5ude rahuldamise viisist.&nbsp;<\/li>\n<li>Ostja v\u00f5ib n\u00f5uda kas toote asendamist defektideta tootega v\u00f5i puuduse k\u00f5rvaldamist.<\/li>\n<li>M\u00fc\u00fcja v\u00f5ib keelduda Ostja taotluse rahuldamisest, kui defektse kauba ostjale valitud viisil lepinguga koosk\u00f5lla viimine on v\u00f5imatu v\u00f5i n\u00f5uaks M\u00fc\u00fcjalt \u00fclem\u00e4\u00e4raseid kulusid v\u00f5rreldes teise v\u00f5imaliku puudusega eseme viimise v\u00f5imalusega lepingule vastavust. M\u00fc\u00fcja v\u00f5ib keelduda toote asendamisest defektideta tootega v\u00f5i puuduse k\u00f5rvaldamisest ka siis, kui selle kohustuse h\u00fcvitamise kulud \u00fcletavad m\u00fc\u00fcdud kauba hinda.<\/li>\n<li>Punktis osutatud juhul d) eespool, v\u00f5ib Ostja esitada deklaratsiooni&nbsp; hinna alandamine v\u00f5i lepingust taganemine.<\/li>\n<li>Kauba tagastamisega seotud kulud kannab M\u00fc\u00fcja kuni tagastamiskulude summani, mis tehakse \u00fcksuse kaudu ja M\u00fc\u00fcja eelnevalt n\u00e4idatud viisil.<\/li>\n<li>Kui M\u00fc\u00fcja kauba tagastamise asemel nii otsustab, on Ostja kohustatud selle M\u00fc\u00fcja kulul h\u00e4vitama v\u00f5i j\u00e4\u00e4tmetena \u00e4ra viima, alltoodud tingimustel. Kauba h\u00e4vitamine v\u00f5i \u00e4raviimine j\u00e4\u00e4tmetena toimub M\u00fc\u00fcja poolt eelnevalt kokkulepitud kuup\u00e4evaks&nbsp; \u00fcksus, kes k\u00f5rvaldab v\u00f5i kogub tooteid j\u00e4\u00e4tmetena ja varem&nbsp; m\u00fc\u00fcja poolt kokku lepitud hind.&nbsp; M\u00fc\u00fcja kannab kauba j\u00e4\u00e4tmetena h\u00e4vitamise v\u00f5i \u00e4raviimise kulud ainult \u00fclaltoodud viisil m\u00e4\u00e4ratud ulatuses.<\/li>\n<\/ol>\n<p style=\"text-align: center;\"><strong>KUNST. 8. VASTUTUSE PIIRANG<\/strong><br \/>\u00a7 1 M\u00fc\u00fcja ei vastuta tr\u00fckivigade eest&nbsp; kaubanduslikes materjalides, v&nbsp; eriti aastal&nbsp; bro\u0161\u00fc\u00fcrid, kataloogid ja reklaamlehed.<br \/>\u00a7 2. Kaubandusmaterjalides olevad illustratsioonid ja fotod on m\u00f5eldud ainult kauba \u00fcldiseks esitlemiseks ega garanteeri identse toote k\u00e4ttesaamist.<br \/>\u00a7 3. M\u00fc\u00fcja ei vastuta M\u00fc\u00fcja pakkumisega seotud autori\u00f5iguste, patentide v\u00f5i registreeritud t\u00f6\u00f6stusdisainilahenduste olemasolu eest toodete edasim\u00fc\u00fcgi kohtades.<br \/>\u00a7 4. M\u00fc\u00fcja ei vastuta kahjude eest, mis on p\u00f5hjustatud toodete eba\u00f5igest v\u00f5i ebaprofessionaalsest kasutamisest, samuti nende eba\u00f5igest paigaldamisest Ostja v\u00f5i kolmandate isikute poolt, tavap\u00e4rasest kulumisest, eba\u00f5igest v\u00f5i hooletu kasutamisest.<br \/>\u00a7 5. M\u00fc\u00fcja ei vastuta kauba funktsionaalsete puuduste eest, mis tulenevad Ostja valest tootevalikust, kes peaks enne ostu sooritamist hoolikalt l\u00e4bi lugema ja kontrollima, kas kauba pakutavad funktsioonid vastavad M\u00fc\u00fcja vajadustele.<\/p>\n<p><strong>KUNST. 9. J\u00d5UD MAJEURE<\/strong><br \/>M\u00fc\u00fcja ei vastuta kauba m\u00fc\u00fcgilepingust tulenevate kohustuste t\u00e4itmata j\u00e4tmise v\u00f5i mitten\u00f5uetekohase t\u00e4itmise eest, kui kohustuste mittet\u00e4itmine v\u00f5i mitten\u00f5uetekohane t\u00e4itmine on tingitud asjaoludest, mis ei ole M\u00fc\u00fcjast s\u00f5ltunud, hoolimata hoolsusest (v\u00e4\u00e4ramatu j\u00f5ud) .<\/p>\n<p><strong>KUNST. 10. \u00dcLDM\u00dc\u00dcGITINGIMUSTE JA GARANTII MUUTMINE<\/strong><br \/>PAKERY.PL j\u00e4tab endale \u00f5iguse muuta \u00fclaltoodud \u00fcldiste m\u00fc\u00fcgitingimuste mis tahes punkti. Sellise olukorra korral kehtivad muudetud tingimused k\u00f5igile uutele tellimustele, mis on tehtud p\u00e4rast muutmiskuup\u00e4eva, samuti lisatellimustele, mis on tehtud varasematele tellimustele v\u00f5i eelmise m\u00fc\u00fcgiga seotud tellimustele.<\/p>\n<p><strong>KUNST. 11. \u00c4RISALADUS<\/strong><br \/>Kogu teave, mis puudutab PAKERY.PL tegevust, mis ei ole avalikult teada, samuti tellimuse sisu ja poolte kokkulepped, mis on seotud nende vastastikuse kaubandusliku koost\u00f6\u00f6ga, on konfidentsiaalne ja moodustavad \u00e4risaladuse. Pooled lepivad kokku, et nad ei avalda kolmandatele isikutele konfidentsiaalset teavet ega kasuta seda muudel eesm\u00e4rkidel kui k\u00e4esolevatest tingimustest ja kaupade m\u00fc\u00fcgilepingutest tulenevate kohustuste t\u00e4itmiseks.<br \/>Ostja v\u00f5tab k\u00f5ik vajalikud meetmed, et v\u00e4ltida konfidentsiaalse teabe avalikustamist, sealhulgas kolmandate isikute poolt, kelle abiga tellimus t\u00e4idetakse.<br \/>Kui ostja on seaduse kohustuslike s\u00e4tete kohaselt kohustatud avalikustama mis tahes teavet PAKERY.PLi tegevuse kohta, teavitab ta sellest PAKERY.PL -i ja teeb sellega koost\u00f6\u00f6d, et k\u00f5rvaldada v\u00f5i minimeerida sellise teabe avaldamise negatiivseid m\u00f5jusid. See kohustus on m\u00e4\u00e4ramata ajaks siduv. Ilma PAKERY.PL kirjaliku n\u00f5usolekuta t\u00fchisuse t\u00f5ttu ei tohi Ostja kasutada PAKERY.PL nime, kaubam\u00e4rke ega \u00e4rinimesid ega viidata mis tahes eesm\u00e4rgil majandussuhetele PAKERY.PL -iga.<\/p>\n<p><strong>KUNST. 12. L\u00d5PPS\u00c4TTED<\/strong><br \/>\u00a7 1. Kui m\u00f5ni \u00fcldtingimuste s\u00e4te osutub mingil p\u00f5hjusel kehtetuks, ebaseaduslikuks v\u00f5i j\u00f5ustamatuks, on \u00fclej\u00e4\u00e4nud s\u00e4tted t\u00e4ielikult siduvad ja t\u00f5husad, nagu kohaldataks \u00fcldtingimusi ilma sellise kehtetu, ebaseadusliku v\u00f5i j\u00f5ustamatu s\u00e4tteta.<br \/>\u00a7 2. M\u00fc\u00fcja tehtud \u00fcldtingimuste muudatustel on \u00f5iguslikud tagaj\u00e4rjed lepingute suhtes, mis on s\u00f5lmitud alates muudatuste veebisaidil avaldamise hetkest.<a href=\"https:\/\/www.pakery.pl\/\"><span style=\"color: #0b61ff;\"> www.pakery.pl<\/span><\/a> . Sellised muudatused kehtivad lepingute suhtes, mis on s\u00f5lmitud uute \u00fcldtingimuste avaldamise kuup\u00e4evast alates esitatud pakkumiste alusel.<br \/>\u00a7 3. K\u00fcsimustes, mida ei k\u00e4sitleta, kohaldatakse Poola \u00f5iguse s\u00e4tteid, eelk\u00f5ige tsiviilseadustikku. Pooltevaheliste vaidluste suhtes kohaldatakse Poola seadusi.<br \/>\u00a7 4. Poolte vahelise vaidluse korral kohustuvad Ostja ja M\u00fc\u00fcjad p\u00fc\u00fcdma selle lahendada rahumeelselt. Erimeelsuste korral lahendab k\u00f5ik vaidlused Poola kohus, kellel on materiaalne ja kohalik p\u00e4devus M\u00fc\u00fcja asukoha suhtes.<br \/>\u00a7 5. Pooled kohustuvad \u00fcksteist teavitama aadressi muutmisest. Aadressi muutmisest teatamise puudumisel loetakse tellimuses m\u00e4rgitud aadressile toimetatud kiri k\u00e4ttetoimetatuks ja p\u00f5hjustab k\u00f5iki selles sisalduvaid \u00f5iguslikke tagaj\u00e4rgi.<\/p>\n<p><strong>GDPR -i TEABEKOHUSTUS<\/strong><br \/>1. Ettev\u00f5tja hulgim\u00fc\u00fcgiplatvormil B2B (tuntud ka kui B2B platvorm) registreerimisel esitatud andmete haldaja on Hammpack Sp. Z OO, aadress: 02-690 Warszawa, ul. Bokserska 47, number&nbsp; NIP (maksukohustuslasena registreerimise number):&nbsp; 9512466806<span style=\"font-family: \"Open Sans\", sans-serif; font-size: 13px; background-color: rgb(255, 255, 221);\">&nbsp;<\/span><span style=\"{wpml_trans_unit_1_0_16_10_-1_0}\">REGON:&nbsp;<\/span> 380 860 490.<br \/>2. Isikuandmeid t\u00f6\u00f6deldakse seoses m\u00fc\u00fcgilepingutest tulenevate \u00fclesannete t\u00e4itmisega.<br \/>3. Isikuandmete vastuv\u00f5tja on PAKERY.PL volitatud t\u00f6\u00f6tajad ja logistikaettev\u00f5tted, kes teevad PAKERY.PL -iga koost\u00f6\u00f6d tarnete elluviimisel.<br \/>4. PAKERY.PL ei n\u00e4e ette andmete kasutamist muudel eesm\u00e4rkidel kui m\u00fc\u00fcgilepingute elluviimiseks (st tellimuste t\u00e4itmise, arvete esitamise ja tellimuste arveldamise protsessiks).<\/p>\n<h6 style=\"text-align: center;\">&nbsp;<\/h6>\n\t\t\t\t\t\t\t\t<\/div>\n\t\t\t\t<\/div>\n\t\t\t\t\t<\/div>\n\t\t<\/div>\n\t\t\t\t\t<\/div>\n\t\t<\/section>\n\t\t\t\t<\/div>\n\t\t","protected":false},"excerpt":{"rendered":"<p>\u00dcLDISED \u00c4RITINGIMUSEDPAKERY.PL&nbsp; Art. 1 \u00dcLDS\u00c4TTED \u00a7 1. K\u00e4esolevad \u00fcldtingimused (GTC) on kehtestatud Art. 384&nbsp; ja tsiviilseadustiku hilisemad aktid ning m\u00e4\u00e4ratleda Hammpack Sp. Z OO&nbsp; aadress: 02-690 Warszawa, ul. Bokserska 47, maksukood:&nbsp; 9512466806&nbsp;REGON:&nbsp; 380 860 490&nbsp; (M\u00fc\u00fcja)&nbsp; t\u00f6\u00f6v\u00f5tjatega (ostjad), kes s\u00f5lmivad need lepingud ainult nende \u00e4ritegevusega otseselt seotud eesm\u00e4rgil. \u00a7 2. Kaupa ei m\u00fc\u00fcda f\u00fc\u00fcsilistele isikutele [&hellip;]<\/p>\n","protected":false},"author":1,"featured_media":0,"parent":0,"menu_order":0,"comment_status":"closed","ping_status":"closed","template":"","meta":{"_acf_changed":false,"footnotes":""},"class_list":["post-21368","page","type-page","status-publish","hentry"],"acf":[],"yoast_head":"<!-- This site is optimized with the Yoast SEO plugin v27.3 - https:\/\/yoast.com\/product\/yoast-seo-wordpress\/ -->\n<title>GTC - PAKERY.PL<\/title>\n<meta name=\"robots\" content=\"index, follow, max-snippet:-1, max-image-preview:large, max-video-preview:-1\" \/>\n<link rel=\"canonical\" href=\"https:\/\/www.pakery.pl\/et\/gtc-2\/\" \/>\n<meta property=\"og:locale\" content=\"et_EE\" \/>\n<meta property=\"og:type\" content=\"article\" \/>\n<meta property=\"og:title\" content=\"GTC - PAKERY.PL\" \/>\n<meta property=\"og:description\" content=\"\u00dcLDISED \u00c4RITINGIMUSEDPAKERY.PL&nbsp; Art. 1 \u00dcLDS\u00c4TTED \u00a7 1. K\u00e4esolevad \u00fcldtingimused (GTC) on kehtestatud Art. 384&nbsp; ja tsiviilseadustiku hilisemad aktid ning m\u00e4\u00e4ratleda Hammpack Sp. Z OO&nbsp; aadress: 02-690 Warszawa, ul. Bokserska 47, maksukood:&nbsp; 9512466806&nbsp;REGON:&nbsp; 380 860 490&nbsp; (M\u00fc\u00fcja)&nbsp; t\u00f6\u00f6v\u00f5tjatega (ostjad), kes s\u00f5lmivad need lepingud ainult nende \u00e4ritegevusega otseselt seotud eesm\u00e4rgil. \u00a7 2. Kaupa ei m\u00fc\u00fcda f\u00fc\u00fcsilistele isikutele [&hellip;]\" \/>\n<meta property=\"og:url\" content=\"https:\/\/www.pakery.pl\/et\/gtc-2\/\" \/>\n<meta property=\"og:site_name\" content=\"PAKERY.PL\" \/>\n<meta property=\"article:modified_time\" content=\"2021-10-14T09:41:35+00:00\" \/>\n<meta name=\"twitter:card\" content=\"summary_large_image\" \/>\n<meta name=\"twitter:label1\" content=\"Est. reading time\" \/>\n\t<meta name=\"twitter:data1\" content=\"9 minutit\" \/>\n<script type=\"application\/ld+json\" class=\"yoast-schema-graph\">{\"@context\":\"https:\\\/\\\/schema.org\",\"@graph\":[{\"@type\":\"WebPage\",\"@id\":\"https:\\\/\\\/www.pakery.pl\\\/et\\\/gtc-2\\\/\",\"url\":\"https:\\\/\\\/www.pakery.pl\\\/et\\\/gtc-2\\\/\",\"name\":\"GTC - PAKERY.PL\",\"isPartOf\":{\"@id\":\"https:\\\/\\\/www.pakery.pl\\\/et\\\/#website\"},\"datePublished\":\"2021-08-12T04:56:04+00:00\",\"dateModified\":\"2021-10-14T09:41:35+00:00\",\"breadcrumb\":{\"@id\":\"https:\\\/\\\/www.pakery.pl\\\/et\\\/gtc-2\\\/#breadcrumb\"},\"inLanguage\":\"et\",\"potentialAction\":[{\"@type\":\"ReadAction\",\"target\":[\"https:\\\/\\\/www.pakery.pl\\\/et\\\/gtc-2\\\/\"]}]},{\"@type\":\"BreadcrumbList\",\"@id\":\"https:\\\/\\\/www.pakery.pl\\\/et\\\/gtc-2\\\/#breadcrumb\",\"itemListElement\":[{\"@type\":\"ListItem\",\"position\":1,\"name\":\"Strona g\u0142\u00f3wna\",\"item\":\"https:\\\/\\\/www.pakery.pl\\\/et\\\/\"},{\"@type\":\"ListItem\",\"position\":2,\"name\":\"GTC\"}]},{\"@type\":\"WebSite\",\"@id\":\"https:\\\/\\\/www.pakery.pl\\\/et\\\/#website\",\"url\":\"https:\\\/\\\/www.pakery.pl\\\/et\\\/\",\"name\":\"Pakery.pl\",\"description\":\"Pakery iniekcyjne, Kotwy spiralne, Lance iniekcyjne, W\u0119\u017ce do iniekcji, Pompy iniekcyjne, Serwis pomp iniekcyjnych, Wynajem pomp do iniekcji\",\"publisher\":{\"@id\":\"https:\\\/\\\/www.pakery.pl\\\/et\\\/#organization\"},\"potentialAction\":[{\"@type\":\"SearchAction\",\"target\":{\"@type\":\"EntryPoint\",\"urlTemplate\":\"https:\\\/\\\/www.pakery.pl\\\/et\\\/?s={search_term_string}\"},\"query-input\":{\"@type\":\"PropertyValueSpecification\",\"valueRequired\":true,\"valueName\":\"search_term_string\"}}],\"inLanguage\":\"et\"},{\"@type\":\"Organization\",\"@id\":\"https:\\\/\\\/www.pakery.pl\\\/et\\\/#organization\",\"name\":\"PAKERY.PL\",\"url\":\"https:\\\/\\\/www.pakery.pl\\\/et\\\/\",\"logo\":{\"@type\":\"ImageObject\",\"inLanguage\":\"et\",\"@id\":\"https:\\\/\\\/www.pakery.pl\\\/et\\\/#\\\/schema\\\/logo\\\/image\\\/\",\"url\":\"https:\\\/\\\/www.pakery.pl\\\/wp-content\\\/uploads\\\/2021\\\/04\\\/cropped-PAKERY-LOGO.png\",\"contentUrl\":\"https:\\\/\\\/www.pakery.pl\\\/wp-content\\\/uploads\\\/2021\\\/04\\\/cropped-PAKERY-LOGO.png\",\"width\":1529,\"height\":500,\"caption\":\"PAKERY.PL\"},\"image\":{\"@id\":\"https:\\\/\\\/www.pakery.pl\\\/et\\\/#\\\/schema\\\/logo\\\/image\\\/\"}}]}<\/script>\n<!-- \/ Yoast SEO plugin. -->","yoast_head_json":{"title":"GTC - PAKERY.PL","robots":{"index":"index","follow":"follow","max-snippet":"max-snippet:-1","max-image-preview":"max-image-preview:large","max-video-preview":"max-video-preview:-1"},"canonical":"https:\/\/www.pakery.pl\/et\/gtc-2\/","og_locale":"et_EE","og_type":"article","og_title":"GTC - PAKERY.PL","og_description":"\u00dcLDISED \u00c4RITINGIMUSEDPAKERY.PL&nbsp; Art. 1 \u00dcLDS\u00c4TTED \u00a7 1. K\u00e4esolevad \u00fcldtingimused (GTC) on kehtestatud Art. 384&nbsp; ja tsiviilseadustiku hilisemad aktid ning m\u00e4\u00e4ratleda Hammpack Sp. Z OO&nbsp; aadress: 02-690 Warszawa, ul. Bokserska 47, maksukood:&nbsp; 9512466806&nbsp;REGON:&nbsp; 380 860 490&nbsp; (M\u00fc\u00fcja)&nbsp; t\u00f6\u00f6v\u00f5tjatega (ostjad), kes s\u00f5lmivad need lepingud ainult nende \u00e4ritegevusega otseselt seotud eesm\u00e4rgil. \u00a7 2. Kaupa ei m\u00fc\u00fcda f\u00fc\u00fcsilistele isikutele [&hellip;]","og_url":"https:\/\/www.pakery.pl\/et\/gtc-2\/","og_site_name":"PAKERY.PL","article_modified_time":"2021-10-14T09:41:35+00:00","twitter_card":"summary_large_image","twitter_misc":{"Est. reading time":"9 minutit"},"schema":{"@context":"https:\/\/schema.org","@graph":[{"@type":"WebPage","@id":"https:\/\/www.pakery.pl\/et\/gtc-2\/","url":"https:\/\/www.pakery.pl\/et\/gtc-2\/","name":"GTC - PAKERY.PL","isPartOf":{"@id":"https:\/\/www.pakery.pl\/et\/#website"},"datePublished":"2021-08-12T04:56:04+00:00","dateModified":"2021-10-14T09:41:35+00:00","breadcrumb":{"@id":"https:\/\/www.pakery.pl\/et\/gtc-2\/#breadcrumb"},"inLanguage":"et","potentialAction":[{"@type":"ReadAction","target":["https:\/\/www.pakery.pl\/et\/gtc-2\/"]}]},{"@type":"BreadcrumbList","@id":"https:\/\/www.pakery.pl\/et\/gtc-2\/#breadcrumb","itemListElement":[{"@type":"ListItem","position":1,"name":"Strona g\u0142\u00f3wna","item":"https:\/\/www.pakery.pl\/et\/"},{"@type":"ListItem","position":2,"name":"GTC"}]},{"@type":"WebSite","@id":"https:\/\/www.pakery.pl\/et\/#website","url":"https:\/\/www.pakery.pl\/et\/","name":"Pakery.pl","description":"Pakery iniekcyjne, Kotwy spiralne, Lance iniekcyjne, W\u0119\u017ce do iniekcji, Pompy iniekcyjne, Serwis pomp iniekcyjnych, Wynajem pomp do iniekcji","publisher":{"@id":"https:\/\/www.pakery.pl\/et\/#organization"},"potentialAction":[{"@type":"SearchAction","target":{"@type":"EntryPoint","urlTemplate":"https:\/\/www.pakery.pl\/et\/?s={search_term_string}"},"query-input":{"@type":"PropertyValueSpecification","valueRequired":true,"valueName":"search_term_string"}}],"inLanguage":"et"},{"@type":"Organization","@id":"https:\/\/www.pakery.pl\/et\/#organization","name":"PAKERY.PL","url":"https:\/\/www.pakery.pl\/et\/","logo":{"@type":"ImageObject","inLanguage":"et","@id":"https:\/\/www.pakery.pl\/et\/#\/schema\/logo\/image\/","url":"https:\/\/www.pakery.pl\/wp-content\/uploads\/2021\/04\/cropped-PAKERY-LOGO.png","contentUrl":"https:\/\/www.pakery.pl\/wp-content\/uploads\/2021\/04\/cropped-PAKERY-LOGO.png","width":1529,"height":500,"caption":"PAKERY.PL"},"image":{"@id":"https:\/\/www.pakery.pl\/et\/#\/schema\/logo\/image\/"}}]}},"_links":{"self":[{"href":"https:\/\/www.pakery.pl\/et\/wp-json\/wp\/v2\/pages\/21368","targetHints":{"allow":["GET"]}}],"collection":[{"href":"https:\/\/www.pakery.pl\/et\/wp-json\/wp\/v2\/pages"}],"about":[{"href":"https:\/\/www.pakery.pl\/et\/wp-json\/wp\/v2\/types\/page"}],"author":[{"embeddable":true,"href":"https:\/\/www.pakery.pl\/et\/wp-json\/wp\/v2\/users\/1"}],"replies":[{"embeddable":true,"href":"https:\/\/www.pakery.pl\/et\/wp-json\/wp\/v2\/comments?post=21368"}],"version-history":[{"count":4,"href":"https:\/\/www.pakery.pl\/et\/wp-json\/wp\/v2\/pages\/21368\/revisions"}],"predecessor-version":[{"id":38759,"href":"https:\/\/www.pakery.pl\/et\/wp-json\/wp\/v2\/pages\/21368\/revisions\/38759"}],"wp:attachment":[{"href":"https:\/\/www.pakery.pl\/et\/wp-json\/wp\/v2\/media?parent=21368"}],"curies":[{"name":"wp","href":"https:\/\/api.w.org\/{rel}","templated":true}]}}