{"id":50050,"date":"2021-04-21T09:18:44","date_gmt":"2025-05-19T12:09:36","guid":{"rendered":"https:\/\/www.pakery.pl\/produkt\/envasadora-de-cola-pi-sg\/"},"modified":"2025-05-19T14:09:36","modified_gmt":"2025-05-19T12:09:36","slug":"envasadora-de-cola-pi-sg","status":"publish","type":"product","link":"https:\/\/www.pakery.pl\/es\/produkt\/envasadora-de-cola-pi-sg\/","title":{"rendered":"Envasadora de cola PI-SG"},"content":{"rendered":"<p><strong>Packer de inyecci\u00f3n de acero aglomerado con calamitres c\u00f3nicos SWG m8x1 de alta calidad<\/strong> para la inyecci\u00f3n de componentes de pared delgada (la rosca del calamitre puede preaplicarse mediante revestimiento (como PRE) a petici\u00f3n expresa.<\/p>\n","protected":false},"excerpt":{"rendered":"<p>Packer de inyecci\u00f3n de acero aglomerado con calamitres c\u00f3nicos SWG m8x1 de alta calidad para la inyecci\u00f3n de componentes de pared delgada (la rosca del calamitre puede preaplicarse mediante revestimiento (como PRE) a petici\u00f3n expresa.<\/p>\n","protected":false},"featured_media":50051,"template":"","meta":{"_acf_changed":false},"product_brand":[],"product_cat":[2014,784],"product_tag":[],"class_list":{"0":"post-50050","1":"product","2":"type-product","3":"status-publish","4":"has-post-thumbnail","6":"product_cat-empaquetadoras-de-inyeccion","7":"product_cat-obturadores-de-metal","9":"first","10":"instock","11":"taxable","12":"shipping-taxable","13":"purchasable","14":"product-type-simple"},"acf":[],"yoast_head":"<!-- This site is optimized with the Yoast SEO plugin v27.3 - https:\/\/yoast.com\/product\/yoast-seo-wordpress\/ -->\n<title>Packer de inyecci\u00f3n adherido PI-SG PAKERY.PL<\/title>\n<meta name=\"description\" content=\"Empaquetador de inyecci\u00f3n adherido Estanqueidad excepcional incluso a presiones muy altas. Reg\u00edstrese para seleccionar su tipo de calamita.\" \/>\n<meta name=\"robots\" content=\"index, follow, max-snippet:-1, max-image-preview:large, max-video-preview:-1\" \/>\n<link rel=\"canonical\" href=\"https:\/\/www.pakery.pl\/es\/produkt\/envasadora-de-cola-pi-sg\/\" \/>\n<meta property=\"og:locale\" content=\"es_ES\" \/>\n<meta property=\"og:type\" content=\"article\" \/>\n<meta property=\"og:title\" content=\"Packer de inyecci\u00f3n adherido PI-SG PAKERY.PL\" \/>\n<meta property=\"og:description\" content=\"Empaquetador de inyecci\u00f3n adherido Estanqueidad excepcional incluso a presiones muy altas. Reg\u00edstrese para seleccionar su tipo de calamita.\" \/>\n<meta property=\"og:url\" content=\"https:\/\/www.pakery.pl\/es\/produkt\/envasadora-de-cola-pi-sg\/\" \/>\n<meta property=\"og:site_name\" content=\"PAKERY.PL\" \/>\n<meta property=\"og:image\" content=\"https:\/\/www.pakery.pl\/wp-content\/uploads\/2021\/05\/PI-SG8-.png\" \/>\n\t<meta property=\"og:image:width\" content=\"2500\" \/>\n\t<meta property=\"og:image:height\" content=\"2500\" \/>\n\t<meta property=\"og:image:type\" content=\"image\/png\" \/>\n<meta name=\"twitter:card\" content=\"summary_large_image\" \/>\n<script type=\"application\/ld+json\" class=\"yoast-schema-graph\">{\"@context\":\"https:\\\/\\\/schema.org\",\"@graph\":[{\"@type\":\"WebPage\",\"@id\":\"https:\\\/\\\/www.pakery.pl\\\/es\\\/produkt\\\/envasadora-de-cola-pi-sg\\\/\",\"url\":\"https:\\\/\\\/www.pakery.pl\\\/es\\\/produkt\\\/envasadora-de-cola-pi-sg\\\/\",\"name\":\"Packer de inyecci\u00f3n adherido PI-SG PAKERY.PL\",\"isPartOf\":{\"@id\":\"https:\\\/\\\/www.pakery.pl\\\/es\\\/#website\"},\"primaryImageOfPage\":{\"@id\":\"https:\\\/\\\/www.pakery.pl\\\/es\\\/produkt\\\/envasadora-de-cola-pi-sg\\\/#primaryimage\"},\"image\":{\"@id\":\"https:\\\/\\\/www.pakery.pl\\\/es\\\/produkt\\\/envasadora-de-cola-pi-sg\\\/#primaryimage\"},\"thumbnailUrl\":\"https:\\\/\\\/www.pakery.pl\\\/wp-content\\\/uploads\\\/2021\\\/05\\\/PI-SG8-.png\",\"datePublished\":\"2025-05-19T12:09:36+00:00\",\"description\":\"Empaquetador de inyecci\u00f3n adherido Estanqueidad excepcional incluso a presiones muy altas. Reg\u00edstrese para seleccionar su tipo de calamita.\",\"breadcrumb\":{\"@id\":\"https:\\\/\\\/www.pakery.pl\\\/es\\\/produkt\\\/envasadora-de-cola-pi-sg\\\/#breadcrumb\"},\"inLanguage\":\"es\",\"potentialAction\":[{\"@type\":\"ReadAction\",\"target\":[\"https:\\\/\\\/www.pakery.pl\\\/es\\\/produkt\\\/envasadora-de-cola-pi-sg\\\/\"]}]},{\"@type\":\"ImageObject\",\"inLanguage\":\"es\",\"@id\":\"https:\\\/\\\/www.pakery.pl\\\/es\\\/produkt\\\/envasadora-de-cola-pi-sg\\\/#primaryimage\",\"url\":\"https:\\\/\\\/www.pakery.pl\\\/wp-content\\\/uploads\\\/2021\\\/05\\\/PI-SG8-.png\",\"contentUrl\":\"https:\\\/\\\/www.pakery.pl\\\/wp-content\\\/uploads\\\/2021\\\/05\\\/PI-SG8-.png\",\"width\":2500,\"height\":2500},{\"@type\":\"BreadcrumbList\",\"@id\":\"https:\\\/\\\/www.pakery.pl\\\/es\\\/produkt\\\/envasadora-de-cola-pi-sg\\\/#breadcrumb\",\"itemListElement\":[{\"@type\":\"ListItem\",\"position\":1,\"name\":\"Strona g\u0142\u00f3wna\",\"item\":\"https:\\\/\\\/www.pakery.pl\\\/es\\\/\"},{\"@type\":\"ListItem\",\"position\":2,\"name\":\"Tienda\",\"item\":\"https:\\\/\\\/www.pakery.pl\\\/es\\\/tienda\\\/\"},{\"@type\":\"ListItem\",\"position\":3,\"name\":\"Envasadora de cola PI-SG\"}]},{\"@type\":\"WebSite\",\"@id\":\"https:\\\/\\\/www.pakery.pl\\\/es\\\/#website\",\"url\":\"https:\\\/\\\/www.pakery.pl\\\/es\\\/\",\"name\":\"Pakery.pl\",\"description\":\"Pakery iniekcyjne, Kotwy spiralne, Lance iniekcyjne, W\u0119\u017ce do iniekcji, Pompy iniekcyjne, Serwis pomp iniekcyjnych, Wynajem pomp do iniekcji\",\"publisher\":{\"@id\":\"https:\\\/\\\/www.pakery.pl\\\/es\\\/#organization\"},\"potentialAction\":[{\"@type\":\"SearchAction\",\"target\":{\"@type\":\"EntryPoint\",\"urlTemplate\":\"https:\\\/\\\/www.pakery.pl\\\/es\\\/?s={search_term_string}\"},\"query-input\":{\"@type\":\"PropertyValueSpecification\",\"valueRequired\":true,\"valueName\":\"search_term_string\"}}],\"inLanguage\":\"es\"},{\"@type\":\"Organization\",\"@id\":\"https:\\\/\\\/www.pakery.pl\\\/es\\\/#organization\",\"name\":\"PAKERY.PL\",\"url\":\"https:\\\/\\\/www.pakery.pl\\\/es\\\/\",\"logo\":{\"@type\":\"ImageObject\",\"inLanguage\":\"es\",\"@id\":\"https:\\\/\\\/www.pakery.pl\\\/es\\\/#\\\/schema\\\/logo\\\/image\\\/\",\"url\":\"https:\\\/\\\/www.pakery.pl\\\/wp-content\\\/uploads\\\/2021\\\/04\\\/cropped-PAKERY-LOGO.png\",\"contentUrl\":\"https:\\\/\\\/www.pakery.pl\\\/wp-content\\\/uploads\\\/2021\\\/04\\\/cropped-PAKERY-LOGO.png\",\"width\":1529,\"height\":500,\"caption\":\"PAKERY.PL\"},\"image\":{\"@id\":\"https:\\\/\\\/www.pakery.pl\\\/es\\\/#\\\/schema\\\/logo\\\/image\\\/\"}}]}<\/script>\n<!-- \/ Yoast SEO plugin. -->","yoast_head_json":{"title":"Packer de inyecci\u00f3n adherido PI-SG PAKERY.PL","description":"Empaquetador de inyecci\u00f3n adherido Estanqueidad excepcional incluso a presiones muy altas. Reg\u00edstrese para seleccionar su tipo de calamita.","robots":{"index":"index","follow":"follow","max-snippet":"max-snippet:-1","max-image-preview":"max-image-preview:large","max-video-preview":"max-video-preview:-1"},"canonical":"https:\/\/www.pakery.pl\/es\/produkt\/envasadora-de-cola-pi-sg\/","og_locale":"es_ES","og_type":"article","og_title":"Packer de inyecci\u00f3n adherido PI-SG PAKERY.PL","og_description":"Empaquetador de inyecci\u00f3n adherido Estanqueidad excepcional incluso a presiones muy altas. Reg\u00edstrese para seleccionar su tipo de calamita.","og_url":"https:\/\/www.pakery.pl\/es\/produkt\/envasadora-de-cola-pi-sg\/","og_site_name":"PAKERY.PL","og_image":[{"width":2500,"height":2500,"url":"https:\/\/www.pakery.pl\/wp-content\/uploads\/2021\/05\/PI-SG8-.png","type":"image\/png"}],"twitter_card":"summary_large_image","schema":{"@context":"https:\/\/schema.org","@graph":[{"@type":"WebPage","@id":"https:\/\/www.pakery.pl\/es\/produkt\/envasadora-de-cola-pi-sg\/","url":"https:\/\/www.pakery.pl\/es\/produkt\/envasadora-de-cola-pi-sg\/","name":"Packer de inyecci\u00f3n adherido PI-SG PAKERY.PL","isPartOf":{"@id":"https:\/\/www.pakery.pl\/es\/#website"},"primaryImageOfPage":{"@id":"https:\/\/www.pakery.pl\/es\/produkt\/envasadora-de-cola-pi-sg\/#primaryimage"},"image":{"@id":"https:\/\/www.pakery.pl\/es\/produkt\/envasadora-de-cola-pi-sg\/#primaryimage"},"thumbnailUrl":"https:\/\/www.pakery.pl\/wp-content\/uploads\/2021\/05\/PI-SG8-.png","datePublished":"2025-05-19T12:09:36+00:00","description":"Empaquetador de inyecci\u00f3n adherido Estanqueidad excepcional incluso a presiones muy altas. Reg\u00edstrese para seleccionar su tipo de calamita.","breadcrumb":{"@id":"https:\/\/www.pakery.pl\/es\/produkt\/envasadora-de-cola-pi-sg\/#breadcrumb"},"inLanguage":"es","potentialAction":[{"@type":"ReadAction","target":["https:\/\/www.pakery.pl\/es\/produkt\/envasadora-de-cola-pi-sg\/"]}]},{"@type":"ImageObject","inLanguage":"es","@id":"https:\/\/www.pakery.pl\/es\/produkt\/envasadora-de-cola-pi-sg\/#primaryimage","url":"https:\/\/www.pakery.pl\/wp-content\/uploads\/2021\/05\/PI-SG8-.png","contentUrl":"https:\/\/www.pakery.pl\/wp-content\/uploads\/2021\/05\/PI-SG8-.png","width":2500,"height":2500},{"@type":"BreadcrumbList","@id":"https:\/\/www.pakery.pl\/es\/produkt\/envasadora-de-cola-pi-sg\/#breadcrumb","itemListElement":[{"@type":"ListItem","position":1,"name":"Strona g\u0142\u00f3wna","item":"https:\/\/www.pakery.pl\/es\/"},{"@type":"ListItem","position":2,"name":"Tienda","item":"https:\/\/www.pakery.pl\/es\/tienda\/"},{"@type":"ListItem","position":3,"name":"Envasadora de cola PI-SG"}]},{"@type":"WebSite","@id":"https:\/\/www.pakery.pl\/es\/#website","url":"https:\/\/www.pakery.pl\/es\/","name":"Pakery.pl","description":"Pakery iniekcyjne, Kotwy spiralne, Lance iniekcyjne, W\u0119\u017ce do iniekcji, Pompy iniekcyjne, Serwis pomp iniekcyjnych, Wynajem pomp do iniekcji","publisher":{"@id":"https:\/\/www.pakery.pl\/es\/#organization"},"potentialAction":[{"@type":"SearchAction","target":{"@type":"EntryPoint","urlTemplate":"https:\/\/www.pakery.pl\/es\/?s={search_term_string}"},"query-input":{"@type":"PropertyValueSpecification","valueRequired":true,"valueName":"search_term_string"}}],"inLanguage":"es"},{"@type":"Organization","@id":"https:\/\/www.pakery.pl\/es\/#organization","name":"PAKERY.PL","url":"https:\/\/www.pakery.pl\/es\/","logo":{"@type":"ImageObject","inLanguage":"es","@id":"https:\/\/www.pakery.pl\/es\/#\/schema\/logo\/image\/","url":"https:\/\/www.pakery.pl\/wp-content\/uploads\/2021\/04\/cropped-PAKERY-LOGO.png","contentUrl":"https:\/\/www.pakery.pl\/wp-content\/uploads\/2021\/04\/cropped-PAKERY-LOGO.png","width":1529,"height":500,"caption":"PAKERY.PL"},"image":{"@id":"https:\/\/www.pakery.pl\/es\/#\/schema\/logo\/image\/"}}]}},"_links":{"self":[{"href":"https:\/\/www.pakery.pl\/es\/wp-json\/wp\/v2\/product\/50050","targetHints":{"allow":["GET"]}}],"collection":[{"href":"https:\/\/www.pakery.pl\/es\/wp-json\/wp\/v2\/product"}],"about":[{"href":"https:\/\/www.pakery.pl\/es\/wp-json\/wp\/v2\/types\/product"}],"version-history":[{"count":0,"href":"https:\/\/www.pakery.pl\/es\/wp-json\/wp\/v2\/product\/50050\/revisions"}],"wp:featuredmedia":[{"embeddable":true,"href":"https:\/\/www.pakery.pl\/es\/wp-json\/wp\/v2\/media\/50051"}],"wp:attachment":[{"href":"https:\/\/www.pakery.pl\/es\/wp-json\/wp\/v2\/media?parent=50050"}],"wp:term":[{"taxonomy":"product_brand","embeddable":true,"href":"https:\/\/www.pakery.pl\/es\/wp-json\/wp\/v2\/product_brand?post=50050"},{"taxonomy":"product_cat","embeddable":true,"href":"https:\/\/www.pakery.pl\/es\/wp-json\/wp\/v2\/product_cat?post=50050"},{"taxonomy":"product_tag","embeddable":true,"href":"https:\/\/www.pakery.pl\/es\/wp-json\/wp\/v2\/product_tag?post=50050"}],"curies":[{"name":"wp","href":"https:\/\/api.w.org\/{rel}","templated":true}]}}