{"id":48959,"date":"2025-05-12T08:00:38","date_gmt":"2025-05-12T06:13:57","guid":{"rendered":"https:\/\/www.pakery.pl\/produkt\/empaquetador-de-inyeccion-pi-spm-13-300\/"},"modified":"2025-05-12T08:13:57","modified_gmt":"2025-05-12T06:13:57","slug":"paker-do-iniekcji-pi-spm-13-300","status":"publish","type":"product","link":"https:\/\/www.pakery.pl\/es\/produkt\/paker-do-iniekcji-pi-spm-13-300\/","title":{"rendered":"Empaquetador de inyecci\u00f3n PI-SPM 13\/300"},"content":{"rendered":"<p>El modelo estrella desde hace a\u00f1os de la <strong>l\u00ednea profesional<\/strong> PI-SPM pacer <strong>.<\/strong> El inyector proporciona una excelente estanqueidad y un anclaje ejemplar. El inyector es adecuado para todos los tipos de inyecci\u00f3n. Garantiza una estanqueidad ejemplar de los calamitres, as\u00ed como de la parte del puntal, tanto para la inyecci\u00f3n a alta presi\u00f3n como a baja presi\u00f3n.  <\/p>\n<p>Gracias a las calamitas especializadas, los embaladores aguantan perfectamente la contrapresi\u00f3n (\u00abno gotean\u00bb).<\/p>\n<p><em><strong>Los obturadores de calamita SWG<\/strong>, se aprietan mec\u00e1nicamente con cola anaer\u00f3bica, garantizando una conexi\u00f3n roscada m6x1 estanca.  <\/em><\/p>\n<p><em><strong>Los empaquetadores de calamita PRE<\/strong>, tienen las roscas preaplicadas con un recubrimiento, consiguiendo as\u00ed una estanqueidad inmediata cuando se retuerce la calamita.<\/em><\/p>\n","protected":false},"excerpt":{"rendered":"<p>El modelo estrella desde hace a\u00f1os de la l\u00ednea profesional PI-SPM pacer . El inyector proporciona una excelente estanqueidad y un anclaje ejemplar. El inyector es adecuado para todos los tipos de inyecci\u00f3n. Garantiza una estanqueidad ejemplar de los calamitres, as\u00ed como de la parte del puntal, tanto para la inyecci\u00f3n a alta presi\u00f3n como [&hellip;]<\/p>\n","protected":false},"featured_media":50824,"template":"","meta":{"_acf_changed":false},"product_brand":[],"product_cat":[784],"product_tag":[],"class_list":{"0":"post-48959","1":"product","2":"type-product","3":"status-publish","4":"has-post-thumbnail","6":"product_cat-obturadores-de-metal","8":"first","9":"instock","10":"taxable","11":"shipping-taxable","12":"product-type-simple"},"acf":[],"yoast_head":"<!-- This site is optimized with the Yoast SEO plugin v27.3 - https:\/\/yoast.com\/product\/yoast-seo-wordpress\/ -->\n<title>Empaquetador de inyecci\u00f3n PI-SPM 13\/300 - PAKERY.PL<\/title>\n<meta name=\"robots\" content=\"index, follow, max-snippet:-1, max-image-preview:large, max-video-preview:-1\" \/>\n<link rel=\"canonical\" href=\"https:\/\/www.pakery.pl\/es\/produkt\/paker-do-iniekcji-pi-spm-13-300\/\" \/>\n<meta property=\"og:locale\" content=\"es_ES\" \/>\n<meta property=\"og:type\" content=\"article\" \/>\n<meta property=\"og:title\" content=\"Empaquetador de inyecci\u00f3n PI-SPM 13\/300 - PAKERY.PL\" \/>\n<meta property=\"og:description\" content=\"El modelo estrella desde hace a\u00f1os de la l\u00ednea profesional PI-SPM pacer . El inyector proporciona una excelente estanqueidad y un anclaje ejemplar. El inyector es adecuado para todos los tipos de inyecci\u00f3n. Garantiza una estanqueidad ejemplar de los calamitres, as\u00ed como de la parte del puntal, tanto para la inyecci\u00f3n a alta presi\u00f3n como [&hellip;]\" \/>\n<meta property=\"og:url\" content=\"https:\/\/www.pakery.pl\/es\/produkt\/paker-do-iniekcji-pi-spm-13-300\/\" \/>\n<meta property=\"og:site_name\" content=\"PAKERY.PL\" \/>\n<meta property=\"og:image\" content=\"https:\/\/www.pakery.pl\/wp-content\/uploads\/2025\/05\/PI-SPM-13300-ikona.jpg\" \/>\n\t<meta property=\"og:image:width\" content=\"683\" \/>\n\t<meta property=\"og:image:height\" content=\"683\" \/>\n\t<meta property=\"og:image:type\" content=\"image\/jpeg\" \/>\n<meta name=\"twitter:card\" content=\"summary_large_image\" \/>\n<meta name=\"twitter:label1\" content=\"Tiempo de lectura\" \/>\n\t<meta name=\"twitter:data1\" content=\"1 minuto\" \/>\n<script type=\"application\/ld+json\" class=\"yoast-schema-graph\">{\"@context\":\"https:\\\/\\\/schema.org\",\"@graph\":[{\"@type\":\"WebPage\",\"@id\":\"https:\\\/\\\/www.pakery.pl\\\/es\\\/produkt\\\/paker-do-iniekcji-pi-spm-13-300\\\/\",\"url\":\"https:\\\/\\\/www.pakery.pl\\\/es\\\/produkt\\\/paker-do-iniekcji-pi-spm-13-300\\\/\",\"name\":\"Empaquetador de inyecci\u00f3n PI-SPM 13\\\/300 - PAKERY.PL\",\"isPartOf\":{\"@id\":\"https:\\\/\\\/www.pakery.pl\\\/es\\\/#website\"},\"primaryImageOfPage\":{\"@id\":\"https:\\\/\\\/www.pakery.pl\\\/es\\\/produkt\\\/paker-do-iniekcji-pi-spm-13-300\\\/#primaryimage\"},\"image\":{\"@id\":\"https:\\\/\\\/www.pakery.pl\\\/es\\\/produkt\\\/paker-do-iniekcji-pi-spm-13-300\\\/#primaryimage\"},\"thumbnailUrl\":\"https:\\\/\\\/www.pakery.pl\\\/wp-content\\\/uploads\\\/2025\\\/05\\\/PI-SPM-13300-ikona.png\",\"datePublished\":\"2025-05-12T06:13:57+00:00\",\"breadcrumb\":{\"@id\":\"https:\\\/\\\/www.pakery.pl\\\/es\\\/produkt\\\/paker-do-iniekcji-pi-spm-13-300\\\/#breadcrumb\"},\"inLanguage\":\"es\",\"potentialAction\":[{\"@type\":\"ReadAction\",\"target\":[\"https:\\\/\\\/www.pakery.pl\\\/es\\\/produkt\\\/paker-do-iniekcji-pi-spm-13-300\\\/\"]}]},{\"@type\":\"ImageObject\",\"inLanguage\":\"es\",\"@id\":\"https:\\\/\\\/www.pakery.pl\\\/es\\\/produkt\\\/paker-do-iniekcji-pi-spm-13-300\\\/#primaryimage\",\"url\":\"https:\\\/\\\/www.pakery.pl\\\/wp-content\\\/uploads\\\/2025\\\/05\\\/PI-SPM-13300-ikona.png\",\"contentUrl\":\"https:\\\/\\\/www.pakery.pl\\\/wp-content\\\/uploads\\\/2025\\\/05\\\/PI-SPM-13300-ikona.png\",\"width\":683,\"height\":683},{\"@type\":\"BreadcrumbList\",\"@id\":\"https:\\\/\\\/www.pakery.pl\\\/es\\\/produkt\\\/paker-do-iniekcji-pi-spm-13-300\\\/#breadcrumb\",\"itemListElement\":[{\"@type\":\"ListItem\",\"position\":1,\"name\":\"Strona g\u0142\u00f3wna\",\"item\":\"https:\\\/\\\/www.pakery.pl\\\/es\\\/\"},{\"@type\":\"ListItem\",\"position\":2,\"name\":\"Tienda\",\"item\":\"https:\\\/\\\/www.pakery.pl\\\/es\\\/tienda\\\/\"},{\"@type\":\"ListItem\",\"position\":3,\"name\":\"Empaquetador de inyecci\u00f3n PI-SPM 13\\\/300\"}]},{\"@type\":\"WebSite\",\"@id\":\"https:\\\/\\\/www.pakery.pl\\\/es\\\/#website\",\"url\":\"https:\\\/\\\/www.pakery.pl\\\/es\\\/\",\"name\":\"Pakery.pl\",\"description\":\"Pakery iniekcyjne, Kotwy spiralne, Lance iniekcyjne, W\u0119\u017ce do iniekcji, Pompy iniekcyjne, Serwis pomp iniekcyjnych, Wynajem pomp do iniekcji\",\"publisher\":{\"@id\":\"https:\\\/\\\/www.pakery.pl\\\/es\\\/#organization\"},\"potentialAction\":[{\"@type\":\"SearchAction\",\"target\":{\"@type\":\"EntryPoint\",\"urlTemplate\":\"https:\\\/\\\/www.pakery.pl\\\/es\\\/?s={search_term_string}\"},\"query-input\":{\"@type\":\"PropertyValueSpecification\",\"valueRequired\":true,\"valueName\":\"search_term_string\"}}],\"inLanguage\":\"es\"},{\"@type\":\"Organization\",\"@id\":\"https:\\\/\\\/www.pakery.pl\\\/es\\\/#organization\",\"name\":\"PAKERY.PL\",\"url\":\"https:\\\/\\\/www.pakery.pl\\\/es\\\/\",\"logo\":{\"@type\":\"ImageObject\",\"inLanguage\":\"es\",\"@id\":\"https:\\\/\\\/www.pakery.pl\\\/es\\\/#\\\/schema\\\/logo\\\/image\\\/\",\"url\":\"https:\\\/\\\/www.pakery.pl\\\/wp-content\\\/uploads\\\/2021\\\/04\\\/cropped-PAKERY-LOGO.png\",\"contentUrl\":\"https:\\\/\\\/www.pakery.pl\\\/wp-content\\\/uploads\\\/2021\\\/04\\\/cropped-PAKERY-LOGO.png\",\"width\":1529,\"height\":500,\"caption\":\"PAKERY.PL\"},\"image\":{\"@id\":\"https:\\\/\\\/www.pakery.pl\\\/es\\\/#\\\/schema\\\/logo\\\/image\\\/\"}}]}<\/script>\n<!-- \/ Yoast SEO plugin. -->","yoast_head_json":{"title":"Empaquetador de inyecci\u00f3n PI-SPM 13\/300 - PAKERY.PL","robots":{"index":"index","follow":"follow","max-snippet":"max-snippet:-1","max-image-preview":"max-image-preview:large","max-video-preview":"max-video-preview:-1"},"canonical":"https:\/\/www.pakery.pl\/es\/produkt\/paker-do-iniekcji-pi-spm-13-300\/","og_locale":"es_ES","og_type":"article","og_title":"Empaquetador de inyecci\u00f3n PI-SPM 13\/300 - PAKERY.PL","og_description":"El modelo estrella desde hace a\u00f1os de la l\u00ednea profesional PI-SPM pacer . El inyector proporciona una excelente estanqueidad y un anclaje ejemplar. El inyector es adecuado para todos los tipos de inyecci\u00f3n. Garantiza una estanqueidad ejemplar de los calamitres, as\u00ed como de la parte del puntal, tanto para la inyecci\u00f3n a alta presi\u00f3n como [&hellip;]","og_url":"https:\/\/www.pakery.pl\/es\/produkt\/paker-do-iniekcji-pi-spm-13-300\/","og_site_name":"PAKERY.PL","og_image":[{"width":683,"height":683,"url":"https:\/\/www.pakery.pl\/wp-content\/uploads\/2025\/05\/PI-SPM-13300-ikona.jpg","type":"image\/jpeg"}],"twitter_card":"summary_large_image","twitter_misc":{"Tiempo de lectura":"1 minuto"},"schema":{"@context":"https:\/\/schema.org","@graph":[{"@type":"WebPage","@id":"https:\/\/www.pakery.pl\/es\/produkt\/paker-do-iniekcji-pi-spm-13-300\/","url":"https:\/\/www.pakery.pl\/es\/produkt\/paker-do-iniekcji-pi-spm-13-300\/","name":"Empaquetador de inyecci\u00f3n PI-SPM 13\/300 - PAKERY.PL","isPartOf":{"@id":"https:\/\/www.pakery.pl\/es\/#website"},"primaryImageOfPage":{"@id":"https:\/\/www.pakery.pl\/es\/produkt\/paker-do-iniekcji-pi-spm-13-300\/#primaryimage"},"image":{"@id":"https:\/\/www.pakery.pl\/es\/produkt\/paker-do-iniekcji-pi-spm-13-300\/#primaryimage"},"thumbnailUrl":"https:\/\/www.pakery.pl\/wp-content\/uploads\/2025\/05\/PI-SPM-13300-ikona.png","datePublished":"2025-05-12T06:13:57+00:00","breadcrumb":{"@id":"https:\/\/www.pakery.pl\/es\/produkt\/paker-do-iniekcji-pi-spm-13-300\/#breadcrumb"},"inLanguage":"es","potentialAction":[{"@type":"ReadAction","target":["https:\/\/www.pakery.pl\/es\/produkt\/paker-do-iniekcji-pi-spm-13-300\/"]}]},{"@type":"ImageObject","inLanguage":"es","@id":"https:\/\/www.pakery.pl\/es\/produkt\/paker-do-iniekcji-pi-spm-13-300\/#primaryimage","url":"https:\/\/www.pakery.pl\/wp-content\/uploads\/2025\/05\/PI-SPM-13300-ikona.png","contentUrl":"https:\/\/www.pakery.pl\/wp-content\/uploads\/2025\/05\/PI-SPM-13300-ikona.png","width":683,"height":683},{"@type":"BreadcrumbList","@id":"https:\/\/www.pakery.pl\/es\/produkt\/paker-do-iniekcji-pi-spm-13-300\/#breadcrumb","itemListElement":[{"@type":"ListItem","position":1,"name":"Strona g\u0142\u00f3wna","item":"https:\/\/www.pakery.pl\/es\/"},{"@type":"ListItem","position":2,"name":"Tienda","item":"https:\/\/www.pakery.pl\/es\/tienda\/"},{"@type":"ListItem","position":3,"name":"Empaquetador de inyecci\u00f3n PI-SPM 13\/300"}]},{"@type":"WebSite","@id":"https:\/\/www.pakery.pl\/es\/#website","url":"https:\/\/www.pakery.pl\/es\/","name":"Pakery.pl","description":"Pakery iniekcyjne, Kotwy spiralne, Lance iniekcyjne, W\u0119\u017ce do iniekcji, Pompy iniekcyjne, Serwis pomp iniekcyjnych, Wynajem pomp do iniekcji","publisher":{"@id":"https:\/\/www.pakery.pl\/es\/#organization"},"potentialAction":[{"@type":"SearchAction","target":{"@type":"EntryPoint","urlTemplate":"https:\/\/www.pakery.pl\/es\/?s={search_term_string}"},"query-input":{"@type":"PropertyValueSpecification","valueRequired":true,"valueName":"search_term_string"}}],"inLanguage":"es"},{"@type":"Organization","@id":"https:\/\/www.pakery.pl\/es\/#organization","name":"PAKERY.PL","url":"https:\/\/www.pakery.pl\/es\/","logo":{"@type":"ImageObject","inLanguage":"es","@id":"https:\/\/www.pakery.pl\/es\/#\/schema\/logo\/image\/","url":"https:\/\/www.pakery.pl\/wp-content\/uploads\/2021\/04\/cropped-PAKERY-LOGO.png","contentUrl":"https:\/\/www.pakery.pl\/wp-content\/uploads\/2021\/04\/cropped-PAKERY-LOGO.png","width":1529,"height":500,"caption":"PAKERY.PL"},"image":{"@id":"https:\/\/www.pakery.pl\/es\/#\/schema\/logo\/image\/"}}]}},"_links":{"self":[{"href":"https:\/\/www.pakery.pl\/es\/wp-json\/wp\/v2\/product\/48959","targetHints":{"allow":["GET"]}}],"collection":[{"href":"https:\/\/www.pakery.pl\/es\/wp-json\/wp\/v2\/product"}],"about":[{"href":"https:\/\/www.pakery.pl\/es\/wp-json\/wp\/v2\/types\/product"}],"version-history":[{"count":0,"href":"https:\/\/www.pakery.pl\/es\/wp-json\/wp\/v2\/product\/48959\/revisions"}],"wp:featuredmedia":[{"embeddable":true,"href":"https:\/\/www.pakery.pl\/es\/wp-json\/wp\/v2\/media\/50824"}],"wp:attachment":[{"href":"https:\/\/www.pakery.pl\/es\/wp-json\/wp\/v2\/media?parent=48959"}],"wp:term":[{"taxonomy":"product_brand","embeddable":true,"href":"https:\/\/www.pakery.pl\/es\/wp-json\/wp\/v2\/product_brand?post=48959"},{"taxonomy":"product_cat","embeddable":true,"href":"https:\/\/www.pakery.pl\/es\/wp-json\/wp\/v2\/product_cat?post=48959"},{"taxonomy":"product_tag","embeddable":true,"href":"https:\/\/www.pakery.pl\/es\/wp-json\/wp\/v2\/product_tag?post=48959"}],"curies":[{"name":"wp","href":"https:\/\/api.w.org\/{rel}","templated":true}]}}