{"id":16450,"date":"2021-06-21T13:56:00","date_gmt":"2021-08-11T06:10:55","guid":{"rendered":"https:\/\/www.pakery.pl\/produkt\/cybant\/"},"modified":"2021-08-11T08:11:05","modified_gmt":"2021-08-11T06:11:05","slug":"cybant-binaural-clamp-on-manguera-inyeccion","status":"publish","type":"product","link":"https:\/\/www.pakery.pl\/es\/produkt\/cybant-binaural-clamp-on-manguera-inyeccion\/","title":{"rendered":"Cybant"},"content":{"rendered":"<p>Pernos en U necesarios para mantener la tensi\u00f3n entre la conexi\u00f3n de la manguera de inyecci\u00f3n. Para elegir el di\u00e1metro apropiado, consulte las descripciones de los productos individuales en la categor\u00eda.<em><strong> mangueras de inyecci\u00f3n<\/strong><\/em> .<\/p>\n","protected":false},"excerpt":{"rendered":"<p>Pernos en U necesarios para mantener la tensi\u00f3n entre la conexi\u00f3n de la manguera de inyecci\u00f3n. Para elegir el di\u00e1metro apropiado, consulte las descripciones de los productos individuales en la categor\u00eda. mangueras de inyecci\u00f3n .<\/p>\n","protected":false},"featured_media":16451,"template":"","meta":{"_acf_changed":false},"product_brand":[],"product_cat":[780],"product_tag":[],"class_list":{"0":"post-16450","1":"product","2":"type-product","3":"status-publish","4":"has-post-thumbnail","6":"product_cat-mangueras-de-inyeccion","7":"pa_rozmiar-11-13-mm-es","8":"pa_rozmiar-13-15-mm-es","9":"pa_rozmiar-15-18-mm-es","10":"pa_rozmiar-9-11-mm-es","12":"first","13":"instock","14":"taxable","15":"shipping-taxable","16":"purchasable","17":"product-type-variable","18":"has-default-attributes"},"acf":[],"yoast_head":"<!-- This site is optimized with the Yoast SEO plugin v27.3 - https:\/\/yoast.com\/product\/yoast-seo-wordpress\/ -->\n<title>Cybant - PAKERY.PL | Abrazadera binaural para mangueras de inyecci\u00f3n<\/title>\n<meta name=\"description\" content=\"Cybant | Abrazadera binaural para mangueras de inyecci\u00f3n | Mangueras de inyeccion\" \/>\n<meta name=\"robots\" content=\"index, follow, max-snippet:-1, max-image-preview:large, max-video-preview:-1\" \/>\n<link rel=\"canonical\" href=\"https:\/\/www.pakery.pl\/es\/produkt\/cybant-binaural-clamp-on-manguera-inyeccion\/\" \/>\n<meta property=\"og:locale\" content=\"es_ES\" \/>\n<meta property=\"og:type\" content=\"article\" \/>\n<meta property=\"og:title\" content=\"Cybant - PAKERY.PL | Abrazadera binaural para mangueras de inyecci\u00f3n\" \/>\n<meta property=\"og:description\" content=\"Cybant | Abrazadera binaural para mangueras de inyecci\u00f3n | Mangueras de inyeccion\" \/>\n<meta property=\"og:url\" content=\"https:\/\/www.pakery.pl\/es\/produkt\/cybant-binaural-clamp-on-manguera-inyeccion\/\" \/>\n<meta property=\"og:site_name\" content=\"PAKERY.PL\" \/>\n<meta property=\"article:modified_time\" content=\"2021-08-11T06:11:05+00:00\" \/>\n<meta property=\"og:image\" content=\"https:\/\/www.pakery.pl\/wp-content\/uploads\/2021\/06\/Cybanty-zestaw-1.png\" \/>\n\t<meta property=\"og:image:width\" content=\"2500\" \/>\n\t<meta property=\"og:image:height\" content=\"2500\" \/>\n\t<meta property=\"og:image:type\" content=\"image\/png\" \/>\n<meta name=\"twitter:card\" content=\"summary_large_image\" \/>\n<script type=\"application\/ld+json\" class=\"yoast-schema-graph\">{\"@context\":\"https:\\\/\\\/schema.org\",\"@graph\":[{\"@type\":\"WebPage\",\"@id\":\"https:\\\/\\\/www.pakery.pl\\\/es\\\/produkt\\\/cybant-binaural-clamp-on-manguera-inyeccion\\\/\",\"url\":\"https:\\\/\\\/www.pakery.pl\\\/es\\\/produkt\\\/cybant-binaural-clamp-on-manguera-inyeccion\\\/\",\"name\":\"Cybant - PAKERY.PL | Abrazadera binaural para mangueras de inyecci\u00f3n\",\"isPartOf\":{\"@id\":\"https:\\\/\\\/www.pakery.pl\\\/es\\\/#website\"},\"primaryImageOfPage\":{\"@id\":\"https:\\\/\\\/www.pakery.pl\\\/es\\\/produkt\\\/cybant-binaural-clamp-on-manguera-inyeccion\\\/#primaryimage\"},\"image\":{\"@id\":\"https:\\\/\\\/www.pakery.pl\\\/es\\\/produkt\\\/cybant-binaural-clamp-on-manguera-inyeccion\\\/#primaryimage\"},\"thumbnailUrl\":\"https:\\\/\\\/www.pakery.pl\\\/wp-content\\\/uploads\\\/2021\\\/06\\\/Cybanty-zestaw-1.png\",\"datePublished\":\"2021-08-11T06:10:55+00:00\",\"dateModified\":\"2021-08-11T06:11:05+00:00\",\"description\":\"Cybant | Abrazadera binaural para mangueras de inyecci\u00f3n | Mangueras de inyeccion\",\"breadcrumb\":{\"@id\":\"https:\\\/\\\/www.pakery.pl\\\/es\\\/produkt\\\/cybant-binaural-clamp-on-manguera-inyeccion\\\/#breadcrumb\"},\"inLanguage\":\"es\",\"potentialAction\":[{\"@type\":\"ReadAction\",\"target\":[\"https:\\\/\\\/www.pakery.pl\\\/es\\\/produkt\\\/cybant-binaural-clamp-on-manguera-inyeccion\\\/\"]}]},{\"@type\":\"ImageObject\",\"inLanguage\":\"es\",\"@id\":\"https:\\\/\\\/www.pakery.pl\\\/es\\\/produkt\\\/cybant-binaural-clamp-on-manguera-inyeccion\\\/#primaryimage\",\"url\":\"https:\\\/\\\/www.pakery.pl\\\/wp-content\\\/uploads\\\/2021\\\/06\\\/Cybanty-zestaw-1.png\",\"contentUrl\":\"https:\\\/\\\/www.pakery.pl\\\/wp-content\\\/uploads\\\/2021\\\/06\\\/Cybanty-zestaw-1.png\",\"width\":2500,\"height\":2500,\"caption\":\"Pernos en U | Abrazaderas de manguera de inyecci\u00f3n\"},{\"@type\":\"BreadcrumbList\",\"@id\":\"https:\\\/\\\/www.pakery.pl\\\/es\\\/produkt\\\/cybant-binaural-clamp-on-manguera-inyeccion\\\/#breadcrumb\",\"itemListElement\":[{\"@type\":\"ListItem\",\"position\":1,\"name\":\"Strona g\u0142\u00f3wna\",\"item\":\"https:\\\/\\\/www.pakery.pl\\\/es\\\/\"},{\"@type\":\"ListItem\",\"position\":2,\"name\":\"Tienda\",\"item\":\"https:\\\/\\\/www.pakery.pl\\\/es\\\/tienda\\\/\"},{\"@type\":\"ListItem\",\"position\":3,\"name\":\"Cybant\"}]},{\"@type\":\"WebSite\",\"@id\":\"https:\\\/\\\/www.pakery.pl\\\/es\\\/#website\",\"url\":\"https:\\\/\\\/www.pakery.pl\\\/es\\\/\",\"name\":\"Pakery.pl\",\"description\":\"Pakery iniekcyjne, Kotwy spiralne, Lance iniekcyjne, W\u0119\u017ce do iniekcji, Pompy iniekcyjne, Serwis pomp iniekcyjnych, Wynajem pomp do iniekcji\",\"publisher\":{\"@id\":\"https:\\\/\\\/www.pakery.pl\\\/es\\\/#organization\"},\"potentialAction\":[{\"@type\":\"SearchAction\",\"target\":{\"@type\":\"EntryPoint\",\"urlTemplate\":\"https:\\\/\\\/www.pakery.pl\\\/es\\\/?s={search_term_string}\"},\"query-input\":{\"@type\":\"PropertyValueSpecification\",\"valueRequired\":true,\"valueName\":\"search_term_string\"}}],\"inLanguage\":\"es\"},{\"@type\":\"Organization\",\"@id\":\"https:\\\/\\\/www.pakery.pl\\\/es\\\/#organization\",\"name\":\"PAKERY.PL\",\"url\":\"https:\\\/\\\/www.pakery.pl\\\/es\\\/\",\"logo\":{\"@type\":\"ImageObject\",\"inLanguage\":\"es\",\"@id\":\"https:\\\/\\\/www.pakery.pl\\\/es\\\/#\\\/schema\\\/logo\\\/image\\\/\",\"url\":\"https:\\\/\\\/www.pakery.pl\\\/wp-content\\\/uploads\\\/2021\\\/04\\\/cropped-PAKERY-LOGO.png\",\"contentUrl\":\"https:\\\/\\\/www.pakery.pl\\\/wp-content\\\/uploads\\\/2021\\\/04\\\/cropped-PAKERY-LOGO.png\",\"width\":1529,\"height\":500,\"caption\":\"PAKERY.PL\"},\"image\":{\"@id\":\"https:\\\/\\\/www.pakery.pl\\\/es\\\/#\\\/schema\\\/logo\\\/image\\\/\"}}]}<\/script>\n<!-- \/ Yoast SEO plugin. -->","yoast_head_json":{"title":"Cybant - PAKERY.PL | Abrazadera binaural para mangueras de inyecci\u00f3n","description":"Cybant | Abrazadera binaural para mangueras de inyecci\u00f3n | Mangueras de inyeccion","robots":{"index":"index","follow":"follow","max-snippet":"max-snippet:-1","max-image-preview":"max-image-preview:large","max-video-preview":"max-video-preview:-1"},"canonical":"https:\/\/www.pakery.pl\/es\/produkt\/cybant-binaural-clamp-on-manguera-inyeccion\/","og_locale":"es_ES","og_type":"article","og_title":"Cybant - PAKERY.PL | Abrazadera binaural para mangueras de inyecci\u00f3n","og_description":"Cybant | Abrazadera binaural para mangueras de inyecci\u00f3n | Mangueras de inyeccion","og_url":"https:\/\/www.pakery.pl\/es\/produkt\/cybant-binaural-clamp-on-manguera-inyeccion\/","og_site_name":"PAKERY.PL","article_modified_time":"2021-08-11T06:11:05+00:00","og_image":[{"width":2500,"height":2500,"url":"https:\/\/www.pakery.pl\/wp-content\/uploads\/2021\/06\/Cybanty-zestaw-1.png","type":"image\/png"}],"twitter_card":"summary_large_image","schema":{"@context":"https:\/\/schema.org","@graph":[{"@type":"WebPage","@id":"https:\/\/www.pakery.pl\/es\/produkt\/cybant-binaural-clamp-on-manguera-inyeccion\/","url":"https:\/\/www.pakery.pl\/es\/produkt\/cybant-binaural-clamp-on-manguera-inyeccion\/","name":"Cybant - PAKERY.PL | Abrazadera binaural para mangueras de inyecci\u00f3n","isPartOf":{"@id":"https:\/\/www.pakery.pl\/es\/#website"},"primaryImageOfPage":{"@id":"https:\/\/www.pakery.pl\/es\/produkt\/cybant-binaural-clamp-on-manguera-inyeccion\/#primaryimage"},"image":{"@id":"https:\/\/www.pakery.pl\/es\/produkt\/cybant-binaural-clamp-on-manguera-inyeccion\/#primaryimage"},"thumbnailUrl":"https:\/\/www.pakery.pl\/wp-content\/uploads\/2021\/06\/Cybanty-zestaw-1.png","datePublished":"2021-08-11T06:10:55+00:00","dateModified":"2021-08-11T06:11:05+00:00","description":"Cybant | Abrazadera binaural para mangueras de inyecci\u00f3n | Mangueras de inyeccion","breadcrumb":{"@id":"https:\/\/www.pakery.pl\/es\/produkt\/cybant-binaural-clamp-on-manguera-inyeccion\/#breadcrumb"},"inLanguage":"es","potentialAction":[{"@type":"ReadAction","target":["https:\/\/www.pakery.pl\/es\/produkt\/cybant-binaural-clamp-on-manguera-inyeccion\/"]}]},{"@type":"ImageObject","inLanguage":"es","@id":"https:\/\/www.pakery.pl\/es\/produkt\/cybant-binaural-clamp-on-manguera-inyeccion\/#primaryimage","url":"https:\/\/www.pakery.pl\/wp-content\/uploads\/2021\/06\/Cybanty-zestaw-1.png","contentUrl":"https:\/\/www.pakery.pl\/wp-content\/uploads\/2021\/06\/Cybanty-zestaw-1.png","width":2500,"height":2500,"caption":"Pernos en U | Abrazaderas de manguera de inyecci\u00f3n"},{"@type":"BreadcrumbList","@id":"https:\/\/www.pakery.pl\/es\/produkt\/cybant-binaural-clamp-on-manguera-inyeccion\/#breadcrumb","itemListElement":[{"@type":"ListItem","position":1,"name":"Strona g\u0142\u00f3wna","item":"https:\/\/www.pakery.pl\/es\/"},{"@type":"ListItem","position":2,"name":"Tienda","item":"https:\/\/www.pakery.pl\/es\/tienda\/"},{"@type":"ListItem","position":3,"name":"Cybant"}]},{"@type":"WebSite","@id":"https:\/\/www.pakery.pl\/es\/#website","url":"https:\/\/www.pakery.pl\/es\/","name":"Pakery.pl","description":"Pakery iniekcyjne, Kotwy spiralne, Lance iniekcyjne, W\u0119\u017ce do iniekcji, Pompy iniekcyjne, Serwis pomp iniekcyjnych, Wynajem pomp do iniekcji","publisher":{"@id":"https:\/\/www.pakery.pl\/es\/#organization"},"potentialAction":[{"@type":"SearchAction","target":{"@type":"EntryPoint","urlTemplate":"https:\/\/www.pakery.pl\/es\/?s={search_term_string}"},"query-input":{"@type":"PropertyValueSpecification","valueRequired":true,"valueName":"search_term_string"}}],"inLanguage":"es"},{"@type":"Organization","@id":"https:\/\/www.pakery.pl\/es\/#organization","name":"PAKERY.PL","url":"https:\/\/www.pakery.pl\/es\/","logo":{"@type":"ImageObject","inLanguage":"es","@id":"https:\/\/www.pakery.pl\/es\/#\/schema\/logo\/image\/","url":"https:\/\/www.pakery.pl\/wp-content\/uploads\/2021\/04\/cropped-PAKERY-LOGO.png","contentUrl":"https:\/\/www.pakery.pl\/wp-content\/uploads\/2021\/04\/cropped-PAKERY-LOGO.png","width":1529,"height":500,"caption":"PAKERY.PL"},"image":{"@id":"https:\/\/www.pakery.pl\/es\/#\/schema\/logo\/image\/"}}]}},"_links":{"self":[{"href":"https:\/\/www.pakery.pl\/es\/wp-json\/wp\/v2\/product\/16450","targetHints":{"allow":["GET"]}}],"collection":[{"href":"https:\/\/www.pakery.pl\/es\/wp-json\/wp\/v2\/product"}],"about":[{"href":"https:\/\/www.pakery.pl\/es\/wp-json\/wp\/v2\/types\/product"}],"version-history":[{"count":1,"href":"https:\/\/www.pakery.pl\/es\/wp-json\/wp\/v2\/product\/16450\/revisions"}],"predecessor-version":[{"id":16514,"href":"https:\/\/www.pakery.pl\/es\/wp-json\/wp\/v2\/product\/16450\/revisions\/16514"}],"wp:featuredmedia":[{"embeddable":true,"href":"https:\/\/www.pakery.pl\/es\/wp-json\/wp\/v2\/media\/16451"}],"wp:attachment":[{"href":"https:\/\/www.pakery.pl\/es\/wp-json\/wp\/v2\/media?parent=16450"}],"wp:term":[{"taxonomy":"product_brand","embeddable":true,"href":"https:\/\/www.pakery.pl\/es\/wp-json\/wp\/v2\/product_brand?post=16450"},{"taxonomy":"product_cat","embeddable":true,"href":"https:\/\/www.pakery.pl\/es\/wp-json\/wp\/v2\/product_cat?post=16450"},{"taxonomy":"product_tag","embeddable":true,"href":"https:\/\/www.pakery.pl\/es\/wp-json\/wp\/v2\/product_tag?post=16450"}],"curies":[{"name":"wp","href":"https:\/\/api.w.org\/{rel}","templated":true}]}}