{"id":16271,"date":"2021-08-11T08:08:20","date_gmt":"2021-08-11T06:08:20","guid":{"rendered":"https:\/\/www.pakery.pl\/produkt\/accesorio-alicates-m10x1\/"},"modified":"2021-08-11T08:08:21","modified_gmt":"2021-08-11T06:08:21","slug":"accesorio-alicates-m10x1","status":"publish","type":"product","link":"https:\/\/www.pakery.pl\/es\/produkt\/accesorio-alicates-m10x1\/","title":{"rendered":"Accesorio alicates m10x1"},"content":{"rendered":"\t\t<div data-elementor-type=\"product-post\" data-elementor-id=\"16271\" class=\"elementor elementor-16271\" data-elementor-post-type=\"product\">\n\t\t\t\t\t\t<section class=\"elementor-section elementor-top-section elementor-element elementor-element-d5e9685 elementor-section-full_width elementor-section-height-default elementor-section-height-default\" data-id=\"d5e9685\" data-element_type=\"section\" data-e-type=\"section\">\n\t\t\t\t\t\t<div class=\"elementor-container elementor-column-gap-default\">\n\t\t\t\t\t<div class=\"elementor-column elementor-col-50 elementor-top-column elementor-element elementor-element-f9715c0\" data-id=\"f9715c0\" data-element_type=\"column\" data-e-type=\"column\">\n\t\t\t<div class=\"elementor-widget-wrap elementor-element-populated\">\n\t\t\t\t\t\t<div class=\"elementor-element elementor-element-faa7f49 elementor-widget elementor-widget-text-editor\" data-id=\"faa7f49\" data-element_type=\"widget\" data-e-type=\"widget\" data-widget_type=\"text-editor.default\">\n\t\t\t\t<div class=\"elementor-widget-container\">\n\t\t\t\t\t\t\t\t\t<hr>\n<p><span style=\"color: #000000;\"><b>PROPIEDADES<br \/><\/b><\/span><\/p>\n<ul>\n<li><span style=\"color: #000000;\">F\u00e1cil de montar<\/span><\/li>\n<li><span style=\"color: #000000;\">Conveniencia del trabajo<\/span><\/li>\n<li><span style=\"color: #000000;\">Para suspensiones de cemento<\/span><\/li>\n<li><span style=\"color: #000000;\">Para dispersi\u00f3n de aguas<\/span><\/li>\n<li><span style=\"color: #000000;\">Gran paso de 7,5 mm<\/span><\/li>\n<li><span style=\"color: #000000;\">Compatible con pinzas de inyecci\u00f3n<\/span><\/li>\n<\/ul>\n<p><span style=\"color: #000000;\">La base CPC permite una f\u00e1cil observaci\u00f3n y control de la inyecci\u00f3n a trav\u00e9s de una v\u00e1lvula deslizante retr\u00e1ctil, sellada en ambos lados con juntas t\u00f3ricas. <\/span><\/p>\n<p><span style=\"color: #000000;\">Las tenazas<b> m10x1<\/b> adecuado para envasadores:<b> PI-JG 18\/150, PI-PC 18\/130<\/b><\/span><\/p>\n\t\t\t\t\t\t\t\t<\/div>\n\t\t\t\t<\/div>\n\t\t\t\t\t<\/div>\n\t\t<\/div>\n\t\t\t\t<div class=\"elementor-column elementor-col-50 elementor-top-column elementor-element elementor-element-fda0d39\" data-id=\"fda0d39\" data-element_type=\"column\" data-e-type=\"column\">\n\t\t\t<div class=\"elementor-widget-wrap elementor-element-populated\">\n\t\t\t\t\t\t<div class=\"elementor-element elementor-element-5b3b0ad elementor-widget elementor-widget-image\" data-id=\"5b3b0ad\" data-element_type=\"widget\" data-e-type=\"widget\" data-widget_type=\"image.default\">\n\t\t\t\t<div class=\"elementor-widget-container\">\n\t\t\t\t\t\t\t\t\t\t\t\t\t\t\t<img fetchpriority=\"high\" decoding=\"async\" width=\"768\" height=\"768\" src=\"https:\/\/www.pakery.pl\/wp-content\/uploads\/2021\/05\/nasada-m10x1-768x768.png\" class=\"attachment-medium_large size-medium_large wp-image-4274\" alt=\"\" srcset=\"https:\/\/www.pakery.pl\/wp-content\/uploads\/2021\/05\/nasada-m10x1-768x768.png 768w, https:\/\/www.pakery.pl\/wp-content\/uploads\/2021\/05\/nasada-m10x1-300x300.png 300w, https:\/\/www.pakery.pl\/wp-content\/uploads\/2021\/05\/nasada-m10x1-1024x1024.png 1024w, https:\/\/www.pakery.pl\/wp-content\/uploads\/2021\/05\/nasada-m10x1-150x150.png 150w, https:\/\/www.pakery.pl\/wp-content\/uploads\/2021\/05\/nasada-m10x1-1536x1536.png 1536w, https:\/\/www.pakery.pl\/wp-content\/uploads\/2021\/05\/nasada-m10x1-2048x2048.png 2048w, https:\/\/www.pakery.pl\/wp-content\/uploads\/2021\/05\/nasada-m10x1-683x683.png 683w, https:\/\/www.pakery.pl\/wp-content\/uploads\/2021\/05\/nasada-m10x1-602x602.png 602w, https:\/\/www.pakery.pl\/wp-content\/uploads\/2021\/05\/nasada-m10x1-110x110.png 110w\" sizes=\"(max-width: 768px) 100vw, 768px\" \/>\t\t\t\t\t\t\t\t\t\t\t\t\t\t\t<\/div>\n\t\t\t\t<\/div>\n\t\t\t\t\t<\/div>\n\t\t<\/div>\n\t\t\t\t\t<\/div>\n\t\t<\/section>\n\t\t\t\t<\/div>\n\t\t","protected":false},"excerpt":{"rendered":"<p>PROPIEDADES F\u00e1cil de montar Conveniencia del trabajo Para suspensiones de cemento Para dispersi\u00f3n de aguas Gran paso de 7,5 mm Compatible con pinzas de inyecci\u00f3n La base CPC permite una f\u00e1cil observaci\u00f3n y control de la inyecci\u00f3n a trav\u00e9s de una v\u00e1lvula deslizante retr\u00e1ctil, sellada en ambos lados con juntas t\u00f3ricas. Las tenazas m10x1 adecuado [&hellip;]<\/p>\n","protected":false},"featured_media":16164,"template":"","meta":{"_acf_changed":false},"product_brand":[],"product_cat":[779,781,775],"product_tag":[],"class_list":{"0":"post-16271","1":"product","2":"type-product","3":"status-publish","4":"has-post-thumbnail","6":"product_cat-accesorios-de-inyeccion","7":"product_cat-lanzas-de-inyeccion","8":"product_cat-obturadores-de-cemento","9":"pa_akcesoria-pakerowe-accesorios-de-embalaje","11":"first","12":"instock","13":"taxable","14":"shipping-taxable","15":"purchasable","16":"product-type-simple"},"acf":[],"yoast_head":"<!-- This site is optimized with the Yoast SEO plugin v27.3 - https:\/\/yoast.com\/product\/yoast-seo-wordpress\/ -->\n<title>Accesorio alicates m10x1 | INYECCION | ENVASES DE INYECCI\u00d3N - PAKERY.PL<\/title>\n<meta name=\"description\" content=\"Fijaci\u00f3n alicates con rosca interior M10x1. Permite la conexi\u00f3n de pinzas de inyecci\u00f3n. Facilita mucho el trabajo de inyecci\u00f3n\" \/>\n<meta name=\"robots\" content=\"index, follow, max-snippet:-1, max-image-preview:large, max-video-preview:-1\" \/>\n<link rel=\"canonical\" href=\"https:\/\/www.pakery.pl\/es\/produkt\/accesorio-alicates-m10x1\/\" \/>\n<meta property=\"og:locale\" content=\"es_ES\" \/>\n<meta property=\"og:type\" content=\"article\" \/>\n<meta property=\"og:title\" content=\"Accesorio alicates m10x1 | INYECCION | ENVASES DE INYECCI\u00d3N - PAKERY.PL\" \/>\n<meta property=\"og:description\" content=\"Fijaci\u00f3n alicates con rosca interior M10x1. Permite la conexi\u00f3n de pinzas de inyecci\u00f3n. Facilita mucho el trabajo de inyecci\u00f3n\" \/>\n<meta property=\"og:url\" content=\"https:\/\/www.pakery.pl\/es\/produkt\/accesorio-alicates-m10x1\/\" \/>\n<meta property=\"og:site_name\" content=\"PAKERY.PL\" \/>\n<meta property=\"article:modified_time\" content=\"2021-08-11T06:08:21+00:00\" \/>\n<meta property=\"og:image\" content=\"https:\/\/www.pakery.pl\/wp-content\/uploads\/2021\/04\/CPC.png\" \/>\n\t<meta property=\"og:image:width\" content=\"2500\" \/>\n\t<meta property=\"og:image:height\" content=\"2500\" \/>\n\t<meta property=\"og:image:type\" content=\"image\/png\" \/>\n<meta name=\"twitter:card\" content=\"summary_large_image\" \/>\n<script type=\"application\/ld+json\" class=\"yoast-schema-graph\">{\"@context\":\"https:\\\/\\\/schema.org\",\"@graph\":[{\"@type\":\"WebPage\",\"@id\":\"https:\\\/\\\/www.pakery.pl\\\/es\\\/produkt\\\/accesorio-alicates-m10x1\\\/\",\"url\":\"https:\\\/\\\/www.pakery.pl\\\/es\\\/produkt\\\/accesorio-alicates-m10x1\\\/\",\"name\":\"Accesorio alicates m10x1 | INYECCION | ENVASES DE INYECCI\u00d3N - PAKERY.PL\",\"isPartOf\":{\"@id\":\"https:\\\/\\\/www.pakery.pl\\\/es\\\/#website\"},\"primaryImageOfPage\":{\"@id\":\"https:\\\/\\\/www.pakery.pl\\\/es\\\/produkt\\\/accesorio-alicates-m10x1\\\/#primaryimage\"},\"image\":{\"@id\":\"https:\\\/\\\/www.pakery.pl\\\/es\\\/produkt\\\/accesorio-alicates-m10x1\\\/#primaryimage\"},\"thumbnailUrl\":\"https:\\\/\\\/www.pakery.pl\\\/wp-content\\\/uploads\\\/2021\\\/04\\\/CPC.png\",\"datePublished\":\"2021-08-11T06:08:20+00:00\",\"dateModified\":\"2021-08-11T06:08:21+00:00\",\"description\":\"Fijaci\u00f3n alicates con rosca interior M10x1. Permite la conexi\u00f3n de pinzas de inyecci\u00f3n. Facilita mucho el trabajo de inyecci\u00f3n\",\"breadcrumb\":{\"@id\":\"https:\\\/\\\/www.pakery.pl\\\/es\\\/produkt\\\/accesorio-alicates-m10x1\\\/#breadcrumb\"},\"inLanguage\":\"es\",\"potentialAction\":[{\"@type\":\"ReadAction\",\"target\":[\"https:\\\/\\\/www.pakery.pl\\\/es\\\/produkt\\\/accesorio-alicates-m10x1\\\/\"]}]},{\"@type\":\"ImageObject\",\"inLanguage\":\"es\",\"@id\":\"https:\\\/\\\/www.pakery.pl\\\/es\\\/produkt\\\/accesorio-alicates-m10x1\\\/#primaryimage\",\"url\":\"https:\\\/\\\/www.pakery.pl\\\/wp-content\\\/uploads\\\/2021\\\/04\\\/CPC.png\",\"contentUrl\":\"https:\\\/\\\/www.pakery.pl\\\/wp-content\\\/uploads\\\/2021\\\/04\\\/CPC.png\",\"width\":2500,\"height\":2500,\"caption\":\"accesorio de pinza accesorio de cemento\"},{\"@type\":\"BreadcrumbList\",\"@id\":\"https:\\\/\\\/www.pakery.pl\\\/es\\\/produkt\\\/accesorio-alicates-m10x1\\\/#breadcrumb\",\"itemListElement\":[{\"@type\":\"ListItem\",\"position\":1,\"name\":\"Strona g\u0142\u00f3wna\",\"item\":\"https:\\\/\\\/www.pakery.pl\\\/es\\\/\"},{\"@type\":\"ListItem\",\"position\":2,\"name\":\"Tienda\",\"item\":\"https:\\\/\\\/www.pakery.pl\\\/es\\\/tienda\\\/\"},{\"@type\":\"ListItem\",\"position\":3,\"name\":\"Accesorio alicates m10x1\"}]},{\"@type\":\"WebSite\",\"@id\":\"https:\\\/\\\/www.pakery.pl\\\/es\\\/#website\",\"url\":\"https:\\\/\\\/www.pakery.pl\\\/es\\\/\",\"name\":\"Pakery.pl\",\"description\":\"Pakery iniekcyjne, Kotwy spiralne, Lance iniekcyjne, W\u0119\u017ce do iniekcji, Pompy iniekcyjne, Serwis pomp iniekcyjnych, Wynajem pomp do iniekcji\",\"publisher\":{\"@id\":\"https:\\\/\\\/www.pakery.pl\\\/es\\\/#organization\"},\"potentialAction\":[{\"@type\":\"SearchAction\",\"target\":{\"@type\":\"EntryPoint\",\"urlTemplate\":\"https:\\\/\\\/www.pakery.pl\\\/es\\\/?s={search_term_string}\"},\"query-input\":{\"@type\":\"PropertyValueSpecification\",\"valueRequired\":true,\"valueName\":\"search_term_string\"}}],\"inLanguage\":\"es\"},{\"@type\":\"Organization\",\"@id\":\"https:\\\/\\\/www.pakery.pl\\\/es\\\/#organization\",\"name\":\"PAKERY.PL\",\"url\":\"https:\\\/\\\/www.pakery.pl\\\/es\\\/\",\"logo\":{\"@type\":\"ImageObject\",\"inLanguage\":\"es\",\"@id\":\"https:\\\/\\\/www.pakery.pl\\\/es\\\/#\\\/schema\\\/logo\\\/image\\\/\",\"url\":\"https:\\\/\\\/www.pakery.pl\\\/wp-content\\\/uploads\\\/2021\\\/04\\\/cropped-PAKERY-LOGO.png\",\"contentUrl\":\"https:\\\/\\\/www.pakery.pl\\\/wp-content\\\/uploads\\\/2021\\\/04\\\/cropped-PAKERY-LOGO.png\",\"width\":1529,\"height\":500,\"caption\":\"PAKERY.PL\"},\"image\":{\"@id\":\"https:\\\/\\\/www.pakery.pl\\\/es\\\/#\\\/schema\\\/logo\\\/image\\\/\"}}]}<\/script>\n<!-- \/ Yoast SEO plugin. -->","yoast_head_json":{"title":"Accesorio alicates m10x1 | INYECCION | ENVASES DE INYECCI\u00d3N - PAKERY.PL","description":"Fijaci\u00f3n alicates con rosca interior M10x1. Permite la conexi\u00f3n de pinzas de inyecci\u00f3n. Facilita mucho el trabajo de inyecci\u00f3n","robots":{"index":"index","follow":"follow","max-snippet":"max-snippet:-1","max-image-preview":"max-image-preview:large","max-video-preview":"max-video-preview:-1"},"canonical":"https:\/\/www.pakery.pl\/es\/produkt\/accesorio-alicates-m10x1\/","og_locale":"es_ES","og_type":"article","og_title":"Accesorio alicates m10x1 | INYECCION | ENVASES DE INYECCI\u00d3N - PAKERY.PL","og_description":"Fijaci\u00f3n alicates con rosca interior M10x1. Permite la conexi\u00f3n de pinzas de inyecci\u00f3n. Facilita mucho el trabajo de inyecci\u00f3n","og_url":"https:\/\/www.pakery.pl\/es\/produkt\/accesorio-alicates-m10x1\/","og_site_name":"PAKERY.PL","article_modified_time":"2021-08-11T06:08:21+00:00","og_image":[{"width":2500,"height":2500,"url":"https:\/\/www.pakery.pl\/wp-content\/uploads\/2021\/04\/CPC.png","type":"image\/png"}],"twitter_card":"summary_large_image","schema":{"@context":"https:\/\/schema.org","@graph":[{"@type":"WebPage","@id":"https:\/\/www.pakery.pl\/es\/produkt\/accesorio-alicates-m10x1\/","url":"https:\/\/www.pakery.pl\/es\/produkt\/accesorio-alicates-m10x1\/","name":"Accesorio alicates m10x1 | INYECCION | ENVASES DE INYECCI\u00d3N - PAKERY.PL","isPartOf":{"@id":"https:\/\/www.pakery.pl\/es\/#website"},"primaryImageOfPage":{"@id":"https:\/\/www.pakery.pl\/es\/produkt\/accesorio-alicates-m10x1\/#primaryimage"},"image":{"@id":"https:\/\/www.pakery.pl\/es\/produkt\/accesorio-alicates-m10x1\/#primaryimage"},"thumbnailUrl":"https:\/\/www.pakery.pl\/wp-content\/uploads\/2021\/04\/CPC.png","datePublished":"2021-08-11T06:08:20+00:00","dateModified":"2021-08-11T06:08:21+00:00","description":"Fijaci\u00f3n alicates con rosca interior M10x1. Permite la conexi\u00f3n de pinzas de inyecci\u00f3n. Facilita mucho el trabajo de inyecci\u00f3n","breadcrumb":{"@id":"https:\/\/www.pakery.pl\/es\/produkt\/accesorio-alicates-m10x1\/#breadcrumb"},"inLanguage":"es","potentialAction":[{"@type":"ReadAction","target":["https:\/\/www.pakery.pl\/es\/produkt\/accesorio-alicates-m10x1\/"]}]},{"@type":"ImageObject","inLanguage":"es","@id":"https:\/\/www.pakery.pl\/es\/produkt\/accesorio-alicates-m10x1\/#primaryimage","url":"https:\/\/www.pakery.pl\/wp-content\/uploads\/2021\/04\/CPC.png","contentUrl":"https:\/\/www.pakery.pl\/wp-content\/uploads\/2021\/04\/CPC.png","width":2500,"height":2500,"caption":"accesorio de pinza accesorio de cemento"},{"@type":"BreadcrumbList","@id":"https:\/\/www.pakery.pl\/es\/produkt\/accesorio-alicates-m10x1\/#breadcrumb","itemListElement":[{"@type":"ListItem","position":1,"name":"Strona g\u0142\u00f3wna","item":"https:\/\/www.pakery.pl\/es\/"},{"@type":"ListItem","position":2,"name":"Tienda","item":"https:\/\/www.pakery.pl\/es\/tienda\/"},{"@type":"ListItem","position":3,"name":"Accesorio alicates m10x1"}]},{"@type":"WebSite","@id":"https:\/\/www.pakery.pl\/es\/#website","url":"https:\/\/www.pakery.pl\/es\/","name":"Pakery.pl","description":"Pakery iniekcyjne, Kotwy spiralne, Lance iniekcyjne, W\u0119\u017ce do iniekcji, Pompy iniekcyjne, Serwis pomp iniekcyjnych, Wynajem pomp do iniekcji","publisher":{"@id":"https:\/\/www.pakery.pl\/es\/#organization"},"potentialAction":[{"@type":"SearchAction","target":{"@type":"EntryPoint","urlTemplate":"https:\/\/www.pakery.pl\/es\/?s={search_term_string}"},"query-input":{"@type":"PropertyValueSpecification","valueRequired":true,"valueName":"search_term_string"}}],"inLanguage":"es"},{"@type":"Organization","@id":"https:\/\/www.pakery.pl\/es\/#organization","name":"PAKERY.PL","url":"https:\/\/www.pakery.pl\/es\/","logo":{"@type":"ImageObject","inLanguage":"es","@id":"https:\/\/www.pakery.pl\/es\/#\/schema\/logo\/image\/","url":"https:\/\/www.pakery.pl\/wp-content\/uploads\/2021\/04\/cropped-PAKERY-LOGO.png","contentUrl":"https:\/\/www.pakery.pl\/wp-content\/uploads\/2021\/04\/cropped-PAKERY-LOGO.png","width":1529,"height":500,"caption":"PAKERY.PL"},"image":{"@id":"https:\/\/www.pakery.pl\/es\/#\/schema\/logo\/image\/"}}]}},"_links":{"self":[{"href":"https:\/\/www.pakery.pl\/es\/wp-json\/wp\/v2\/product\/16271","targetHints":{"allow":["GET"]}}],"collection":[{"href":"https:\/\/www.pakery.pl\/es\/wp-json\/wp\/v2\/product"}],"about":[{"href":"https:\/\/www.pakery.pl\/es\/wp-json\/wp\/v2\/types\/product"}],"version-history":[{"count":1,"href":"https:\/\/www.pakery.pl\/es\/wp-json\/wp\/v2\/product\/16271\/revisions"}],"predecessor-version":[{"id":16273,"href":"https:\/\/www.pakery.pl\/es\/wp-json\/wp\/v2\/product\/16271\/revisions\/16273"}],"wp:featuredmedia":[{"embeddable":true,"href":"https:\/\/www.pakery.pl\/es\/wp-json\/wp\/v2\/media\/16164"}],"wp:attachment":[{"href":"https:\/\/www.pakery.pl\/es\/wp-json\/wp\/v2\/media?parent=16271"}],"wp:term":[{"taxonomy":"product_brand","embeddable":true,"href":"https:\/\/www.pakery.pl\/es\/wp-json\/wp\/v2\/product_brand?post=16271"},{"taxonomy":"product_cat","embeddable":true,"href":"https:\/\/www.pakery.pl\/es\/wp-json\/wp\/v2\/product_cat?post=16271"},{"taxonomy":"product_tag","embeddable":true,"href":"https:\/\/www.pakery.pl\/es\/wp-json\/wp\/v2\/product_tag?post=16271"}],"curies":[{"name":"wp","href":"https:\/\/api.w.org\/{rel}","templated":true}]}}