{"id":16217,"date":"2021-08-11T08:08:03","date_gmt":"2021-08-11T06:08:03","guid":{"rendered":"https:\/\/www.pakery.pl\/produkt\/empacadora-de-lanza-de-inyeccion\/"},"modified":"2021-08-11T08:08:20","modified_gmt":"2021-08-11T06:08:20","slug":"empacadora-de-lanza-de-inyeccion","status":"publish","type":"product","link":"https:\/\/www.pakery.pl\/es\/produkt\/empacadora-de-lanza-de-inyeccion\/","title":{"rendered":"Empacadora de lanza de inyecci\u00f3n"},"content":{"rendered":"\t\t<div data-elementor-type=\"product-post\" data-elementor-id=\"16217\" class=\"elementor elementor-16217 elementor-1961\" data-elementor-post-type=\"product\">\n\t\t\t\t\t\t<section class=\"elementor-section elementor-top-section elementor-element elementor-element-4b3f2ca elementor-section-boxed elementor-section-height-default elementor-section-height-default\" data-id=\"4b3f2ca\" data-element_type=\"section\" data-e-type=\"section\">\n\t\t\t\t\t\t<div class=\"elementor-container elementor-column-gap-default\">\n\t\t\t\t\t<div class=\"elementor-column elementor-col-100 elementor-top-column elementor-element elementor-element-4a71d8e\" data-id=\"4a71d8e\" data-element_type=\"column\" data-e-type=\"column\">\n\t\t\t<div class=\"elementor-widget-wrap elementor-element-populated\">\n\t\t\t\t\t\t<div class=\"elementor-element elementor-element-a055679 elementor-widget elementor-widget-image\" data-id=\"a055679\" data-element_type=\"widget\" data-e-type=\"widget\" data-widget_type=\"image.default\">\n\t\t\t\t<div class=\"elementor-widget-container\">\n\t\t\t\t\t\t\t\t\t\t\t\t\t\t\t<img fetchpriority=\"high\" decoding=\"async\" width=\"1763\" height=\"565\" src=\"https:\/\/www.pakery.pl\/wp-content\/uploads\/2021\/05\/schemat-lance-PI-JG-18150.png\" class=\"attachment-full size-full wp-image-16228\" alt=\"\" srcset=\"https:\/\/www.pakery.pl\/wp-content\/uploads\/2021\/05\/schemat-lance-PI-JG-18150.png 1763w, https:\/\/www.pakery.pl\/wp-content\/uploads\/2021\/05\/schemat-lance-PI-JG-18150-300x96.png 300w, https:\/\/www.pakery.pl\/wp-content\/uploads\/2021\/05\/schemat-lance-PI-JG-18150-1024x328.png 1024w, https:\/\/www.pakery.pl\/wp-content\/uploads\/2021\/05\/schemat-lance-PI-JG-18150-768x246.png 768w, https:\/\/www.pakery.pl\/wp-content\/uploads\/2021\/05\/schemat-lance-PI-JG-18150-1536x492.png 1536w, https:\/\/www.pakery.pl\/wp-content\/uploads\/2021\/05\/schemat-lance-PI-JG-18150-683x219.png 683w, https:\/\/www.pakery.pl\/wp-content\/uploads\/2021\/05\/schemat-lance-PI-JG-18150-602x193.png 602w\" sizes=\"(max-width: 1763px) 100vw, 1763px\" \/>\t\t\t\t\t\t\t\t\t\t\t\t\t\t\t<\/div>\n\t\t\t\t<\/div>\n\t\t\t\t<div class=\"elementor-element elementor-element-359b8bd elementor-widget elementor-widget-spacer\" data-id=\"359b8bd\" data-element_type=\"widget\" data-e-type=\"widget\" data-widget_type=\"spacer.default\">\n\t\t\t\t<div class=\"elementor-widget-container\">\n\t\t\t\t\t\t\t<div class=\"elementor-spacer\">\n\t\t\t<div class=\"elementor-spacer-inner\"><\/div>\n\t\t<\/div>\n\t\t\t\t\t\t<\/div>\n\t\t\t\t<\/div>\n\t\t\t\t<section class=\"elementor-section elementor-inner-section elementor-element elementor-element-19842a0 elementor-section-boxed elementor-section-height-default elementor-section-height-default\" data-id=\"19842a0\" data-element_type=\"section\" data-e-type=\"section\">\n\t\t\t\t\t\t<div class=\"elementor-container elementor-column-gap-default\">\n\t\t\t\t\t<div class=\"elementor-column elementor-col-50 elementor-inner-column elementor-element elementor-element-a30251c\" data-id=\"a30251c\" data-element_type=\"column\" data-e-type=\"column\">\n\t\t\t<div class=\"elementor-widget-wrap elementor-element-populated\">\n\t\t\t\t\t\t<div class=\"elementor-element elementor-element-f77ed0c elementor-widget elementor-widget-text-editor\" data-id=\"f77ed0c\" data-element_type=\"widget\" data-e-type=\"widget\" data-widget_type=\"text-editor.default\">\n\t\t\t\t<div class=\"elementor-widget-container\">\n\t\t\t\t\t\t\t\t\t<p><span style=\"color: #000000;\"><strong>ESPECIFICACIONES T\u00c9CNICAS:<\/strong><\/span><\/p>\n<ul>\n<li><span style=\"color: #000000;\">material: acero<\/span><\/li>\n<li><span style=\"color: #000000;\">di\u00e1metro ot. inyecci\u00f3n:<b><i> A los 18<\/i><\/b><\/span><\/li>\n<li><span style=\"color: #000000;\">conexi\u00f3n de v\u00e1lvula:<strong> GZ m10x1<\/strong><\/span><\/li>\n<li><span style=\"color: #000000;\">conexi\u00f3n bajo las lanzas<strong> Rosca de 1\/4 \u00bb<\/strong><\/span><\/li>\n<\/ul>\n<p><span style=\"color: #000000;\">Envasador de inyecci\u00f3n HAMMPACK dise\u00f1ado para inyecci\u00f3n con lanzas de inyecci\u00f3n. Gracias al gran di\u00e1metro de flujo, se puede utilizar con \u00e9xito para todos los materiales como: <\/span><br \/><span style=\"color: #000000;\">geopol\u00edmeros, geles acr\u00edlicos, suspensiones de cemento, cremas, dispersiones de agua y otros.<\/span><\/p>\n\t\t\t\t\t\t\t\t<\/div>\n\t\t\t\t<\/div>\n\t\t\t\t\t<\/div>\n\t\t<\/div>\n\t\t\t\t<div class=\"elementor-column elementor-col-50 elementor-inner-column elementor-element elementor-element-103470a\" data-id=\"103470a\" data-element_type=\"column\" data-e-type=\"column\">\n\t\t\t<div class=\"elementor-widget-wrap elementor-element-populated\">\n\t\t\t\t\t\t<div class=\"elementor-element elementor-element-6e32374 elementor-widget elementor-widget-image\" data-id=\"6e32374\" data-element_type=\"widget\" data-e-type=\"widget\" data-widget_type=\"image.default\">\n\t\t\t\t<div class=\"elementor-widget-container\">\n\t\t\t\t\t\t\t\t\t\t\t\t\t\t\t<img decoding=\"async\" width=\"768\" height=\"768\" src=\"https:\/\/www.pakery.pl\/wp-content\/uploads\/2021\/04\/PI-JG-18150-bez-kalamitki-768x768.png\" class=\"attachment-medium_large size-medium_large wp-image-16218\" alt=\"\" srcset=\"https:\/\/www.pakery.pl\/wp-content\/uploads\/2021\/04\/PI-JG-18150-bez-kalamitki-768x768.png 768w, https:\/\/www.pakery.pl\/wp-content\/uploads\/2021\/04\/PI-JG-18150-bez-kalamitki-300x300.png 300w, https:\/\/www.pakery.pl\/wp-content\/uploads\/2021\/04\/PI-JG-18150-bez-kalamitki-1024x1024.png 1024w, https:\/\/www.pakery.pl\/wp-content\/uploads\/2021\/04\/PI-JG-18150-bez-kalamitki-150x150.png 150w, https:\/\/www.pakery.pl\/wp-content\/uploads\/2021\/04\/PI-JG-18150-bez-kalamitki-1536x1536.png 1536w, https:\/\/www.pakery.pl\/wp-content\/uploads\/2021\/04\/PI-JG-18150-bez-kalamitki-2048x2048.png 2048w, https:\/\/www.pakery.pl\/wp-content\/uploads\/2021\/04\/PI-JG-18150-bez-kalamitki-683x683.png 683w, https:\/\/www.pakery.pl\/wp-content\/uploads\/2021\/04\/PI-JG-18150-bez-kalamitki-602x602.png 602w, https:\/\/www.pakery.pl\/wp-content\/uploads\/2021\/04\/PI-JG-18150-bez-kalamitki-110x110.png 110w\" sizes=\"(max-width: 768px) 100vw, 768px\" \/>\t\t\t\t\t\t\t\t\t\t\t\t\t\t\t<\/div>\n\t\t\t\t<\/div>\n\t\t\t\t\t<\/div>\n\t\t<\/div>\n\t\t\t\t\t<\/div>\n\t\t<\/section>\n\t\t\t\t\t<\/div>\n\t\t<\/div>\n\t\t\t\t\t<\/div>\n\t\t<\/section>\n\t\t\t\t<section class=\"elementor-section elementor-top-section elementor-element elementor-element-e1ef0c9 elementor-section-full_width elementor-section-height-default elementor-section-height-default\" data-id=\"e1ef0c9\" data-element_type=\"section\" data-e-type=\"section\">\n\t\t\t\t\t\t<div class=\"elementor-container elementor-column-gap-default\">\n\t\t\t\t\t<div class=\"elementor-column elementor-col-100 elementor-top-column elementor-element elementor-element-8d39ece\" data-id=\"8d39ece\" data-element_type=\"column\" data-e-type=\"column\">\n\t\t\t<div class=\"elementor-widget-wrap elementor-element-populated\">\n\t\t\t\t\t\t<div class=\"elementor-element elementor-element-5c90230 elementor-widget elementor-widget-image\" data-id=\"5c90230\" data-element_type=\"widget\" data-e-type=\"widget\" data-widget_type=\"image.default\">\n\t\t\t\t<div class=\"elementor-widget-container\">\n\t\t\t\t\t\t\t\t\t\t\t\t\t\t\t<img decoding=\"async\" width=\"1024\" height=\"360\" src=\"https:\/\/www.pakery.pl\/wp-content\/uploads\/2021\/04\/schemat-pakera-do-lancy-1024x360.png\" class=\"attachment-large size-large wp-image-16226\" alt=\"\" srcset=\"https:\/\/www.pakery.pl\/wp-content\/uploads\/2021\/04\/schemat-pakera-do-lancy-1024x360.png 1024w, https:\/\/www.pakery.pl\/wp-content\/uploads\/2021\/04\/schemat-pakera-do-lancy-300x105.png 300w, https:\/\/www.pakery.pl\/wp-content\/uploads\/2021\/04\/schemat-pakera-do-lancy-768x270.png 768w, https:\/\/www.pakery.pl\/wp-content\/uploads\/2021\/04\/schemat-pakera-do-lancy-1536x540.png 1536w, https:\/\/www.pakery.pl\/wp-content\/uploads\/2021\/04\/schemat-pakera-do-lancy-2048x720.png 2048w, https:\/\/www.pakery.pl\/wp-content\/uploads\/2021\/04\/schemat-pakera-do-lancy-683x240.png 683w, https:\/\/www.pakery.pl\/wp-content\/uploads\/2021\/04\/schemat-pakera-do-lancy-602x212.png 602w\" sizes=\"(max-width: 1024px) 100vw, 1024px\" \/>\t\t\t\t\t\t\t\t\t\t\t\t\t\t\t<\/div>\n\t\t\t\t<\/div>\n\t\t\t\t\t<\/div>\n\t\t<\/div>\n\t\t\t\t\t<\/div>\n\t\t<\/section>\n\t\t\t\t<\/div>\n\t\t","protected":false},"excerpt":{"rendered":"<p>ESPECIFICACIONES T\u00c9CNICAS: material: acero di\u00e1metro ot. inyecci\u00f3n: A los 18 conexi\u00f3n de v\u00e1lvula: GZ m10x1 conexi\u00f3n bajo las lanzas Rosca de 1\/4 \u00bb Envasador de inyecci\u00f3n HAMMPACK dise\u00f1ado para inyecci\u00f3n con lanzas de inyecci\u00f3n. Gracias al gran di\u00e1metro de flujo, se puede utilizar con \u00e9xito para todos los materiales como: geopol\u00edmeros, geles acr\u00edlicos, suspensiones de [&hellip;]<\/p>\n","protected":false},"featured_media":16218,"template":"","meta":{"_acf_changed":false},"product_brand":[],"product_cat":[781,775],"product_tag":[],"class_list":{"0":"post-16217","1":"product","2":"type-product","3":"status-publish","4":"has-post-thumbnail","6":"product_cat-lanzas-de-inyeccion","7":"product_cat-obturadores-de-cemento","8":"pa_model-kalamitki-base-de-alicates","9":"pa_model-kalamitki-piso-calamite","10":"pa_model-kalamitki-sin-una-calamita","12":"first","13":"instock","14":"taxable","15":"shipping-taxable","16":"purchasable","17":"product-type-variable","18":"has-default-attributes"},"acf":[],"yoast_head":"<!-- This site is optimized with the Yoast SEO plugin v27.3 - https:\/\/yoast.com\/product\/yoast-seo-wordpress\/ -->\n<title>Empacadora de lanza de inyecci\u00f3n - PAKERY.PL<\/title>\n<meta name=\"robots\" content=\"index, follow, max-snippet:-1, max-image-preview:large, max-video-preview:-1\" \/>\n<link rel=\"canonical\" href=\"https:\/\/www.pakery.pl\/es\/produkt\/empacadora-de-lanza-de-inyeccion\/\" \/>\n<meta property=\"og:locale\" content=\"es_ES\" \/>\n<meta property=\"og:type\" content=\"article\" \/>\n<meta property=\"og:title\" content=\"Empacadora de lanza de inyecci\u00f3n - PAKERY.PL\" \/>\n<meta property=\"og:description\" content=\"ESPECIFICACIONES T\u00c9CNICAS: material: acero di\u00e1metro ot. inyecci\u00f3n: A los 18 conexi\u00f3n de v\u00e1lvula: GZ m10x1 conexi\u00f3n bajo las lanzas Rosca de 1\/4 \u00bb Envasador de inyecci\u00f3n HAMMPACK dise\u00f1ado para inyecci\u00f3n con lanzas de inyecci\u00f3n. Gracias al gran di\u00e1metro de flujo, se puede utilizar con \u00e9xito para todos los materiales como: geopol\u00edmeros, geles acr\u00edlicos, suspensiones de [&hellip;]\" \/>\n<meta property=\"og:url\" content=\"https:\/\/www.pakery.pl\/es\/produkt\/empacadora-de-lanza-de-inyeccion\/\" \/>\n<meta property=\"og:site_name\" content=\"PAKERY.PL\" \/>\n<meta property=\"article:modified_time\" content=\"2021-08-11T06:08:20+00:00\" \/>\n<meta property=\"og:image\" content=\"https:\/\/www.pakery.pl\/wp-content\/uploads\/2021\/04\/PI-JG-18150-bez-kalamitki.png\" \/>\n\t<meta property=\"og:image:width\" content=\"2500\" \/>\n\t<meta property=\"og:image:height\" content=\"2500\" \/>\n\t<meta property=\"og:image:type\" content=\"image\/png\" \/>\n<meta name=\"twitter:card\" content=\"summary_large_image\" \/>\n<script type=\"application\/ld+json\" class=\"yoast-schema-graph\">{\"@context\":\"https:\\\/\\\/schema.org\",\"@graph\":[{\"@type\":\"WebPage\",\"@id\":\"https:\\\/\\\/www.pakery.pl\\\/es\\\/produkt\\\/empacadora-de-lanza-de-inyeccion\\\/\",\"url\":\"https:\\\/\\\/www.pakery.pl\\\/es\\\/produkt\\\/empacadora-de-lanza-de-inyeccion\\\/\",\"name\":\"Empacadora de lanza de inyecci\u00f3n - PAKERY.PL\",\"isPartOf\":{\"@id\":\"https:\\\/\\\/www.pakery.pl\\\/es\\\/#website\"},\"primaryImageOfPage\":{\"@id\":\"https:\\\/\\\/www.pakery.pl\\\/es\\\/produkt\\\/empacadora-de-lanza-de-inyeccion\\\/#primaryimage\"},\"image\":{\"@id\":\"https:\\\/\\\/www.pakery.pl\\\/es\\\/produkt\\\/empacadora-de-lanza-de-inyeccion\\\/#primaryimage\"},\"thumbnailUrl\":\"https:\\\/\\\/www.pakery.pl\\\/wp-content\\\/uploads\\\/2021\\\/04\\\/PI-JG-18150-bez-kalamitki.png\",\"datePublished\":\"2021-08-11T06:08:03+00:00\",\"dateModified\":\"2021-08-11T06:08:20+00:00\",\"breadcrumb\":{\"@id\":\"https:\\\/\\\/www.pakery.pl\\\/es\\\/produkt\\\/empacadora-de-lanza-de-inyeccion\\\/#breadcrumb\"},\"inLanguage\":\"es\",\"potentialAction\":[{\"@type\":\"ReadAction\",\"target\":[\"https:\\\/\\\/www.pakery.pl\\\/es\\\/produkt\\\/empacadora-de-lanza-de-inyeccion\\\/\"]}]},{\"@type\":\"ImageObject\",\"inLanguage\":\"es\",\"@id\":\"https:\\\/\\\/www.pakery.pl\\\/es\\\/produkt\\\/empacadora-de-lanza-de-inyeccion\\\/#primaryimage\",\"url\":\"https:\\\/\\\/www.pakery.pl\\\/wp-content\\\/uploads\\\/2021\\\/04\\\/PI-JG-18150-bez-kalamitki.png\",\"contentUrl\":\"https:\\\/\\\/www.pakery.pl\\\/wp-content\\\/uploads\\\/2021\\\/04\\\/PI-JG-18150-bez-kalamitki.png\",\"width\":2500,\"height\":2500,\"caption\":\"Empacadora de lanza de inyecci\u00f3n\"},{\"@type\":\"BreadcrumbList\",\"@id\":\"https:\\\/\\\/www.pakery.pl\\\/es\\\/produkt\\\/empacadora-de-lanza-de-inyeccion\\\/#breadcrumb\",\"itemListElement\":[{\"@type\":\"ListItem\",\"position\":1,\"name\":\"Strona g\u0142\u00f3wna\",\"item\":\"https:\\\/\\\/www.pakery.pl\\\/es\\\/\"},{\"@type\":\"ListItem\",\"position\":2,\"name\":\"Tienda\",\"item\":\"https:\\\/\\\/www.pakery.pl\\\/es\\\/tienda\\\/\"},{\"@type\":\"ListItem\",\"position\":3,\"name\":\"Empacadora de lanza de inyecci\u00f3n\"}]},{\"@type\":\"WebSite\",\"@id\":\"https:\\\/\\\/www.pakery.pl\\\/es\\\/#website\",\"url\":\"https:\\\/\\\/www.pakery.pl\\\/es\\\/\",\"name\":\"Pakery.pl\",\"description\":\"Pakery iniekcyjne, Kotwy spiralne, Lance iniekcyjne, W\u0119\u017ce do iniekcji, Pompy iniekcyjne, Serwis pomp iniekcyjnych, Wynajem pomp do iniekcji\",\"publisher\":{\"@id\":\"https:\\\/\\\/www.pakery.pl\\\/es\\\/#organization\"},\"potentialAction\":[{\"@type\":\"SearchAction\",\"target\":{\"@type\":\"EntryPoint\",\"urlTemplate\":\"https:\\\/\\\/www.pakery.pl\\\/es\\\/?s={search_term_string}\"},\"query-input\":{\"@type\":\"PropertyValueSpecification\",\"valueRequired\":true,\"valueName\":\"search_term_string\"}}],\"inLanguage\":\"es\"},{\"@type\":\"Organization\",\"@id\":\"https:\\\/\\\/www.pakery.pl\\\/es\\\/#organization\",\"name\":\"PAKERY.PL\",\"url\":\"https:\\\/\\\/www.pakery.pl\\\/es\\\/\",\"logo\":{\"@type\":\"ImageObject\",\"inLanguage\":\"es\",\"@id\":\"https:\\\/\\\/www.pakery.pl\\\/es\\\/#\\\/schema\\\/logo\\\/image\\\/\",\"url\":\"https:\\\/\\\/www.pakery.pl\\\/wp-content\\\/uploads\\\/2021\\\/04\\\/cropped-PAKERY-LOGO.png\",\"contentUrl\":\"https:\\\/\\\/www.pakery.pl\\\/wp-content\\\/uploads\\\/2021\\\/04\\\/cropped-PAKERY-LOGO.png\",\"width\":1529,\"height\":500,\"caption\":\"PAKERY.PL\"},\"image\":{\"@id\":\"https:\\\/\\\/www.pakery.pl\\\/es\\\/#\\\/schema\\\/logo\\\/image\\\/\"}}]}<\/script>\n<!-- \/ Yoast SEO plugin. -->","yoast_head_json":{"title":"Empacadora de lanza de inyecci\u00f3n - PAKERY.PL","robots":{"index":"index","follow":"follow","max-snippet":"max-snippet:-1","max-image-preview":"max-image-preview:large","max-video-preview":"max-video-preview:-1"},"canonical":"https:\/\/www.pakery.pl\/es\/produkt\/empacadora-de-lanza-de-inyeccion\/","og_locale":"es_ES","og_type":"article","og_title":"Empacadora de lanza de inyecci\u00f3n - PAKERY.PL","og_description":"ESPECIFICACIONES T\u00c9CNICAS: material: acero di\u00e1metro ot. inyecci\u00f3n: A los 18 conexi\u00f3n de v\u00e1lvula: GZ m10x1 conexi\u00f3n bajo las lanzas Rosca de 1\/4 \u00bb Envasador de inyecci\u00f3n HAMMPACK dise\u00f1ado para inyecci\u00f3n con lanzas de inyecci\u00f3n. Gracias al gran di\u00e1metro de flujo, se puede utilizar con \u00e9xito para todos los materiales como: geopol\u00edmeros, geles acr\u00edlicos, suspensiones de [&hellip;]","og_url":"https:\/\/www.pakery.pl\/es\/produkt\/empacadora-de-lanza-de-inyeccion\/","og_site_name":"PAKERY.PL","article_modified_time":"2021-08-11T06:08:20+00:00","og_image":[{"width":2500,"height":2500,"url":"https:\/\/www.pakery.pl\/wp-content\/uploads\/2021\/04\/PI-JG-18150-bez-kalamitki.png","type":"image\/png"}],"twitter_card":"summary_large_image","schema":{"@context":"https:\/\/schema.org","@graph":[{"@type":"WebPage","@id":"https:\/\/www.pakery.pl\/es\/produkt\/empacadora-de-lanza-de-inyeccion\/","url":"https:\/\/www.pakery.pl\/es\/produkt\/empacadora-de-lanza-de-inyeccion\/","name":"Empacadora de lanza de inyecci\u00f3n - PAKERY.PL","isPartOf":{"@id":"https:\/\/www.pakery.pl\/es\/#website"},"primaryImageOfPage":{"@id":"https:\/\/www.pakery.pl\/es\/produkt\/empacadora-de-lanza-de-inyeccion\/#primaryimage"},"image":{"@id":"https:\/\/www.pakery.pl\/es\/produkt\/empacadora-de-lanza-de-inyeccion\/#primaryimage"},"thumbnailUrl":"https:\/\/www.pakery.pl\/wp-content\/uploads\/2021\/04\/PI-JG-18150-bez-kalamitki.png","datePublished":"2021-08-11T06:08:03+00:00","dateModified":"2021-08-11T06:08:20+00:00","breadcrumb":{"@id":"https:\/\/www.pakery.pl\/es\/produkt\/empacadora-de-lanza-de-inyeccion\/#breadcrumb"},"inLanguage":"es","potentialAction":[{"@type":"ReadAction","target":["https:\/\/www.pakery.pl\/es\/produkt\/empacadora-de-lanza-de-inyeccion\/"]}]},{"@type":"ImageObject","inLanguage":"es","@id":"https:\/\/www.pakery.pl\/es\/produkt\/empacadora-de-lanza-de-inyeccion\/#primaryimage","url":"https:\/\/www.pakery.pl\/wp-content\/uploads\/2021\/04\/PI-JG-18150-bez-kalamitki.png","contentUrl":"https:\/\/www.pakery.pl\/wp-content\/uploads\/2021\/04\/PI-JG-18150-bez-kalamitki.png","width":2500,"height":2500,"caption":"Empacadora de lanza de inyecci\u00f3n"},{"@type":"BreadcrumbList","@id":"https:\/\/www.pakery.pl\/es\/produkt\/empacadora-de-lanza-de-inyeccion\/#breadcrumb","itemListElement":[{"@type":"ListItem","position":1,"name":"Strona g\u0142\u00f3wna","item":"https:\/\/www.pakery.pl\/es\/"},{"@type":"ListItem","position":2,"name":"Tienda","item":"https:\/\/www.pakery.pl\/es\/tienda\/"},{"@type":"ListItem","position":3,"name":"Empacadora de lanza de inyecci\u00f3n"}]},{"@type":"WebSite","@id":"https:\/\/www.pakery.pl\/es\/#website","url":"https:\/\/www.pakery.pl\/es\/","name":"Pakery.pl","description":"Pakery iniekcyjne, Kotwy spiralne, Lance iniekcyjne, W\u0119\u017ce do iniekcji, Pompy iniekcyjne, Serwis pomp iniekcyjnych, Wynajem pomp do iniekcji","publisher":{"@id":"https:\/\/www.pakery.pl\/es\/#organization"},"potentialAction":[{"@type":"SearchAction","target":{"@type":"EntryPoint","urlTemplate":"https:\/\/www.pakery.pl\/es\/?s={search_term_string}"},"query-input":{"@type":"PropertyValueSpecification","valueRequired":true,"valueName":"search_term_string"}}],"inLanguage":"es"},{"@type":"Organization","@id":"https:\/\/www.pakery.pl\/es\/#organization","name":"PAKERY.PL","url":"https:\/\/www.pakery.pl\/es\/","logo":{"@type":"ImageObject","inLanguage":"es","@id":"https:\/\/www.pakery.pl\/es\/#\/schema\/logo\/image\/","url":"https:\/\/www.pakery.pl\/wp-content\/uploads\/2021\/04\/cropped-PAKERY-LOGO.png","contentUrl":"https:\/\/www.pakery.pl\/wp-content\/uploads\/2021\/04\/cropped-PAKERY-LOGO.png","width":1529,"height":500,"caption":"PAKERY.PL"},"image":{"@id":"https:\/\/www.pakery.pl\/es\/#\/schema\/logo\/image\/"}}]}},"_links":{"self":[{"href":"https:\/\/www.pakery.pl\/es\/wp-json\/wp\/v2\/product\/16217","targetHints":{"allow":["GET"]}}],"collection":[{"href":"https:\/\/www.pakery.pl\/es\/wp-json\/wp\/v2\/product"}],"about":[{"href":"https:\/\/www.pakery.pl\/es\/wp-json\/wp\/v2\/types\/product"}],"version-history":[{"count":3,"href":"https:\/\/www.pakery.pl\/es\/wp-json\/wp\/v2\/product\/16217\/revisions"}],"predecessor-version":[{"id":16270,"href":"https:\/\/www.pakery.pl\/es\/wp-json\/wp\/v2\/product\/16217\/revisions\/16270"}],"wp:featuredmedia":[{"embeddable":true,"href":"https:\/\/www.pakery.pl\/es\/wp-json\/wp\/v2\/media\/16218"}],"wp:attachment":[{"href":"https:\/\/www.pakery.pl\/es\/wp-json\/wp\/v2\/media?parent=16217"}],"wp:term":[{"taxonomy":"product_brand","embeddable":true,"href":"https:\/\/www.pakery.pl\/es\/wp-json\/wp\/v2\/product_brand?post=16217"},{"taxonomy":"product_cat","embeddable":true,"href":"https:\/\/www.pakery.pl\/es\/wp-json\/wp\/v2\/product_cat?post=16217"},{"taxonomy":"product_tag","embeddable":true,"href":"https:\/\/www.pakery.pl\/es\/wp-json\/wp\/v2\/product_tag?post=16217"}],"curies":[{"name":"wp","href":"https:\/\/api.w.org\/{rel}","templated":true}]}}