{"id":5266,"date":"2021-04-21T09:19:02","date_gmt":"2021-04-21T07:19:02","guid":{"rendered":"https:\/\/www.pakery.pl\/produkt\/kotwa-spiralna-%e2%8c%8010-mm\/"},"modified":"2023-04-14T10:04:35","modified_gmt":"2023-04-14T08:04:35","slug":"helical-bar-%e2%8c%8010-mm","status":"publish","type":"product","link":"https:\/\/www.pakery.pl\/en\/produkt\/helical-bar-%e2%8c%8010-mm\/","title":{"rendered":"Helical Bar \u230010 mm"},"content":{"rendered":"\t\t<div data-elementor-type=\"product-post\" data-elementor-id=\"5266\" class=\"elementor elementor-5266 elementor-1871\" data-elementor-post-type=\"product\">\n\t\t\t\t\t\t<section class=\"elementor-section elementor-top-section elementor-element elementor-element-b7e7196 elementor-section-full_width elementor-section-height-default elementor-section-height-default\" data-id=\"b7e7196\" data-element_type=\"section\" data-e-type=\"section\">\n\t\t\t\t\t\t<div class=\"elementor-container elementor-column-gap-default\">\n\t\t\t\t\t<div class=\"elementor-column elementor-col-100 elementor-top-column elementor-element elementor-element-6604f27\" data-id=\"6604f27\" data-element_type=\"column\" data-e-type=\"column\">\n\t\t\t<div class=\"elementor-widget-wrap elementor-element-populated\">\n\t\t\t\t\t\t<section class=\"elementor-section elementor-inner-section elementor-element elementor-element-45397ae elementor-section-full_width elementor-section-height-default elementor-section-height-default\" data-id=\"45397ae\" data-element_type=\"section\" data-e-type=\"section\">\n\t\t\t\t\t\t<div class=\"elementor-container elementor-column-gap-default\">\n\t\t\t\t\t<div class=\"elementor-column elementor-col-50 elementor-inner-column elementor-element elementor-element-5920a69\" data-id=\"5920a69\" data-element_type=\"column\" data-e-type=\"column\">\n\t\t\t<div class=\"elementor-widget-wrap elementor-element-populated\">\n\t\t\t\t\t\t<div class=\"elementor-element elementor-element-9c16b70 elementor-widget elementor-widget-text-editor\" data-id=\"9c16b70\" data-element_type=\"widget\" data-e-type=\"widget\" data-widget_type=\"text-editor.default\">\n\t\t\t\t<div class=\"elementor-widget-container\">\n\t\t\t\t\t\t\t\t\t<p><span style=\"color: #000000;\"><strong>TECHNICAL PARAMETERS:<\/strong><\/span><\/p><p><span style=\"color: #000000;\">Anchor diameter:<strong> 10 mm<\/strong><\/span><br \/><span style=\"color: #000000;\">Sectional area [mm\u00b2]: <strong>13.00<\/strong><\/span><br \/><span style=\"color: #000000;\">Yield strength [MPa]: <strong>474,10<\/strong><\/span><br \/><span style=\"color: #000000;\">Tensile strength [MPa]: <strong>1006.30<\/strong><\/span><br \/><span style=\"color: #000000;\">Modulus [GPa]: <strong>143.50<\/strong><\/span><\/p>\t\t\t\t\t\t\t\t<\/div>\n\t\t\t\t<\/div>\n\t\t\t\t<div class=\"elementor-element elementor-element-f10e87b elementor-widget elementor-widget-text-editor\" data-id=\"f10e87b\" data-element_type=\"widget\" data-e-type=\"widget\" data-widget_type=\"text-editor.default\">\n\t\t\t\t<div class=\"elementor-widget-container\">\n\t\t\t\t\t\t\t\t\t<p><strong><span style=\"color: #000000;\">APPLICATION:<\/span><\/strong><\/p><ul><li><span style=\"color: #000000;\">repairing cracks in structural walls made of brick, stone concrete<\/span><\/li><li><span style=\"color: #000000;\">reinforcing of joints between partition walls and structural walls<\/span><\/li><li><span style=\"color: #000000;\">reinforcement of roof attics<\/span><\/li><li><span style=\"color: #000000;\">reinforcement of balcony plates<\/span><\/li><li><span style=\"color: #000000;\">repairing and strengthening lintels, beams, ceilings<\/span><\/li><li><span style=\"color: #000000;\">anchoring of separating wall sheathing layers<\/span><\/li><li><span style=\"color: #000000;\">stabilization of buckling walls<\/span><\/li><li><span style=\"color: #000000;\">reinforcing walls in modern buildings<br \/><\/span><br \/><span style=\"color: #000000;\"><strong>ADVANTAGES OF SPIRAL REINFORCEMENT:<\/strong><br \/><br \/><\/span><\/li><li><span style=\"color: #000000;\">Increase the load-bearing capacity of walls, columns, girders, beams, slabs, foundations<\/span><\/li><li><span style=\"color: #000000;\">Quick application &#8211; no technological interruptions<\/span><\/li><li><span style=\"color: #000000;\">Low invasiveness &#8211; application without mess and fuss<\/span><\/li><li><span style=\"color: #000000;\">Cracks do not reappear &#8211; high efficiency of the technology<\/span><\/li><li><span style=\"color: #000000;\">Low cost<\/span><br \/><span style=\"color: #000000;\">\u00a0<\/span><br \/><span style=\"color: #000000;\">\u00a0<\/span><br \/><span style=\"color: #000000;\">\u00a0<\/span><br \/><span style=\"color: #000000;\">\u00a0<\/span><br \/><span style=\"color: #000000;\">\u00a0<\/span><\/li><\/ul>\t\t\t\t\t\t\t\t<\/div>\n\t\t\t\t<\/div>\n\t\t\t\t\t<\/div>\n\t\t<\/div>\n\t\t\t\t<div class=\"elementor-column elementor-col-50 elementor-inner-column elementor-element elementor-element-2d03299\" data-id=\"2d03299\" data-element_type=\"column\" data-e-type=\"column\">\n\t\t\t<div class=\"elementor-widget-wrap elementor-element-populated\">\n\t\t\t\t\t\t<div class=\"elementor-element elementor-element-32f59cc elementor-widget elementor-widget-image\" data-id=\"32f59cc\" data-element_type=\"widget\" data-e-type=\"widget\" data-widget_type=\"image.default\">\n\t\t\t\t<div class=\"elementor-widget-container\">\n\t\t\t\t\t\t\t\t\t\t\t\t\t\t\t<img fetchpriority=\"high\" decoding=\"async\" width=\"691\" height=\"758\" src=\"https:\/\/www.pakery.pl\/wp-content\/uploads\/2021\/04\/Kotwa-spiralna.png\" class=\"attachment-large size-large wp-image-3132\" alt=\"\" srcset=\"https:\/\/www.pakery.pl\/wp-content\/uploads\/2021\/04\/Kotwa-spiralna.png 691w, https:\/\/www.pakery.pl\/wp-content\/uploads\/2021\/04\/Kotwa-spiralna-273x300.png 273w, https:\/\/www.pakery.pl\/wp-content\/uploads\/2021\/04\/Kotwa-spiralna-683x749.png 683w, https:\/\/www.pakery.pl\/wp-content\/uploads\/2021\/04\/Kotwa-spiralna-602x660.png 602w\" sizes=\"(max-width: 691px) 100vw, 691px\" \/>\t\t\t\t\t\t\t\t\t\t\t\t\t\t\t<\/div>\n\t\t\t\t<\/div>\n\t\t\t\t\t<\/div>\n\t\t<\/div>\n\t\t\t\t\t<\/div>\n\t\t<\/section>\n\t\t\t\t<div class=\"elementor-element elementor-element-0b33b07 elementor-widget elementor-widget-image\" data-id=\"0b33b07\" data-element_type=\"widget\" data-e-type=\"widget\" data-widget_type=\"image.default\">\n\t\t\t\t<div class=\"elementor-widget-container\">\n\t\t\t\t\t\t\t\t\t\t\t\t\t\t\t<img decoding=\"async\" width=\"781\" height=\"410\" src=\"https:\/\/www.pakery.pl\/wp-content\/uploads\/2021\/04\/kotwy-eng-.png\" class=\"attachment-large size-large wp-image-36133\" alt=\"\" srcset=\"https:\/\/www.pakery.pl\/wp-content\/uploads\/2021\/04\/kotwy-eng-.png 781w, https:\/\/www.pakery.pl\/wp-content\/uploads\/2021\/04\/kotwy-eng--300x157.png 300w, https:\/\/www.pakery.pl\/wp-content\/uploads\/2021\/04\/kotwy-eng--768x403.png 768w, https:\/\/www.pakery.pl\/wp-content\/uploads\/2021\/04\/kotwy-eng--683x359.png 683w, https:\/\/www.pakery.pl\/wp-content\/uploads\/2021\/04\/kotwy-eng--602x316.png 602w\" sizes=\"(max-width: 781px) 100vw, 781px\" \/>\t\t\t\t\t\t\t\t\t\t\t\t\t\t\t<\/div>\n\t\t\t\t<\/div>\n\t\t\t\t<div class=\"elementor-element elementor-element-77d701e elementor-widget-divider--view-line elementor-widget elementor-widget-divider\" data-id=\"77d701e\" data-element_type=\"widget\" data-e-type=\"widget\" data-widget_type=\"divider.default\">\n\t\t\t\t<div class=\"elementor-widget-container\">\n\t\t\t\t\t\t\t<div class=\"elementor-divider\">\n\t\t\t<span class=\"elementor-divider-separator\">\n\t\t\t\t\t\t<\/span>\n\t\t<\/div>\n\t\t\t\t\t\t<\/div>\n\t\t\t\t<\/div>\n\t\t\t\t<div class=\"elementor-element elementor-element-cf2da9a elementor-widget elementor-widget-heading\" data-id=\"cf2da9a\" data-element_type=\"widget\" data-e-type=\"widget\" data-widget_type=\"heading.default\">\n\t\t\t\t<div class=\"elementor-widget-container\">\n\t\t\t\t\t<h2 class=\"elementor-heading-title elementor-size-default\">Dodaj tu sw\u00f3j tekst nag\u0142\u00f3wka<\/h2>\t\t\t\t<\/div>\n\t\t\t\t<\/div>\n\t\t\t\t<section class=\"elementor-section elementor-inner-section elementor-element elementor-element-a6cce0d elementor-section-full_width elementor-section-height-default elementor-section-height-default\" data-id=\"a6cce0d\" data-element_type=\"section\" data-e-type=\"section\">\n\t\t\t\t\t\t<div class=\"elementor-container elementor-column-gap-default\">\n\t\t\t\t\t<div class=\"elementor-column elementor-col-50 elementor-inner-column elementor-element elementor-element-8ef05b0\" data-id=\"8ef05b0\" data-element_type=\"column\" data-e-type=\"column\">\n\t\t\t<div class=\"elementor-widget-wrap elementor-element-populated\">\n\t\t\t\t\t\t<div class=\"elementor-element elementor-element-2d277b7 elementor-widget elementor-widget-text-editor\" data-id=\"2d277b7\" data-element_type=\"widget\" data-e-type=\"widget\" data-widget_type=\"text-editor.default\">\n\t\t\t\t<div class=\"elementor-widget-container\">\n\t\t\t\t\t\t\t\t\t<p><span style=\"color: #000000;\">Please refer to the table below for the dimensions of the groove for the spiral anchors, together with the approximate mortar consumption for the anchors:<\/span><\/p>\t\t\t\t\t\t\t\t<\/div>\n\t\t\t\t<\/div>\n\t\t\t\t<div class=\"elementor-element elementor-element-9983271 elementor-widget elementor-widget-image\" data-id=\"9983271\" data-element_type=\"widget\" data-e-type=\"widget\" data-widget_type=\"image.default\">\n\t\t\t\t<div class=\"elementor-widget-container\">\n\t\t\t\t\t\t\t\t\t\t\t\t\t\t\t<img decoding=\"async\" width=\"1024\" height=\"525\" src=\"https:\/\/www.pakery.pl\/wp-content\/uploads\/2021\/04\/table-kotwa-1024x525.png\" class=\"attachment-large size-large wp-image-36160\" alt=\"\" srcset=\"https:\/\/www.pakery.pl\/wp-content\/uploads\/2021\/04\/table-kotwa-1024x525.png 1024w, https:\/\/www.pakery.pl\/wp-content\/uploads\/2021\/04\/table-kotwa-300x154.png 300w, https:\/\/www.pakery.pl\/wp-content\/uploads\/2021\/04\/table-kotwa-768x393.png 768w, https:\/\/www.pakery.pl\/wp-content\/uploads\/2021\/04\/table-kotwa-683x350.png 683w, https:\/\/www.pakery.pl\/wp-content\/uploads\/2021\/04\/table-kotwa-602x308.png 602w, https:\/\/www.pakery.pl\/wp-content\/uploads\/2021\/04\/table-kotwa.png 1058w\" sizes=\"(max-width: 1024px) 100vw, 1024px\" \/>\t\t\t\t\t\t\t\t\t\t\t\t\t\t\t<\/div>\n\t\t\t\t<\/div>\n\t\t\t\t\t<\/div>\n\t\t<\/div>\n\t\t\t\t<div class=\"elementor-column elementor-col-50 elementor-inner-column elementor-element elementor-element-3f2140f\" data-id=\"3f2140f\" data-element_type=\"column\" data-e-type=\"column\">\n\t\t\t<div class=\"elementor-widget-wrap elementor-element-populated\">\n\t\t\t\t\t\t<div class=\"elementor-element elementor-element-4bc0503 elementor-widget elementor-widget-text-editor\" data-id=\"4bc0503\" data-element_type=\"widget\" data-e-type=\"widget\" data-widget_type=\"text-editor.default\">\n\t\t\t\t<div class=\"elementor-widget-container\">\n\t\t\t\t\t\t\t\t\t<p>\u00a0<\/p><p>\u00a0<\/p><p><span style=\"color: #000000;\"><strong>min. total anchor length (brick \/ stone \/ mixed masonry) &#8211; 1000 mm<\/strong><\/span><\/p><p><span style=\"color: #000000;\"><strong>min. total anchor length (concrete) &#8211; 600 mm<\/strong><\/span><\/p><p>We cut the anchors to the specified dimensions on request.<\/p><p><strong>For more design suggestions, please refer to the Hammpack Spiral Hammer technical documentation.<\/strong><\/p>\t\t\t\t\t\t\t\t<\/div>\n\t\t\t\t<\/div>\n\t\t\t\t\t<\/div>\n\t\t<\/div>\n\t\t\t\t\t<\/div>\n\t\t<\/section>\n\t\t\t\t\t<\/div>\n\t\t<\/div>\n\t\t\t\t\t<\/div>\n\t\t<\/section>\n\t\t\t\t<\/div>\n\t\t","protected":false},"excerpt":{"rendered":"","protected":false},"featured_media":3447,"template":"","meta":{"_acf_changed":false},"product_brand":[],"product_cat":[56],"product_tag":[],"class_list":{"0":"post-5266","1":"product","2":"type-product","3":"status-publish","4":"has-post-thumbnail","6":"product_cat-helical-bars","7":"pa_dlugosc-100m-en","8":"pa_dlugosc-10m-en","9":"pa_dlugosc-1m-en","11":"first","12":"instock","13":"taxable","14":"shipping-taxable","15":"purchasable","16":"product-type-variable"},"acf":[],"yoast_head":"<!-- This site is optimized with the Yoast SEO plugin v27.3 - https:\/\/yoast.com\/product\/yoast-seo-wordpress\/ -->\n<title>Helical Bar \u230010 mm l Spiral anchor for cracked masonry<\/title>\n<meta name=\"description\" content=\"Anchor for masonry cracks | Spiral anchor | Increase load-bearing capacity of walls, columns, beams, slabs, foundations\" \/>\n<meta name=\"robots\" content=\"index, follow, max-snippet:-1, max-image-preview:large, max-video-preview:-1\" \/>\n<link rel=\"canonical\" href=\"https:\/\/www.pakery.pl\/en\/produkt\/helical-bar-%e2%8c%8010-mm\/\" \/>\n<meta property=\"og:locale\" content=\"en_US\" \/>\n<meta property=\"og:type\" content=\"article\" \/>\n<meta property=\"og:title\" content=\"Helical Bar \u230010 mm l Spiral anchor for cracked masonry\" \/>\n<meta property=\"og:description\" content=\"Anchor for masonry cracks | Spiral anchor | Increase load-bearing capacity of walls, columns, beams, slabs, foundations\" \/>\n<meta property=\"og:url\" content=\"https:\/\/www.pakery.pl\/en\/produkt\/helical-bar-%e2%8c%8010-mm\/\" \/>\n<meta property=\"og:site_name\" content=\"PAKERY.PL\" \/>\n<meta property=\"article:modified_time\" content=\"2023-04-14T08:04:35+00:00\" \/>\n<meta property=\"og:image\" content=\"https:\/\/www.pakery.pl\/wp-content\/uploads\/2021\/05\/kotwy-zbiorcze-1024x1024.png\" \/>\n\t<meta property=\"og:image:width\" content=\"1024\" \/>\n\t<meta property=\"og:image:height\" content=\"1024\" \/>\n\t<meta property=\"og:image:type\" content=\"image\/png\" \/>\n<meta name=\"twitter:card\" content=\"summary_large_image\" \/>\n<script type=\"application\/ld+json\" class=\"yoast-schema-graph\">{\"@context\":\"https:\\\/\\\/schema.org\",\"@graph\":[{\"@type\":\"WebPage\",\"@id\":\"https:\\\/\\\/www.pakery.pl\\\/en\\\/produkt\\\/helical-bar-%e2%8c%8010-mm\\\/\",\"url\":\"https:\\\/\\\/www.pakery.pl\\\/en\\\/produkt\\\/helical-bar-%e2%8c%8010-mm\\\/\",\"name\":\"Helical Bar \u230010 mm l Spiral anchor for cracked masonry\",\"isPartOf\":{\"@id\":\"https:\\\/\\\/www.pakery.pl\\\/en\\\/#website\"},\"primaryImageOfPage\":{\"@id\":\"https:\\\/\\\/www.pakery.pl\\\/en\\\/produkt\\\/helical-bar-%e2%8c%8010-mm\\\/#primaryimage\"},\"image\":{\"@id\":\"https:\\\/\\\/www.pakery.pl\\\/en\\\/produkt\\\/helical-bar-%e2%8c%8010-mm\\\/#primaryimage\"},\"thumbnailUrl\":\"https:\\\/\\\/www.pakery.pl\\\/wp-content\\\/uploads\\\/2021\\\/05\\\/kotwy-zbiorcze.png\",\"datePublished\":\"2021-04-21T07:19:02+00:00\",\"dateModified\":\"2023-04-14T08:04:35+00:00\",\"description\":\"Anchor for masonry cracks | Spiral anchor | Increase load-bearing capacity of walls, columns, beams, slabs, foundations\",\"breadcrumb\":{\"@id\":\"https:\\\/\\\/www.pakery.pl\\\/en\\\/produkt\\\/helical-bar-%e2%8c%8010-mm\\\/#breadcrumb\"},\"inLanguage\":\"en-US\",\"potentialAction\":[{\"@type\":\"ReadAction\",\"target\":[\"https:\\\/\\\/www.pakery.pl\\\/en\\\/produkt\\\/helical-bar-%e2%8c%8010-mm\\\/\"]}]},{\"@type\":\"ImageObject\",\"inLanguage\":\"en-US\",\"@id\":\"https:\\\/\\\/www.pakery.pl\\\/en\\\/produkt\\\/helical-bar-%e2%8c%8010-mm\\\/#primaryimage\",\"url\":\"https:\\\/\\\/www.pakery.pl\\\/wp-content\\\/uploads\\\/2021\\\/05\\\/kotwy-zbiorcze.png\",\"contentUrl\":\"https:\\\/\\\/www.pakery.pl\\\/wp-content\\\/uploads\\\/2021\\\/05\\\/kotwy-zbiorcze.png\",\"width\":2500,\"height\":2500},{\"@type\":\"BreadcrumbList\",\"@id\":\"https:\\\/\\\/www.pakery.pl\\\/en\\\/produkt\\\/helical-bar-%e2%8c%8010-mm\\\/#breadcrumb\",\"itemListElement\":[{\"@type\":\"ListItem\",\"position\":1,\"name\":\"Strona g\u0142\u00f3wna\",\"item\":\"https:\\\/\\\/www.pakery.pl\\\/en\\\/\"},{\"@type\":\"ListItem\",\"position\":2,\"name\":\"Shop\",\"item\":\"https:\\\/\\\/www.pakery.pl\\\/en\\\/shop\\\/\"},{\"@type\":\"ListItem\",\"position\":3,\"name\":\"Helical Bar \u230010 mm\"}]},{\"@type\":\"WebSite\",\"@id\":\"https:\\\/\\\/www.pakery.pl\\\/en\\\/#website\",\"url\":\"https:\\\/\\\/www.pakery.pl\\\/en\\\/\",\"name\":\"Pakery.pl\",\"description\":\"Pakery iniekcyjne, Kotwy spiralne, Lance iniekcyjne, W\u0119\u017ce do iniekcji, Pompy iniekcyjne, Serwis pomp iniekcyjnych, Wynajem pomp do iniekcji\",\"publisher\":{\"@id\":\"https:\\\/\\\/www.pakery.pl\\\/en\\\/#organization\"},\"potentialAction\":[{\"@type\":\"SearchAction\",\"target\":{\"@type\":\"EntryPoint\",\"urlTemplate\":\"https:\\\/\\\/www.pakery.pl\\\/en\\\/?s={search_term_string}\"},\"query-input\":{\"@type\":\"PropertyValueSpecification\",\"valueRequired\":true,\"valueName\":\"search_term_string\"}}],\"inLanguage\":\"en-US\"},{\"@type\":\"Organization\",\"@id\":\"https:\\\/\\\/www.pakery.pl\\\/en\\\/#organization\",\"name\":\"PAKERY.PL\",\"url\":\"https:\\\/\\\/www.pakery.pl\\\/en\\\/\",\"logo\":{\"@type\":\"ImageObject\",\"inLanguage\":\"en-US\",\"@id\":\"https:\\\/\\\/www.pakery.pl\\\/en\\\/#\\\/schema\\\/logo\\\/image\\\/\",\"url\":\"https:\\\/\\\/www.pakery.pl\\\/wp-content\\\/uploads\\\/2021\\\/04\\\/cropped-PAKERY-LOGO.png\",\"contentUrl\":\"https:\\\/\\\/www.pakery.pl\\\/wp-content\\\/uploads\\\/2021\\\/04\\\/cropped-PAKERY-LOGO.png\",\"width\":1529,\"height\":500,\"caption\":\"PAKERY.PL\"},\"image\":{\"@id\":\"https:\\\/\\\/www.pakery.pl\\\/en\\\/#\\\/schema\\\/logo\\\/image\\\/\"}}]}<\/script>\n<!-- \/ Yoast SEO plugin. -->","yoast_head_json":{"title":"Helical Bar \u230010 mm l Spiral anchor for cracked masonry","description":"Anchor for masonry cracks | Spiral anchor | Increase load-bearing capacity of walls, columns, beams, slabs, foundations","robots":{"index":"index","follow":"follow","max-snippet":"max-snippet:-1","max-image-preview":"max-image-preview:large","max-video-preview":"max-video-preview:-1"},"canonical":"https:\/\/www.pakery.pl\/en\/produkt\/helical-bar-%e2%8c%8010-mm\/","og_locale":"en_US","og_type":"article","og_title":"Helical Bar \u230010 mm l Spiral anchor for cracked masonry","og_description":"Anchor for masonry cracks | Spiral anchor | Increase load-bearing capacity of walls, columns, beams, slabs, foundations","og_url":"https:\/\/www.pakery.pl\/en\/produkt\/helical-bar-%e2%8c%8010-mm\/","og_site_name":"PAKERY.PL","article_modified_time":"2023-04-14T08:04:35+00:00","og_image":[{"width":1024,"height":1024,"url":"https:\/\/www.pakery.pl\/wp-content\/uploads\/2021\/05\/kotwy-zbiorcze-1024x1024.png","type":"image\/png"}],"twitter_card":"summary_large_image","schema":{"@context":"https:\/\/schema.org","@graph":[{"@type":"WebPage","@id":"https:\/\/www.pakery.pl\/en\/produkt\/helical-bar-%e2%8c%8010-mm\/","url":"https:\/\/www.pakery.pl\/en\/produkt\/helical-bar-%e2%8c%8010-mm\/","name":"Helical Bar \u230010 mm l Spiral anchor for cracked masonry","isPartOf":{"@id":"https:\/\/www.pakery.pl\/en\/#website"},"primaryImageOfPage":{"@id":"https:\/\/www.pakery.pl\/en\/produkt\/helical-bar-%e2%8c%8010-mm\/#primaryimage"},"image":{"@id":"https:\/\/www.pakery.pl\/en\/produkt\/helical-bar-%e2%8c%8010-mm\/#primaryimage"},"thumbnailUrl":"https:\/\/www.pakery.pl\/wp-content\/uploads\/2021\/05\/kotwy-zbiorcze.png","datePublished":"2021-04-21T07:19:02+00:00","dateModified":"2023-04-14T08:04:35+00:00","description":"Anchor for masonry cracks | Spiral anchor | Increase load-bearing capacity of walls, columns, beams, slabs, foundations","breadcrumb":{"@id":"https:\/\/www.pakery.pl\/en\/produkt\/helical-bar-%e2%8c%8010-mm\/#breadcrumb"},"inLanguage":"en-US","potentialAction":[{"@type":"ReadAction","target":["https:\/\/www.pakery.pl\/en\/produkt\/helical-bar-%e2%8c%8010-mm\/"]}]},{"@type":"ImageObject","inLanguage":"en-US","@id":"https:\/\/www.pakery.pl\/en\/produkt\/helical-bar-%e2%8c%8010-mm\/#primaryimage","url":"https:\/\/www.pakery.pl\/wp-content\/uploads\/2021\/05\/kotwy-zbiorcze.png","contentUrl":"https:\/\/www.pakery.pl\/wp-content\/uploads\/2021\/05\/kotwy-zbiorcze.png","width":2500,"height":2500},{"@type":"BreadcrumbList","@id":"https:\/\/www.pakery.pl\/en\/produkt\/helical-bar-%e2%8c%8010-mm\/#breadcrumb","itemListElement":[{"@type":"ListItem","position":1,"name":"Strona g\u0142\u00f3wna","item":"https:\/\/www.pakery.pl\/en\/"},{"@type":"ListItem","position":2,"name":"Shop","item":"https:\/\/www.pakery.pl\/en\/shop\/"},{"@type":"ListItem","position":3,"name":"Helical Bar \u230010 mm"}]},{"@type":"WebSite","@id":"https:\/\/www.pakery.pl\/en\/#website","url":"https:\/\/www.pakery.pl\/en\/","name":"Pakery.pl","description":"Pakery iniekcyjne, Kotwy spiralne, Lance iniekcyjne, W\u0119\u017ce do iniekcji, Pompy iniekcyjne, Serwis pomp iniekcyjnych, Wynajem pomp do iniekcji","publisher":{"@id":"https:\/\/www.pakery.pl\/en\/#organization"},"potentialAction":[{"@type":"SearchAction","target":{"@type":"EntryPoint","urlTemplate":"https:\/\/www.pakery.pl\/en\/?s={search_term_string}"},"query-input":{"@type":"PropertyValueSpecification","valueRequired":true,"valueName":"search_term_string"}}],"inLanguage":"en-US"},{"@type":"Organization","@id":"https:\/\/www.pakery.pl\/en\/#organization","name":"PAKERY.PL","url":"https:\/\/www.pakery.pl\/en\/","logo":{"@type":"ImageObject","inLanguage":"en-US","@id":"https:\/\/www.pakery.pl\/en\/#\/schema\/logo\/image\/","url":"https:\/\/www.pakery.pl\/wp-content\/uploads\/2021\/04\/cropped-PAKERY-LOGO.png","contentUrl":"https:\/\/www.pakery.pl\/wp-content\/uploads\/2021\/04\/cropped-PAKERY-LOGO.png","width":1529,"height":500,"caption":"PAKERY.PL"},"image":{"@id":"https:\/\/www.pakery.pl\/en\/#\/schema\/logo\/image\/"}}]}},"_links":{"self":[{"href":"https:\/\/www.pakery.pl\/en\/wp-json\/wp\/v2\/product\/5266","targetHints":{"allow":["GET"]}}],"collection":[{"href":"https:\/\/www.pakery.pl\/en\/wp-json\/wp\/v2\/product"}],"about":[{"href":"https:\/\/www.pakery.pl\/en\/wp-json\/wp\/v2\/types\/product"}],"version-history":[{"count":5,"href":"https:\/\/www.pakery.pl\/en\/wp-json\/wp\/v2\/product\/5266\/revisions"}],"predecessor-version":[{"id":44625,"href":"https:\/\/www.pakery.pl\/en\/wp-json\/wp\/v2\/product\/5266\/revisions\/44625"}],"wp:featuredmedia":[{"embeddable":true,"href":"https:\/\/www.pakery.pl\/en\/wp-json\/wp\/v2\/media\/3447"}],"wp:attachment":[{"href":"https:\/\/www.pakery.pl\/en\/wp-json\/wp\/v2\/media?parent=5266"}],"wp:term":[{"taxonomy":"product_brand","embeddable":true,"href":"https:\/\/www.pakery.pl\/en\/wp-json\/wp\/v2\/product_brand?post=5266"},{"taxonomy":"product_cat","embeddable":true,"href":"https:\/\/www.pakery.pl\/en\/wp-json\/wp\/v2\/product_cat?post=5266"},{"taxonomy":"product_tag","embeddable":true,"href":"https:\/\/www.pakery.pl\/en\/wp-json\/wp\/v2\/product_tag?post=5266"}],"curies":[{"name":"wp","href":"https:\/\/api.w.org\/{rel}","templated":true}]}}