{"id":49298,"date":"2021-04-21T09:26:38","date_gmt":"2025-05-13T07:38:09","guid":{"rendered":"https:\/\/www.pakery.pl\/produkt\/tagesrucksack-pi-spx-13-110swg\/"},"modified":"2025-05-19T14:24:59","modified_gmt":"2025-05-19T12:24:59","slug":"paker-jednodniowy-pi-spx-13-110swg","status":"publish","type":"product","link":"https:\/\/www.pakery.pl\/de\/produkt\/paker-jednodniowy-pi-spx-13-110swg\/","title":{"rendered":"Tagesrucksack PI-SPX 13\/110swg"},"content":{"rendered":"\t\t<div data-elementor-type=\"product-post\" data-elementor-id=\"49298\" class=\"elementor elementor-49298 elementor-1881\" data-elementor-post-type=\"product\">\n\t\t\t\t\t\t<section class=\"elementor-section elementor-top-section elementor-element elementor-element-c52e51e elementor-section-full_width elementor-section-height-default elementor-section-height-default\" data-id=\"c52e51e\" data-element_type=\"section\" data-e-type=\"section\">\n\t\t\t\t\t\t<div class=\"elementor-container elementor-column-gap-default\">\n\t\t\t\t\t<div class=\"elementor-column elementor-col-100 elementor-top-column elementor-element elementor-element-762439c\" data-id=\"762439c\" data-element_type=\"column\" data-e-type=\"column\">\n\t\t\t<div class=\"elementor-widget-wrap elementor-element-populated\">\n\t\t\t\t\t\t<div class=\"elementor-element elementor-element-43abffc elementor-widget elementor-widget-text-editor\" data-id=\"43abffc\" data-element_type=\"widget\" data-e-type=\"widget\" data-widget_type=\"text-editor.default\">\n\t\t\t\t<div class=\"elementor-widget-container\">\n\t\t\t\t\t\t\t\t\t<p><span style=\"color: #000000;\"><strong>Ein-Tages-Injektionspacker<\/strong> oder <strong>Zwei-Ventil-Packer<\/strong>. Sie erm\u00f6glichen es, die Injektion noch am selben Tag abzuschlie\u00dfen, ohne zu warten, bis das Injektionsharz ausgeh\u00e4rtet ist. <\/span><\/p>\n<p><span style=\"color: #000000;\">An der Unterseite des Injektionspackers (Expansionsgummi) befindet sich ein zweites Ventil und ein Klemmring am Gewinde. Sie k\u00f6nnen den Injektionspackerk\u00f6rper sofort nach der Injektion entfernen, ohne zu warten, bis das Injektionsharz ausgeh\u00e4rtet ist. <\/span><\/p>\n<p><em><span style=\"color: #000000;\">Dies ist besonders n\u00fctzlich, wenn es nicht kosteneffektiv ist, wenn das Injektionsteam am n\u00e4chsten Tag anreist, nur um die Packer zu entfernen.<\/span><\/em><br><em><span style=\"color: #000000;\">Auch in Tiefgaragen, wo die \u00fcblichen Injektionspacker die Reifen der einfahrenden Autos zerschnitten haben.<\/span><\/em><\/p>\t\t\t\t\t\t\t\t<\/div>\n\t\t\t\t<\/div>\n\t\t\t\t\t<\/div>\n\t\t<\/div>\n\t\t\t\t\t<\/div>\n\t\t<\/section>\n\t\t\t\t<\/div>\n\t\t","protected":false},"excerpt":{"rendered":"<p>Ein-Tages-Injektionspacker oder Zwei-Ventil-Packer. Sie erm\u00f6glichen es, die Injektion noch am selben Tag abzuschlie\u00dfen, ohne zu warten, bis das Injektionsharz ausgeh\u00e4rtet ist. An der Unterseite des Injektionspackers (Expansionsgummi) befindet sich ein zweites Ventil und ein Klemmring am Gewinde. Sie k\u00f6nnen den Injektionspackerk\u00f6rper sofort nach der Injektion entfernen, ohne zu warten, bis das Injektionsharz ausgeh\u00e4rtet ist. Dies [&hellip;]<\/p>\n","protected":false},"featured_media":49242,"template":"","meta":{"_acf_changed":false},"product_brand":[],"product_cat":[2012,869],"product_tag":[],"class_list":{"0":"post-49298","1":"product","2":"type-product","3":"status-publish","4":"has-post-thumbnail","6":"product_cat-injektionspacker-de","7":"product_cat-metallpacker","9":"first","10":"instock","11":"taxable","12":"shipping-taxable","13":"purchasable","14":"product-type-simple"},"acf":[],"yoast_head":"<!-- This site is optimized with the Yoast SEO plugin v27.3 - https:\/\/yoast.com\/product\/yoast-seo-wordpress\/ -->\n<title>Injektionspacker f\u00fcr die Ein-Tages-Injektion PI-SPX 13\/110 - PAKERY.PL<\/title>\n<meta name=\"description\" content=\"Ein-Tages-Injektionspacker. Au\u00dfergew\u00f6hnliche Dichtheit auch bei sehr hohem Druck. Registrieren Sie sich, um Ihren Kalamit-Typ auszuw\u00e4hlen.\" \/>\n<meta name=\"robots\" content=\"index, follow, max-snippet:-1, max-image-preview:large, max-video-preview:-1\" \/>\n<link rel=\"canonical\" href=\"https:\/\/www.pakery.pl\/de\/produkt\/paker-jednodniowy-pi-spx-13-110swg\/\" \/>\n<meta property=\"og:locale\" content=\"de_DE\" \/>\n<meta property=\"og:type\" content=\"article\" \/>\n<meta property=\"og:title\" content=\"Injektionspacker f\u00fcr die Ein-Tages-Injektion PI-SPX 13\/110 - PAKERY.PL\" \/>\n<meta property=\"og:description\" content=\"Ein-Tages-Injektionspacker. Au\u00dfergew\u00f6hnliche Dichtheit auch bei sehr hohem Druck. Registrieren Sie sich, um Ihren Kalamit-Typ auszuw\u00e4hlen.\" \/>\n<meta property=\"og:url\" content=\"https:\/\/www.pakery.pl\/de\/produkt\/paker-jednodniowy-pi-spx-13-110swg\/\" \/>\n<meta property=\"og:site_name\" content=\"PAKERY.PL\" \/>\n<meta property=\"article:modified_time\" content=\"2025-05-19T12:24:59+00:00\" \/>\n<meta property=\"og:image\" content=\"https:\/\/www.pakery.pl\/wp-content\/uploads\/2021\/04\/PI-SPX-13110e.png\" \/>\n\t<meta property=\"og:image:width\" content=\"2000\" \/>\n\t<meta property=\"og:image:height\" content=\"2000\" \/>\n\t<meta property=\"og:image:type\" content=\"image\/png\" \/>\n<meta name=\"twitter:card\" content=\"summary_large_image\" \/>\n<script type=\"application\/ld+json\" class=\"yoast-schema-graph\">{\"@context\":\"https:\\\/\\\/schema.org\",\"@graph\":[{\"@type\":\"WebPage\",\"@id\":\"https:\\\/\\\/www.pakery.pl\\\/de\\\/produkt\\\/paker-jednodniowy-pi-spx-13-110swg\\\/\",\"url\":\"https:\\\/\\\/www.pakery.pl\\\/de\\\/produkt\\\/paker-jednodniowy-pi-spx-13-110swg\\\/\",\"name\":\"Injektionspacker f\u00fcr die Ein-Tages-Injektion PI-SPX 13\\\/110 - PAKERY.PL\",\"isPartOf\":{\"@id\":\"https:\\\/\\\/www.pakery.pl\\\/de\\\/#website\"},\"primaryImageOfPage\":{\"@id\":\"https:\\\/\\\/www.pakery.pl\\\/de\\\/produkt\\\/paker-jednodniowy-pi-spx-13-110swg\\\/#primaryimage\"},\"image\":{\"@id\":\"https:\\\/\\\/www.pakery.pl\\\/de\\\/produkt\\\/paker-jednodniowy-pi-spx-13-110swg\\\/#primaryimage\"},\"thumbnailUrl\":\"https:\\\/\\\/www.pakery.pl\\\/wp-content\\\/uploads\\\/2021\\\/04\\\/PI-SPX-13110e.png\",\"datePublished\":\"2025-05-13T07:38:09+00:00\",\"dateModified\":\"2025-05-19T12:24:59+00:00\",\"description\":\"Ein-Tages-Injektionspacker. Au\u00dfergew\u00f6hnliche Dichtheit auch bei sehr hohem Druck. Registrieren Sie sich, um Ihren Kalamit-Typ auszuw\u00e4hlen.\",\"breadcrumb\":{\"@id\":\"https:\\\/\\\/www.pakery.pl\\\/de\\\/produkt\\\/paker-jednodniowy-pi-spx-13-110swg\\\/#breadcrumb\"},\"inLanguage\":\"de\",\"potentialAction\":[{\"@type\":\"ReadAction\",\"target\":[\"https:\\\/\\\/www.pakery.pl\\\/de\\\/produkt\\\/paker-jednodniowy-pi-spx-13-110swg\\\/\"]}]},{\"@type\":\"ImageObject\",\"inLanguage\":\"de\",\"@id\":\"https:\\\/\\\/www.pakery.pl\\\/de\\\/produkt\\\/paker-jednodniowy-pi-spx-13-110swg\\\/#primaryimage\",\"url\":\"https:\\\/\\\/www.pakery.pl\\\/wp-content\\\/uploads\\\/2021\\\/04\\\/PI-SPX-13110e.png\",\"contentUrl\":\"https:\\\/\\\/www.pakery.pl\\\/wp-content\\\/uploads\\\/2021\\\/04\\\/PI-SPX-13110e.png\",\"width\":2000,\"height\":2000},{\"@type\":\"BreadcrumbList\",\"@id\":\"https:\\\/\\\/www.pakery.pl\\\/de\\\/produkt\\\/paker-jednodniowy-pi-spx-13-110swg\\\/#breadcrumb\",\"itemListElement\":[{\"@type\":\"ListItem\",\"position\":1,\"name\":\"Strona g\u0142\u00f3wna\",\"item\":\"https:\\\/\\\/www.pakery.pl\\\/de\\\/\"},{\"@type\":\"ListItem\",\"position\":2,\"name\":\"Speichern\",\"item\":\"https:\\\/\\\/www.pakery.pl\\\/de\\\/speichern\\\/\"},{\"@type\":\"ListItem\",\"position\":3,\"name\":\"Tagesrucksack PI-SPX 13\\\/110swg\"}]},{\"@type\":\"WebSite\",\"@id\":\"https:\\\/\\\/www.pakery.pl\\\/de\\\/#website\",\"url\":\"https:\\\/\\\/www.pakery.pl\\\/de\\\/\",\"name\":\"Pakery.pl\",\"description\":\"Pakery iniekcyjne, Kotwy spiralne, Lance iniekcyjne, W\u0119\u017ce do iniekcji, Pompy iniekcyjne, Serwis pomp iniekcyjnych, Wynajem pomp do iniekcji\",\"publisher\":{\"@id\":\"https:\\\/\\\/www.pakery.pl\\\/de\\\/#organization\"},\"potentialAction\":[{\"@type\":\"SearchAction\",\"target\":{\"@type\":\"EntryPoint\",\"urlTemplate\":\"https:\\\/\\\/www.pakery.pl\\\/de\\\/?s={search_term_string}\"},\"query-input\":{\"@type\":\"PropertyValueSpecification\",\"valueRequired\":true,\"valueName\":\"search_term_string\"}}],\"inLanguage\":\"de\"},{\"@type\":\"Organization\",\"@id\":\"https:\\\/\\\/www.pakery.pl\\\/de\\\/#organization\",\"name\":\"PAKERY.PL\",\"url\":\"https:\\\/\\\/www.pakery.pl\\\/de\\\/\",\"logo\":{\"@type\":\"ImageObject\",\"inLanguage\":\"de\",\"@id\":\"https:\\\/\\\/www.pakery.pl\\\/de\\\/#\\\/schema\\\/logo\\\/image\\\/\",\"url\":\"https:\\\/\\\/www.pakery.pl\\\/wp-content\\\/uploads\\\/2021\\\/04\\\/cropped-PAKERY-LOGO.png\",\"contentUrl\":\"https:\\\/\\\/www.pakery.pl\\\/wp-content\\\/uploads\\\/2021\\\/04\\\/cropped-PAKERY-LOGO.png\",\"width\":1529,\"height\":500,\"caption\":\"PAKERY.PL\"},\"image\":{\"@id\":\"https:\\\/\\\/www.pakery.pl\\\/de\\\/#\\\/schema\\\/logo\\\/image\\\/\"}}]}<\/script>\n<!-- \/ Yoast SEO plugin. -->","yoast_head_json":{"title":"Injektionspacker f\u00fcr die Ein-Tages-Injektion PI-SPX 13\/110 - PAKERY.PL","description":"Ein-Tages-Injektionspacker. Au\u00dfergew\u00f6hnliche Dichtheit auch bei sehr hohem Druck. Registrieren Sie sich, um Ihren Kalamit-Typ auszuw\u00e4hlen.","robots":{"index":"index","follow":"follow","max-snippet":"max-snippet:-1","max-image-preview":"max-image-preview:large","max-video-preview":"max-video-preview:-1"},"canonical":"https:\/\/www.pakery.pl\/de\/produkt\/paker-jednodniowy-pi-spx-13-110swg\/","og_locale":"de_DE","og_type":"article","og_title":"Injektionspacker f\u00fcr die Ein-Tages-Injektion PI-SPX 13\/110 - PAKERY.PL","og_description":"Ein-Tages-Injektionspacker. Au\u00dfergew\u00f6hnliche Dichtheit auch bei sehr hohem Druck. Registrieren Sie sich, um Ihren Kalamit-Typ auszuw\u00e4hlen.","og_url":"https:\/\/www.pakery.pl\/de\/produkt\/paker-jednodniowy-pi-spx-13-110swg\/","og_site_name":"PAKERY.PL","article_modified_time":"2025-05-19T12:24:59+00:00","og_image":[{"width":2000,"height":2000,"url":"https:\/\/www.pakery.pl\/wp-content\/uploads\/2021\/04\/PI-SPX-13110e.png","type":"image\/png"}],"twitter_card":"summary_large_image","schema":{"@context":"https:\/\/schema.org","@graph":[{"@type":"WebPage","@id":"https:\/\/www.pakery.pl\/de\/produkt\/paker-jednodniowy-pi-spx-13-110swg\/","url":"https:\/\/www.pakery.pl\/de\/produkt\/paker-jednodniowy-pi-spx-13-110swg\/","name":"Injektionspacker f\u00fcr die Ein-Tages-Injektion PI-SPX 13\/110 - PAKERY.PL","isPartOf":{"@id":"https:\/\/www.pakery.pl\/de\/#website"},"primaryImageOfPage":{"@id":"https:\/\/www.pakery.pl\/de\/produkt\/paker-jednodniowy-pi-spx-13-110swg\/#primaryimage"},"image":{"@id":"https:\/\/www.pakery.pl\/de\/produkt\/paker-jednodniowy-pi-spx-13-110swg\/#primaryimage"},"thumbnailUrl":"https:\/\/www.pakery.pl\/wp-content\/uploads\/2021\/04\/PI-SPX-13110e.png","datePublished":"2025-05-13T07:38:09+00:00","dateModified":"2025-05-19T12:24:59+00:00","description":"Ein-Tages-Injektionspacker. Au\u00dfergew\u00f6hnliche Dichtheit auch bei sehr hohem Druck. Registrieren Sie sich, um Ihren Kalamit-Typ auszuw\u00e4hlen.","breadcrumb":{"@id":"https:\/\/www.pakery.pl\/de\/produkt\/paker-jednodniowy-pi-spx-13-110swg\/#breadcrumb"},"inLanguage":"de","potentialAction":[{"@type":"ReadAction","target":["https:\/\/www.pakery.pl\/de\/produkt\/paker-jednodniowy-pi-spx-13-110swg\/"]}]},{"@type":"ImageObject","inLanguage":"de","@id":"https:\/\/www.pakery.pl\/de\/produkt\/paker-jednodniowy-pi-spx-13-110swg\/#primaryimage","url":"https:\/\/www.pakery.pl\/wp-content\/uploads\/2021\/04\/PI-SPX-13110e.png","contentUrl":"https:\/\/www.pakery.pl\/wp-content\/uploads\/2021\/04\/PI-SPX-13110e.png","width":2000,"height":2000},{"@type":"BreadcrumbList","@id":"https:\/\/www.pakery.pl\/de\/produkt\/paker-jednodniowy-pi-spx-13-110swg\/#breadcrumb","itemListElement":[{"@type":"ListItem","position":1,"name":"Strona g\u0142\u00f3wna","item":"https:\/\/www.pakery.pl\/de\/"},{"@type":"ListItem","position":2,"name":"Speichern","item":"https:\/\/www.pakery.pl\/de\/speichern\/"},{"@type":"ListItem","position":3,"name":"Tagesrucksack PI-SPX 13\/110swg"}]},{"@type":"WebSite","@id":"https:\/\/www.pakery.pl\/de\/#website","url":"https:\/\/www.pakery.pl\/de\/","name":"Pakery.pl","description":"Pakery iniekcyjne, Kotwy spiralne, Lance iniekcyjne, W\u0119\u017ce do iniekcji, Pompy iniekcyjne, Serwis pomp iniekcyjnych, Wynajem pomp do iniekcji","publisher":{"@id":"https:\/\/www.pakery.pl\/de\/#organization"},"potentialAction":[{"@type":"SearchAction","target":{"@type":"EntryPoint","urlTemplate":"https:\/\/www.pakery.pl\/de\/?s={search_term_string}"},"query-input":{"@type":"PropertyValueSpecification","valueRequired":true,"valueName":"search_term_string"}}],"inLanguage":"de"},{"@type":"Organization","@id":"https:\/\/www.pakery.pl\/de\/#organization","name":"PAKERY.PL","url":"https:\/\/www.pakery.pl\/de\/","logo":{"@type":"ImageObject","inLanguage":"de","@id":"https:\/\/www.pakery.pl\/de\/#\/schema\/logo\/image\/","url":"https:\/\/www.pakery.pl\/wp-content\/uploads\/2021\/04\/cropped-PAKERY-LOGO.png","contentUrl":"https:\/\/www.pakery.pl\/wp-content\/uploads\/2021\/04\/cropped-PAKERY-LOGO.png","width":1529,"height":500,"caption":"PAKERY.PL"},"image":{"@id":"https:\/\/www.pakery.pl\/de\/#\/schema\/logo\/image\/"}}]}},"_links":{"self":[{"href":"https:\/\/www.pakery.pl\/de\/wp-json\/wp\/v2\/product\/49298","targetHints":{"allow":["GET"]}}],"collection":[{"href":"https:\/\/www.pakery.pl\/de\/wp-json\/wp\/v2\/product"}],"about":[{"href":"https:\/\/www.pakery.pl\/de\/wp-json\/wp\/v2\/types\/product"}],"version-history":[{"count":1,"href":"https:\/\/www.pakery.pl\/de\/wp-json\/wp\/v2\/product\/49298\/revisions"}],"predecessor-version":[{"id":49300,"href":"https:\/\/www.pakery.pl\/de\/wp-json\/wp\/v2\/product\/49298\/revisions\/49300"}],"wp:featuredmedia":[{"embeddable":true,"href":"https:\/\/www.pakery.pl\/de\/wp-json\/wp\/v2\/media\/49242"}],"wp:attachment":[{"href":"https:\/\/www.pakery.pl\/de\/wp-json\/wp\/v2\/media?parent=49298"}],"wp:term":[{"taxonomy":"product_brand","embeddable":true,"href":"https:\/\/www.pakery.pl\/de\/wp-json\/wp\/v2\/product_brand?post=49298"},{"taxonomy":"product_cat","embeddable":true,"href":"https:\/\/www.pakery.pl\/de\/wp-json\/wp\/v2\/product_cat?post=49298"},{"taxonomy":"product_tag","embeddable":true,"href":"https:\/\/www.pakery.pl\/de\/wp-json\/wp\/v2\/product_tag?post=49298"}],"curies":[{"name":"wp","href":"https:\/\/api.w.org\/{rel}","templated":true}]}}