{"id":48696,"date":"2025-05-09T12:42:06","date_gmt":"2025-05-12T05:22:01","guid":{"rendered":"https:\/\/www.pakery.pl\/produkt\/injektionspacker-pi-spm-10-300\/"},"modified":"2025-05-12T07:22:01","modified_gmt":"2025-05-12T05:22:01","slug":"paker-do-iniekcji-pi-spm-10-300","status":"publish","type":"product","link":"https:\/\/www.pakery.pl\/de\/produkt\/paker-do-iniekcji-pi-spm-10-300\/","title":{"rendered":"Injektionspacker PI-SPM 10\/300"},"content":{"rendered":"<p>Das jahrelange Flaggschiffmodell der PI-SPM pacer <strong>professional line<\/strong> Serie <strong>.<\/strong> Der Injektor bietet eine hervorragende Dichtigkeit und eine vorbildliche Verankerung. Der Injektor ist f\u00fcr alle Arten von Injektionen geeignet. Er gew\u00e4hrleistet eine vorbildliche Dichtheit der Kalamit\u00e4ten sowie des Strebenteils sowohl bei der Hochdruck- als auch bei der Niederdruckinjektion.  <\/p>\n<p>Dank spezieller Kalamite halten die Packer den Gegendruck perfekt (&#8222;do not leak&#8220;).<\/p>\n<p><em><strong>SWG Kalamit-Packer<\/strong> werden mit anaerobem Kleber mechanisch festgezogen, was eine dichte m6x1-Gewindeverbindung garantiert.  <\/em><\/p>\n<p><em><strong>PRE-Kalamitpacker<\/strong> haben mit einer Beschichtung versehene Gewinde, so dass sie sofort dicht sind, wenn der Kalamit verdreht wird.<\/em><\/p>\n","protected":false},"excerpt":{"rendered":"<p>Das jahrelange Flaggschiffmodell der PI-SPM pacer professional line Serie . Der Injektor bietet eine hervorragende Dichtigkeit und eine vorbildliche Verankerung. Der Injektor ist f\u00fcr alle Arten von Injektionen geeignet. Er gew\u00e4hrleistet eine vorbildliche Dichtheit der Kalamit\u00e4ten sowie des Strebenteils sowohl bei der Hochdruck- als auch bei der Niederdruckinjektion. Dank spezieller Kalamite halten die Packer den [&hellip;]<\/p>\n","protected":false},"featured_media":48674,"template":"","meta":{"_acf_changed":false},"product_brand":[],"product_cat":[869],"product_tag":[],"class_list":{"0":"post-48696","1":"product","2":"type-product","3":"status-publish","4":"has-post-thumbnail","6":"product_cat-metallpacker","8":"first","9":"instock","10":"taxable","11":"shipping-taxable","12":"product-type-simple"},"acf":[],"yoast_head":"<!-- This site is optimized with the Yoast SEO plugin v27.3 - https:\/\/yoast.com\/product\/yoast-seo-wordpress\/ -->\n<title>Injektionspacker PI-SPM 10\/300 - PAKERY.PL<\/title>\n<meta name=\"robots\" content=\"index, follow, max-snippet:-1, max-image-preview:large, max-video-preview:-1\" \/>\n<link rel=\"canonical\" href=\"https:\/\/www.pakery.pl\/de\/produkt\/paker-do-iniekcji-pi-spm-10-300\/\" \/>\n<meta property=\"og:locale\" content=\"de_DE\" \/>\n<meta property=\"og:type\" content=\"article\" \/>\n<meta property=\"og:title\" content=\"Injektionspacker PI-SPM 10\/300 - PAKERY.PL\" \/>\n<meta property=\"og:description\" content=\"Das jahrelange Flaggschiffmodell der PI-SPM pacer professional line Serie . Der Injektor bietet eine hervorragende Dichtigkeit und eine vorbildliche Verankerung. Der Injektor ist f\u00fcr alle Arten von Injektionen geeignet. Er gew\u00e4hrleistet eine vorbildliche Dichtheit der Kalamit\u00e4ten sowie des Strebenteils sowohl bei der Hochdruck- als auch bei der Niederdruckinjektion. Dank spezieller Kalamite halten die Packer den [&hellip;]\" \/>\n<meta property=\"og:url\" content=\"https:\/\/www.pakery.pl\/de\/produkt\/paker-do-iniekcji-pi-spm-10-300\/\" \/>\n<meta property=\"og:site_name\" content=\"PAKERY.PL\" \/>\n<meta property=\"og:image\" content=\"https:\/\/www.pakery.pl\/wp-content\/uploads\/2025\/05\/PI-SPM-10300-ikona.png\" \/>\n\t<meta property=\"og:image:width\" content=\"683\" \/>\n\t<meta property=\"og:image:height\" content=\"683\" \/>\n\t<meta property=\"og:image:type\" content=\"image\/png\" \/>\n<meta name=\"twitter:card\" content=\"summary_large_image\" \/>\n<script type=\"application\/ld+json\" class=\"yoast-schema-graph\">{\"@context\":\"https:\\\/\\\/schema.org\",\"@graph\":[{\"@type\":\"WebPage\",\"@id\":\"https:\\\/\\\/www.pakery.pl\\\/de\\\/produkt\\\/paker-do-iniekcji-pi-spm-10-300\\\/\",\"url\":\"https:\\\/\\\/www.pakery.pl\\\/de\\\/produkt\\\/paker-do-iniekcji-pi-spm-10-300\\\/\",\"name\":\"Injektionspacker PI-SPM 10\\\/300 - PAKERY.PL\",\"isPartOf\":{\"@id\":\"https:\\\/\\\/www.pakery.pl\\\/de\\\/#website\"},\"primaryImageOfPage\":{\"@id\":\"https:\\\/\\\/www.pakery.pl\\\/de\\\/produkt\\\/paker-do-iniekcji-pi-spm-10-300\\\/#primaryimage\"},\"image\":{\"@id\":\"https:\\\/\\\/www.pakery.pl\\\/de\\\/produkt\\\/paker-do-iniekcji-pi-spm-10-300\\\/#primaryimage\"},\"thumbnailUrl\":\"https:\\\/\\\/www.pakery.pl\\\/wp-content\\\/uploads\\\/2025\\\/05\\\/PI-SPM-10300-ikona.png\",\"datePublished\":\"2025-05-12T05:22:01+00:00\",\"breadcrumb\":{\"@id\":\"https:\\\/\\\/www.pakery.pl\\\/de\\\/produkt\\\/paker-do-iniekcji-pi-spm-10-300\\\/#breadcrumb\"},\"inLanguage\":\"de\",\"potentialAction\":[{\"@type\":\"ReadAction\",\"target\":[\"https:\\\/\\\/www.pakery.pl\\\/de\\\/produkt\\\/paker-do-iniekcji-pi-spm-10-300\\\/\"]}]},{\"@type\":\"ImageObject\",\"inLanguage\":\"de\",\"@id\":\"https:\\\/\\\/www.pakery.pl\\\/de\\\/produkt\\\/paker-do-iniekcji-pi-spm-10-300\\\/#primaryimage\",\"url\":\"https:\\\/\\\/www.pakery.pl\\\/wp-content\\\/uploads\\\/2025\\\/05\\\/PI-SPM-10300-ikona.png\",\"contentUrl\":\"https:\\\/\\\/www.pakery.pl\\\/wp-content\\\/uploads\\\/2025\\\/05\\\/PI-SPM-10300-ikona.png\",\"width\":683,\"height\":683},{\"@type\":\"BreadcrumbList\",\"@id\":\"https:\\\/\\\/www.pakery.pl\\\/de\\\/produkt\\\/paker-do-iniekcji-pi-spm-10-300\\\/#breadcrumb\",\"itemListElement\":[{\"@type\":\"ListItem\",\"position\":1,\"name\":\"Strona g\u0142\u00f3wna\",\"item\":\"https:\\\/\\\/www.pakery.pl\\\/de\\\/\"},{\"@type\":\"ListItem\",\"position\":2,\"name\":\"Speichern\",\"item\":\"https:\\\/\\\/www.pakery.pl\\\/de\\\/speichern\\\/\"},{\"@type\":\"ListItem\",\"position\":3,\"name\":\"Injektionspacker PI-SPM 10\\\/300\"}]},{\"@type\":\"WebSite\",\"@id\":\"https:\\\/\\\/www.pakery.pl\\\/de\\\/#website\",\"url\":\"https:\\\/\\\/www.pakery.pl\\\/de\\\/\",\"name\":\"Pakery.pl\",\"description\":\"Pakery iniekcyjne, Kotwy spiralne, Lance iniekcyjne, W\u0119\u017ce do iniekcji, Pompy iniekcyjne, Serwis pomp iniekcyjnych, Wynajem pomp do iniekcji\",\"publisher\":{\"@id\":\"https:\\\/\\\/www.pakery.pl\\\/de\\\/#organization\"},\"potentialAction\":[{\"@type\":\"SearchAction\",\"target\":{\"@type\":\"EntryPoint\",\"urlTemplate\":\"https:\\\/\\\/www.pakery.pl\\\/de\\\/?s={search_term_string}\"},\"query-input\":{\"@type\":\"PropertyValueSpecification\",\"valueRequired\":true,\"valueName\":\"search_term_string\"}}],\"inLanguage\":\"de\"},{\"@type\":\"Organization\",\"@id\":\"https:\\\/\\\/www.pakery.pl\\\/de\\\/#organization\",\"name\":\"PAKERY.PL\",\"url\":\"https:\\\/\\\/www.pakery.pl\\\/de\\\/\",\"logo\":{\"@type\":\"ImageObject\",\"inLanguage\":\"de\",\"@id\":\"https:\\\/\\\/www.pakery.pl\\\/de\\\/#\\\/schema\\\/logo\\\/image\\\/\",\"url\":\"https:\\\/\\\/www.pakery.pl\\\/wp-content\\\/uploads\\\/2021\\\/04\\\/cropped-PAKERY-LOGO.png\",\"contentUrl\":\"https:\\\/\\\/www.pakery.pl\\\/wp-content\\\/uploads\\\/2021\\\/04\\\/cropped-PAKERY-LOGO.png\",\"width\":1529,\"height\":500,\"caption\":\"PAKERY.PL\"},\"image\":{\"@id\":\"https:\\\/\\\/www.pakery.pl\\\/de\\\/#\\\/schema\\\/logo\\\/image\\\/\"}}]}<\/script>\n<!-- \/ Yoast SEO plugin. -->","yoast_head_json":{"title":"Injektionspacker PI-SPM 10\/300 - PAKERY.PL","robots":{"index":"index","follow":"follow","max-snippet":"max-snippet:-1","max-image-preview":"max-image-preview:large","max-video-preview":"max-video-preview:-1"},"canonical":"https:\/\/www.pakery.pl\/de\/produkt\/paker-do-iniekcji-pi-spm-10-300\/","og_locale":"de_DE","og_type":"article","og_title":"Injektionspacker PI-SPM 10\/300 - PAKERY.PL","og_description":"Das jahrelange Flaggschiffmodell der PI-SPM pacer professional line Serie . Der Injektor bietet eine hervorragende Dichtigkeit und eine vorbildliche Verankerung. Der Injektor ist f\u00fcr alle Arten von Injektionen geeignet. Er gew\u00e4hrleistet eine vorbildliche Dichtheit der Kalamit\u00e4ten sowie des Strebenteils sowohl bei der Hochdruck- als auch bei der Niederdruckinjektion. Dank spezieller Kalamite halten die Packer den [&hellip;]","og_url":"https:\/\/www.pakery.pl\/de\/produkt\/paker-do-iniekcji-pi-spm-10-300\/","og_site_name":"PAKERY.PL","og_image":[{"width":683,"height":683,"url":"https:\/\/www.pakery.pl\/wp-content\/uploads\/2025\/05\/PI-SPM-10300-ikona.png","type":"image\/png"}],"twitter_card":"summary_large_image","schema":{"@context":"https:\/\/schema.org","@graph":[{"@type":"WebPage","@id":"https:\/\/www.pakery.pl\/de\/produkt\/paker-do-iniekcji-pi-spm-10-300\/","url":"https:\/\/www.pakery.pl\/de\/produkt\/paker-do-iniekcji-pi-spm-10-300\/","name":"Injektionspacker PI-SPM 10\/300 - PAKERY.PL","isPartOf":{"@id":"https:\/\/www.pakery.pl\/de\/#website"},"primaryImageOfPage":{"@id":"https:\/\/www.pakery.pl\/de\/produkt\/paker-do-iniekcji-pi-spm-10-300\/#primaryimage"},"image":{"@id":"https:\/\/www.pakery.pl\/de\/produkt\/paker-do-iniekcji-pi-spm-10-300\/#primaryimage"},"thumbnailUrl":"https:\/\/www.pakery.pl\/wp-content\/uploads\/2025\/05\/PI-SPM-10300-ikona.png","datePublished":"2025-05-12T05:22:01+00:00","breadcrumb":{"@id":"https:\/\/www.pakery.pl\/de\/produkt\/paker-do-iniekcji-pi-spm-10-300\/#breadcrumb"},"inLanguage":"de","potentialAction":[{"@type":"ReadAction","target":["https:\/\/www.pakery.pl\/de\/produkt\/paker-do-iniekcji-pi-spm-10-300\/"]}]},{"@type":"ImageObject","inLanguage":"de","@id":"https:\/\/www.pakery.pl\/de\/produkt\/paker-do-iniekcji-pi-spm-10-300\/#primaryimage","url":"https:\/\/www.pakery.pl\/wp-content\/uploads\/2025\/05\/PI-SPM-10300-ikona.png","contentUrl":"https:\/\/www.pakery.pl\/wp-content\/uploads\/2025\/05\/PI-SPM-10300-ikona.png","width":683,"height":683},{"@type":"BreadcrumbList","@id":"https:\/\/www.pakery.pl\/de\/produkt\/paker-do-iniekcji-pi-spm-10-300\/#breadcrumb","itemListElement":[{"@type":"ListItem","position":1,"name":"Strona g\u0142\u00f3wna","item":"https:\/\/www.pakery.pl\/de\/"},{"@type":"ListItem","position":2,"name":"Speichern","item":"https:\/\/www.pakery.pl\/de\/speichern\/"},{"@type":"ListItem","position":3,"name":"Injektionspacker PI-SPM 10\/300"}]},{"@type":"WebSite","@id":"https:\/\/www.pakery.pl\/de\/#website","url":"https:\/\/www.pakery.pl\/de\/","name":"Pakery.pl","description":"Pakery iniekcyjne, Kotwy spiralne, Lance iniekcyjne, W\u0119\u017ce do iniekcji, Pompy iniekcyjne, Serwis pomp iniekcyjnych, Wynajem pomp do iniekcji","publisher":{"@id":"https:\/\/www.pakery.pl\/de\/#organization"},"potentialAction":[{"@type":"SearchAction","target":{"@type":"EntryPoint","urlTemplate":"https:\/\/www.pakery.pl\/de\/?s={search_term_string}"},"query-input":{"@type":"PropertyValueSpecification","valueRequired":true,"valueName":"search_term_string"}}],"inLanguage":"de"},{"@type":"Organization","@id":"https:\/\/www.pakery.pl\/de\/#organization","name":"PAKERY.PL","url":"https:\/\/www.pakery.pl\/de\/","logo":{"@type":"ImageObject","inLanguage":"de","@id":"https:\/\/www.pakery.pl\/de\/#\/schema\/logo\/image\/","url":"https:\/\/www.pakery.pl\/wp-content\/uploads\/2021\/04\/cropped-PAKERY-LOGO.png","contentUrl":"https:\/\/www.pakery.pl\/wp-content\/uploads\/2021\/04\/cropped-PAKERY-LOGO.png","width":1529,"height":500,"caption":"PAKERY.PL"},"image":{"@id":"https:\/\/www.pakery.pl\/de\/#\/schema\/logo\/image\/"}}]}},"_links":{"self":[{"href":"https:\/\/www.pakery.pl\/de\/wp-json\/wp\/v2\/product\/48696","targetHints":{"allow":["GET"]}}],"collection":[{"href":"https:\/\/www.pakery.pl\/de\/wp-json\/wp\/v2\/product"}],"about":[{"href":"https:\/\/www.pakery.pl\/de\/wp-json\/wp\/v2\/types\/product"}],"version-history":[{"count":0,"href":"https:\/\/www.pakery.pl\/de\/wp-json\/wp\/v2\/product\/48696\/revisions"}],"wp:featuredmedia":[{"embeddable":true,"href":"https:\/\/www.pakery.pl\/de\/wp-json\/wp\/v2\/media\/48674"}],"wp:attachment":[{"href":"https:\/\/www.pakery.pl\/de\/wp-json\/wp\/v2\/media?parent=48696"}],"wp:term":[{"taxonomy":"product_brand","embeddable":true,"href":"https:\/\/www.pakery.pl\/de\/wp-json\/wp\/v2\/product_brand?post=48696"},{"taxonomy":"product_cat","embeddable":true,"href":"https:\/\/www.pakery.pl\/de\/wp-json\/wp\/v2\/product_cat?post=48696"},{"taxonomy":"product_tag","embeddable":true,"href":"https:\/\/www.pakery.pl\/de\/wp-json\/wp\/v2\/product_tag?post=48696"}],"curies":[{"name":"wp","href":"https:\/\/api.w.org\/{rel}","templated":true}]}}