{"id":49674,"date":"2021-04-11T09:49:09","date_gmt":"2025-05-15T10:01:38","guid":{"rendered":"https:\/\/www.pakery.pl\/produkt\/injektionspakker-pi-spm-13-110\/"},"modified":"2025-05-15T12:17:44","modified_gmt":"2025-05-15T10:17:44","slug":"pi-spm-13-110","status":"publish","type":"product","link":"https:\/\/www.pakery.pl\/da\/produkt\/pi-spm-13-110\/","title":{"rendered":"Injektionspakker PI-SPM 13\/110"},"content":{"rendered":"\t\t<div data-elementor-type=\"product-post\" data-elementor-id=\"49674\" class=\"elementor elementor-49674 elementor-1317\" data-elementor-post-type=\"product\">\n\t\t\t\t\t\t<section class=\"elementor-section elementor-top-section elementor-element elementor-element-ca5e2e4 elementor-section-full_width elementor-section-height-default elementor-section-height-default\" data-id=\"ca5e2e4\" data-element_type=\"section\" data-e-type=\"section\">\n\t\t\t\t\t\t<div class=\"elementor-container elementor-column-gap-default\">\n\t\t\t\t\t<div class=\"elementor-column elementor-col-100 elementor-top-column elementor-element elementor-element-0911722\" data-id=\"0911722\" data-element_type=\"column\" data-e-type=\"column\">\n\t\t\t<div class=\"elementor-widget-wrap elementor-element-populated\">\n\t\t\t\t\t\t<div class=\"elementor-element elementor-element-63bcdb3 elementor-widget elementor-widget-text-editor\" data-id=\"63bcdb3\" data-element_type=\"widget\" data-e-type=\"widget\" data-widget_type=\"text-editor.default\">\n\t\t\t\t<div class=\"elementor-widget-container\">\n\t\t\t\t\t\t\t\t\t<p><span style=\"color: #000000;\">Flagskibsmodellen i mange \u00e5r i PI-SPM pacer <strong>professional line-serien<\/strong>. Injektoren giver fremragende t\u00e6thed og eksemplarisk forankring. Injektoren er velegnet til alle typer injektion. Den sikrer en eksemplarisk t\u00e6thed af kalamitterne samt af stiverdelen til b\u00e5de h\u00f8jtryks- og lavtryksindspr\u00f8jtning.  <\/span><\/p>\n<p><span style=\"color: #000000;\">Takket v\u00e6re specialiserede kalamitter holder pakkerne perfekt p\u00e5 trykket i ryggen (&#8220;l\u00e6kker ikke&#8221;).<\/span><\/p>\n<p><span style=\"color: #000000;\"><em><strong>SWG calamite packers<\/strong>, er mekanisk strammet med anaerob lim, hvilket garanterer en t\u00e6t m6x1 gevindforbindelse.  <\/em><\/span><\/p>\n<p><span style=\"color: #000000;\"><em><strong>PRE calamite packers<\/strong> har tr\u00e5de, der er forsynet med en bel\u00e6gning, hvilket giver \u00f8jeblikkelig t\u00e6thed, n\u00e5r calamiten vrides.<\/em><\/span><\/p>\n\t\t\t\t\t\t\t\t<\/div>\n\t\t\t\t<\/div>\n\t\t\t\t\t<\/div>\n\t\t<\/div>\n\t\t\t\t\t<\/div>\n\t\t<\/section>\n\t\t\t\t<\/div>\n\t\t","protected":false},"excerpt":{"rendered":"<p>Flagskibsmodellen i mange \u00e5r i PI-SPM pacer professional line-serien. Injektoren giver fremragende t\u00e6thed og eksemplarisk forankring. Injektoren er velegnet til alle typer injektion. Den sikrer en eksemplarisk t\u00e6thed af kalamitterne samt af stiverdelen til b\u00e5de h\u00f8jtryks- og lavtryksindspr\u00f8jtning. Takket v\u00e6re specialiserede kalamitter holder pakkerne perfekt p\u00e5 trykket i ryggen (&#8220;l\u00e6kker ikke&#8221;). SWG calamite packers, er [&hellip;]<\/p>\n","protected":false},"featured_media":49675,"template":"","meta":{"_acf_changed":false},"product_brand":[],"product_cat":[2007,1236],"product_tag":[],"class_list":{"0":"post-49674","1":"product","2":"type-product","3":"status-publish","4":"has-post-thumbnail","6":"product_cat-injektionspakker","7":"product_cat-metalpakker","8":"pa_rodzaj-kalamitki-fwg-da","9":"pa_rodzaj-kalamitki-pre-da","10":"pa_rodzaj-kalamitki-swg-da","12":"first","13":"instock","14":"taxable","15":"shipping-taxable","16":"purchasable","17":"product-type-variable"},"acf":[],"yoast_head":"<!-- This site is optimized with the Yoast SEO plugin v27.3 - https:\/\/yoast.com\/product\/yoast-seo-wordpress\/ -->\n<title>Indspr\u00f8jtningspakker | Indspr\u00f8jtningspakker PI-SPM 13\/110 PAKERY.PL<\/title>\n<meta name=\"description\" content=\"Injektionspakker fi 13. Enest\u00e5ende t\u00e6thed selv ved meget h\u00f8je tryk. V\u00e6lg din type kalamit\" \/>\n<meta name=\"robots\" content=\"index, follow, max-snippet:-1, max-image-preview:large, max-video-preview:-1\" \/>\n<link rel=\"canonical\" href=\"https:\/\/www.pakery.pl\/da\/produkt\/pi-spm-13-110\/\" \/>\n<meta property=\"og:locale\" content=\"da_DK\" \/>\n<meta property=\"og:type\" content=\"article\" \/>\n<meta property=\"og:title\" content=\"Indspr\u00f8jtningspakker | Indspr\u00f8jtningspakker PI-SPM 13\/110 PAKERY.PL\" \/>\n<meta property=\"og:description\" content=\"Injektionspakker fi 13. Enest\u00e5ende t\u00e6thed selv ved meget h\u00f8je tryk. V\u00e6lg din type kalamit\" \/>\n<meta property=\"og:url\" content=\"https:\/\/www.pakery.pl\/da\/produkt\/pi-spm-13-110\/\" \/>\n<meta property=\"og:site_name\" content=\"PAKERY.PL\" \/>\n<meta property=\"article:modified_time\" content=\"2025-05-15T10:17:44+00:00\" \/>\n<meta property=\"og:image\" content=\"https:\/\/www.pakery.pl\/wp-content\/uploads\/2021\/04\/PI-SPM-13110-1024x1024.png\" \/>\n\t<meta property=\"og:image:width\" content=\"1024\" \/>\n\t<meta property=\"og:image:height\" content=\"1024\" \/>\n\t<meta property=\"og:image:type\" content=\"image\/png\" \/>\n<meta name=\"twitter:card\" content=\"summary_large_image\" \/>\n<script type=\"application\/ld+json\" class=\"yoast-schema-graph\">{\"@context\":\"https:\\\/\\\/schema.org\",\"@graph\":[{\"@type\":\"WebPage\",\"@id\":\"https:\\\/\\\/www.pakery.pl\\\/da\\\/produkt\\\/pi-spm-13-110\\\/\",\"url\":\"https:\\\/\\\/www.pakery.pl\\\/da\\\/produkt\\\/pi-spm-13-110\\\/\",\"name\":\"Indspr\u00f8jtningspakker | Indspr\u00f8jtningspakker PI-SPM 13\\\/110 PAKERY.PL\",\"isPartOf\":{\"@id\":\"https:\\\/\\\/www.pakery.pl\\\/da\\\/#website\"},\"primaryImageOfPage\":{\"@id\":\"https:\\\/\\\/www.pakery.pl\\\/da\\\/produkt\\\/pi-spm-13-110\\\/#primaryimage\"},\"image\":{\"@id\":\"https:\\\/\\\/www.pakery.pl\\\/da\\\/produkt\\\/pi-spm-13-110\\\/#primaryimage\"},\"thumbnailUrl\":\"https:\\\/\\\/www.pakery.pl\\\/wp-content\\\/uploads\\\/2021\\\/04\\\/PI-SPM-13110.png\",\"datePublished\":\"2025-05-15T10:01:38+00:00\",\"dateModified\":\"2025-05-15T10:17:44+00:00\",\"description\":\"Injektionspakker fi 13. Enest\u00e5ende t\u00e6thed selv ved meget h\u00f8je tryk. V\u00e6lg din type kalamit\",\"breadcrumb\":{\"@id\":\"https:\\\/\\\/www.pakery.pl\\\/da\\\/produkt\\\/pi-spm-13-110\\\/#breadcrumb\"},\"inLanguage\":\"da-DK\",\"potentialAction\":[{\"@type\":\"ReadAction\",\"target\":[\"https:\\\/\\\/www.pakery.pl\\\/da\\\/produkt\\\/pi-spm-13-110\\\/\"]}]},{\"@type\":\"ImageObject\",\"inLanguage\":\"da-DK\",\"@id\":\"https:\\\/\\\/www.pakery.pl\\\/da\\\/produkt\\\/pi-spm-13-110\\\/#primaryimage\",\"url\":\"https:\\\/\\\/www.pakery.pl\\\/wp-content\\\/uploads\\\/2021\\\/04\\\/PI-SPM-13110.png\",\"contentUrl\":\"https:\\\/\\\/www.pakery.pl\\\/wp-content\\\/uploads\\\/2021\\\/04\\\/PI-SPM-13110.png\",\"width\":2500,\"height\":2500},{\"@type\":\"BreadcrumbList\",\"@id\":\"https:\\\/\\\/www.pakery.pl\\\/da\\\/produkt\\\/pi-spm-13-110\\\/#breadcrumb\",\"itemListElement\":[{\"@type\":\"ListItem\",\"position\":1,\"name\":\"Strona g\u0142\u00f3wna\",\"item\":\"https:\\\/\\\/www.pakery.pl\\\/da\\\/\"},{\"@type\":\"ListItem\",\"position\":2,\"name\":\"butik\",\"item\":\"https:\\\/\\\/www.pakery.pl\\\/da\\\/butik\\\/\"},{\"@type\":\"ListItem\",\"position\":3,\"name\":\"Injektionspakker PI-SPM 13\\\/110\"}]},{\"@type\":\"WebSite\",\"@id\":\"https:\\\/\\\/www.pakery.pl\\\/da\\\/#website\",\"url\":\"https:\\\/\\\/www.pakery.pl\\\/da\\\/\",\"name\":\"Pakery.pl\",\"description\":\"Pakery iniekcyjne, Kotwy spiralne, Lance iniekcyjne, W\u0119\u017ce do iniekcji, Pompy iniekcyjne, Serwis pomp iniekcyjnych, Wynajem pomp do iniekcji\",\"publisher\":{\"@id\":\"https:\\\/\\\/www.pakery.pl\\\/da\\\/#organization\"},\"potentialAction\":[{\"@type\":\"SearchAction\",\"target\":{\"@type\":\"EntryPoint\",\"urlTemplate\":\"https:\\\/\\\/www.pakery.pl\\\/da\\\/?s={search_term_string}\"},\"query-input\":{\"@type\":\"PropertyValueSpecification\",\"valueRequired\":true,\"valueName\":\"search_term_string\"}}],\"inLanguage\":\"da-DK\"},{\"@type\":\"Organization\",\"@id\":\"https:\\\/\\\/www.pakery.pl\\\/da\\\/#organization\",\"name\":\"PAKERY.PL\",\"url\":\"https:\\\/\\\/www.pakery.pl\\\/da\\\/\",\"logo\":{\"@type\":\"ImageObject\",\"inLanguage\":\"da-DK\",\"@id\":\"https:\\\/\\\/www.pakery.pl\\\/da\\\/#\\\/schema\\\/logo\\\/image\\\/\",\"url\":\"https:\\\/\\\/www.pakery.pl\\\/wp-content\\\/uploads\\\/2021\\\/04\\\/cropped-PAKERY-LOGO.png\",\"contentUrl\":\"https:\\\/\\\/www.pakery.pl\\\/wp-content\\\/uploads\\\/2021\\\/04\\\/cropped-PAKERY-LOGO.png\",\"width\":1529,\"height\":500,\"caption\":\"PAKERY.PL\"},\"image\":{\"@id\":\"https:\\\/\\\/www.pakery.pl\\\/da\\\/#\\\/schema\\\/logo\\\/image\\\/\"}}]}<\/script>\n<!-- \/ Yoast SEO plugin. -->","yoast_head_json":{"title":"Indspr\u00f8jtningspakker | Indspr\u00f8jtningspakker PI-SPM 13\/110 PAKERY.PL","description":"Injektionspakker fi 13. Enest\u00e5ende t\u00e6thed selv ved meget h\u00f8je tryk. V\u00e6lg din type kalamit","robots":{"index":"index","follow":"follow","max-snippet":"max-snippet:-1","max-image-preview":"max-image-preview:large","max-video-preview":"max-video-preview:-1"},"canonical":"https:\/\/www.pakery.pl\/da\/produkt\/pi-spm-13-110\/","og_locale":"da_DK","og_type":"article","og_title":"Indspr\u00f8jtningspakker | Indspr\u00f8jtningspakker PI-SPM 13\/110 PAKERY.PL","og_description":"Injektionspakker fi 13. Enest\u00e5ende t\u00e6thed selv ved meget h\u00f8je tryk. V\u00e6lg din type kalamit","og_url":"https:\/\/www.pakery.pl\/da\/produkt\/pi-spm-13-110\/","og_site_name":"PAKERY.PL","article_modified_time":"2025-05-15T10:17:44+00:00","og_image":[{"width":1024,"height":1024,"url":"https:\/\/www.pakery.pl\/wp-content\/uploads\/2021\/04\/PI-SPM-13110-1024x1024.png","type":"image\/png"}],"twitter_card":"summary_large_image","schema":{"@context":"https:\/\/schema.org","@graph":[{"@type":"WebPage","@id":"https:\/\/www.pakery.pl\/da\/produkt\/pi-spm-13-110\/","url":"https:\/\/www.pakery.pl\/da\/produkt\/pi-spm-13-110\/","name":"Indspr\u00f8jtningspakker | Indspr\u00f8jtningspakker PI-SPM 13\/110 PAKERY.PL","isPartOf":{"@id":"https:\/\/www.pakery.pl\/da\/#website"},"primaryImageOfPage":{"@id":"https:\/\/www.pakery.pl\/da\/produkt\/pi-spm-13-110\/#primaryimage"},"image":{"@id":"https:\/\/www.pakery.pl\/da\/produkt\/pi-spm-13-110\/#primaryimage"},"thumbnailUrl":"https:\/\/www.pakery.pl\/wp-content\/uploads\/2021\/04\/PI-SPM-13110.png","datePublished":"2025-05-15T10:01:38+00:00","dateModified":"2025-05-15T10:17:44+00:00","description":"Injektionspakker fi 13. Enest\u00e5ende t\u00e6thed selv ved meget h\u00f8je tryk. V\u00e6lg din type kalamit","breadcrumb":{"@id":"https:\/\/www.pakery.pl\/da\/produkt\/pi-spm-13-110\/#breadcrumb"},"inLanguage":"da-DK","potentialAction":[{"@type":"ReadAction","target":["https:\/\/www.pakery.pl\/da\/produkt\/pi-spm-13-110\/"]}]},{"@type":"ImageObject","inLanguage":"da-DK","@id":"https:\/\/www.pakery.pl\/da\/produkt\/pi-spm-13-110\/#primaryimage","url":"https:\/\/www.pakery.pl\/wp-content\/uploads\/2021\/04\/PI-SPM-13110.png","contentUrl":"https:\/\/www.pakery.pl\/wp-content\/uploads\/2021\/04\/PI-SPM-13110.png","width":2500,"height":2500},{"@type":"BreadcrumbList","@id":"https:\/\/www.pakery.pl\/da\/produkt\/pi-spm-13-110\/#breadcrumb","itemListElement":[{"@type":"ListItem","position":1,"name":"Strona g\u0142\u00f3wna","item":"https:\/\/www.pakery.pl\/da\/"},{"@type":"ListItem","position":2,"name":"butik","item":"https:\/\/www.pakery.pl\/da\/butik\/"},{"@type":"ListItem","position":3,"name":"Injektionspakker PI-SPM 13\/110"}]},{"@type":"WebSite","@id":"https:\/\/www.pakery.pl\/da\/#website","url":"https:\/\/www.pakery.pl\/da\/","name":"Pakery.pl","description":"Pakery iniekcyjne, Kotwy spiralne, Lance iniekcyjne, W\u0119\u017ce do iniekcji, Pompy iniekcyjne, Serwis pomp iniekcyjnych, Wynajem pomp do iniekcji","publisher":{"@id":"https:\/\/www.pakery.pl\/da\/#organization"},"potentialAction":[{"@type":"SearchAction","target":{"@type":"EntryPoint","urlTemplate":"https:\/\/www.pakery.pl\/da\/?s={search_term_string}"},"query-input":{"@type":"PropertyValueSpecification","valueRequired":true,"valueName":"search_term_string"}}],"inLanguage":"da-DK"},{"@type":"Organization","@id":"https:\/\/www.pakery.pl\/da\/#organization","name":"PAKERY.PL","url":"https:\/\/www.pakery.pl\/da\/","logo":{"@type":"ImageObject","inLanguage":"da-DK","@id":"https:\/\/www.pakery.pl\/da\/#\/schema\/logo\/image\/","url":"https:\/\/www.pakery.pl\/wp-content\/uploads\/2021\/04\/cropped-PAKERY-LOGO.png","contentUrl":"https:\/\/www.pakery.pl\/wp-content\/uploads\/2021\/04\/cropped-PAKERY-LOGO.png","width":1529,"height":500,"caption":"PAKERY.PL"},"image":{"@id":"https:\/\/www.pakery.pl\/da\/#\/schema\/logo\/image\/"}}]}},"_links":{"self":[{"href":"https:\/\/www.pakery.pl\/da\/wp-json\/wp\/v2\/product\/49674","targetHints":{"allow":["GET"]}}],"collection":[{"href":"https:\/\/www.pakery.pl\/da\/wp-json\/wp\/v2\/product"}],"about":[{"href":"https:\/\/www.pakery.pl\/da\/wp-json\/wp\/v2\/types\/product"}],"version-history":[{"count":1,"href":"https:\/\/www.pakery.pl\/da\/wp-json\/wp\/v2\/product\/49674\/revisions"}],"predecessor-version":[{"id":49679,"href":"https:\/\/www.pakery.pl\/da\/wp-json\/wp\/v2\/product\/49674\/revisions\/49679"}],"wp:featuredmedia":[{"embeddable":true,"href":"https:\/\/www.pakery.pl\/da\/wp-json\/wp\/v2\/media\/49675"}],"wp:attachment":[{"href":"https:\/\/www.pakery.pl\/da\/wp-json\/wp\/v2\/media?parent=49674"}],"wp:term":[{"taxonomy":"product_brand","embeddable":true,"href":"https:\/\/www.pakery.pl\/da\/wp-json\/wp\/v2\/product_brand?post=49674"},{"taxonomy":"product_cat","embeddable":true,"href":"https:\/\/www.pakery.pl\/da\/wp-json\/wp\/v2\/product_cat?post=49674"},{"taxonomy":"product_tag","embeddable":true,"href":"https:\/\/www.pakery.pl\/da\/wp-json\/wp\/v2\/product_tag?post=49674"}],"curies":[{"name":"wp","href":"https:\/\/api.w.org\/{rel}","templated":true}]}}