{"id":49204,"date":"2021-04-21T09:23:50","date_gmt":"2025-05-13T06:57:10","guid":{"rendered":"https:\/\/www.pakery.pl\/produkt\/dagpakker-pi-spx-10-110swg\/"},"modified":"2025-05-19T14:34:30","modified_gmt":"2025-05-19T12:34:30","slug":"paker-jednodniowy-pi-spx-10-110swg","status":"publish","type":"product","link":"https:\/\/www.pakery.pl\/da\/produkt\/paker-jednodniowy-pi-spx-10-110swg\/","title":{"rendered":"Dagpakker PI-SPX 10\/110swg"},"content":{"rendered":"\t\t<div data-elementor-type=\"product-post\" data-elementor-id=\"49204\" class=\"elementor elementor-49204 elementor-1875\" data-elementor-post-type=\"product\">\n\t\t\t\t\t\t<section class=\"elementor-section elementor-top-section elementor-element elementor-element-6bf1e09 elementor-section-full_width elementor-section-height-default elementor-section-height-default\" data-id=\"6bf1e09\" data-element_type=\"section\" data-e-type=\"section\">\n\t\t\t\t\t\t<div class=\"elementor-container elementor-column-gap-default\">\n\t\t\t\t\t<div class=\"elementor-column elementor-col-100 elementor-top-column elementor-element elementor-element-e29b068\" data-id=\"e29b068\" data-element_type=\"column\" data-e-type=\"column\">\n\t\t\t<div class=\"elementor-widget-wrap elementor-element-populated\">\n\t\t\t\t\t\t<div class=\"elementor-element elementor-element-85aae22 elementor-widget elementor-widget-text-editor\" data-id=\"85aae22\" data-element_type=\"widget\" data-e-type=\"widget\" data-widget_type=\"text-editor.default\">\n\t\t\t\t<div class=\"elementor-widget-container\">\n\t\t\t\t\t\t\t\t\t<p><span style=\"color: #000000;\"><strong>Endagspakker til injektion<\/strong> eller <strong>pakker<\/strong> med to ventiler. De g\u00f8r det muligt at gennemf\u00f8re injektionen samme dag uden at vente p\u00e5, at injektionsharpiksen h\u00e6rder. <\/span><\/p>\n<p><span style=\"color: #000000;\">I bunden af injektionspaceren (ekspansionsgummi) er der en anden ventil og en klemring p\u00e5 gevindet. Du kan fjerne injektionspakkeren umiddelbart efter injektion uden at vente p\u00e5, at injektionsharpiksen h\u00e6rder. <\/span><\/p>\n<p><em><span style=\"color: #000000;\">Det er is\u00e6r nyttigt, n\u00e5r det ikke er omkostningseffektivt for injektionsteamet at komme den f\u00f8lgende dag bare for at fjerne pakkefolkene.<\/span><\/em><br \/><em><span style=\"color: #000000;\">Ogs\u00e5 i underjordiske garager, hvor de s\u00e6dvanlige injektionspakkere skar d\u00e6kkene op p\u00e5 de biler, der kom ind.<\/span><\/em><\/p>\n\t\t\t\t\t\t\t\t<\/div>\n\t\t\t\t<\/div>\n\t\t\t\t\t<\/div>\n\t\t<\/div>\n\t\t\t\t\t<\/div>\n\t\t<\/section>\n\t\t\t\t<\/div>\n\t\t","protected":false},"excerpt":{"rendered":"<p>Endagspakker til injektion eller pakker med to ventiler. De g\u00f8r det muligt at gennemf\u00f8re injektionen samme dag uden at vente p\u00e5, at injektionsharpiksen h\u00e6rder. I bunden af injektionspaceren (ekspansionsgummi) er der en anden ventil og en klemring p\u00e5 gevindet. Du kan fjerne injektionspakkeren umiddelbart efter injektion uden at vente p\u00e5, at injektionsharpiksen h\u00e6rder. Det er [&hellip;]<\/p>\n","protected":false},"featured_media":49175,"template":"","meta":{"_acf_changed":false},"product_brand":[],"product_cat":[2007,1236],"product_tag":[],"class_list":{"0":"post-49204","1":"product","2":"type-product","3":"status-publish","4":"has-post-thumbnail","6":"product_cat-injektionspakker","7":"product_cat-metalpakker","9":"first","10":"instock","11":"taxable","12":"shipping-taxable","13":"purchasable","14":"product-type-simple"},"acf":[],"yoast_head":"<!-- This site is optimized with the Yoast SEO plugin v27.3 - https:\/\/yoast.com\/product\/yoast-seo-wordpress\/ -->\n<title>Injektionspakker til endagsinjektion PI-SPX 10\/110 PAKERY.PL<\/title>\n<meta name=\"description\" content=\"Endags injektionspakker. Enest\u00e5ende t\u00e6thed selv ved meget h\u00f8je tryk. Registrer dig for at v\u00e6lge din kalamittype.\" \/>\n<meta name=\"robots\" content=\"index, follow, max-snippet:-1, max-image-preview:large, max-video-preview:-1\" \/>\n<link rel=\"canonical\" href=\"https:\/\/www.pakery.pl\/da\/produkt\/paker-jednodniowy-pi-spx-10-110swg\/\" \/>\n<meta property=\"og:locale\" content=\"da_DK\" \/>\n<meta property=\"og:type\" content=\"article\" \/>\n<meta property=\"og:title\" content=\"Injektionspakker til endagsinjektion PI-SPX 10\/110 PAKERY.PL\" \/>\n<meta property=\"og:description\" content=\"Endags injektionspakker. Enest\u00e5ende t\u00e6thed selv ved meget h\u00f8je tryk. Registrer dig for at v\u00e6lge din kalamittype.\" \/>\n<meta property=\"og:url\" content=\"https:\/\/www.pakery.pl\/da\/produkt\/paker-jednodniowy-pi-spx-10-110swg\/\" \/>\n<meta property=\"og:site_name\" content=\"PAKERY.PL\" \/>\n<meta property=\"article:modified_time\" content=\"2025-05-19T12:34:30+00:00\" \/>\n<meta property=\"og:image\" content=\"https:\/\/www.pakery.pl\/wp-content\/uploads\/2021\/04\/PI-SPX-10110e-1024x1024.png\" \/>\n\t<meta property=\"og:image:width\" content=\"1024\" \/>\n\t<meta property=\"og:image:height\" content=\"1024\" \/>\n\t<meta property=\"og:image:type\" content=\"image\/png\" \/>\n<meta name=\"twitter:card\" content=\"summary_large_image\" \/>\n<meta name=\"twitter:label1\" content=\"Estimeret l\u00e6setid\" \/>\n\t<meta name=\"twitter:data1\" content=\"1 minut\" \/>\n<script type=\"application\/ld+json\" class=\"yoast-schema-graph\">{\"@context\":\"https:\\\/\\\/schema.org\",\"@graph\":[{\"@type\":\"WebPage\",\"@id\":\"https:\\\/\\\/www.pakery.pl\\\/da\\\/produkt\\\/paker-jednodniowy-pi-spx-10-110swg\\\/\",\"url\":\"https:\\\/\\\/www.pakery.pl\\\/da\\\/produkt\\\/paker-jednodniowy-pi-spx-10-110swg\\\/\",\"name\":\"Injektionspakker til endagsinjektion PI-SPX 10\\\/110 PAKERY.PL\",\"isPartOf\":{\"@id\":\"https:\\\/\\\/www.pakery.pl\\\/da\\\/#website\"},\"primaryImageOfPage\":{\"@id\":\"https:\\\/\\\/www.pakery.pl\\\/da\\\/produkt\\\/paker-jednodniowy-pi-spx-10-110swg\\\/#primaryimage\"},\"image\":{\"@id\":\"https:\\\/\\\/www.pakery.pl\\\/da\\\/produkt\\\/paker-jednodniowy-pi-spx-10-110swg\\\/#primaryimage\"},\"thumbnailUrl\":\"https:\\\/\\\/www.pakery.pl\\\/wp-content\\\/uploads\\\/2021\\\/04\\\/PI-SPX-10110e.png\",\"datePublished\":\"2025-05-13T06:57:10+00:00\",\"dateModified\":\"2025-05-19T12:34:30+00:00\",\"description\":\"Endags injektionspakker. Enest\u00e5ende t\u00e6thed selv ved meget h\u00f8je tryk. Registrer dig for at v\u00e6lge din kalamittype.\",\"breadcrumb\":{\"@id\":\"https:\\\/\\\/www.pakery.pl\\\/da\\\/produkt\\\/paker-jednodniowy-pi-spx-10-110swg\\\/#breadcrumb\"},\"inLanguage\":\"da-DK\",\"potentialAction\":[{\"@type\":\"ReadAction\",\"target\":[\"https:\\\/\\\/www.pakery.pl\\\/da\\\/produkt\\\/paker-jednodniowy-pi-spx-10-110swg\\\/\"]}]},{\"@type\":\"ImageObject\",\"inLanguage\":\"da-DK\",\"@id\":\"https:\\\/\\\/www.pakery.pl\\\/da\\\/produkt\\\/paker-jednodniowy-pi-spx-10-110swg\\\/#primaryimage\",\"url\":\"https:\\\/\\\/www.pakery.pl\\\/wp-content\\\/uploads\\\/2021\\\/04\\\/PI-SPX-10110e.png\",\"contentUrl\":\"https:\\\/\\\/www.pakery.pl\\\/wp-content\\\/uploads\\\/2021\\\/04\\\/PI-SPX-10110e.png\",\"width\":2000,\"height\":2000},{\"@type\":\"BreadcrumbList\",\"@id\":\"https:\\\/\\\/www.pakery.pl\\\/da\\\/produkt\\\/paker-jednodniowy-pi-spx-10-110swg\\\/#breadcrumb\",\"itemListElement\":[{\"@type\":\"ListItem\",\"position\":1,\"name\":\"Strona g\u0142\u00f3wna\",\"item\":\"https:\\\/\\\/www.pakery.pl\\\/da\\\/\"},{\"@type\":\"ListItem\",\"position\":2,\"name\":\"butik\",\"item\":\"https:\\\/\\\/www.pakery.pl\\\/da\\\/butik\\\/\"},{\"@type\":\"ListItem\",\"position\":3,\"name\":\"Dagpakker PI-SPX 10\\\/110swg\"}]},{\"@type\":\"WebSite\",\"@id\":\"https:\\\/\\\/www.pakery.pl\\\/da\\\/#website\",\"url\":\"https:\\\/\\\/www.pakery.pl\\\/da\\\/\",\"name\":\"Pakery.pl\",\"description\":\"Pakery iniekcyjne, Kotwy spiralne, Lance iniekcyjne, W\u0119\u017ce do iniekcji, Pompy iniekcyjne, Serwis pomp iniekcyjnych, Wynajem pomp do iniekcji\",\"publisher\":{\"@id\":\"https:\\\/\\\/www.pakery.pl\\\/da\\\/#organization\"},\"potentialAction\":[{\"@type\":\"SearchAction\",\"target\":{\"@type\":\"EntryPoint\",\"urlTemplate\":\"https:\\\/\\\/www.pakery.pl\\\/da\\\/?s={search_term_string}\"},\"query-input\":{\"@type\":\"PropertyValueSpecification\",\"valueRequired\":true,\"valueName\":\"search_term_string\"}}],\"inLanguage\":\"da-DK\"},{\"@type\":\"Organization\",\"@id\":\"https:\\\/\\\/www.pakery.pl\\\/da\\\/#organization\",\"name\":\"PAKERY.PL\",\"url\":\"https:\\\/\\\/www.pakery.pl\\\/da\\\/\",\"logo\":{\"@type\":\"ImageObject\",\"inLanguage\":\"da-DK\",\"@id\":\"https:\\\/\\\/www.pakery.pl\\\/da\\\/#\\\/schema\\\/logo\\\/image\\\/\",\"url\":\"https:\\\/\\\/www.pakery.pl\\\/wp-content\\\/uploads\\\/2021\\\/04\\\/cropped-PAKERY-LOGO.png\",\"contentUrl\":\"https:\\\/\\\/www.pakery.pl\\\/wp-content\\\/uploads\\\/2021\\\/04\\\/cropped-PAKERY-LOGO.png\",\"width\":1529,\"height\":500,\"caption\":\"PAKERY.PL\"},\"image\":{\"@id\":\"https:\\\/\\\/www.pakery.pl\\\/da\\\/#\\\/schema\\\/logo\\\/image\\\/\"}}]}<\/script>\n<!-- \/ Yoast SEO plugin. -->","yoast_head_json":{"title":"Injektionspakker til endagsinjektion PI-SPX 10\/110 PAKERY.PL","description":"Endags injektionspakker. Enest\u00e5ende t\u00e6thed selv ved meget h\u00f8je tryk. Registrer dig for at v\u00e6lge din kalamittype.","robots":{"index":"index","follow":"follow","max-snippet":"max-snippet:-1","max-image-preview":"max-image-preview:large","max-video-preview":"max-video-preview:-1"},"canonical":"https:\/\/www.pakery.pl\/da\/produkt\/paker-jednodniowy-pi-spx-10-110swg\/","og_locale":"da_DK","og_type":"article","og_title":"Injektionspakker til endagsinjektion PI-SPX 10\/110 PAKERY.PL","og_description":"Endags injektionspakker. Enest\u00e5ende t\u00e6thed selv ved meget h\u00f8je tryk. Registrer dig for at v\u00e6lge din kalamittype.","og_url":"https:\/\/www.pakery.pl\/da\/produkt\/paker-jednodniowy-pi-spx-10-110swg\/","og_site_name":"PAKERY.PL","article_modified_time":"2025-05-19T12:34:30+00:00","og_image":[{"width":1024,"height":1024,"url":"https:\/\/www.pakery.pl\/wp-content\/uploads\/2021\/04\/PI-SPX-10110e-1024x1024.png","type":"image\/png"}],"twitter_card":"summary_large_image","twitter_misc":{"Estimeret l\u00e6setid":"1 minut"},"schema":{"@context":"https:\/\/schema.org","@graph":[{"@type":"WebPage","@id":"https:\/\/www.pakery.pl\/da\/produkt\/paker-jednodniowy-pi-spx-10-110swg\/","url":"https:\/\/www.pakery.pl\/da\/produkt\/paker-jednodniowy-pi-spx-10-110swg\/","name":"Injektionspakker til endagsinjektion PI-SPX 10\/110 PAKERY.PL","isPartOf":{"@id":"https:\/\/www.pakery.pl\/da\/#website"},"primaryImageOfPage":{"@id":"https:\/\/www.pakery.pl\/da\/produkt\/paker-jednodniowy-pi-spx-10-110swg\/#primaryimage"},"image":{"@id":"https:\/\/www.pakery.pl\/da\/produkt\/paker-jednodniowy-pi-spx-10-110swg\/#primaryimage"},"thumbnailUrl":"https:\/\/www.pakery.pl\/wp-content\/uploads\/2021\/04\/PI-SPX-10110e.png","datePublished":"2025-05-13T06:57:10+00:00","dateModified":"2025-05-19T12:34:30+00:00","description":"Endags injektionspakker. Enest\u00e5ende t\u00e6thed selv ved meget h\u00f8je tryk. Registrer dig for at v\u00e6lge din kalamittype.","breadcrumb":{"@id":"https:\/\/www.pakery.pl\/da\/produkt\/paker-jednodniowy-pi-spx-10-110swg\/#breadcrumb"},"inLanguage":"da-DK","potentialAction":[{"@type":"ReadAction","target":["https:\/\/www.pakery.pl\/da\/produkt\/paker-jednodniowy-pi-spx-10-110swg\/"]}]},{"@type":"ImageObject","inLanguage":"da-DK","@id":"https:\/\/www.pakery.pl\/da\/produkt\/paker-jednodniowy-pi-spx-10-110swg\/#primaryimage","url":"https:\/\/www.pakery.pl\/wp-content\/uploads\/2021\/04\/PI-SPX-10110e.png","contentUrl":"https:\/\/www.pakery.pl\/wp-content\/uploads\/2021\/04\/PI-SPX-10110e.png","width":2000,"height":2000},{"@type":"BreadcrumbList","@id":"https:\/\/www.pakery.pl\/da\/produkt\/paker-jednodniowy-pi-spx-10-110swg\/#breadcrumb","itemListElement":[{"@type":"ListItem","position":1,"name":"Strona g\u0142\u00f3wna","item":"https:\/\/www.pakery.pl\/da\/"},{"@type":"ListItem","position":2,"name":"butik","item":"https:\/\/www.pakery.pl\/da\/butik\/"},{"@type":"ListItem","position":3,"name":"Dagpakker PI-SPX 10\/110swg"}]},{"@type":"WebSite","@id":"https:\/\/www.pakery.pl\/da\/#website","url":"https:\/\/www.pakery.pl\/da\/","name":"Pakery.pl","description":"Pakery iniekcyjne, Kotwy spiralne, Lance iniekcyjne, W\u0119\u017ce do iniekcji, Pompy iniekcyjne, Serwis pomp iniekcyjnych, Wynajem pomp do iniekcji","publisher":{"@id":"https:\/\/www.pakery.pl\/da\/#organization"},"potentialAction":[{"@type":"SearchAction","target":{"@type":"EntryPoint","urlTemplate":"https:\/\/www.pakery.pl\/da\/?s={search_term_string}"},"query-input":{"@type":"PropertyValueSpecification","valueRequired":true,"valueName":"search_term_string"}}],"inLanguage":"da-DK"},{"@type":"Organization","@id":"https:\/\/www.pakery.pl\/da\/#organization","name":"PAKERY.PL","url":"https:\/\/www.pakery.pl\/da\/","logo":{"@type":"ImageObject","inLanguage":"da-DK","@id":"https:\/\/www.pakery.pl\/da\/#\/schema\/logo\/image\/","url":"https:\/\/www.pakery.pl\/wp-content\/uploads\/2021\/04\/cropped-PAKERY-LOGO.png","contentUrl":"https:\/\/www.pakery.pl\/wp-content\/uploads\/2021\/04\/cropped-PAKERY-LOGO.png","width":1529,"height":500,"caption":"PAKERY.PL"},"image":{"@id":"https:\/\/www.pakery.pl\/da\/#\/schema\/logo\/image\/"}}]}},"_links":{"self":[{"href":"https:\/\/www.pakery.pl\/da\/wp-json\/wp\/v2\/product\/49204","targetHints":{"allow":["GET"]}}],"collection":[{"href":"https:\/\/www.pakery.pl\/da\/wp-json\/wp\/v2\/product"}],"about":[{"href":"https:\/\/www.pakery.pl\/da\/wp-json\/wp\/v2\/types\/product"}],"version-history":[{"count":1,"href":"https:\/\/www.pakery.pl\/da\/wp-json\/wp\/v2\/product\/49204\/revisions"}],"predecessor-version":[{"id":49206,"href":"https:\/\/www.pakery.pl\/da\/wp-json\/wp\/v2\/product\/49204\/revisions\/49206"}],"wp:featuredmedia":[{"embeddable":true,"href":"https:\/\/www.pakery.pl\/da\/wp-json\/wp\/v2\/media\/49175"}],"wp:attachment":[{"href":"https:\/\/www.pakery.pl\/da\/wp-json\/wp\/v2\/media?parent=49204"}],"wp:term":[{"taxonomy":"product_brand","embeddable":true,"href":"https:\/\/www.pakery.pl\/da\/wp-json\/wp\/v2\/product_brand?post=49204"},{"taxonomy":"product_cat","embeddable":true,"href":"https:\/\/www.pakery.pl\/da\/wp-json\/wp\/v2\/product_cat?post=49204"},{"taxonomy":"product_tag","embeddable":true,"href":"https:\/\/www.pakery.pl\/da\/wp-json\/wp\/v2\/product_tag?post=49204"}],"curies":[{"name":"wp","href":"https:\/\/api.w.org\/{rel}","templated":true}]}}