{"id":43754,"date":"2023-02-10T10:37:44","date_gmt":"2023-04-06T07:37:33","guid":{"rendered":"https:\/\/www.pakery.pl\/produkt\/injectcream-5l\/"},"modified":"2023-04-06T09:37:34","modified_gmt":"2023-04-06T07:37:34","slug":"injectcream-5l","status":"publish","type":"product","link":"https:\/\/www.pakery.pl\/da\/produkt\/injectcream-5l\/","title":{"rendered":"InjectCream 5L"},"content":{"rendered":"\t\t<div data-elementor-type=\"product-post\" data-elementor-id=\"43754\" class=\"elementor elementor-43754 elementor-42686\" data-elementor-post-type=\"product\">\n\t\t\t\t\t\t<section class=\"elementor-section elementor-top-section elementor-element elementor-element-e85da8d elementor-section-boxed elementor-section-height-default elementor-section-height-default\" data-id=\"e85da8d\" data-element_type=\"section\" data-e-type=\"section\">\n\t\t\t\t\t\t<div class=\"elementor-container elementor-column-gap-default\">\n\t\t\t\t\t<div class=\"elementor-column elementor-col-100 elementor-top-column elementor-element elementor-element-948eccc\" data-id=\"948eccc\" data-element_type=\"column\" data-e-type=\"column\">\n\t\t\t<div class=\"elementor-widget-wrap elementor-element-populated\">\n\t\t\t\t\t\t<div class=\"elementor-element elementor-element-bdd7857 elementor-widget elementor-widget-image\" data-id=\"bdd7857\" data-element_type=\"widget\" data-e-type=\"widget\" data-widget_type=\"image.default\">\n\t\t\t\t<div class=\"elementor-widget-container\">\n\t\t\t\t\t\t\t\t\t\t\t\t\t\t\t<img fetchpriority=\"high\" decoding=\"async\" width=\"1024\" height=\"262\" src=\"https:\/\/www.pakery.pl\/wp-content\/uploads\/2023\/02\/Zrzut-ekranu-2023-04-5-o-10.23.17-1024x262.png\" class=\"attachment-large size-large wp-image-43115\" alt=\"\" srcset=\"https:\/\/www.pakery.pl\/wp-content\/uploads\/2023\/02\/Zrzut-ekranu-2023-04-5-o-10.23.17-1024x262.png 1024w, https:\/\/www.pakery.pl\/wp-content\/uploads\/2023\/02\/Zrzut-ekranu-2023-04-5-o-10.23.17-300x77.png 300w, https:\/\/www.pakery.pl\/wp-content\/uploads\/2023\/02\/Zrzut-ekranu-2023-04-5-o-10.23.17-768x196.png 768w, https:\/\/www.pakery.pl\/wp-content\/uploads\/2023\/02\/Zrzut-ekranu-2023-04-5-o-10.23.17-683x175.png 683w, https:\/\/www.pakery.pl\/wp-content\/uploads\/2023\/02\/Zrzut-ekranu-2023-04-5-o-10.23.17-602x154.png 602w, https:\/\/www.pakery.pl\/wp-content\/uploads\/2023\/02\/Zrzut-ekranu-2023-04-5-o-10.23.17.png 1338w\" sizes=\"(max-width: 1024px) 100vw, 1024px\" \/>\t\t\t\t\t\t\t\t\t\t\t\t\t\t\t<\/div>\n\t\t\t\t<\/div>\n\t\t\t\t\t<\/div>\n\t\t<\/div>\n\t\t\t\t\t<\/div>\n\t\t<\/section>\n\t\t\t\t<section class=\"elementor-section elementor-top-section elementor-element elementor-element-1bc13e2 elementor-section-boxed elementor-section-height-default elementor-section-height-default\" data-id=\"1bc13e2\" data-element_type=\"section\" data-e-type=\"section\">\n\t\t\t\t\t\t<div class=\"elementor-container elementor-column-gap-default\">\n\t\t\t\t\t<div class=\"elementor-column elementor-col-50 elementor-top-column elementor-element elementor-element-f21c1b7\" data-id=\"f21c1b7\" data-element_type=\"column\" data-e-type=\"column\">\n\t\t\t<div class=\"elementor-widget-wrap elementor-element-populated\">\n\t\t\t\t\t\t<div class=\"elementor-element elementor-element-21f3946 elementor-widget elementor-widget-text-editor\" data-id=\"21f3946\" data-element_type=\"widget\" data-e-type=\"widget\" data-widget_type=\"text-editor.default\">\n\t\t\t\t<div class=\"elementor-widget-container\">\n\t\t\t\t\t\t\t\t\t<div class=\"page\" style=\"caret-color: #000000; color: #000000;\" title=\"Side 1\">\n<div class=\"section\">\n<div class=\"layoutArea\">\n<div class=\"column\">\n<p><span style=\"font-size: 14pt; font-family: ArialNarrow; font-weight: bold; color: #14408a;\">  Anvendelsesomr\u00e5de  <\/span><\/p>\n<\/div>\n<\/div>\n<\/div>\n<\/div>\n\t\t\t\t\t\t\t\t<\/div>\n\t\t\t\t<\/div>\n\t\t\t\t\t<\/div>\n\t\t<\/div>\n\t\t\t\t<div class=\"elementor-column elementor-col-50 elementor-top-column elementor-element elementor-element-780db41\" data-id=\"780db41\" data-element_type=\"column\" data-e-type=\"column\">\n\t\t\t<div class=\"elementor-widget-wrap\">\n\t\t\t\t\t\t\t<\/div>\n\t\t<\/div>\n\t\t\t\t\t<\/div>\n\t\t<\/section>\n\t\t\t\t<section class=\"elementor-section elementor-top-section elementor-element elementor-element-5460cb7 elementor-section-boxed elementor-section-height-default elementor-section-height-default\" data-id=\"5460cb7\" data-element_type=\"section\" data-e-type=\"section\">\n\t\t\t\t\t\t<div class=\"elementor-container elementor-column-gap-default\">\n\t\t\t\t\t<div class=\"elementor-column elementor-col-50 elementor-top-column elementor-element elementor-element-d6dd0be\" data-id=\"d6dd0be\" data-element_type=\"column\" data-e-type=\"column\">\n\t\t\t<div class=\"elementor-widget-wrap elementor-element-populated\">\n\t\t\t\t\t\t<div class=\"elementor-element elementor-element-399102c elementor-widget elementor-widget-image\" data-id=\"399102c\" data-element_type=\"widget\" data-e-type=\"widget\" data-widget_type=\"image.default\">\n\t\t\t\t<div class=\"elementor-widget-container\">\n\t\t\t\t\t\t\t\t\t\t\t\t\t\t\t<img decoding=\"async\" width=\"206\" height=\"122\" src=\"https:\/\/www.pakery.pl\/wp-content\/uploads\/2023\/02\/Zrzut-ekranu-2023-04-5-o-10.27.14.png\" class=\"attachment-medium size-medium wp-image-43140\" alt=\"\" \/>\t\t\t\t\t\t\t\t\t\t\t\t\t\t\t<\/div>\n\t\t\t\t<\/div>\n\t\t\t\t\t<\/div>\n\t\t<\/div>\n\t\t\t\t<div class=\"elementor-column elementor-col-50 elementor-top-column elementor-element elementor-element-8fdb2de\" data-id=\"8fdb2de\" data-element_type=\"column\" data-e-type=\"column\">\n\t\t\t<div class=\"elementor-widget-wrap elementor-element-populated\">\n\t\t\t\t\t\t<div class=\"elementor-element elementor-element-10f9741 elementor-widget elementor-widget-text-editor\" data-id=\"10f9741\" data-element_type=\"widget\" data-e-type=\"widget\" data-widget_type=\"text-editor.default\">\n\t\t\t\t<div class=\"elementor-widget-container\">\n\t\t\t\t\t\t\t\t\t<div class=\"page\" title=\"Side 1\">\n<div class=\"section\">\n<div class=\"layoutArea\">\n<div class=\"column\">\n<div class=\"page\" title=\"Side 1\">\n<div class=\"section\">\n<div class=\"layoutArea\">\n<div class=\"column\">\n<ul>\n<li>\n<h6><span style=\"color: #000000;\">Vandret indspr\u00f8jtning indend\u00f8rs og udend\u00f8rs<\/span><\/h6>\n<\/li>\n<li>\n<h6><span style=\"color: #000000;\">mursten \/ klinker \/ betonblokke \/ stenmurv\u00e6rk \/ hulblok<\/span><\/h6>\n<\/li>\n<\/ul>\n<\/div>\n<\/div>\n<\/div>\n<\/div>\n<\/div>\n<\/div>\n<\/div>\n<\/div>\n\t\t\t\t\t\t\t\t<\/div>\n\t\t\t\t<\/div>\n\t\t\t\t\t<\/div>\n\t\t<\/div>\n\t\t\t\t\t<\/div>\n\t\t<\/section>\n\t\t\t\t<section class=\"elementor-section elementor-top-section elementor-element elementor-element-cabc2f5 elementor-section-boxed elementor-section-height-default elementor-section-height-default\" data-id=\"cabc2f5\" data-element_type=\"section\" data-e-type=\"section\">\n\t\t\t\t\t\t<div class=\"elementor-container elementor-column-gap-default\">\n\t\t\t\t\t<div class=\"elementor-column elementor-col-100 elementor-top-column elementor-element elementor-element-5194377\" data-id=\"5194377\" data-element_type=\"column\" data-e-type=\"column\">\n\t\t\t<div class=\"elementor-widget-wrap elementor-element-populated\">\n\t\t\t\t\t\t<section class=\"elementor-section elementor-inner-section elementor-element elementor-element-d29b9b9 elementor-section-boxed elementor-section-height-default elementor-section-height-default\" data-id=\"d29b9b9\" data-element_type=\"section\" data-e-type=\"section\">\n\t\t\t\t\t\t<div class=\"elementor-container elementor-column-gap-default\">\n\t\t\t\t\t<div class=\"elementor-column elementor-col-50 elementor-inner-column elementor-element elementor-element-48e63ec\" data-id=\"48e63ec\" data-element_type=\"column\" data-e-type=\"column\">\n\t\t\t<div class=\"elementor-widget-wrap elementor-element-populated\">\n\t\t\t\t\t\t<div class=\"elementor-element elementor-element-4fac2af elementor-widget elementor-widget-text-editor\" data-id=\"4fac2af\" data-element_type=\"widget\" data-e-type=\"widget\" data-widget_type=\"text-editor.default\">\n\t\t\t\t<div class=\"elementor-widget-container\">\n\t\t\t\t\t\t\t\t\t<div title=\"Side 2\">\n<div>\n<div>\n<div>\n<p><span style=\"caret-color: #000000; color: #14408a; font-family: ArialNarrow; font-size: 18.66666603088379px; font-weight: bold;\">Brugsanvisning<\/span><\/p>\n<\/div>\n<\/div>\n<\/div>\n<\/div>\n\t\t\t\t\t\t\t\t<\/div>\n\t\t\t\t<\/div>\n\t\t\t\t\t<\/div>\n\t\t<\/div>\n\t\t\t\t<div class=\"elementor-column elementor-col-50 elementor-inner-column elementor-element elementor-element-7d1f426\" data-id=\"7d1f426\" data-element_type=\"column\" data-e-type=\"column\">\n\t\t\t<div class=\"elementor-widget-wrap elementor-element-populated\">\n\t\t\t\t\t\t<div class=\"elementor-element elementor-element-b22ae36 elementor-widget elementor-widget-text-editor\" data-id=\"b22ae36\" data-element_type=\"widget\" data-e-type=\"widget\" data-widget_type=\"text-editor.default\">\n\t\t\t\t<div class=\"elementor-widget-container\">\n\t\t\t\t\t\t\t\t\t<ul>\n<li>\n<h6><span style=\"color: #000000;\">Bor i den nederste led<\/span><\/h6>\n<\/li>\n<li>\n<h6><span style=\"color: #000000;\">Foresl\u00e5et diameter for injektionshul er \u230012 &#8211; 14 mm<\/span><\/h6>\n<\/li>\n<li>\n<h6><span style=\"color: #000000;\">Borehul vinkelret p\u00e5 v\u00e6ggen &#8220;vandret&#8221;<\/span><\/h6>\n<\/li>\n<li>\n<h6><span style=\"color: #000000;\">Dybden af borehullet er tykkelsen af v\u00e6ggen minus 2 &#8211; 4 cm<\/span><\/h6>\n<\/li>\n<li>\n<h6><span style=\"color: #000000;\">Boringer hver 10. cm<\/span><\/h6>\n<\/li>\n<li>\n<h6><span style=\"color: #000000;\">Til murv\u00e6rk med lav absorption foresl\u00e5r vi en dobbelt r\u00e6kke injektion (8-10 cm r\u00e6kke over hinanden med vandret forskydning).<\/span><\/h6>\n<\/li>\n<li>\n<h6><span style=\"color: #000000;\">Bl\u00e6s huller med trykluft<\/span><\/h6>\n<\/li>\n<li>\n<h6><span style=\"color: #000000;\">Materialet skal injiceres ved hj\u00e6lp af en h\u00e5ndpumpe\/pneumatisk pumpe med en spigot (slange med en diameter p\u00e5 \u230010-12 mm og en borel\u00e6ngde). F\u00f8r r\u00f8ret ind i borehullets fulde dybde, og tr\u00e6k det langsomt ud, mens cremen injiceres, indtil borehullet er fuldt og j\u00e6vnt fyldt (p\u00e5 denne m\u00e5de oph\u00e6ves den luftpude, der ville blive skabt ved at injicere cremen ved hj\u00e6lp af tryk).<\/span><\/h6>\n<\/li>\n<li>\n<h6><span style=\"color: #000000;\">N\u00e5r hullet er fyldt, lukkes hullet med ResinBau CrackOn.5-m\u00f8rtel og overfladen j\u00e6vnes.<\/span><\/h6>\n<\/li>\n<\/ul>\n\t\t\t\t\t\t\t\t<\/div>\n\t\t\t\t<\/div>\n\t\t\t\t\t<\/div>\n\t\t<\/div>\n\t\t\t\t\t<\/div>\n\t\t<\/section>\n\t\t\t\t\t<\/div>\n\t\t<\/div>\n\t\t\t\t\t<\/div>\n\t\t<\/section>\n\t\t\t\t<section class=\"elementor-section elementor-top-section elementor-element elementor-element-269e3ad elementor-section-boxed elementor-section-height-default elementor-section-height-default\" data-id=\"269e3ad\" data-element_type=\"section\" data-e-type=\"section\">\n\t\t\t\t\t\t<div class=\"elementor-container elementor-column-gap-default\">\n\t\t\t\t\t<div class=\"elementor-column elementor-col-100 elementor-top-column elementor-element elementor-element-0bc2857\" data-id=\"0bc2857\" data-element_type=\"column\" data-e-type=\"column\">\n\t\t\t<div class=\"elementor-widget-wrap elementor-element-populated\">\n\t\t\t\t\t\t<section class=\"elementor-section elementor-inner-section elementor-element elementor-element-b1f5f01 elementor-section-boxed elementor-section-height-default elementor-section-height-default\" data-id=\"b1f5f01\" data-element_type=\"section\" data-e-type=\"section\">\n\t\t\t\t\t\t<div class=\"elementor-container elementor-column-gap-default\">\n\t\t\t\t\t<div class=\"elementor-column elementor-col-50 elementor-inner-column elementor-element elementor-element-fe8da6d\" data-id=\"fe8da6d\" data-element_type=\"column\" data-e-type=\"column\">\n\t\t\t<div class=\"elementor-widget-wrap elementor-element-populated\">\n\t\t\t\t\t\t<div class=\"elementor-element elementor-element-5e68dfb elementor-widget elementor-widget-text-editor\" data-id=\"5e68dfb\" data-element_type=\"widget\" data-e-type=\"widget\" data-widget_type=\"text-editor.default\">\n\t\t\t\t<div class=\"elementor-widget-container\">\n\t\t\t\t\t\t\t\t\t<div title=\"Side 2\">\n<div>\n<div>\n<div>\n<p><span style=\"color: #14408a; font-family: ArialNarrow; font-size: large;\"><span style=\"caret-color: #000000;\"><b>For at downloade<\/b><\/span><\/span><\/p>\n<\/div>\n<\/div>\n<\/div>\n<\/div>\n\t\t\t\t\t\t\t\t<\/div>\n\t\t\t\t<\/div>\n\t\t\t\t\t<\/div>\n\t\t<\/div>\n\t\t\t\t<div class=\"elementor-column elementor-col-50 elementor-inner-column elementor-element elementor-element-e2241c7\" data-id=\"e2241c7\" data-element_type=\"column\" data-e-type=\"column\">\n\t\t\t<div class=\"elementor-widget-wrap elementor-element-populated\">\n\t\t\t\t\t\t<div class=\"elementor-element elementor-element-71009ea elementor-align-left elementor-widget elementor-widget-button\" data-id=\"71009ea\" data-element_type=\"widget\" data-e-type=\"widget\" data-widget_type=\"button.default\">\n\t\t\t\t<div class=\"elementor-widget-container\">\n\t\t\t\t\t\t\t\t\t<div class=\"elementor-button-wrapper\">\n\t\t\t\t\t<a class=\"elementor-button elementor-button-link elementor-size-sm\" href=\"https:\/\/www.pakery.pl\/wp-content\/uploads\/2023\/04\/ResinBau-InjectCream-KT.pdf\" target=\"_blank\">\n\t\t\t\t\t\t<span class=\"elementor-button-content-wrapper\">\n\t\t\t\t\t\t\t\t\t<span class=\"elementor-button-text\">Teknisk charter<\/span>\n\t\t\t\t\t<\/span>\n\t\t\t\t\t<\/a>\n\t\t\t\t<\/div>\n\t\t\t\t\t\t\t\t<\/div>\n\t\t\t\t<\/div>\n\t\t\t\t<div class=\"elementor-element elementor-element-ccb32a7 elementor-widget elementor-widget-spacer\" data-id=\"ccb32a7\" data-element_type=\"widget\" data-e-type=\"widget\" data-widget_type=\"spacer.default\">\n\t\t\t\t<div class=\"elementor-widget-container\">\n\t\t\t\t\t\t\t<div class=\"elementor-spacer\">\n\t\t\t<div class=\"elementor-spacer-inner\"><\/div>\n\t\t<\/div>\n\t\t\t\t\t\t<\/div>\n\t\t\t\t<\/div>\n\t\t\t\t<div class=\"elementor-element elementor-element-fdcc73b elementor-widget elementor-widget-spacer\" data-id=\"fdcc73b\" data-element_type=\"widget\" data-e-type=\"widget\" data-widget_type=\"spacer.default\">\n\t\t\t\t<div class=\"elementor-widget-container\">\n\t\t\t\t\t\t\t<div class=\"elementor-spacer\">\n\t\t\t<div class=\"elementor-spacer-inner\"><\/div>\n\t\t<\/div>\n\t\t\t\t\t\t<\/div>\n\t\t\t\t<\/div>\n\t\t\t\t\t<\/div>\n\t\t<\/div>\n\t\t\t\t\t<\/div>\n\t\t<\/section>\n\t\t\t\t\t<\/div>\n\t\t<\/div>\n\t\t\t\t\t<\/div>\n\t\t<\/section>\n\t\t\t\t<\/div>\n\t\t","protected":false},"excerpt":{"rendered":"<p>Anvendelsesomr\u00e5de Vandret indspr\u00f8jtning indend\u00f8rs og udend\u00f8rs mursten \/ klinker \/ betonblokke \/ stenmurv\u00e6rk \/ hulblok Brugsanvisning Bor i den nederste led Foresl\u00e5et diameter for injektionshul er \u230012 &#8211; 14 mm Borehul vinkelret p\u00e5 v\u00e6ggen &#8220;vandret&#8221; Dybden af borehullet er tykkelsen af v\u00e6ggen minus 2 &#8211; 4 cm Boringer hver 10. cm Til murv\u00e6rk med lav [&hellip;]<\/p>\n","protected":false},"featured_media":42691,"template":"","meta":{"_acf_changed":false},"product_brand":[],"product_cat":[1893],"product_tag":[],"class_list":{"0":"post-43754","1":"product","2":"type-product","3":"status-publish","4":"has-post-thumbnail","6":"product_cat-injektionsharpikser","8":"first","9":"instock","10":"taxable","11":"shipping-taxable","12":"product-type-simple"},"acf":[],"yoast_head":"<!-- This site is optimized with the Yoast SEO plugin v27.3 - https:\/\/yoast.com\/product\/yoast-seo-wordpress\/ -->\n<title>InjectCream 5L - PAKERY.PL<\/title>\n<meta name=\"description\" content=\"InjectCream | Horisontal isolering | Injektion i bygninger | ResinBau\" \/>\n<meta name=\"robots\" content=\"index, follow, max-snippet:-1, max-image-preview:large, max-video-preview:-1\" \/>\n<link rel=\"canonical\" href=\"https:\/\/www.pakery.pl\/da\/produkt\/injectcream-5l\/\" \/>\n<meta property=\"og:locale\" content=\"da_DK\" \/>\n<meta property=\"og:type\" content=\"article\" \/>\n<meta property=\"og:title\" content=\"InjectCream 5L - PAKERY.PL\" \/>\n<meta property=\"og:description\" content=\"InjectCream | Horisontal isolering | Injektion i bygninger | ResinBau\" \/>\n<meta property=\"og:url\" content=\"https:\/\/www.pakery.pl\/da\/produkt\/injectcream-5l\/\" \/>\n<meta property=\"og:site_name\" content=\"PAKERY.PL\" \/>\n<meta property=\"article:modified_time\" content=\"2023-04-06T07:37:34+00:00\" \/>\n<meta property=\"og:image\" content=\"https:\/\/www.pakery.pl\/wp-content\/uploads\/2023\/02\/Inject_Cream-1024x1024.png\" \/>\n\t<meta property=\"og:image:width\" content=\"1024\" \/>\n\t<meta property=\"og:image:height\" content=\"1024\" \/>\n\t<meta property=\"og:image:type\" content=\"image\/png\" \/>\n<meta name=\"twitter:card\" content=\"summary_large_image\" \/>\n<meta name=\"twitter:label1\" content=\"Estimeret l\u00e6setid\" \/>\n\t<meta name=\"twitter:data1\" content=\"1 minut\" \/>\n<script type=\"application\/ld+json\" class=\"yoast-schema-graph\">{\"@context\":\"https:\\\/\\\/schema.org\",\"@graph\":[{\"@type\":\"WebPage\",\"@id\":\"https:\\\/\\\/www.pakery.pl\\\/da\\\/produkt\\\/injectcream-5l\\\/\",\"url\":\"https:\\\/\\\/www.pakery.pl\\\/da\\\/produkt\\\/injectcream-5l\\\/\",\"name\":\"InjectCream 5L - PAKERY.PL\",\"isPartOf\":{\"@id\":\"https:\\\/\\\/www.pakery.pl\\\/da\\\/#website\"},\"primaryImageOfPage\":{\"@id\":\"https:\\\/\\\/www.pakery.pl\\\/da\\\/produkt\\\/injectcream-5l\\\/#primaryimage\"},\"image\":{\"@id\":\"https:\\\/\\\/www.pakery.pl\\\/da\\\/produkt\\\/injectcream-5l\\\/#primaryimage\"},\"thumbnailUrl\":\"https:\\\/\\\/www.pakery.pl\\\/wp-content\\\/uploads\\\/2023\\\/02\\\/Inject_Cream.png\",\"datePublished\":\"2023-04-06T07:37:33+00:00\",\"dateModified\":\"2023-04-06T07:37:34+00:00\",\"description\":\"InjectCream | Horisontal isolering | Injektion i bygninger | ResinBau\",\"breadcrumb\":{\"@id\":\"https:\\\/\\\/www.pakery.pl\\\/da\\\/produkt\\\/injectcream-5l\\\/#breadcrumb\"},\"inLanguage\":\"da-DK\",\"potentialAction\":[{\"@type\":\"ReadAction\",\"target\":[\"https:\\\/\\\/www.pakery.pl\\\/da\\\/produkt\\\/injectcream-5l\\\/\"]}]},{\"@type\":\"ImageObject\",\"inLanguage\":\"da-DK\",\"@id\":\"https:\\\/\\\/www.pakery.pl\\\/da\\\/produkt\\\/injectcream-5l\\\/#primaryimage\",\"url\":\"https:\\\/\\\/www.pakery.pl\\\/wp-content\\\/uploads\\\/2023\\\/02\\\/Inject_Cream.png\",\"contentUrl\":\"https:\\\/\\\/www.pakery.pl\\\/wp-content\\\/uploads\\\/2023\\\/02\\\/Inject_Cream.png\",\"width\":3000,\"height\":3000},{\"@type\":\"BreadcrumbList\",\"@id\":\"https:\\\/\\\/www.pakery.pl\\\/da\\\/produkt\\\/injectcream-5l\\\/#breadcrumb\",\"itemListElement\":[{\"@type\":\"ListItem\",\"position\":1,\"name\":\"Strona g\u0142\u00f3wna\",\"item\":\"https:\\\/\\\/www.pakery.pl\\\/da\\\/\"},{\"@type\":\"ListItem\",\"position\":2,\"name\":\"butik\",\"item\":\"https:\\\/\\\/www.pakery.pl\\\/da\\\/butik\\\/\"},{\"@type\":\"ListItem\",\"position\":3,\"name\":\"InjectCream 5L\"}]},{\"@type\":\"WebSite\",\"@id\":\"https:\\\/\\\/www.pakery.pl\\\/da\\\/#website\",\"url\":\"https:\\\/\\\/www.pakery.pl\\\/da\\\/\",\"name\":\"Pakery.pl\",\"description\":\"Pakery iniekcyjne, Kotwy spiralne, Lance iniekcyjne, W\u0119\u017ce do iniekcji, Pompy iniekcyjne, Serwis pomp iniekcyjnych, Wynajem pomp do iniekcji\",\"publisher\":{\"@id\":\"https:\\\/\\\/www.pakery.pl\\\/da\\\/#organization\"},\"potentialAction\":[{\"@type\":\"SearchAction\",\"target\":{\"@type\":\"EntryPoint\",\"urlTemplate\":\"https:\\\/\\\/www.pakery.pl\\\/da\\\/?s={search_term_string}\"},\"query-input\":{\"@type\":\"PropertyValueSpecification\",\"valueRequired\":true,\"valueName\":\"search_term_string\"}}],\"inLanguage\":\"da-DK\"},{\"@type\":\"Organization\",\"@id\":\"https:\\\/\\\/www.pakery.pl\\\/da\\\/#organization\",\"name\":\"PAKERY.PL\",\"url\":\"https:\\\/\\\/www.pakery.pl\\\/da\\\/\",\"logo\":{\"@type\":\"ImageObject\",\"inLanguage\":\"da-DK\",\"@id\":\"https:\\\/\\\/www.pakery.pl\\\/da\\\/#\\\/schema\\\/logo\\\/image\\\/\",\"url\":\"https:\\\/\\\/www.pakery.pl\\\/wp-content\\\/uploads\\\/2021\\\/04\\\/cropped-PAKERY-LOGO.png\",\"contentUrl\":\"https:\\\/\\\/www.pakery.pl\\\/wp-content\\\/uploads\\\/2021\\\/04\\\/cropped-PAKERY-LOGO.png\",\"width\":1529,\"height\":500,\"caption\":\"PAKERY.PL\"},\"image\":{\"@id\":\"https:\\\/\\\/www.pakery.pl\\\/da\\\/#\\\/schema\\\/logo\\\/image\\\/\"}}]}<\/script>\n<!-- \/ Yoast SEO plugin. -->","yoast_head_json":{"title":"InjectCream 5L - PAKERY.PL","description":"InjectCream | Horisontal isolering | Injektion i bygninger | ResinBau","robots":{"index":"index","follow":"follow","max-snippet":"max-snippet:-1","max-image-preview":"max-image-preview:large","max-video-preview":"max-video-preview:-1"},"canonical":"https:\/\/www.pakery.pl\/da\/produkt\/injectcream-5l\/","og_locale":"da_DK","og_type":"article","og_title":"InjectCream 5L - PAKERY.PL","og_description":"InjectCream | Horisontal isolering | Injektion i bygninger | ResinBau","og_url":"https:\/\/www.pakery.pl\/da\/produkt\/injectcream-5l\/","og_site_name":"PAKERY.PL","article_modified_time":"2023-04-06T07:37:34+00:00","og_image":[{"width":1024,"height":1024,"url":"https:\/\/www.pakery.pl\/wp-content\/uploads\/2023\/02\/Inject_Cream-1024x1024.png","type":"image\/png"}],"twitter_card":"summary_large_image","twitter_misc":{"Estimeret l\u00e6setid":"1 minut"},"schema":{"@context":"https:\/\/schema.org","@graph":[{"@type":"WebPage","@id":"https:\/\/www.pakery.pl\/da\/produkt\/injectcream-5l\/","url":"https:\/\/www.pakery.pl\/da\/produkt\/injectcream-5l\/","name":"InjectCream 5L - PAKERY.PL","isPartOf":{"@id":"https:\/\/www.pakery.pl\/da\/#website"},"primaryImageOfPage":{"@id":"https:\/\/www.pakery.pl\/da\/produkt\/injectcream-5l\/#primaryimage"},"image":{"@id":"https:\/\/www.pakery.pl\/da\/produkt\/injectcream-5l\/#primaryimage"},"thumbnailUrl":"https:\/\/www.pakery.pl\/wp-content\/uploads\/2023\/02\/Inject_Cream.png","datePublished":"2023-04-06T07:37:33+00:00","dateModified":"2023-04-06T07:37:34+00:00","description":"InjectCream | Horisontal isolering | Injektion i bygninger | ResinBau","breadcrumb":{"@id":"https:\/\/www.pakery.pl\/da\/produkt\/injectcream-5l\/#breadcrumb"},"inLanguage":"da-DK","potentialAction":[{"@type":"ReadAction","target":["https:\/\/www.pakery.pl\/da\/produkt\/injectcream-5l\/"]}]},{"@type":"ImageObject","inLanguage":"da-DK","@id":"https:\/\/www.pakery.pl\/da\/produkt\/injectcream-5l\/#primaryimage","url":"https:\/\/www.pakery.pl\/wp-content\/uploads\/2023\/02\/Inject_Cream.png","contentUrl":"https:\/\/www.pakery.pl\/wp-content\/uploads\/2023\/02\/Inject_Cream.png","width":3000,"height":3000},{"@type":"BreadcrumbList","@id":"https:\/\/www.pakery.pl\/da\/produkt\/injectcream-5l\/#breadcrumb","itemListElement":[{"@type":"ListItem","position":1,"name":"Strona g\u0142\u00f3wna","item":"https:\/\/www.pakery.pl\/da\/"},{"@type":"ListItem","position":2,"name":"butik","item":"https:\/\/www.pakery.pl\/da\/butik\/"},{"@type":"ListItem","position":3,"name":"InjectCream 5L"}]},{"@type":"WebSite","@id":"https:\/\/www.pakery.pl\/da\/#website","url":"https:\/\/www.pakery.pl\/da\/","name":"Pakery.pl","description":"Pakery iniekcyjne, Kotwy spiralne, Lance iniekcyjne, W\u0119\u017ce do iniekcji, Pompy iniekcyjne, Serwis pomp iniekcyjnych, Wynajem pomp do iniekcji","publisher":{"@id":"https:\/\/www.pakery.pl\/da\/#organization"},"potentialAction":[{"@type":"SearchAction","target":{"@type":"EntryPoint","urlTemplate":"https:\/\/www.pakery.pl\/da\/?s={search_term_string}"},"query-input":{"@type":"PropertyValueSpecification","valueRequired":true,"valueName":"search_term_string"}}],"inLanguage":"da-DK"},{"@type":"Organization","@id":"https:\/\/www.pakery.pl\/da\/#organization","name":"PAKERY.PL","url":"https:\/\/www.pakery.pl\/da\/","logo":{"@type":"ImageObject","inLanguage":"da-DK","@id":"https:\/\/www.pakery.pl\/da\/#\/schema\/logo\/image\/","url":"https:\/\/www.pakery.pl\/wp-content\/uploads\/2021\/04\/cropped-PAKERY-LOGO.png","contentUrl":"https:\/\/www.pakery.pl\/wp-content\/uploads\/2021\/04\/cropped-PAKERY-LOGO.png","width":1529,"height":500,"caption":"PAKERY.PL"},"image":{"@id":"https:\/\/www.pakery.pl\/da\/#\/schema\/logo\/image\/"}}]}},"_links":{"self":[{"href":"https:\/\/www.pakery.pl\/da\/wp-json\/wp\/v2\/product\/43754","targetHints":{"allow":["GET"]}}],"collection":[{"href":"https:\/\/www.pakery.pl\/da\/wp-json\/wp\/v2\/product"}],"about":[{"href":"https:\/\/www.pakery.pl\/da\/wp-json\/wp\/v2\/types\/product"}],"version-history":[{"count":1,"href":"https:\/\/www.pakery.pl\/da\/wp-json\/wp\/v2\/product\/43754\/revisions"}],"predecessor-version":[{"id":43755,"href":"https:\/\/www.pakery.pl\/da\/wp-json\/wp\/v2\/product\/43754\/revisions\/43755"}],"wp:featuredmedia":[{"embeddable":true,"href":"https:\/\/www.pakery.pl\/da\/wp-json\/wp\/v2\/media\/42691"}],"wp:attachment":[{"href":"https:\/\/www.pakery.pl\/da\/wp-json\/wp\/v2\/media?parent=43754"}],"wp:term":[{"taxonomy":"product_brand","embeddable":true,"href":"https:\/\/www.pakery.pl\/da\/wp-json\/wp\/v2\/product_brand?post=43754"},{"taxonomy":"product_cat","embeddable":true,"href":"https:\/\/www.pakery.pl\/da\/wp-json\/wp\/v2\/product_cat?post=43754"},{"taxonomy":"product_tag","embeddable":true,"href":"https:\/\/www.pakery.pl\/da\/wp-json\/wp\/v2\/product_tag?post=43754"}],"curies":[{"name":"wp","href":"https:\/\/api.w.org\/{rel}","templated":true}]}}