{"id":28154,"date":"2021-04-21T07:53:35","date_gmt":"2021-08-12T10:02:08","guid":{"rendered":"https:\/\/www.pakery.pl\/produkt\/injektionspakning-pi-sph-12-110\/"},"modified":"2021-08-12T12:02:31","modified_gmt":"2021-08-12T10:02:31","slug":"injektionspakning-pi-sph-12-110","status":"publish","type":"product","link":"https:\/\/www.pakery.pl\/da\/produkt\/injektionspakning-pi-sph-12-110\/","title":{"rendered":"Injektionspakning PI-SPH 12\/110"},"content":{"rendered":"\t\t<div data-elementor-type=\"product-post\" data-elementor-id=\"28154\" class=\"elementor elementor-28154 elementor-1836\" data-elementor-post-type=\"product\">\n\t\t\t\t\t\t<section class=\"elementor-section elementor-top-section elementor-element elementor-element-3d3a6f9b elementor-section-full_width elementor-section-height-default elementor-section-height-default\" data-id=\"3d3a6f9b\" data-element_type=\"section\" data-e-type=\"section\">\n\t\t\t\t\t\t<div class=\"elementor-container elementor-column-gap-default\">\n\t\t\t\t\t<div class=\"elementor-column elementor-col-100 elementor-top-column elementor-element elementor-element-16b52f81\" data-id=\"16b52f81\" data-element_type=\"column\" data-e-type=\"column\">\n\t\t\t<div class=\"elementor-widget-wrap elementor-element-populated\">\n\t\t\t\t\t\t<div class=\"elementor-element elementor-element-99c4310 elementor-widget elementor-widget-text-editor\" data-id=\"99c4310\" data-element_type=\"widget\" data-e-type=\"widget\" data-widget_type=\"text-editor.default\">\n\t\t\t\t<div class=\"elementor-widget-container\">\n\t\t\t\t\t\t\t\t\t<div>\n<div>\n<p><span style=\"color: #000000;\">\u00d812 Hammpack -injektoren er sandsynligvis den f\u00f8rste \u00d812 -pakker, der skaleres pr\u00e6cist<strong> til indspr\u00f8jtningshul \u00d812.<\/strong> Giver eksemplarisk t\u00e6thed i hvert injektionsomr\u00e5de.<\/span><\/p>\n<p><span style=\"color: #000000;\"> <\/span><\/p>\n<p><span style=\"color: #808080;\"><strong><em>Tilmeld dig for at se vores pakkerkonfigurator. V\u00e6lg din type kalamit.<\/em><\/strong><\/span><\/p>\n<p><span style=\"color: #808080;\"><strong><em> <\/em><\/strong><\/span><\/p>\n<p><strong><span style=\"color: #000000;\">FORDELE MED HAMMPACK PACKERS<\/span><\/strong><\/p>\n<ul>\n<li><span style=\"color: #000000;\">\u00f8ge effektiviteten af forankring af pakningen i hullet, ved at justere diametre og buler p\u00e5 den \u00f8vre del af det ekspanderende gummi, letter det at fange vedh\u00e6ftning og korrekt forankring (dette giver mulighed for en betydelig acceleration af pakkerinstallationen og \u00f8get t\u00e6thed)<\/span><\/li>\n<li><span style=\"color: #000000;\">\u00f8get styrke og gentagelighed af ekspansionsgummier, justering af gummiblandingen og afk\u00f8lingsprocessen (gennem temperaturkontrol), g\u00f8r injektoren modstandsdygtig over for gummirivning og gummi, der falder ud af skiverne.<\/span><\/li>\n<\/ul>\n<\/div>\n<\/div>\n<div>\n<div>\n<div>\n<h2> <\/h2>\n<h2> <\/h2>\n<h2><span style=\"color: #000000;\"><img fetchpriority=\"high\" decoding=\"async\" src=\"https:\/\/www.pakery.pl\/wp-content\/uploads\/2021\/05\/baner-sph-12.png\" alt=\"\" width=\"1800\" height=\"300\"><\/span><\/h2>\n<h2> <\/h2>\n<\/div>\n<\/div>\n<\/div>\n<div>\n<div>\n<div>\n<ul>\n<li style=\"list-style-type: none;\"> <\/li>\n<\/ul>\n<\/div>\n<\/div>\n<\/div>\n\t\t\t\t\t\t\t\t<\/div>\n\t\t\t\t<\/div>\n\t\t\t\t\t<\/div>\n\t\t<\/div>\n\t\t\t\t\t<\/div>\n\t\t<\/section>\n\t\t\t\t<section class=\"elementor-section elementor-top-section elementor-element elementor-element-184e157 elementor-section-full_width elementor-section-height-default elementor-section-height-default\" data-id=\"184e157\" data-element_type=\"section\" data-e-type=\"section\">\n\t\t\t\t\t\t<div class=\"elementor-container elementor-column-gap-default\">\n\t\t\t\t\t<div class=\"elementor-column elementor-col-100 elementor-top-column elementor-element elementor-element-8a8932a\" data-id=\"8a8932a\" data-element_type=\"column\" data-e-type=\"column\">\n\t\t\t<div class=\"elementor-widget-wrap elementor-element-populated\">\n\t\t\t\t\t\t<section class=\"elementor-section elementor-inner-section elementor-element elementor-element-b1d7e0f elementor-section-full_width elementor-section-height-default elementor-section-height-default\" data-id=\"b1d7e0f\" data-element_type=\"section\" data-e-type=\"section\">\n\t\t\t\t\t\t<div class=\"elementor-container elementor-column-gap-default\">\n\t\t\t\t\t<div class=\"elementor-column elementor-col-50 elementor-inner-column elementor-element elementor-element-d152f47\" data-id=\"d152f47\" data-element_type=\"column\" data-e-type=\"column\">\n\t\t\t<div class=\"elementor-widget-wrap elementor-element-populated\">\n\t\t\t\t\t\t<div class=\"elementor-element elementor-element-5dbcc60 elementor-widget elementor-widget-text-editor\" data-id=\"5dbcc60\" data-element_type=\"widget\" data-e-type=\"widget\" data-widget_type=\"text-editor.default\">\n\t\t\t\t<div class=\"elementor-widget-container\">\n\t\t\t\t\t\t\t\t\t<p style=\"font-family: Montserrat, sans-serif; color: #7a7a7a;\"><strong><span style=\"color: #000000;\">ANS\u00d8GNING<\/span><\/strong><\/p>\n<ul>\n<li><span style=\"color: #000000;\">Injektionspolyurethan \/ polyurethan -opskummelige harpikser<\/span><\/li>\n<li><span style=\"color: #000000;\">Epoxyharpikser<\/span><\/li>\n<li><span style=\"color: #000000;\">Silikater<\/span><\/li>\n<li><span style=\"color: #000000;\">Vandspredninger<\/span><\/li>\n<li><span style=\"color: #000000;\">Akryl geler<\/span><\/li>\n<li><span style=\"color: #000000;\">Cementsuspensioner op til en kornst\u00f8rrelse p\u00e5 0,5 mm<\/span><\/li>\n<\/ul>\n<div> <\/div>\n<p style=\"font-family: Montserrat, sans-serif; color: #7a7a7a;\"><span style=\"color: #000000;\"><span style=\"font-weight: bold;\"><br \/><\/span><strong>TEKNISKE SPECIFIKATIONER<\/strong><\/span><\/p>\n<ul>\n<li><span style=\"color: #000000;\">Materiale:<strong> st\u00e5l<\/strong><\/span><\/li>\n<li><strong><span style=\"color: #000000;\">injektionshuldiameter: \u00d812<\/span><\/strong><\/li>\n<li><span style=\"color: #000000;\">l\u00e6ngde: 110 mm<\/span><\/li>\n<li><span style=\"color: #000000;\">t\u00e6tningsl\u00e6ngde: 37 mm<\/span><\/li>\n<li><span style=\"color: #000000;\">n\u00f8gle: 10 mm<\/span><\/li>\n<li><span style=\"color: #000000;\">enkelt segl<\/span><\/li>\n<li><span style=\"color: #000000;\">h\u00f8jeste t\u00e6thed<\/span><\/li>\n<li><span style=\"color: #000000;\">Kalamitka SWG, PRE, FWG, FPRE<\/span><\/li>\n<\/ul>\n\t\t\t\t\t\t\t\t<\/div>\n\t\t\t\t<\/div>\n\t\t\t\t\t<\/div>\n\t\t<\/div>\n\t\t\t\t<div class=\"elementor-column elementor-col-50 elementor-inner-column elementor-element elementor-element-a21a1ed\" data-id=\"a21a1ed\" data-element_type=\"column\" data-e-type=\"column\">\n\t\t\t<div class=\"elementor-widget-wrap elementor-element-populated\">\n\t\t\t\t\t\t<div class=\"elementor-element elementor-element-67df438 elementor-widget elementor-widget-image\" data-id=\"67df438\" data-element_type=\"widget\" data-e-type=\"widget\" data-widget_type=\"image.default\">\n\t\t\t\t<div class=\"elementor-widget-container\">\n\t\t\t\t\t\t\t\t\t\t\t\t\t\t\t<img decoding=\"async\" width=\"800\" height=\"600\" src=\"https:\/\/www.pakery.pl\/wp-content\/uploads\/2021\/05\/PI-SPH-14-110pre.gif\" class=\"attachment-large size-large wp-image-28070\" alt=\"\" \/>\t\t\t\t\t\t\t\t\t\t\t\t\t\t\t<\/div>\n\t\t\t\t<\/div>\n\t\t\t\t\t<\/div>\n\t\t<\/div>\n\t\t\t\t\t<\/div>\n\t\t<\/section>\n\t\t\t\t\t<\/div>\n\t\t<\/div>\n\t\t\t\t\t<\/div>\n\t\t<\/section>\n\t\t\t\t<section class=\"elementor-section elementor-top-section elementor-element elementor-element-3b57dbf elementor-section-full_width elementor-section-height-default elementor-section-height-default\" data-id=\"3b57dbf\" data-element_type=\"section\" data-e-type=\"section\">\n\t\t\t\t\t\t<div class=\"elementor-container elementor-column-gap-default\">\n\t\t\t\t\t<div class=\"elementor-column elementor-col-100 elementor-top-column elementor-element elementor-element-5d50d08\" data-id=\"5d50d08\" data-element_type=\"column\" data-e-type=\"column\">\n\t\t\t<div class=\"elementor-widget-wrap elementor-element-populated\">\n\t\t\t\t\t\t<section class=\"elementor-section elementor-inner-section elementor-element elementor-element-27d7c90 elementor-section-full_width elementor-section-height-default elementor-section-height-default\" data-id=\"27d7c90\" data-element_type=\"section\" data-e-type=\"section\">\n\t\t\t\t\t\t<div class=\"elementor-container elementor-column-gap-default\">\n\t\t\t\t\t<div class=\"elementor-column elementor-col-100 elementor-inner-column elementor-element elementor-element-1e4b6b7\" data-id=\"1e4b6b7\" data-element_type=\"column\" data-e-type=\"column\">\n\t\t\t<div class=\"elementor-widget-wrap elementor-element-populated\">\n\t\t\t\t\t\t<div class=\"elementor-element elementor-element-ce032b2 elementor-widget elementor-widget-text-editor\" data-id=\"ce032b2\" data-element_type=\"widget\" data-e-type=\"widget\" data-widget_type=\"text-editor.default\">\n\t\t\t\t<div class=\"elementor-widget-container\">\n\t\t\t\t\t\t\t\t\t<p><span style=\"color: #000000;\"><strong>Specialist HAMMPACK kalamitter<\/strong> &#8211; de er specialventiler, der er i stand til at holde og fodre injektionen uden det mindste tab af materialet (uanset om det er en injektionsharpiks med meget lav viskositet, akrylgel eller meget skummende polyurethanharpiks). De opretholder modtrykket perfekt. Med et ord l\u00e6kker de ikke.<\/span><\/p>\n<p><span style=\"color: #000000;\"><strong>Kalamitter type PRE, FPRE &#8211;<\/strong> tr\u00e5de af kalamitterne p\u00e5f\u00f8rt p\u00e5 forh\u00e5nd med en bel\u00e6gning, de giver mulighed for at stramme kalamitterne efter at harpiksen str\u00f8mmer ud af pakningen for at lufte og kontrollere injektionen. Forp\u00e5f\u00f8ringslaget forsegler straks gevindforbindelsen, klar til yderligere injektion. Denne type calamari leveres uopsp\u00e6ndt til injektoren.<\/span><\/p>\n<p style=\"box-sizing: border-box; outline: none !important; margin-top: 0px; margin-bottom: 1rem;\"><span style=\"box-sizing: border-box; outline: none !important; color: #000000;\"><strong style=\"box-sizing: border-box; outline: none !important; font-weight: bolder;\">Kalamitter SWG og PRE<\/strong> &#8211; disse er bolte, der er mekanisk sp\u00e6ndt til injektionspakningen, sammen med et lag anaerob lim. Denne forbindelse sikrer eksemplarisk t\u00e6thed af gevindforbindelsen.<\/span><\/p>\n\t\t\t\t\t\t\t\t<\/div>\n\t\t\t\t<\/div>\n\t\t\t\t\t<\/div>\n\t\t<\/div>\n\t\t\t\t\t<\/div>\n\t\t<\/section>\n\t\t\t\t\t<\/div>\n\t\t<\/div>\n\t\t\t\t\t<\/div>\n\t\t<\/section>\n\t\t\t\t<\/div>\n\t\t","protected":false},"excerpt":{"rendered":"<p>\u00d812 Hammpack -injektoren er sandsynligvis den f\u00f8rste \u00d812 -pakker, der skaleres pr\u00e6cist til indspr\u00f8jtningshul \u00d812. Giver eksemplarisk t\u00e6thed i hvert injektionsomr\u00e5de. Tilmeld dig for at se vores pakkerkonfigurator. V\u00e6lg din type kalamit. FORDELE MED HAMMPACK PACKERS \u00f8ge effektiviteten af forankring af pakningen i hullet, ved at justere diametre og buler p\u00e5 den \u00f8vre del af [&hellip;]<\/p>\n","protected":false},"featured_media":28155,"template":"","meta":{"_acf_changed":false},"product_brand":[],"product_cat":[1216],"product_tag":[],"class_list":{"0":"post-28154","1":"product","2":"type-product","3":"status-publish","4":"has-post-thumbnail","6":"product_cat-pakkere-hammpack-steel","7":"pa_rodzaj-kalamitki-fpre-da","8":"pa_rodzaj-kalamitki-fwg-da","9":"pa_rodzaj-kalamitki-pre-da","10":"pa_rodzaj-kalamitki-swg-da","12":"first","13":"instock","14":"taxable","15":"shipping-taxable","16":"purchasable","17":"product-type-variable","18":"has-default-attributes"},"acf":[],"yoast_head":"<!-- This site is optimized with the Yoast SEO plugin v27.3 - https:\/\/yoast.com\/product\/yoast-seo-wordpress\/ -->\n<title>Injektionspakning | Injektionspakninger PI -SPH 12\/110 - PAKERY.PL<\/title>\n<meta name=\"description\" content=\"Injektionspakning af h\u00f8jeste kvalitet. Hammpack -injektionspakker garanterer perfekt t\u00e6thed. V\u00e6lg din slags kalamitka!\" \/>\n<meta name=\"robots\" content=\"index, follow, max-snippet:-1, max-image-preview:large, max-video-preview:-1\" \/>\n<link rel=\"canonical\" href=\"https:\/\/www.pakery.pl\/da\/produkt\/injektionspakning-pi-sph-12-110\/\" \/>\n<meta property=\"og:locale\" content=\"da_DK\" \/>\n<meta property=\"og:type\" content=\"article\" \/>\n<meta property=\"og:title\" content=\"Injektionspakning | Injektionspakninger PI -SPH 12\/110 - PAKERY.PL\" \/>\n<meta property=\"og:description\" content=\"Injektionspakning af h\u00f8jeste kvalitet. Hammpack -injektionspakker garanterer perfekt t\u00e6thed. V\u00e6lg din slags kalamitka!\" \/>\n<meta property=\"og:url\" content=\"https:\/\/www.pakery.pl\/da\/produkt\/injektionspakning-pi-sph-12-110\/\" \/>\n<meta property=\"og:site_name\" content=\"PAKERY.PL\" \/>\n<meta property=\"article:modified_time\" content=\"2021-08-12T10:02:31+00:00\" \/>\n<meta property=\"og:image\" content=\"https:\/\/www.pakery.pl\/wp-content\/uploads\/2021\/04\/foto-12-SPH--1024x1024.png\" \/>\n\t<meta property=\"og:image:width\" content=\"1024\" \/>\n\t<meta property=\"og:image:height\" content=\"1024\" \/>\n\t<meta property=\"og:image:type\" content=\"image\/png\" \/>\n<meta name=\"twitter:card\" content=\"summary_large_image\" \/>\n<meta name=\"twitter:label1\" content=\"Estimeret l\u00e6setid\" \/>\n\t<meta name=\"twitter:data1\" content=\"1 minut\" \/>\n<script type=\"application\/ld+json\" class=\"yoast-schema-graph\">{\"@context\":\"https:\\\/\\\/schema.org\",\"@graph\":[{\"@type\":\"WebPage\",\"@id\":\"https:\\\/\\\/www.pakery.pl\\\/da\\\/produkt\\\/injektionspakning-pi-sph-12-110\\\/\",\"url\":\"https:\\\/\\\/www.pakery.pl\\\/da\\\/produkt\\\/injektionspakning-pi-sph-12-110\\\/\",\"name\":\"Injektionspakning | Injektionspakninger PI -SPH 12\\\/110 - PAKERY.PL\",\"isPartOf\":{\"@id\":\"https:\\\/\\\/www.pakery.pl\\\/da\\\/#website\"},\"primaryImageOfPage\":{\"@id\":\"https:\\\/\\\/www.pakery.pl\\\/da\\\/produkt\\\/injektionspakning-pi-sph-12-110\\\/#primaryimage\"},\"image\":{\"@id\":\"https:\\\/\\\/www.pakery.pl\\\/da\\\/produkt\\\/injektionspakning-pi-sph-12-110\\\/#primaryimage\"},\"thumbnailUrl\":\"https:\\\/\\\/www.pakery.pl\\\/wp-content\\\/uploads\\\/2021\\\/04\\\/foto-12-SPH-.png\",\"datePublished\":\"2021-08-12T10:02:08+00:00\",\"dateModified\":\"2021-08-12T10:02:31+00:00\",\"description\":\"Injektionspakning af h\u00f8jeste kvalitet. Hammpack -injektionspakker garanterer perfekt t\u00e6thed. V\u00e6lg din slags kalamitka!\",\"breadcrumb\":{\"@id\":\"https:\\\/\\\/www.pakery.pl\\\/da\\\/produkt\\\/injektionspakning-pi-sph-12-110\\\/#breadcrumb\"},\"inLanguage\":\"da-DK\",\"potentialAction\":[{\"@type\":\"ReadAction\",\"target\":[\"https:\\\/\\\/www.pakery.pl\\\/da\\\/produkt\\\/injektionspakning-pi-sph-12-110\\\/\"]}]},{\"@type\":\"ImageObject\",\"inLanguage\":\"da-DK\",\"@id\":\"https:\\\/\\\/www.pakery.pl\\\/da\\\/produkt\\\/injektionspakning-pi-sph-12-110\\\/#primaryimage\",\"url\":\"https:\\\/\\\/www.pakery.pl\\\/wp-content\\\/uploads\\\/2021\\\/04\\\/foto-12-SPH-.png\",\"contentUrl\":\"https:\\\/\\\/www.pakery.pl\\\/wp-content\\\/uploads\\\/2021\\\/04\\\/foto-12-SPH-.png\",\"width\":2500,\"height\":2500,\"caption\":\"injektionspakning injektionspakning injektionspakning injektionspakning\"},{\"@type\":\"BreadcrumbList\",\"@id\":\"https:\\\/\\\/www.pakery.pl\\\/da\\\/produkt\\\/injektionspakning-pi-sph-12-110\\\/#breadcrumb\",\"itemListElement\":[{\"@type\":\"ListItem\",\"position\":1,\"name\":\"Strona g\u0142\u00f3wna\",\"item\":\"https:\\\/\\\/www.pakery.pl\\\/da\\\/\"},{\"@type\":\"ListItem\",\"position\":2,\"name\":\"butik\",\"item\":\"https:\\\/\\\/www.pakery.pl\\\/da\\\/butik\\\/\"},{\"@type\":\"ListItem\",\"position\":3,\"name\":\"Injektionspakning PI-SPH 12\\\/110\"}]},{\"@type\":\"WebSite\",\"@id\":\"https:\\\/\\\/www.pakery.pl\\\/da\\\/#website\",\"url\":\"https:\\\/\\\/www.pakery.pl\\\/da\\\/\",\"name\":\"Pakery.pl\",\"description\":\"Pakery iniekcyjne, Kotwy spiralne, Lance iniekcyjne, W\u0119\u017ce do iniekcji, Pompy iniekcyjne, Serwis pomp iniekcyjnych, Wynajem pomp do iniekcji\",\"publisher\":{\"@id\":\"https:\\\/\\\/www.pakery.pl\\\/da\\\/#organization\"},\"potentialAction\":[{\"@type\":\"SearchAction\",\"target\":{\"@type\":\"EntryPoint\",\"urlTemplate\":\"https:\\\/\\\/www.pakery.pl\\\/da\\\/?s={search_term_string}\"},\"query-input\":{\"@type\":\"PropertyValueSpecification\",\"valueRequired\":true,\"valueName\":\"search_term_string\"}}],\"inLanguage\":\"da-DK\"},{\"@type\":\"Organization\",\"@id\":\"https:\\\/\\\/www.pakery.pl\\\/da\\\/#organization\",\"name\":\"PAKERY.PL\",\"url\":\"https:\\\/\\\/www.pakery.pl\\\/da\\\/\",\"logo\":{\"@type\":\"ImageObject\",\"inLanguage\":\"da-DK\",\"@id\":\"https:\\\/\\\/www.pakery.pl\\\/da\\\/#\\\/schema\\\/logo\\\/image\\\/\",\"url\":\"https:\\\/\\\/www.pakery.pl\\\/wp-content\\\/uploads\\\/2021\\\/04\\\/cropped-PAKERY-LOGO.png\",\"contentUrl\":\"https:\\\/\\\/www.pakery.pl\\\/wp-content\\\/uploads\\\/2021\\\/04\\\/cropped-PAKERY-LOGO.png\",\"width\":1529,\"height\":500,\"caption\":\"PAKERY.PL\"},\"image\":{\"@id\":\"https:\\\/\\\/www.pakery.pl\\\/da\\\/#\\\/schema\\\/logo\\\/image\\\/\"}}]}<\/script>\n<!-- \/ Yoast SEO plugin. -->","yoast_head_json":{"title":"Injektionspakning | Injektionspakninger PI -SPH 12\/110 - PAKERY.PL","description":"Injektionspakning af h\u00f8jeste kvalitet. Hammpack -injektionspakker garanterer perfekt t\u00e6thed. V\u00e6lg din slags kalamitka!","robots":{"index":"index","follow":"follow","max-snippet":"max-snippet:-1","max-image-preview":"max-image-preview:large","max-video-preview":"max-video-preview:-1"},"canonical":"https:\/\/www.pakery.pl\/da\/produkt\/injektionspakning-pi-sph-12-110\/","og_locale":"da_DK","og_type":"article","og_title":"Injektionspakning | Injektionspakninger PI -SPH 12\/110 - PAKERY.PL","og_description":"Injektionspakning af h\u00f8jeste kvalitet. Hammpack -injektionspakker garanterer perfekt t\u00e6thed. V\u00e6lg din slags kalamitka!","og_url":"https:\/\/www.pakery.pl\/da\/produkt\/injektionspakning-pi-sph-12-110\/","og_site_name":"PAKERY.PL","article_modified_time":"2021-08-12T10:02:31+00:00","og_image":[{"width":1024,"height":1024,"url":"https:\/\/www.pakery.pl\/wp-content\/uploads\/2021\/04\/foto-12-SPH--1024x1024.png","type":"image\/png"}],"twitter_card":"summary_large_image","twitter_misc":{"Estimeret l\u00e6setid":"1 minut"},"schema":{"@context":"https:\/\/schema.org","@graph":[{"@type":"WebPage","@id":"https:\/\/www.pakery.pl\/da\/produkt\/injektionspakning-pi-sph-12-110\/","url":"https:\/\/www.pakery.pl\/da\/produkt\/injektionspakning-pi-sph-12-110\/","name":"Injektionspakning | Injektionspakninger PI -SPH 12\/110 - PAKERY.PL","isPartOf":{"@id":"https:\/\/www.pakery.pl\/da\/#website"},"primaryImageOfPage":{"@id":"https:\/\/www.pakery.pl\/da\/produkt\/injektionspakning-pi-sph-12-110\/#primaryimage"},"image":{"@id":"https:\/\/www.pakery.pl\/da\/produkt\/injektionspakning-pi-sph-12-110\/#primaryimage"},"thumbnailUrl":"https:\/\/www.pakery.pl\/wp-content\/uploads\/2021\/04\/foto-12-SPH-.png","datePublished":"2021-08-12T10:02:08+00:00","dateModified":"2021-08-12T10:02:31+00:00","description":"Injektionspakning af h\u00f8jeste kvalitet. Hammpack -injektionspakker garanterer perfekt t\u00e6thed. V\u00e6lg din slags kalamitka!","breadcrumb":{"@id":"https:\/\/www.pakery.pl\/da\/produkt\/injektionspakning-pi-sph-12-110\/#breadcrumb"},"inLanguage":"da-DK","potentialAction":[{"@type":"ReadAction","target":["https:\/\/www.pakery.pl\/da\/produkt\/injektionspakning-pi-sph-12-110\/"]}]},{"@type":"ImageObject","inLanguage":"da-DK","@id":"https:\/\/www.pakery.pl\/da\/produkt\/injektionspakning-pi-sph-12-110\/#primaryimage","url":"https:\/\/www.pakery.pl\/wp-content\/uploads\/2021\/04\/foto-12-SPH-.png","contentUrl":"https:\/\/www.pakery.pl\/wp-content\/uploads\/2021\/04\/foto-12-SPH-.png","width":2500,"height":2500,"caption":"injektionspakning injektionspakning injektionspakning injektionspakning"},{"@type":"BreadcrumbList","@id":"https:\/\/www.pakery.pl\/da\/produkt\/injektionspakning-pi-sph-12-110\/#breadcrumb","itemListElement":[{"@type":"ListItem","position":1,"name":"Strona g\u0142\u00f3wna","item":"https:\/\/www.pakery.pl\/da\/"},{"@type":"ListItem","position":2,"name":"butik","item":"https:\/\/www.pakery.pl\/da\/butik\/"},{"@type":"ListItem","position":3,"name":"Injektionspakning PI-SPH 12\/110"}]},{"@type":"WebSite","@id":"https:\/\/www.pakery.pl\/da\/#website","url":"https:\/\/www.pakery.pl\/da\/","name":"Pakery.pl","description":"Pakery iniekcyjne, Kotwy spiralne, Lance iniekcyjne, W\u0119\u017ce do iniekcji, Pompy iniekcyjne, Serwis pomp iniekcyjnych, Wynajem pomp do iniekcji","publisher":{"@id":"https:\/\/www.pakery.pl\/da\/#organization"},"potentialAction":[{"@type":"SearchAction","target":{"@type":"EntryPoint","urlTemplate":"https:\/\/www.pakery.pl\/da\/?s={search_term_string}"},"query-input":{"@type":"PropertyValueSpecification","valueRequired":true,"valueName":"search_term_string"}}],"inLanguage":"da-DK"},{"@type":"Organization","@id":"https:\/\/www.pakery.pl\/da\/#organization","name":"PAKERY.PL","url":"https:\/\/www.pakery.pl\/da\/","logo":{"@type":"ImageObject","inLanguage":"da-DK","@id":"https:\/\/www.pakery.pl\/da\/#\/schema\/logo\/image\/","url":"https:\/\/www.pakery.pl\/wp-content\/uploads\/2021\/04\/cropped-PAKERY-LOGO.png","contentUrl":"https:\/\/www.pakery.pl\/wp-content\/uploads\/2021\/04\/cropped-PAKERY-LOGO.png","width":1529,"height":500,"caption":"PAKERY.PL"},"image":{"@id":"https:\/\/www.pakery.pl\/da\/#\/schema\/logo\/image\/"}}]}},"_links":{"self":[{"href":"https:\/\/www.pakery.pl\/da\/wp-json\/wp\/v2\/product\/28154","targetHints":{"allow":["GET"]}}],"collection":[{"href":"https:\/\/www.pakery.pl\/da\/wp-json\/wp\/v2\/product"}],"about":[{"href":"https:\/\/www.pakery.pl\/da\/wp-json\/wp\/v2\/types\/product"}],"version-history":[{"count":3,"href":"https:\/\/www.pakery.pl\/da\/wp-json\/wp\/v2\/product\/28154\/revisions"}],"predecessor-version":[{"id":28229,"href":"https:\/\/www.pakery.pl\/da\/wp-json\/wp\/v2\/product\/28154\/revisions\/28229"}],"wp:featuredmedia":[{"embeddable":true,"href":"https:\/\/www.pakery.pl\/da\/wp-json\/wp\/v2\/media\/28155"}],"wp:attachment":[{"href":"https:\/\/www.pakery.pl\/da\/wp-json\/wp\/v2\/media?parent=28154"}],"wp:term":[{"taxonomy":"product_brand","embeddable":true,"href":"https:\/\/www.pakery.pl\/da\/wp-json\/wp\/v2\/product_brand?post=28154"},{"taxonomy":"product_cat","embeddable":true,"href":"https:\/\/www.pakery.pl\/da\/wp-json\/wp\/v2\/product_cat?post=28154"},{"taxonomy":"product_tag","embeddable":true,"href":"https:\/\/www.pakery.pl\/da\/wp-json\/wp\/v2\/product_tag?post=28154"}],"curies":[{"name":"wp","href":"https:\/\/api.w.org\/{rel}","templated":true}]}}