{"id":27787,"date":"2021-06-21T12:36:10","date_gmt":"2021-08-12T09:55:45","guid":{"rendered":"https:\/\/www.pakery.pl\/produkt\/stik-3x90\/"},"modified":"2021-08-12T11:55:51","modified_gmt":"2021-08-12T09:55:51","slug":"stik-3x90","status":"publish","type":"product","link":"https:\/\/www.pakery.pl\/da\/produkt\/stik-3x90\/","title":{"rendered":"Stik 3&#215;90"},"content":{"rendered":"\t\t<div data-elementor-type=\"product-post\" data-elementor-id=\"27787\" class=\"elementor elementor-27787 elementor-4818\" data-elementor-post-type=\"product\">\n\t\t\t\t\t\t<section class=\"elementor-section elementor-top-section elementor-element elementor-element-19554868 elementor-section-boxed elementor-section-height-default elementor-section-height-default\" data-id=\"19554868\" data-element_type=\"section\" data-e-type=\"section\">\n\t\t\t\t\t\t<div class=\"elementor-container elementor-column-gap-default\">\n\t\t\t\t\t<div class=\"elementor-column elementor-col-100 elementor-top-column elementor-element elementor-element-66ccec75\" data-id=\"66ccec75\" data-element_type=\"column\" data-e-type=\"column\">\n\t\t\t<div class=\"elementor-widget-wrap elementor-element-populated\">\n\t\t\t\t\t\t<div class=\"elementor-element elementor-element-3306ebe7 elementor-widget elementor-widget-text-editor\" data-id=\"3306ebe7\" data-element_type=\"widget\" data-e-type=\"widget\" data-widget_type=\"text-editor.default\">\n\t\t\t\t<div class=\"elementor-widget-container\">\n\t\t\t\t\t\t\t\t\t<p><span style=\"color: #000000;\">Smarthose Injektionsslangesystemkobling. Til tilslutning af Smarthose -injektionsslangen og forsyningsslanger.<\/span><\/p>\n<p><span style=\"color: #000000;\">For at forsegle leddet fuldst\u00e6ndigt vil det v\u00e6re n\u00f8dvendigt at bruge 15-18 mm og 11-13 mm u-bolte. <\/span><\/p>\n\t\t\t\t\t\t\t\t<\/div>\n\t\t\t\t<\/div>\n\t\t\t\t<section class=\"elementor-section elementor-inner-section elementor-element elementor-element-4d10207 elementor-section-boxed elementor-section-height-default elementor-section-height-default\" data-id=\"4d10207\" data-element_type=\"section\" data-e-type=\"section\">\n\t\t\t\t\t\t<div class=\"elementor-container elementor-column-gap-default\">\n\t\t\t\t\t<div class=\"elementor-column elementor-col-33 elementor-inner-column elementor-element elementor-element-554dce1\" data-id=\"554dce1\" data-element_type=\"column\" data-e-type=\"column\">\n\t\t\t<div class=\"elementor-widget-wrap elementor-element-populated\">\n\t\t\t\t\t\t<div class=\"elementor-element elementor-element-b8a0fd5 elementor-align-center elementor-widget elementor-widget-button\" data-id=\"b8a0fd5\" data-element_type=\"widget\" data-e-type=\"widget\" data-widget_type=\"button.default\">\n\t\t\t\t<div class=\"elementor-widget-container\">\n\t\t\t\t\t\t\t\t\t<div class=\"elementor-button-wrapper\">\n\t\t\t\t\t<a class=\"elementor-button elementor-button-link elementor-size-sm\" href=\"https:\/\/www.pakery.pl\/produkt\/cybant-zacisk-dwuuszny-na-weze-iniekcyjne\/\">\n\t\t\t\t\t\t<span class=\"elementor-button-content-wrapper\">\n\t\t\t\t\t\t\t\t\t<span class=\"elementor-button-text\">V\u00e6lg u-bolte<\/span>\n\t\t\t\t\t<\/span>\n\t\t\t\t\t<\/a>\n\t\t\t\t<\/div>\n\t\t\t\t\t\t\t\t<\/div>\n\t\t\t\t<\/div>\n\t\t\t\t\t<\/div>\n\t\t<\/div>\n\t\t\t\t<div class=\"elementor-column elementor-col-33 elementor-inner-column elementor-element elementor-element-9c6e509\" data-id=\"9c6e509\" data-element_type=\"column\" data-e-type=\"column\">\n\t\t\t<div class=\"elementor-widget-wrap elementor-element-populated\">\n\t\t\t\t\t\t<div class=\"elementor-element elementor-element-cbd08a0 elementor-widget elementor-widget-image\" data-id=\"cbd08a0\" data-element_type=\"widget\" data-e-type=\"widget\" data-widget_type=\"image.default\">\n\t\t\t\t<div class=\"elementor-widget-container\">\n\t\t\t\t\t\t\t\t\t\t\t\t\t\t\t<img decoding=\"async\" width=\"150\" height=\"150\" src=\"https:\/\/www.pakery.pl\/wp-content\/uploads\/2021\/06\/cybant-15-150x150.png\" class=\"attachment-thumbnail size-thumbnail wp-image-27705\" alt=\"\" srcset=\"https:\/\/www.pakery.pl\/wp-content\/uploads\/2021\/06\/cybant-15-150x150.png 150w, https:\/\/www.pakery.pl\/wp-content\/uploads\/2021\/06\/cybant-15-110x110.png 110w\" sizes=\"(max-width: 150px) 100vw, 150px\" \/>\t\t\t\t\t\t\t\t\t\t\t\t\t\t\t<\/div>\n\t\t\t\t<\/div>\n\t\t\t\t\t<\/div>\n\t\t<\/div>\n\t\t\t\t<div class=\"elementor-column elementor-col-33 elementor-inner-column elementor-element elementor-element-bd234c2\" data-id=\"bd234c2\" data-element_type=\"column\" data-e-type=\"column\">\n\t\t\t<div class=\"elementor-widget-wrap elementor-element-populated\">\n\t\t\t\t\t\t\t<\/div>\n\t\t<\/div>\n\t\t\t\t\t<\/div>\n\t\t<\/section>\n\t\t\t\t\t<\/div>\n\t\t<\/div>\n\t\t\t\t\t<\/div>\n\t\t<\/section>\n\t\t\t\t<\/div>\n\t\t","protected":false},"excerpt":{"rendered":"<p>Smarthose Injektionsslangesystemkobling. Til tilslutning af Smarthose -injektionsslangen og forsyningsslanger. For at forsegle leddet fuldst\u00e6ndigt vil det v\u00e6re n\u00f8dvendigt at bruge 15-18 mm og 11-13 mm u-bolte. V\u00e6lg u-bolte<\/p>\n","protected":false},"featured_media":27788,"template":"","meta":{"_acf_changed":false},"product_brand":[],"product_cat":[1203],"product_tag":[],"class_list":{"0":"post-27787","1":"product","2":"type-product","3":"status-publish","4":"has-post-thumbnail","6":"product_cat-injektionsslanger","8":"first","9":"instock","10":"taxable","11":"shipping-taxable","12":"purchasable","13":"product-type-simple"},"acf":[],"yoast_head":"<!-- This site is optimized with the Yoast SEO plugin v27.3 - https:\/\/yoast.com\/product\/yoast-seo-wordpress\/ -->\n<title>Stik 3x90 - PAKERY.PL<\/title>\n<meta name=\"robots\" content=\"index, follow, max-snippet:-1, max-image-preview:large, max-video-preview:-1\" \/>\n<link rel=\"canonical\" href=\"https:\/\/www.pakery.pl\/da\/produkt\/stik-3x90\/\" \/>\n<meta property=\"og:locale\" content=\"da_DK\" \/>\n<meta property=\"og:type\" content=\"article\" \/>\n<meta property=\"og:title\" content=\"Stik 3x90 - PAKERY.PL\" \/>\n<meta property=\"og:description\" content=\"Smarthose Injektionsslangesystemkobling. Til tilslutning af Smarthose -injektionsslangen og forsyningsslanger. For at forsegle leddet fuldst\u00e6ndigt vil det v\u00e6re n\u00f8dvendigt at bruge 15-18 mm og 11-13 mm u-bolte. V\u00e6lg u-bolte\" \/>\n<meta property=\"og:url\" content=\"https:\/\/www.pakery.pl\/da\/produkt\/stik-3x90\/\" \/>\n<meta property=\"og:site_name\" content=\"PAKERY.PL\" \/>\n<meta property=\"article:modified_time\" content=\"2021-08-12T09:55:51+00:00\" \/>\n<meta property=\"og:image\" content=\"https:\/\/www.pakery.pl\/wp-content\/uploads\/2021\/06\/Lacznik-390.png\" \/>\n\t<meta property=\"og:image:width\" content=\"2500\" \/>\n\t<meta property=\"og:image:height\" content=\"2500\" \/>\n\t<meta property=\"og:image:type\" content=\"image\/png\" \/>\n<meta name=\"twitter:card\" content=\"summary_large_image\" \/>\n<script type=\"application\/ld+json\" class=\"yoast-schema-graph\">{\"@context\":\"https:\\\/\\\/schema.org\",\"@graph\":[{\"@type\":\"WebPage\",\"@id\":\"https:\\\/\\\/www.pakery.pl\\\/da\\\/produkt\\\/stik-3x90\\\/\",\"url\":\"https:\\\/\\\/www.pakery.pl\\\/da\\\/produkt\\\/stik-3x90\\\/\",\"name\":\"Stik 3x90 - PAKERY.PL\",\"isPartOf\":{\"@id\":\"https:\\\/\\\/www.pakery.pl\\\/da\\\/#website\"},\"primaryImageOfPage\":{\"@id\":\"https:\\\/\\\/www.pakery.pl\\\/da\\\/produkt\\\/stik-3x90\\\/#primaryimage\"},\"image\":{\"@id\":\"https:\\\/\\\/www.pakery.pl\\\/da\\\/produkt\\\/stik-3x90\\\/#primaryimage\"},\"thumbnailUrl\":\"https:\\\/\\\/www.pakery.pl\\\/wp-content\\\/uploads\\\/2021\\\/06\\\/Lacznik-390.png\",\"datePublished\":\"2021-08-12T09:55:45+00:00\",\"dateModified\":\"2021-08-12T09:55:51+00:00\",\"breadcrumb\":{\"@id\":\"https:\\\/\\\/www.pakery.pl\\\/da\\\/produkt\\\/stik-3x90\\\/#breadcrumb\"},\"inLanguage\":\"da-DK\",\"potentialAction\":[{\"@type\":\"ReadAction\",\"target\":[\"https:\\\/\\\/www.pakery.pl\\\/da\\\/produkt\\\/stik-3x90\\\/\"]}]},{\"@type\":\"ImageObject\",\"inLanguage\":\"da-DK\",\"@id\":\"https:\\\/\\\/www.pakery.pl\\\/da\\\/produkt\\\/stik-3x90\\\/#primaryimage\",\"url\":\"https:\\\/\\\/www.pakery.pl\\\/wp-content\\\/uploads\\\/2021\\\/06\\\/Lacznik-390.png\",\"contentUrl\":\"https:\\\/\\\/www.pakery.pl\\\/wp-content\\\/uploads\\\/2021\\\/06\\\/Lacznik-390.png\",\"width\":2500,\"height\":2500},{\"@type\":\"BreadcrumbList\",\"@id\":\"https:\\\/\\\/www.pakery.pl\\\/da\\\/produkt\\\/stik-3x90\\\/#breadcrumb\",\"itemListElement\":[{\"@type\":\"ListItem\",\"position\":1,\"name\":\"Strona g\u0142\u00f3wna\",\"item\":\"https:\\\/\\\/www.pakery.pl\\\/da\\\/\"},{\"@type\":\"ListItem\",\"position\":2,\"name\":\"butik\",\"item\":\"https:\\\/\\\/www.pakery.pl\\\/da\\\/butik\\\/\"},{\"@type\":\"ListItem\",\"position\":3,\"name\":\"Stik 3&#215;90\"}]},{\"@type\":\"WebSite\",\"@id\":\"https:\\\/\\\/www.pakery.pl\\\/da\\\/#website\",\"url\":\"https:\\\/\\\/www.pakery.pl\\\/da\\\/\",\"name\":\"Pakery.pl\",\"description\":\"Pakery iniekcyjne, Kotwy spiralne, Lance iniekcyjne, W\u0119\u017ce do iniekcji, Pompy iniekcyjne, Serwis pomp iniekcyjnych, Wynajem pomp do iniekcji\",\"publisher\":{\"@id\":\"https:\\\/\\\/www.pakery.pl\\\/da\\\/#organization\"},\"potentialAction\":[{\"@type\":\"SearchAction\",\"target\":{\"@type\":\"EntryPoint\",\"urlTemplate\":\"https:\\\/\\\/www.pakery.pl\\\/da\\\/?s={search_term_string}\"},\"query-input\":{\"@type\":\"PropertyValueSpecification\",\"valueRequired\":true,\"valueName\":\"search_term_string\"}}],\"inLanguage\":\"da-DK\"},{\"@type\":\"Organization\",\"@id\":\"https:\\\/\\\/www.pakery.pl\\\/da\\\/#organization\",\"name\":\"PAKERY.PL\",\"url\":\"https:\\\/\\\/www.pakery.pl\\\/da\\\/\",\"logo\":{\"@type\":\"ImageObject\",\"inLanguage\":\"da-DK\",\"@id\":\"https:\\\/\\\/www.pakery.pl\\\/da\\\/#\\\/schema\\\/logo\\\/image\\\/\",\"url\":\"https:\\\/\\\/www.pakery.pl\\\/wp-content\\\/uploads\\\/2021\\\/04\\\/cropped-PAKERY-LOGO.png\",\"contentUrl\":\"https:\\\/\\\/www.pakery.pl\\\/wp-content\\\/uploads\\\/2021\\\/04\\\/cropped-PAKERY-LOGO.png\",\"width\":1529,\"height\":500,\"caption\":\"PAKERY.PL\"},\"image\":{\"@id\":\"https:\\\/\\\/www.pakery.pl\\\/da\\\/#\\\/schema\\\/logo\\\/image\\\/\"}}]}<\/script>\n<!-- \/ Yoast SEO plugin. -->","yoast_head_json":{"title":"Stik 3x90 - PAKERY.PL","robots":{"index":"index","follow":"follow","max-snippet":"max-snippet:-1","max-image-preview":"max-image-preview:large","max-video-preview":"max-video-preview:-1"},"canonical":"https:\/\/www.pakery.pl\/da\/produkt\/stik-3x90\/","og_locale":"da_DK","og_type":"article","og_title":"Stik 3x90 - PAKERY.PL","og_description":"Smarthose Injektionsslangesystemkobling. Til tilslutning af Smarthose -injektionsslangen og forsyningsslanger. For at forsegle leddet fuldst\u00e6ndigt vil det v\u00e6re n\u00f8dvendigt at bruge 15-18 mm og 11-13 mm u-bolte. V\u00e6lg u-bolte","og_url":"https:\/\/www.pakery.pl\/da\/produkt\/stik-3x90\/","og_site_name":"PAKERY.PL","article_modified_time":"2021-08-12T09:55:51+00:00","og_image":[{"width":2500,"height":2500,"url":"https:\/\/www.pakery.pl\/wp-content\/uploads\/2021\/06\/Lacznik-390.png","type":"image\/png"}],"twitter_card":"summary_large_image","schema":{"@context":"https:\/\/schema.org","@graph":[{"@type":"WebPage","@id":"https:\/\/www.pakery.pl\/da\/produkt\/stik-3x90\/","url":"https:\/\/www.pakery.pl\/da\/produkt\/stik-3x90\/","name":"Stik 3x90 - PAKERY.PL","isPartOf":{"@id":"https:\/\/www.pakery.pl\/da\/#website"},"primaryImageOfPage":{"@id":"https:\/\/www.pakery.pl\/da\/produkt\/stik-3x90\/#primaryimage"},"image":{"@id":"https:\/\/www.pakery.pl\/da\/produkt\/stik-3x90\/#primaryimage"},"thumbnailUrl":"https:\/\/www.pakery.pl\/wp-content\/uploads\/2021\/06\/Lacznik-390.png","datePublished":"2021-08-12T09:55:45+00:00","dateModified":"2021-08-12T09:55:51+00:00","breadcrumb":{"@id":"https:\/\/www.pakery.pl\/da\/produkt\/stik-3x90\/#breadcrumb"},"inLanguage":"da-DK","potentialAction":[{"@type":"ReadAction","target":["https:\/\/www.pakery.pl\/da\/produkt\/stik-3x90\/"]}]},{"@type":"ImageObject","inLanguage":"da-DK","@id":"https:\/\/www.pakery.pl\/da\/produkt\/stik-3x90\/#primaryimage","url":"https:\/\/www.pakery.pl\/wp-content\/uploads\/2021\/06\/Lacznik-390.png","contentUrl":"https:\/\/www.pakery.pl\/wp-content\/uploads\/2021\/06\/Lacznik-390.png","width":2500,"height":2500},{"@type":"BreadcrumbList","@id":"https:\/\/www.pakery.pl\/da\/produkt\/stik-3x90\/#breadcrumb","itemListElement":[{"@type":"ListItem","position":1,"name":"Strona g\u0142\u00f3wna","item":"https:\/\/www.pakery.pl\/da\/"},{"@type":"ListItem","position":2,"name":"butik","item":"https:\/\/www.pakery.pl\/da\/butik\/"},{"@type":"ListItem","position":3,"name":"Stik 3&#215;90"}]},{"@type":"WebSite","@id":"https:\/\/www.pakery.pl\/da\/#website","url":"https:\/\/www.pakery.pl\/da\/","name":"Pakery.pl","description":"Pakery iniekcyjne, Kotwy spiralne, Lance iniekcyjne, W\u0119\u017ce do iniekcji, Pompy iniekcyjne, Serwis pomp iniekcyjnych, Wynajem pomp do iniekcji","publisher":{"@id":"https:\/\/www.pakery.pl\/da\/#organization"},"potentialAction":[{"@type":"SearchAction","target":{"@type":"EntryPoint","urlTemplate":"https:\/\/www.pakery.pl\/da\/?s={search_term_string}"},"query-input":{"@type":"PropertyValueSpecification","valueRequired":true,"valueName":"search_term_string"}}],"inLanguage":"da-DK"},{"@type":"Organization","@id":"https:\/\/www.pakery.pl\/da\/#organization","name":"PAKERY.PL","url":"https:\/\/www.pakery.pl\/da\/","logo":{"@type":"ImageObject","inLanguage":"da-DK","@id":"https:\/\/www.pakery.pl\/da\/#\/schema\/logo\/image\/","url":"https:\/\/www.pakery.pl\/wp-content\/uploads\/2021\/04\/cropped-PAKERY-LOGO.png","contentUrl":"https:\/\/www.pakery.pl\/wp-content\/uploads\/2021\/04\/cropped-PAKERY-LOGO.png","width":1529,"height":500,"caption":"PAKERY.PL"},"image":{"@id":"https:\/\/www.pakery.pl\/da\/#\/schema\/logo\/image\/"}}]}},"_links":{"self":[{"href":"https:\/\/www.pakery.pl\/da\/wp-json\/wp\/v2\/product\/27787","targetHints":{"allow":["GET"]}}],"collection":[{"href":"https:\/\/www.pakery.pl\/da\/wp-json\/wp\/v2\/product"}],"about":[{"href":"https:\/\/www.pakery.pl\/da\/wp-json\/wp\/v2\/types\/product"}],"version-history":[{"count":3,"href":"https:\/\/www.pakery.pl\/da\/wp-json\/wp\/v2\/product\/27787\/revisions"}],"predecessor-version":[{"id":27793,"href":"https:\/\/www.pakery.pl\/da\/wp-json\/wp\/v2\/product\/27787\/revisions\/27793"}],"wp:featuredmedia":[{"embeddable":true,"href":"https:\/\/www.pakery.pl\/da\/wp-json\/wp\/v2\/media\/27788"}],"wp:attachment":[{"href":"https:\/\/www.pakery.pl\/da\/wp-json\/wp\/v2\/media?parent=27787"}],"wp:term":[{"taxonomy":"product_brand","embeddable":true,"href":"https:\/\/www.pakery.pl\/da\/wp-json\/wp\/v2\/product_brand?post=27787"},{"taxonomy":"product_cat","embeddable":true,"href":"https:\/\/www.pakery.pl\/da\/wp-json\/wp\/v2\/product_cat?post=27787"},{"taxonomy":"product_tag","embeddable":true,"href":"https:\/\/www.pakery.pl\/da\/wp-json\/wp\/v2\/product_tag?post=27787"}],"curies":[{"name":"wp","href":"https:\/\/api.w.org\/{rel}","templated":true}]}}