{"id":27324,"date":"2021-04-11T10:22:33","date_gmt":"2021-08-12T09:50:14","guid":{"rendered":"https:\/\/www.pakery.pl\/produkt\/spiralanker-oe-45-mm\/"},"modified":"2021-08-23T11:43:54","modified_gmt":"2021-08-23T09:43:54","slug":"spiralanker-oe-45-mm","status":"publish","type":"product","link":"https:\/\/www.pakery.pl\/da\/produkt\/spiralanker-oe-45-mm\/","title":{"rendered":"Spiralanker \u00d8 4,5 mm"},"content":{"rendered":"\t\t<div data-elementor-type=\"product-post\" data-elementor-id=\"27324\" class=\"elementor elementor-27324\" data-elementor-post-type=\"product\">\n\t\t\t\t\t\t<section class=\"elementor-section elementor-top-section elementor-element elementor-element-8c9cab8 elementor-section-full_width elementor-section-height-default elementor-section-height-default\" data-id=\"8c9cab8\" data-element_type=\"section\" data-e-type=\"section\">\n\t\t\t\t\t\t<div class=\"elementor-container elementor-column-gap-default\">\n\t\t\t\t\t<div class=\"elementor-column elementor-col-100 elementor-top-column elementor-element elementor-element-850b405\" data-id=\"850b405\" data-element_type=\"column\" data-e-type=\"column\">\n\t\t\t<div class=\"elementor-widget-wrap elementor-element-populated\">\n\t\t\t\t\t\t<section class=\"elementor-section elementor-inner-section elementor-element elementor-element-c2aa62b elementor-section-full_width elementor-section-height-default elementor-section-height-default\" data-id=\"c2aa62b\" data-element_type=\"section\" data-e-type=\"section\">\n\t\t\t\t\t\t<div class=\"elementor-container elementor-column-gap-default\">\n\t\t\t\t\t<div class=\"elementor-column elementor-col-50 elementor-inner-column elementor-element elementor-element-ef26669\" data-id=\"ef26669\" data-element_type=\"column\" data-e-type=\"column\">\n\t\t\t<div class=\"elementor-widget-wrap elementor-element-populated\">\n\t\t\t\t\t\t<div class=\"elementor-element elementor-element-269c91d elementor-widget elementor-widget-text-editor\" data-id=\"269c91d\" data-element_type=\"widget\" data-e-type=\"widget\" data-widget_type=\"text-editor.default\">\n\t\t\t\t<div class=\"elementor-widget-container\">\n\t\t\t\t\t\t\t\t\t<div data-id=\"9c16b70\" data-element_type=\"widget\" data-widget_type=\"text-editor.default\">\n<div>\n<div>\n<div><span style=\"color: #000000;\"><strong>TEKNISKE SPECIFIKATIONER:<\/strong><\/span><\/div>\n<ul>\n<li><span style=\"color: #000000;\">Ankerdiameter: 6 mm<\/span><\/li>\n<li><span style=\"color: #000000;\">Tv\u00e6rsnitsareal[mm\u00b2] : 7,8<\/span><\/li>\n<li><span style=\"color: #000000;\">Udbyttepunkt[MPa] : 713,0<\/span><\/li>\n<li><span style=\"color: #000000;\">Tr\u00e6kstyrke[MPa] : 862.1<\/span><\/li>\n<li><span style=\"color: #000000;\">Modul &#8211; E[GPa] : 179,9<\/span><\/li>\n<\/ul>\n<\/div>\n<\/div>\n<\/div>\n<div data-id=\"f10e87b\" data-element_type=\"widget\" data-widget_type=\"text-editor.default\">\n<div>\n<div>\n<p><span style=\"color: #000000;\"><strong>ANS\u00d8GNING:<\/strong><\/span><\/p>\n<ul>\n<li><span style=\"color: #000000;\">reparation af revner i strukturelle v\u00e6gge af mursten, sten, beton<\/span><\/li>\n<li><span style=\"color: #000000;\">forst\u00e6rkning af forbindelserne mellem skillev\u00e6gge med strukturelle<\/span><\/li>\n<li><span style=\"color: #000000;\">forst\u00e6rkning af taglofter<\/span><\/li>\n<li><span style=\"color: #000000;\">forst\u00e6rkning af altanplader<\/span><\/li>\n<li><span style=\"color: #000000;\">reparation og forst\u00e6rkning af overliggere, bj\u00e6lker og lofter<\/span><\/li>\n<li><span style=\"color: #000000;\">forankring af fritliggende v\u00e6gbekl\u00e6dningslag<\/span><\/li>\n<li><span style=\"color: #000000;\">stabilisering af sp\u00e6nde v\u00e6gge<\/span><\/li>\n<li><span style=\"color: #000000;\">v\u00e6gforst\u00e6rkning i nutidige bygninger<\/span><\/li>\n<\/ul>\n<p><span style=\"color: #000000;\"><strong>FORDELE MED SPIRALFORST\u00c6RKNINGER:<\/strong><\/span><\/p>\n<ul>\n<li><span style=\"color: #000000;\">For\u00f8gelse af v\u00e6gge, s\u00f8jler, bj\u00e6lker, bj\u00e6lker, plader, fundamenter<\/span><\/li>\n<li><span style=\"color: #000000;\">Hurtig anvendelse &#8211; uden teknologiske pauser<\/span><\/li>\n<li><span style=\"color: #000000;\">Lav invasivitet &#8211; applikation uden rod og forvirring<\/span><\/li>\n<li><span style=\"color: #000000;\">Revner dukker ikke op igen &#8211; h\u00f8jtydende teknologi<\/span><\/li>\n<li><span style=\"color: #000000;\">Lavpris<\/span><\/li>\n<\/ul>\n<\/div>\n<\/div>\n<\/div>\n\t\t\t\t\t\t\t\t<\/div>\n\t\t\t\t<\/div>\n\t\t\t\t\t<\/div>\n\t\t<\/div>\n\t\t\t\t<div class=\"elementor-column elementor-col-50 elementor-inner-column elementor-element elementor-element-a2e7e34\" data-id=\"a2e7e34\" data-element_type=\"column\" data-e-type=\"column\">\n\t\t\t<div class=\"elementor-widget-wrap elementor-element-populated\">\n\t\t\t\t\t\t<div class=\"elementor-element elementor-element-a2c5df8 elementor-widget elementor-widget-image\" data-id=\"a2c5df8\" data-element_type=\"widget\" data-e-type=\"widget\" data-widget_type=\"image.default\">\n\t\t\t\t<div class=\"elementor-widget-container\">\n\t\t\t\t\t\t\t\t\t\t\t\t\t\t\t<img fetchpriority=\"high\" decoding=\"async\" width=\"691\" height=\"758\" src=\"https:\/\/www.pakery.pl\/wp-content\/uploads\/2021\/04\/Kotwa-spiralna.png\" class=\"attachment-large size-large wp-image-27284\" alt=\"\" srcset=\"https:\/\/www.pakery.pl\/wp-content\/uploads\/2021\/04\/Kotwa-spiralna.png 691w, https:\/\/www.pakery.pl\/wp-content\/uploads\/2021\/04\/Kotwa-spiralna-273x300.png 273w, https:\/\/www.pakery.pl\/wp-content\/uploads\/2021\/04\/Kotwa-spiralna-683x749.png 683w, https:\/\/www.pakery.pl\/wp-content\/uploads\/2021\/04\/Kotwa-spiralna-602x660.png 602w\" sizes=\"(max-width: 691px) 100vw, 691px\" \/>\t\t\t\t\t\t\t\t\t\t\t\t\t\t\t<\/div>\n\t\t\t\t<\/div>\n\t\t\t\t\t<\/div>\n\t\t<\/div>\n\t\t\t\t\t<\/div>\n\t\t<\/section>\n\t\t\t\t\t<\/div>\n\t\t<\/div>\n\t\t\t\t\t<\/div>\n\t\t<\/section>\n\t\t\t\t<section class=\"elementor-section elementor-top-section elementor-element elementor-element-cf9198e elementor-section-full_width elementor-section-height-default elementor-section-height-default\" data-id=\"cf9198e\" data-element_type=\"section\" data-e-type=\"section\">\n\t\t\t\t\t\t<div class=\"elementor-container elementor-column-gap-default\">\n\t\t\t\t\t<div class=\"elementor-column elementor-col-100 elementor-top-column elementor-element elementor-element-0e4301c\" data-id=\"0e4301c\" data-element_type=\"column\" data-e-type=\"column\">\n\t\t\t<div class=\"elementor-widget-wrap elementor-element-populated\">\n\t\t\t\t\t\t<div class=\"elementor-element elementor-element-a880b8b elementor-widget elementor-widget-image\" data-id=\"a880b8b\" data-element_type=\"widget\" data-e-type=\"widget\" data-widget_type=\"image.default\">\n\t\t\t\t<div class=\"elementor-widget-container\">\n\t\t\t\t\t\t\t\t\t\t\t\t\t\t\t<img decoding=\"async\" width=\"781\" height=\"410\" src=\"https:\/\/www.pakery.pl\/wp-content\/uploads\/2021\/04\/kotwy-eng-.png\" class=\"attachment-large size-large wp-image-36137\" alt=\"\" srcset=\"https:\/\/www.pakery.pl\/wp-content\/uploads\/2021\/04\/kotwy-eng-.png 781w, https:\/\/www.pakery.pl\/wp-content\/uploads\/2021\/04\/kotwy-eng--300x157.png 300w, https:\/\/www.pakery.pl\/wp-content\/uploads\/2021\/04\/kotwy-eng--768x403.png 768w, https:\/\/www.pakery.pl\/wp-content\/uploads\/2021\/04\/kotwy-eng--683x359.png 683w, https:\/\/www.pakery.pl\/wp-content\/uploads\/2021\/04\/kotwy-eng--602x316.png 602w\" sizes=\"(max-width: 781px) 100vw, 781px\" \/>\t\t\t\t\t\t\t\t\t\t\t\t\t\t\t<\/div>\n\t\t\t\t<\/div>\n\t\t\t\t\t<\/div>\n\t\t<\/div>\n\t\t\t\t\t<\/div>\n\t\t<\/section>\n\t\t\t\t<section class=\"elementor-section elementor-top-section elementor-element elementor-element-7f6bada elementor-section-full_width elementor-section-height-default elementor-section-height-default\" data-id=\"7f6bada\" data-element_type=\"section\" data-e-type=\"section\">\n\t\t\t\t\t\t<div class=\"elementor-container elementor-column-gap-default\">\n\t\t\t\t\t<div class=\"elementor-column elementor-col-100 elementor-top-column elementor-element elementor-element-ab6d4df\" data-id=\"ab6d4df\" data-element_type=\"column\" data-e-type=\"column\">\n\t\t\t<div class=\"elementor-widget-wrap elementor-element-populated\">\n\t\t\t\t\t\t<div class=\"elementor-element elementor-element-be7d7b0 elementor-widget elementor-widget-text-editor\" data-id=\"be7d7b0\" data-element_type=\"widget\" data-e-type=\"widget\" data-widget_type=\"text-editor.default\">\n\t\t\t\t<div class=\"elementor-widget-container\">\n\t\t\t\t\t\t\t\t\t<p><span style=\"caret-color: #000000; color: #000000;\">Dimensionerne af rillerne til spiralankre sammen med det omtrentlige forbrug af ankerm\u00f8rtlen findes i nedenst\u00e5ende tabel:<\/span><\/p>\n\t\t\t\t\t\t\t\t<\/div>\n\t\t\t\t<\/div>\n\t\t\t\t\t<\/div>\n\t\t<\/div>\n\t\t\t\t\t<\/div>\n\t\t<\/section>\n\t\t\t\t<section class=\"elementor-section elementor-top-section elementor-element elementor-element-1cba74c elementor-section-boxed elementor-section-height-default elementor-section-height-default\" data-id=\"1cba74c\" data-element_type=\"section\" data-e-type=\"section\">\n\t\t\t\t\t\t<div class=\"elementor-container elementor-column-gap-default\">\n\t\t\t\t\t<div class=\"elementor-column elementor-col-100 elementor-top-column elementor-element elementor-element-212ea98\" data-id=\"212ea98\" data-element_type=\"column\" data-e-type=\"column\">\n\t\t\t<div class=\"elementor-widget-wrap elementor-element-populated\">\n\t\t\t\t\t\t<section class=\"elementor-section elementor-inner-section elementor-element elementor-element-1b3f893 elementor-section-full_width elementor-section-height-default elementor-section-height-default\" data-id=\"1b3f893\" data-element_type=\"section\" data-e-type=\"section\">\n\t\t\t\t\t\t<div class=\"elementor-container elementor-column-gap-default\">\n\t\t\t\t\t<div class=\"elementor-column elementor-col-50 elementor-inner-column elementor-element elementor-element-3ffa557\" data-id=\"3ffa557\" data-element_type=\"column\" data-e-type=\"column\">\n\t\t\t<div class=\"elementor-widget-wrap elementor-element-populated\">\n\t\t\t\t\t\t<div class=\"elementor-element elementor-element-b8ffb7c elementor-widget elementor-widget-image\" data-id=\"b8ffb7c\" data-element_type=\"widget\" data-e-type=\"widget\" data-widget_type=\"image.default\">\n\t\t\t\t<div class=\"elementor-widget-container\">\n\t\t\t\t\t\t\t\t\t\t\t\t\t\t\t<img decoding=\"async\" width=\"1024\" height=\"525\" src=\"https:\/\/www.pakery.pl\/wp-content\/uploads\/2021\/04\/table-kotwa-1024x525.png\" class=\"attachment-large size-large wp-image-36164\" alt=\"\" srcset=\"https:\/\/www.pakery.pl\/wp-content\/uploads\/2021\/04\/table-kotwa-1024x525.png 1024w, https:\/\/www.pakery.pl\/wp-content\/uploads\/2021\/04\/table-kotwa-300x154.png 300w, https:\/\/www.pakery.pl\/wp-content\/uploads\/2021\/04\/table-kotwa-768x393.png 768w, https:\/\/www.pakery.pl\/wp-content\/uploads\/2021\/04\/table-kotwa-683x350.png 683w, https:\/\/www.pakery.pl\/wp-content\/uploads\/2021\/04\/table-kotwa-602x308.png 602w, https:\/\/www.pakery.pl\/wp-content\/uploads\/2021\/04\/table-kotwa.png 1058w\" sizes=\"(max-width: 1024px) 100vw, 1024px\" \/>\t\t\t\t\t\t\t\t\t\t\t\t\t\t\t<\/div>\n\t\t\t\t<\/div>\n\t\t\t\t\t<\/div>\n\t\t<\/div>\n\t\t\t\t<div class=\"elementor-column elementor-col-50 elementor-inner-column elementor-element elementor-element-85c4ea6\" data-id=\"85c4ea6\" data-element_type=\"column\" data-e-type=\"column\">\n\t\t\t<div class=\"elementor-widget-wrap elementor-element-populated\">\n\t\t\t\t\t\t<div class=\"elementor-element elementor-element-8764379 elementor-widget elementor-widget-text-editor\" data-id=\"8764379\" data-element_type=\"widget\" data-e-type=\"widget\" data-widget_type=\"text-editor.default\">\n\t\t\t\t<div class=\"elementor-widget-container\">\n\t\t\t\t\t\t\t\t\t<p><span style=\"color: #000000;\"><strong>min. ankerl\u00e6ngde (mursten \/ sten \/ blandet murv\u00e6rk) &#8211; 1000 mm<\/strong><\/span><\/p>\n<p><span style=\"color: #000000;\"><strong>min. ankerl\u00e6ngde (beton) &#8211; 600 mm<\/strong><\/span><\/p>\n<p><em>P\u00e5 kundens udtrykkelige anmodning sk\u00e6rer vi ankre til den angivne st\u00f8rrelse.<\/em><\/p>\n<p><em>For flere designforslag, se Hammpack Spiral Hammer teknisk dokumentation.<\/em><\/p>\n\t\t\t\t\t\t\t\t<\/div>\n\t\t\t\t<\/div>\n\t\t\t\t\t<\/div>\n\t\t<\/div>\n\t\t\t\t\t<\/div>\n\t\t<\/section>\n\t\t\t\t\t<\/div>\n\t\t<\/div>\n\t\t\t\t\t<\/div>\n\t\t<\/section>\n\t\t\t\t<\/div>\n\t\t","protected":false},"excerpt":{"rendered":"<p>TEKNISKE SPECIFIKATIONER: Ankerdiameter: 6 mm Tv\u00e6rsnitsareal[mm\u00b2] : 7,8 Udbyttepunkt[MPa] : 713,0 Tr\u00e6kstyrke[MPa] : 862.1 Modul &#8211; E[GPa] : 179,9 ANS\u00d8GNING: reparation af revner i strukturelle v\u00e6gge af mursten, sten, beton forst\u00e6rkning af forbindelserne mellem skillev\u00e6gge med strukturelle forst\u00e6rkning af taglofter forst\u00e6rkning af altanplader reparation og forst\u00e6rkning af overliggere, bj\u00e6lker og lofter forankring af fritliggende v\u00e6gbekl\u00e6dningslag [&hellip;]<\/p>\n","protected":false},"featured_media":27277,"template":"","meta":{"_acf_changed":false},"product_brand":[],"product_cat":[1190],"product_tag":[],"class_list":{"0":"post-27324","1":"product","2":"type-product","3":"status-publish","4":"has-post-thumbnail","6":"product_cat-spiralankre-da","7":"pa_dlugosc-100m-da","8":"pa_dlugosc-10m-da","9":"pa_dlugosc-1m-da","11":"first","12":"instock","13":"taxable","14":"shipping-taxable","15":"purchasable","16":"product-type-variable","17":"has-default-attributes"},"acf":[],"yoast_head":"<!-- This site is optimized with the Yoast SEO plugin v27.3 - https:\/\/yoast.com\/product\/yoast-seo-wordpress\/ -->\n<title>Spiralanker \u00d8 4,5 mm til reparation af en revnet v\u00e6g<\/title>\n<meta name=\"description\" content=\"Spiralanker til reparation af revnet murv\u00e6rk | V\u00e6ganker | For\u00f8gelse af v\u00e6gge, s\u00f8jler, bj\u00e6lker, bj\u00e6lker, plader, fundamenter\" \/>\n<meta name=\"robots\" content=\"index, follow, max-snippet:-1, max-image-preview:large, max-video-preview:-1\" \/>\n<link rel=\"canonical\" href=\"https:\/\/www.pakery.pl\/da\/produkt\/spiralanker-oe-45-mm\/\" \/>\n<meta property=\"og:locale\" content=\"da_DK\" \/>\n<meta property=\"og:type\" content=\"article\" \/>\n<meta property=\"og:title\" content=\"Spiralanker \u00d8 4,5 mm til reparation af en revnet v\u00e6g\" \/>\n<meta property=\"og:description\" content=\"Spiralanker til reparation af revnet murv\u00e6rk | V\u00e6ganker | For\u00f8gelse af v\u00e6gge, s\u00f8jler, bj\u00e6lker, bj\u00e6lker, plader, fundamenter\" \/>\n<meta property=\"og:url\" content=\"https:\/\/www.pakery.pl\/da\/produkt\/spiralanker-oe-45-mm\/\" \/>\n<meta property=\"og:site_name\" content=\"PAKERY.PL\" \/>\n<meta property=\"article:modified_time\" content=\"2021-08-23T09:43:54+00:00\" \/>\n<meta property=\"og:image\" content=\"https:\/\/www.pakery.pl\/wp-content\/uploads\/2021\/05\/kotwy-zbiorcze-1024x1024.png\" \/>\n\t<meta property=\"og:image:width\" content=\"1024\" \/>\n\t<meta property=\"og:image:height\" content=\"1024\" \/>\n\t<meta property=\"og:image:type\" content=\"image\/png\" \/>\n<meta name=\"twitter:card\" content=\"summary_large_image\" \/>\n<meta name=\"twitter:label1\" content=\"Estimeret l\u00e6setid\" \/>\n\t<meta name=\"twitter:data1\" content=\"1 minut\" \/>\n<script type=\"application\/ld+json\" class=\"yoast-schema-graph\">{\"@context\":\"https:\\\/\\\/schema.org\",\"@graph\":[{\"@type\":\"WebPage\",\"@id\":\"https:\\\/\\\/www.pakery.pl\\\/da\\\/produkt\\\/spiralanker-oe-45-mm\\\/\",\"url\":\"https:\\\/\\\/www.pakery.pl\\\/da\\\/produkt\\\/spiralanker-oe-45-mm\\\/\",\"name\":\"Spiralanker \u00d8 4,5 mm til reparation af en revnet v\u00e6g\",\"isPartOf\":{\"@id\":\"https:\\\/\\\/www.pakery.pl\\\/da\\\/#website\"},\"primaryImageOfPage\":{\"@id\":\"https:\\\/\\\/www.pakery.pl\\\/da\\\/produkt\\\/spiralanker-oe-45-mm\\\/#primaryimage\"},\"image\":{\"@id\":\"https:\\\/\\\/www.pakery.pl\\\/da\\\/produkt\\\/spiralanker-oe-45-mm\\\/#primaryimage\"},\"thumbnailUrl\":\"https:\\\/\\\/www.pakery.pl\\\/wp-content\\\/uploads\\\/2021\\\/05\\\/kotwy-zbiorcze.png\",\"datePublished\":\"2021-08-12T09:50:14+00:00\",\"dateModified\":\"2021-08-23T09:43:54+00:00\",\"description\":\"Spiralanker til reparation af revnet murv\u00e6rk | V\u00e6ganker | For\u00f8gelse af v\u00e6gge, s\u00f8jler, bj\u00e6lker, bj\u00e6lker, plader, fundamenter\",\"breadcrumb\":{\"@id\":\"https:\\\/\\\/www.pakery.pl\\\/da\\\/produkt\\\/spiralanker-oe-45-mm\\\/#breadcrumb\"},\"inLanguage\":\"da-DK\",\"potentialAction\":[{\"@type\":\"ReadAction\",\"target\":[\"https:\\\/\\\/www.pakery.pl\\\/da\\\/produkt\\\/spiralanker-oe-45-mm\\\/\"]}]},{\"@type\":\"ImageObject\",\"inLanguage\":\"da-DK\",\"@id\":\"https:\\\/\\\/www.pakery.pl\\\/da\\\/produkt\\\/spiralanker-oe-45-mm\\\/#primaryimage\",\"url\":\"https:\\\/\\\/www.pakery.pl\\\/wp-content\\\/uploads\\\/2021\\\/05\\\/kotwy-zbiorcze.png\",\"contentUrl\":\"https:\\\/\\\/www.pakery.pl\\\/wp-content\\\/uploads\\\/2021\\\/05\\\/kotwy-zbiorcze.png\",\"width\":2500,\"height\":2500},{\"@type\":\"BreadcrumbList\",\"@id\":\"https:\\\/\\\/www.pakery.pl\\\/da\\\/produkt\\\/spiralanker-oe-45-mm\\\/#breadcrumb\",\"itemListElement\":[{\"@type\":\"ListItem\",\"position\":1,\"name\":\"Strona g\u0142\u00f3wna\",\"item\":\"https:\\\/\\\/www.pakery.pl\\\/da\\\/\"},{\"@type\":\"ListItem\",\"position\":2,\"name\":\"butik\",\"item\":\"https:\\\/\\\/www.pakery.pl\\\/da\\\/butik\\\/\"},{\"@type\":\"ListItem\",\"position\":3,\"name\":\"Spiralanker \u00d8 4,5 mm\"}]},{\"@type\":\"WebSite\",\"@id\":\"https:\\\/\\\/www.pakery.pl\\\/da\\\/#website\",\"url\":\"https:\\\/\\\/www.pakery.pl\\\/da\\\/\",\"name\":\"Pakery.pl\",\"description\":\"Pakery iniekcyjne, Kotwy spiralne, Lance iniekcyjne, W\u0119\u017ce do iniekcji, Pompy iniekcyjne, Serwis pomp iniekcyjnych, Wynajem pomp do iniekcji\",\"publisher\":{\"@id\":\"https:\\\/\\\/www.pakery.pl\\\/da\\\/#organization\"},\"potentialAction\":[{\"@type\":\"SearchAction\",\"target\":{\"@type\":\"EntryPoint\",\"urlTemplate\":\"https:\\\/\\\/www.pakery.pl\\\/da\\\/?s={search_term_string}\"},\"query-input\":{\"@type\":\"PropertyValueSpecification\",\"valueRequired\":true,\"valueName\":\"search_term_string\"}}],\"inLanguage\":\"da-DK\"},{\"@type\":\"Organization\",\"@id\":\"https:\\\/\\\/www.pakery.pl\\\/da\\\/#organization\",\"name\":\"PAKERY.PL\",\"url\":\"https:\\\/\\\/www.pakery.pl\\\/da\\\/\",\"logo\":{\"@type\":\"ImageObject\",\"inLanguage\":\"da-DK\",\"@id\":\"https:\\\/\\\/www.pakery.pl\\\/da\\\/#\\\/schema\\\/logo\\\/image\\\/\",\"url\":\"https:\\\/\\\/www.pakery.pl\\\/wp-content\\\/uploads\\\/2021\\\/04\\\/cropped-PAKERY-LOGO.png\",\"contentUrl\":\"https:\\\/\\\/www.pakery.pl\\\/wp-content\\\/uploads\\\/2021\\\/04\\\/cropped-PAKERY-LOGO.png\",\"width\":1529,\"height\":500,\"caption\":\"PAKERY.PL\"},\"image\":{\"@id\":\"https:\\\/\\\/www.pakery.pl\\\/da\\\/#\\\/schema\\\/logo\\\/image\\\/\"}}]}<\/script>\n<!-- \/ Yoast SEO plugin. -->","yoast_head_json":{"title":"Spiralanker \u00d8 4,5 mm til reparation af en revnet v\u00e6g","description":"Spiralanker til reparation af revnet murv\u00e6rk | V\u00e6ganker | For\u00f8gelse af v\u00e6gge, s\u00f8jler, bj\u00e6lker, bj\u00e6lker, plader, fundamenter","robots":{"index":"index","follow":"follow","max-snippet":"max-snippet:-1","max-image-preview":"max-image-preview:large","max-video-preview":"max-video-preview:-1"},"canonical":"https:\/\/www.pakery.pl\/da\/produkt\/spiralanker-oe-45-mm\/","og_locale":"da_DK","og_type":"article","og_title":"Spiralanker \u00d8 4,5 mm til reparation af en revnet v\u00e6g","og_description":"Spiralanker til reparation af revnet murv\u00e6rk | V\u00e6ganker | For\u00f8gelse af v\u00e6gge, s\u00f8jler, bj\u00e6lker, bj\u00e6lker, plader, fundamenter","og_url":"https:\/\/www.pakery.pl\/da\/produkt\/spiralanker-oe-45-mm\/","og_site_name":"PAKERY.PL","article_modified_time":"2021-08-23T09:43:54+00:00","og_image":[{"width":1024,"height":1024,"url":"https:\/\/www.pakery.pl\/wp-content\/uploads\/2021\/05\/kotwy-zbiorcze-1024x1024.png","type":"image\/png"}],"twitter_card":"summary_large_image","twitter_misc":{"Estimeret l\u00e6setid":"1 minut"},"schema":{"@context":"https:\/\/schema.org","@graph":[{"@type":"WebPage","@id":"https:\/\/www.pakery.pl\/da\/produkt\/spiralanker-oe-45-mm\/","url":"https:\/\/www.pakery.pl\/da\/produkt\/spiralanker-oe-45-mm\/","name":"Spiralanker \u00d8 4,5 mm til reparation af en revnet v\u00e6g","isPartOf":{"@id":"https:\/\/www.pakery.pl\/da\/#website"},"primaryImageOfPage":{"@id":"https:\/\/www.pakery.pl\/da\/produkt\/spiralanker-oe-45-mm\/#primaryimage"},"image":{"@id":"https:\/\/www.pakery.pl\/da\/produkt\/spiralanker-oe-45-mm\/#primaryimage"},"thumbnailUrl":"https:\/\/www.pakery.pl\/wp-content\/uploads\/2021\/05\/kotwy-zbiorcze.png","datePublished":"2021-08-12T09:50:14+00:00","dateModified":"2021-08-23T09:43:54+00:00","description":"Spiralanker til reparation af revnet murv\u00e6rk | V\u00e6ganker | For\u00f8gelse af v\u00e6gge, s\u00f8jler, bj\u00e6lker, bj\u00e6lker, plader, fundamenter","breadcrumb":{"@id":"https:\/\/www.pakery.pl\/da\/produkt\/spiralanker-oe-45-mm\/#breadcrumb"},"inLanguage":"da-DK","potentialAction":[{"@type":"ReadAction","target":["https:\/\/www.pakery.pl\/da\/produkt\/spiralanker-oe-45-mm\/"]}]},{"@type":"ImageObject","inLanguage":"da-DK","@id":"https:\/\/www.pakery.pl\/da\/produkt\/spiralanker-oe-45-mm\/#primaryimage","url":"https:\/\/www.pakery.pl\/wp-content\/uploads\/2021\/05\/kotwy-zbiorcze.png","contentUrl":"https:\/\/www.pakery.pl\/wp-content\/uploads\/2021\/05\/kotwy-zbiorcze.png","width":2500,"height":2500},{"@type":"BreadcrumbList","@id":"https:\/\/www.pakery.pl\/da\/produkt\/spiralanker-oe-45-mm\/#breadcrumb","itemListElement":[{"@type":"ListItem","position":1,"name":"Strona g\u0142\u00f3wna","item":"https:\/\/www.pakery.pl\/da\/"},{"@type":"ListItem","position":2,"name":"butik","item":"https:\/\/www.pakery.pl\/da\/butik\/"},{"@type":"ListItem","position":3,"name":"Spiralanker \u00d8 4,5 mm"}]},{"@type":"WebSite","@id":"https:\/\/www.pakery.pl\/da\/#website","url":"https:\/\/www.pakery.pl\/da\/","name":"Pakery.pl","description":"Pakery iniekcyjne, Kotwy spiralne, Lance iniekcyjne, W\u0119\u017ce do iniekcji, Pompy iniekcyjne, Serwis pomp iniekcyjnych, Wynajem pomp do iniekcji","publisher":{"@id":"https:\/\/www.pakery.pl\/da\/#organization"},"potentialAction":[{"@type":"SearchAction","target":{"@type":"EntryPoint","urlTemplate":"https:\/\/www.pakery.pl\/da\/?s={search_term_string}"},"query-input":{"@type":"PropertyValueSpecification","valueRequired":true,"valueName":"search_term_string"}}],"inLanguage":"da-DK"},{"@type":"Organization","@id":"https:\/\/www.pakery.pl\/da\/#organization","name":"PAKERY.PL","url":"https:\/\/www.pakery.pl\/da\/","logo":{"@type":"ImageObject","inLanguage":"da-DK","@id":"https:\/\/www.pakery.pl\/da\/#\/schema\/logo\/image\/","url":"https:\/\/www.pakery.pl\/wp-content\/uploads\/2021\/04\/cropped-PAKERY-LOGO.png","contentUrl":"https:\/\/www.pakery.pl\/wp-content\/uploads\/2021\/04\/cropped-PAKERY-LOGO.png","width":1529,"height":500,"caption":"PAKERY.PL"},"image":{"@id":"https:\/\/www.pakery.pl\/da\/#\/schema\/logo\/image\/"}}]}},"_links":{"self":[{"href":"https:\/\/www.pakery.pl\/da\/wp-json\/wp\/v2\/product\/27324","targetHints":{"allow":["GET"]}}],"collection":[{"href":"https:\/\/www.pakery.pl\/da\/wp-json\/wp\/v2\/product"}],"about":[{"href":"https:\/\/www.pakery.pl\/da\/wp-json\/wp\/v2\/types\/product"}],"version-history":[{"count":5,"href":"https:\/\/www.pakery.pl\/da\/wp-json\/wp\/v2\/product\/27324\/revisions"}],"predecessor-version":[{"id":36235,"href":"https:\/\/www.pakery.pl\/da\/wp-json\/wp\/v2\/product\/27324\/revisions\/36235"}],"wp:featuredmedia":[{"embeddable":true,"href":"https:\/\/www.pakery.pl\/da\/wp-json\/wp\/v2\/media\/27277"}],"wp:attachment":[{"href":"https:\/\/www.pakery.pl\/da\/wp-json\/wp\/v2\/media?parent=27324"}],"wp:term":[{"taxonomy":"product_brand","embeddable":true,"href":"https:\/\/www.pakery.pl\/da\/wp-json\/wp\/v2\/product_brand?post=27324"},{"taxonomy":"product_cat","embeddable":true,"href":"https:\/\/www.pakery.pl\/da\/wp-json\/wp\/v2\/product_cat?post=27324"},{"taxonomy":"product_tag","embeddable":true,"href":"https:\/\/www.pakery.pl\/da\/wp-json\/wp\/v2\/product_tag?post=27324"}],"curies":[{"name":"wp","href":"https:\/\/api.w.org\/{rel}","templated":true}]}}