{"id":27162,"date":"2021-08-12T11:46:56","date_gmt":"2021-08-12T09:46:56","guid":{"rendered":"https:\/\/www.pakery.pl\/optage\/"},"modified":"2021-08-12T12:24:05","modified_gmt":"2021-08-12T10:24:05","slug":"optage","status":"publish","type":"page","link":"https:\/\/www.pakery.pl\/da\/optage\/","title":{"rendered":"Optage"},"content":{"rendered":"\t\t<div data-elementor-type=\"wp-page\" data-elementor-id=\"27162\" class=\"elementor elementor-27162 elementor-1271\" data-elementor-post-type=\"page\">\n\t\t\t\t\t\t<section class=\"elementor-section elementor-top-section elementor-element elementor-element-06f1593 elementor-section-boxed elementor-section-height-default elementor-section-height-default\" data-id=\"06f1593\" data-element_type=\"section\" data-e-type=\"section\">\n\t\t\t\t\t\t<div class=\"elementor-container elementor-column-gap-default\">\n\t\t\t\t\t<div class=\"elementor-column elementor-col-100 elementor-top-column elementor-element elementor-element-cfbb1e7\" data-id=\"cfbb1e7\" data-element_type=\"column\" data-e-type=\"column\">\n\t\t\t<div class=\"elementor-widget-wrap elementor-element-populated\">\n\t\t\t\t\t\t<div class=\"elementor-element elementor-element-2b129a7 elementor-widget elementor-widget-text-editor\" data-id=\"2b129a7\" data-element_type=\"widget\" data-e-type=\"widget\" data-widget_type=\"text-editor.default\">\n\t\t\t\t<div class=\"elementor-widget-container\">\n\t\t\t\t\t\t\t\t\t<p style=\"text-align: center;\"><span style=\"color: #000000;\">Damer og herre ! For at afgive en engrosordre skal du udfylde registreringsformularen. Hvis du leder efter produkter, der skal k\u00f8bes i detailm\u00e6ngder (<b><i> uden registrering)<\/i><\/b> bes\u00f8g venligst butikken<span style=\"text-decoration: underline;\"><a style=\"color: #000000; text-decoration: underline;\" href=\"https:\/\/iniekcjebudowlane.pl\/\"> INIEKCJEBUDOWLANE.PL<\/a><\/span><\/span><\/p>\n<p style=\"text-align: center;\"><span style=\"color: #000000;\">Bliv PAKERY.PL -entrepren\u00f8r p\u00e5 B2B -platformen. Find ud af om nye produkter, priser og bestil 24 timer i d\u00f8gnet<\/span><\/p>\n<p style=\"text-align: center;\"><span style=\"color: #000000;\">Kun iv\u00e6rks\u00e6ttere og virksomheder kan blive brugere af platformen<span class=\"Apple-converted-space\"> <\/span><\/span><\/p>\n<p style=\"text-align: center;\"><span style=\"color: #000000;\">For at registrere, bedes du udfylde felterne herunder:<\/span><\/p>\n\t\t\t\t\t\t\t\t<\/div>\n\t\t\t\t<\/div>\n\t\t\t\t\t<\/div>\n\t\t<\/div>\n\t\t\t\t\t<\/div>\n\t\t<\/section>\n\t\t\t\t<section class=\"elementor-section elementor-top-section elementor-element elementor-element-d91d0e4 elementor-section-boxed elementor-section-height-default elementor-section-height-default\" data-id=\"d91d0e4\" data-element_type=\"section\" data-e-type=\"section\">\n\t\t\t\t\t\t<div class=\"elementor-container elementor-column-gap-default\">\n\t\t\t\t\t<div class=\"elementor-column elementor-col-100 elementor-top-column elementor-element elementor-element-c0bf998\" data-id=\"c0bf998\" data-element_type=\"column\" data-e-type=\"column\">\n\t\t\t<div class=\"elementor-widget-wrap elementor-element-populated\">\n\t\t\t\t\t\t<section class=\"elementor-section elementor-inner-section elementor-element elementor-element-fffb09c elementor-section-boxed elementor-section-height-default elementor-section-height-default\" data-id=\"fffb09c\" data-element_type=\"section\" data-e-type=\"section\">\n\t\t\t\t\t\t<div class=\"elementor-container elementor-column-gap-default\">\n\t\t\t\t\t<div class=\"elementor-column elementor-col-100 elementor-inner-column elementor-element elementor-element-186a892\" data-id=\"186a892\" data-element_type=\"column\" data-e-type=\"column\">\n\t\t\t<div class=\"elementor-widget-wrap elementor-element-populated\">\n\t\t\t\t\t\t<div class=\"elementor-element elementor-element-870a454 responsive-iframe elementor-widget elementor-widget-html\" data-id=\"870a454\" data-element_type=\"widget\" data-e-type=\"widget\" data-widget_type=\"html.default\">\n\t\t\t\t<div class=\"elementor-widget-container\">\n\t\t\t\t\t  <iframe class=\"responsive-iframe\" src=\"https:\/\/docs.google.com\/forms\/d\/e\/1FAIpQLScT3KfAkQMfterHbbkCMFbiofJqGWi5Lx55gjs1Mr4BQ1_pGw\/viewform\"><\/iframe>\t\t\t\t<\/div>\n\t\t\t\t<\/div>\n\t\t\t\t\t<\/div>\n\t\t<\/div>\n\t\t\t\t\t<\/div>\n\t\t<\/section>\n\t\t\t\t\t<\/div>\n\t\t<\/div>\n\t\t\t\t\t<\/div>\n\t\t<\/section>\n\t\t\t\t<\/div>\n\t\t","protected":false},"excerpt":{"rendered":"<p>Damer og herre ! For at afgive en engrosordre skal du udfylde registreringsformularen. Hvis du leder efter produkter, der skal k\u00f8bes i detailm\u00e6ngder ( uden registrering) bes\u00f8g venligst butikken INIEKCJEBUDOWLANE.PL Bliv PAKERY.PL -entrepren\u00f8r p\u00e5 B2B -platformen. Find ud af om nye produkter, priser og bestil 24 timer i d\u00f8gnet Kun iv\u00e6rks\u00e6ttere og virksomheder kan blive [&hellip;]<\/p>\n","protected":false},"author":1,"featured_media":0,"parent":0,"menu_order":0,"comment_status":"closed","ping_status":"closed","template":"","meta":{"_acf_changed":false,"footnotes":""},"class_list":["post-27162","page","type-page","status-publish","hentry"],"acf":[],"yoast_head":"<!-- This site is optimized with the Yoast SEO plugin v27.3 - https:\/\/yoast.com\/product\/yoast-seo-wordpress\/ -->\n<title>Optage - PAKERY.PL<\/title>\n<meta name=\"robots\" content=\"index, follow, max-snippet:-1, max-image-preview:large, max-video-preview:-1\" \/>\n<link rel=\"canonical\" href=\"https:\/\/www.pakery.pl\/da\/optage\/\" \/>\n<meta property=\"og:locale\" content=\"da_DK\" \/>\n<meta property=\"og:type\" content=\"article\" \/>\n<meta property=\"og:title\" content=\"Optage - PAKERY.PL\" \/>\n<meta property=\"og:description\" content=\"Damer og herre ! For at afgive en engrosordre skal du udfylde registreringsformularen. Hvis du leder efter produkter, der skal k\u00f8bes i detailm\u00e6ngder ( uden registrering) bes\u00f8g venligst butikken INIEKCJEBUDOWLANE.PL Bliv PAKERY.PL -entrepren\u00f8r p\u00e5 B2B -platformen. Find ud af om nye produkter, priser og bestil 24 timer i d\u00f8gnet Kun iv\u00e6rks\u00e6ttere og virksomheder kan blive [&hellip;]\" \/>\n<meta property=\"og:url\" content=\"https:\/\/www.pakery.pl\/da\/optage\/\" \/>\n<meta property=\"og:site_name\" content=\"PAKERY.PL\" \/>\n<meta property=\"article:modified_time\" content=\"2021-08-12T10:24:05+00:00\" \/>\n<meta name=\"twitter:card\" content=\"summary_large_image\" \/>\n<meta name=\"twitter:label1\" content=\"Estimeret l\u00e6setid\" \/>\n\t<meta name=\"twitter:data1\" content=\"1 minut\" \/>\n<script type=\"application\/ld+json\" class=\"yoast-schema-graph\">{\"@context\":\"https:\\\/\\\/schema.org\",\"@graph\":[{\"@type\":\"WebPage\",\"@id\":\"https:\\\/\\\/www.pakery.pl\\\/da\\\/optage\\\/\",\"url\":\"https:\\\/\\\/www.pakery.pl\\\/da\\\/optage\\\/\",\"name\":\"Optage - PAKERY.PL\",\"isPartOf\":{\"@id\":\"https:\\\/\\\/www.pakery.pl\\\/da\\\/#website\"},\"datePublished\":\"2021-08-12T09:46:56+00:00\",\"dateModified\":\"2021-08-12T10:24:05+00:00\",\"breadcrumb\":{\"@id\":\"https:\\\/\\\/www.pakery.pl\\\/da\\\/optage\\\/#breadcrumb\"},\"inLanguage\":\"da-DK\",\"potentialAction\":[{\"@type\":\"ReadAction\",\"target\":[\"https:\\\/\\\/www.pakery.pl\\\/da\\\/optage\\\/\"]}]},{\"@type\":\"BreadcrumbList\",\"@id\":\"https:\\\/\\\/www.pakery.pl\\\/da\\\/optage\\\/#breadcrumb\",\"itemListElement\":[{\"@type\":\"ListItem\",\"position\":1,\"name\":\"Strona g\u0142\u00f3wna\",\"item\":\"https:\\\/\\\/www.pakery.pl\\\/da\\\/\"},{\"@type\":\"ListItem\",\"position\":2,\"name\":\"Optage\"}]},{\"@type\":\"WebSite\",\"@id\":\"https:\\\/\\\/www.pakery.pl\\\/da\\\/#website\",\"url\":\"https:\\\/\\\/www.pakery.pl\\\/da\\\/\",\"name\":\"Pakery.pl\",\"description\":\"Pakery iniekcyjne, Kotwy spiralne, Lance iniekcyjne, W\u0119\u017ce do iniekcji, Pompy iniekcyjne, Serwis pomp iniekcyjnych, Wynajem pomp do iniekcji\",\"publisher\":{\"@id\":\"https:\\\/\\\/www.pakery.pl\\\/da\\\/#organization\"},\"potentialAction\":[{\"@type\":\"SearchAction\",\"target\":{\"@type\":\"EntryPoint\",\"urlTemplate\":\"https:\\\/\\\/www.pakery.pl\\\/da\\\/?s={search_term_string}\"},\"query-input\":{\"@type\":\"PropertyValueSpecification\",\"valueRequired\":true,\"valueName\":\"search_term_string\"}}],\"inLanguage\":\"da-DK\"},{\"@type\":\"Organization\",\"@id\":\"https:\\\/\\\/www.pakery.pl\\\/da\\\/#organization\",\"name\":\"PAKERY.PL\",\"url\":\"https:\\\/\\\/www.pakery.pl\\\/da\\\/\",\"logo\":{\"@type\":\"ImageObject\",\"inLanguage\":\"da-DK\",\"@id\":\"https:\\\/\\\/www.pakery.pl\\\/da\\\/#\\\/schema\\\/logo\\\/image\\\/\",\"url\":\"https:\\\/\\\/www.pakery.pl\\\/wp-content\\\/uploads\\\/2021\\\/04\\\/cropped-PAKERY-LOGO.png\",\"contentUrl\":\"https:\\\/\\\/www.pakery.pl\\\/wp-content\\\/uploads\\\/2021\\\/04\\\/cropped-PAKERY-LOGO.png\",\"width\":1529,\"height\":500,\"caption\":\"PAKERY.PL\"},\"image\":{\"@id\":\"https:\\\/\\\/www.pakery.pl\\\/da\\\/#\\\/schema\\\/logo\\\/image\\\/\"}}]}<\/script>\n<!-- \/ Yoast SEO plugin. -->","yoast_head_json":{"title":"Optage - PAKERY.PL","robots":{"index":"index","follow":"follow","max-snippet":"max-snippet:-1","max-image-preview":"max-image-preview:large","max-video-preview":"max-video-preview:-1"},"canonical":"https:\/\/www.pakery.pl\/da\/optage\/","og_locale":"da_DK","og_type":"article","og_title":"Optage - PAKERY.PL","og_description":"Damer og herre ! For at afgive en engrosordre skal du udfylde registreringsformularen. Hvis du leder efter produkter, der skal k\u00f8bes i detailm\u00e6ngder ( uden registrering) bes\u00f8g venligst butikken INIEKCJEBUDOWLANE.PL Bliv PAKERY.PL -entrepren\u00f8r p\u00e5 B2B -platformen. Find ud af om nye produkter, priser og bestil 24 timer i d\u00f8gnet Kun iv\u00e6rks\u00e6ttere og virksomheder kan blive [&hellip;]","og_url":"https:\/\/www.pakery.pl\/da\/optage\/","og_site_name":"PAKERY.PL","article_modified_time":"2021-08-12T10:24:05+00:00","twitter_card":"summary_large_image","twitter_misc":{"Estimeret l\u00e6setid":"1 minut"},"schema":{"@context":"https:\/\/schema.org","@graph":[{"@type":"WebPage","@id":"https:\/\/www.pakery.pl\/da\/optage\/","url":"https:\/\/www.pakery.pl\/da\/optage\/","name":"Optage - PAKERY.PL","isPartOf":{"@id":"https:\/\/www.pakery.pl\/da\/#website"},"datePublished":"2021-08-12T09:46:56+00:00","dateModified":"2021-08-12T10:24:05+00:00","breadcrumb":{"@id":"https:\/\/www.pakery.pl\/da\/optage\/#breadcrumb"},"inLanguage":"da-DK","potentialAction":[{"@type":"ReadAction","target":["https:\/\/www.pakery.pl\/da\/optage\/"]}]},{"@type":"BreadcrumbList","@id":"https:\/\/www.pakery.pl\/da\/optage\/#breadcrumb","itemListElement":[{"@type":"ListItem","position":1,"name":"Strona g\u0142\u00f3wna","item":"https:\/\/www.pakery.pl\/da\/"},{"@type":"ListItem","position":2,"name":"Optage"}]},{"@type":"WebSite","@id":"https:\/\/www.pakery.pl\/da\/#website","url":"https:\/\/www.pakery.pl\/da\/","name":"Pakery.pl","description":"Pakery iniekcyjne, Kotwy spiralne, Lance iniekcyjne, W\u0119\u017ce do iniekcji, Pompy iniekcyjne, Serwis pomp iniekcyjnych, Wynajem pomp do iniekcji","publisher":{"@id":"https:\/\/www.pakery.pl\/da\/#organization"},"potentialAction":[{"@type":"SearchAction","target":{"@type":"EntryPoint","urlTemplate":"https:\/\/www.pakery.pl\/da\/?s={search_term_string}"},"query-input":{"@type":"PropertyValueSpecification","valueRequired":true,"valueName":"search_term_string"}}],"inLanguage":"da-DK"},{"@type":"Organization","@id":"https:\/\/www.pakery.pl\/da\/#organization","name":"PAKERY.PL","url":"https:\/\/www.pakery.pl\/da\/","logo":{"@type":"ImageObject","inLanguage":"da-DK","@id":"https:\/\/www.pakery.pl\/da\/#\/schema\/logo\/image\/","url":"https:\/\/www.pakery.pl\/wp-content\/uploads\/2021\/04\/cropped-PAKERY-LOGO.png","contentUrl":"https:\/\/www.pakery.pl\/wp-content\/uploads\/2021\/04\/cropped-PAKERY-LOGO.png","width":1529,"height":500,"caption":"PAKERY.PL"},"image":{"@id":"https:\/\/www.pakery.pl\/da\/#\/schema\/logo\/image\/"}}]}},"_links":{"self":[{"href":"https:\/\/www.pakery.pl\/da\/wp-json\/wp\/v2\/pages\/27162","targetHints":{"allow":["GET"]}}],"collection":[{"href":"https:\/\/www.pakery.pl\/da\/wp-json\/wp\/v2\/pages"}],"about":[{"href":"https:\/\/www.pakery.pl\/da\/wp-json\/wp\/v2\/types\/page"}],"author":[{"embeddable":true,"href":"https:\/\/www.pakery.pl\/da\/wp-json\/wp\/v2\/users\/1"}],"replies":[{"embeddable":true,"href":"https:\/\/www.pakery.pl\/da\/wp-json\/wp\/v2\/comments?post=27162"}],"version-history":[{"count":5,"href":"https:\/\/www.pakery.pl\/da\/wp-json\/wp\/v2\/pages\/27162\/revisions"}],"predecessor-version":[{"id":28526,"href":"https:\/\/www.pakery.pl\/da\/wp-json\/wp\/v2\/pages\/27162\/revisions\/28526"}],"wp:attachment":[{"href":"https:\/\/www.pakery.pl\/da\/wp-json\/wp\/v2\/media?parent=27162"}],"curies":[{"name":"wp","href":"https:\/\/api.w.org\/{rel}","templated":true}]}}