{"id":7689,"date":"2021-06-21T12:21:04","date_gmt":"2021-08-05T07:03:12","guid":{"rendered":"https:\/\/www.pakery.pl\/produkt\/8mm-konektor-vstrikovaci-hadice\/"},"modified":"2021-08-05T09:05:00","modified_gmt":"2021-08-05T07:05:00","slug":"8mm-konektor-vstrikovaci-hadice","status":"publish","type":"product","link":"https:\/\/www.pakery.pl\/cs\/produkt\/8mm-konektor-vstrikovaci-hadice\/","title":{"rendered":"8mm konektor vst\u0159ikovac\u00ed hadice"},"content":{"rendered":"\t\t<div data-elementor-type=\"product-post\" data-elementor-id=\"7689\" class=\"elementor elementor-7689 elementor-4807\" data-elementor-post-type=\"product\">\n\t\t\t\t\t\t<section class=\"elementor-section elementor-top-section elementor-element elementor-element-9082218 elementor-section-full_width elementor-section-height-default elementor-section-height-default\" data-id=\"9082218\" data-element_type=\"section\" data-e-type=\"section\">\n\t\t\t\t\t\t<div class=\"elementor-container elementor-column-gap-default\">\n\t\t\t\t\t<div class=\"elementor-column elementor-col-100 elementor-top-column elementor-element elementor-element-7bce505a\" data-id=\"7bce505a\" data-element_type=\"column\" data-e-type=\"column\">\n\t\t\t<div class=\"elementor-widget-wrap elementor-element-populated\">\n\t\t\t\t\t\t<div class=\"elementor-element elementor-element-5326d520 elementor-widget elementor-widget-text-editor\" data-id=\"5326d520\" data-element_type=\"widget\" data-e-type=\"widget\" data-widget_type=\"text-editor.default\">\n\t\t\t\t<div class=\"elementor-widget-container\">\n\t\t\t\t\t\t\t\t\t<p><span style=\"color: #000000;\">Konektor umo\u017e\u0148uje p\u0159ipojen\u00ed vst\u0159ikovac\u00edch hadic.<\/span><br \/><span style=\"color: #000000;\">Aby byla zaji\u0161t\u011bna t\u011bsnost<em><strong> je nutn\u00e9 pou\u017e\u00edt \u0161roub 15 &#8211; 18 mm<\/strong><\/em> <\/span><\/p>\n\t\t\t\t\t\t\t\t<\/div>\n\t\t\t\t<\/div>\n\t\t\t\t\t<\/div>\n\t\t<\/div>\n\t\t\t\t\t<\/div>\n\t\t<\/section>\n\t\t\t\t<section class=\"elementor-section elementor-top-section elementor-element elementor-element-a5f27fd elementor-section-boxed elementor-section-height-default elementor-section-height-default\" data-id=\"a5f27fd\" data-element_type=\"section\" data-e-type=\"section\">\n\t\t\t\t\t\t<div class=\"elementor-container elementor-column-gap-default\">\n\t\t\t\t\t<div class=\"elementor-column elementor-col-100 elementor-top-column elementor-element elementor-element-f3fc78f\" data-id=\"f3fc78f\" data-element_type=\"column\" data-e-type=\"column\">\n\t\t\t<div class=\"elementor-widget-wrap elementor-element-populated\">\n\t\t\t\t\t\t<section class=\"elementor-section elementor-inner-section elementor-element elementor-element-8c5227b elementor-section-full_width elementor-section-height-default elementor-section-height-default\" data-id=\"8c5227b\" data-element_type=\"section\" data-e-type=\"section\">\n\t\t\t\t\t\t<div class=\"elementor-container elementor-column-gap-default\">\n\t\t\t\t\t<div class=\"elementor-column elementor-col-25 elementor-inner-column elementor-element elementor-element-3e6d97b\" data-id=\"3e6d97b\" data-element_type=\"column\" data-e-type=\"column\">\n\t\t\t<div class=\"elementor-widget-wrap elementor-element-populated\">\n\t\t\t\t\t\t<div class=\"elementor-element elementor-element-eda0f77 elementor-align-center elementor-widget elementor-widget-button\" data-id=\"eda0f77\" data-element_type=\"widget\" data-e-type=\"widget\" data-widget_type=\"button.default\">\n\t\t\t\t<div class=\"elementor-widget-container\">\n\t\t\t\t\t\t\t\t\t<div class=\"elementor-button-wrapper\">\n\t\t\t\t\t<a class=\"elementor-button elementor-button-link elementor-size-sm\" href=\"https:\/\/www.pakery.pl\/produkt\/cybant-zacisk-dwuuszny-na-weze-iniekcyjne\/\">\n\t\t\t\t\t\t<span class=\"elementor-button-content-wrapper\">\n\t\t\t\t\t\t\t\t\t<span class=\"elementor-button-text\">Vyberte si kybant <\/span>\n\t\t\t\t\t<\/span>\n\t\t\t\t\t<\/a>\n\t\t\t\t<\/div>\n\t\t\t\t\t\t\t\t<\/div>\n\t\t\t\t<\/div>\n\t\t\t\t\t<\/div>\n\t\t<\/div>\n\t\t\t\t<div class=\"elementor-column elementor-col-25 elementor-inner-column elementor-element elementor-element-551a690\" data-id=\"551a690\" data-element_type=\"column\" data-e-type=\"column\">\n\t\t\t<div class=\"elementor-widget-wrap elementor-element-populated\">\n\t\t\t\t\t\t<div class=\"elementor-element elementor-element-2d7485a elementor-widget elementor-widget-image\" data-id=\"2d7485a\" data-element_type=\"widget\" data-e-type=\"widget\" data-widget_type=\"image.default\">\n\t\t\t\t<div class=\"elementor-widget-container\">\n\t\t\t\t\t\t\t\t\t\t\t\t\t\t\t<img decoding=\"async\" width=\"150\" height=\"150\" src=\"https:\/\/www.pakery.pl\/wp-content\/uploads\/2021\/06\/cybant-15-150x150.png\" class=\"attachment-thumbnail size-thumbnail wp-image-7668\" alt=\"\" srcset=\"https:\/\/www.pakery.pl\/wp-content\/uploads\/2021\/06\/cybant-15-150x150.png 150w, https:\/\/www.pakery.pl\/wp-content\/uploads\/2021\/06\/cybant-15-110x110.png 110w\" sizes=\"(max-width: 150px) 100vw, 150px\" \/>\t\t\t\t\t\t\t\t\t\t\t\t\t\t\t<\/div>\n\t\t\t\t<\/div>\n\t\t\t\t\t<\/div>\n\t\t<\/div>\n\t\t\t\t<div class=\"elementor-column elementor-col-25 elementor-inner-column elementor-element elementor-element-89c6cff\" data-id=\"89c6cff\" data-element_type=\"column\" data-e-type=\"column\">\n\t\t\t<div class=\"elementor-widget-wrap\">\n\t\t\t\t\t\t\t<\/div>\n\t\t<\/div>\n\t\t\t\t<div class=\"elementor-column elementor-col-25 elementor-inner-column elementor-element elementor-element-f93ea87\" data-id=\"f93ea87\" data-element_type=\"column\" data-e-type=\"column\">\n\t\t\t<div class=\"elementor-widget-wrap\">\n\t\t\t\t\t\t\t<\/div>\n\t\t<\/div>\n\t\t\t\t\t<\/div>\n\t\t<\/section>\n\t\t\t\t\t<\/div>\n\t\t<\/div>\n\t\t\t\t\t<\/div>\n\t\t<\/section>\n\t\t\t\t<\/div>\n\t\t","protected":false},"excerpt":{"rendered":"<p>Konektor umo\u017e\u0148uje p\u0159ipojen\u00ed vst\u0159ikovac\u00edch hadic.Aby byla zaji\u0161t\u011bna t\u011bsnost je nutn\u00e9 pou\u017e\u00edt \u0161roub 15 &#8211; 18 mm Vyberte si kybant<\/p>\n","protected":false},"featured_media":7690,"template":"","meta":{"_acf_changed":false},"product_brand":[],"product_cat":[233],"product_tag":[],"class_list":{"0":"post-7689","1":"product","2":"type-product","3":"status-publish","4":"has-post-thumbnail","6":"product_cat-vstrikovaci-hadice","8":"first","9":"instock","10":"taxable","11":"shipping-taxable","12":"purchasable","13":"product-type-simple"},"acf":[],"yoast_head":"<!-- This site is optimized with the Yoast SEO plugin v27.3 - https:\/\/yoast.com\/product\/yoast-seo-wordpress\/ -->\n<title>8mm konektor vst\u0159ikovac\u00ed hadice - PAKERY.PL | Vst\u0159ikovac\u00ed hadice<\/title>\n<meta name=\"description\" content=\"10mm konektor vst\u0159ikovac\u00ed hadice | Vst\u0159ikovac\u00ed hadice\" \/>\n<meta name=\"robots\" content=\"index, follow, max-snippet:-1, max-image-preview:large, max-video-preview:-1\" \/>\n<link rel=\"canonical\" href=\"https:\/\/www.pakery.pl\/cs\/produkt\/8mm-konektor-vstrikovaci-hadice\/\" \/>\n<meta property=\"og:locale\" content=\"cs_CZ\" \/>\n<meta property=\"og:type\" content=\"article\" \/>\n<meta property=\"og:title\" content=\"8mm konektor vst\u0159ikovac\u00ed hadice - PAKERY.PL | Vst\u0159ikovac\u00ed hadice\" \/>\n<meta property=\"og:description\" content=\"10mm konektor vst\u0159ikovac\u00ed hadice | Vst\u0159ikovac\u00ed hadice\" \/>\n<meta property=\"og:url\" content=\"https:\/\/www.pakery.pl\/cs\/produkt\/8mm-konektor-vstrikovaci-hadice\/\" \/>\n<meta property=\"og:site_name\" content=\"PAKERY.PL\" \/>\n<meta property=\"article:modified_time\" content=\"2021-08-05T07:05:00+00:00\" \/>\n<meta property=\"og:image\" content=\"https:\/\/www.pakery.pl\/wp-content\/uploads\/2021\/06\/PAKER-16-of-17-1024x1024.png\" \/>\n\t<meta property=\"og:image:width\" content=\"1024\" \/>\n\t<meta property=\"og:image:height\" content=\"1024\" \/>\n\t<meta property=\"og:image:type\" content=\"image\/png\" \/>\n<meta name=\"twitter:card\" content=\"summary_large_image\" \/>\n<script type=\"application\/ld+json\" class=\"yoast-schema-graph\">{\"@context\":\"https:\\\/\\\/schema.org\",\"@graph\":[{\"@type\":\"WebPage\",\"@id\":\"https:\\\/\\\/www.pakery.pl\\\/cs\\\/produkt\\\/8mm-konektor-vstrikovaci-hadice\\\/\",\"url\":\"https:\\\/\\\/www.pakery.pl\\\/cs\\\/produkt\\\/8mm-konektor-vstrikovaci-hadice\\\/\",\"name\":\"8mm konektor vst\u0159ikovac\u00ed hadice - PAKERY.PL | Vst\u0159ikovac\u00ed hadice\",\"isPartOf\":{\"@id\":\"https:\\\/\\\/www.pakery.pl\\\/cs\\\/#website\"},\"primaryImageOfPage\":{\"@id\":\"https:\\\/\\\/www.pakery.pl\\\/cs\\\/produkt\\\/8mm-konektor-vstrikovaci-hadice\\\/#primaryimage\"},\"image\":{\"@id\":\"https:\\\/\\\/www.pakery.pl\\\/cs\\\/produkt\\\/8mm-konektor-vstrikovaci-hadice\\\/#primaryimage\"},\"thumbnailUrl\":\"https:\\\/\\\/www.pakery.pl\\\/wp-content\\\/uploads\\\/2021\\\/06\\\/PAKER-16-of-17.png\",\"datePublished\":\"2021-08-05T07:03:12+00:00\",\"dateModified\":\"2021-08-05T07:05:00+00:00\",\"description\":\"10mm konektor vst\u0159ikovac\u00ed hadice | Vst\u0159ikovac\u00ed hadice\",\"breadcrumb\":{\"@id\":\"https:\\\/\\\/www.pakery.pl\\\/cs\\\/produkt\\\/8mm-konektor-vstrikovaci-hadice\\\/#breadcrumb\"},\"inLanguage\":\"cs\",\"potentialAction\":[{\"@type\":\"ReadAction\",\"target\":[\"https:\\\/\\\/www.pakery.pl\\\/cs\\\/produkt\\\/8mm-konektor-vstrikovaci-hadice\\\/\"]}]},{\"@type\":\"ImageObject\",\"inLanguage\":\"cs\",\"@id\":\"https:\\\/\\\/www.pakery.pl\\\/cs\\\/produkt\\\/8mm-konektor-vstrikovaci-hadice\\\/#primaryimage\",\"url\":\"https:\\\/\\\/www.pakery.pl\\\/wp-content\\\/uploads\\\/2021\\\/06\\\/PAKER-16-of-17.png\",\"contentUrl\":\"https:\\\/\\\/www.pakery.pl\\\/wp-content\\\/uploads\\\/2021\\\/06\\\/PAKER-16-of-17.png\",\"width\":2500,\"height\":2500,\"caption\":\"Konektor pro vst\u0159ikovac\u00ed hadice\"},{\"@type\":\"BreadcrumbList\",\"@id\":\"https:\\\/\\\/www.pakery.pl\\\/cs\\\/produkt\\\/8mm-konektor-vstrikovaci-hadice\\\/#breadcrumb\",\"itemListElement\":[{\"@type\":\"ListItem\",\"position\":1,\"name\":\"Strona g\u0142\u00f3wna\",\"item\":\"https:\\\/\\\/www.pakery.pl\\\/cs\\\/\"},{\"@type\":\"ListItem\",\"position\":2,\"name\":\"Prodejna\",\"item\":\"https:\\\/\\\/www.pakery.pl\\\/cs\\\/prodejna\\\/\"},{\"@type\":\"ListItem\",\"position\":3,\"name\":\"8mm konektor vst\u0159ikovac\u00ed hadice\"}]},{\"@type\":\"WebSite\",\"@id\":\"https:\\\/\\\/www.pakery.pl\\\/cs\\\/#website\",\"url\":\"https:\\\/\\\/www.pakery.pl\\\/cs\\\/\",\"name\":\"Pakery.pl\",\"description\":\"Pakery iniekcyjne, Kotwy spiralne, Lance iniekcyjne, W\u0119\u017ce do iniekcji, Pompy iniekcyjne, Serwis pomp iniekcyjnych, Wynajem pomp do iniekcji\",\"publisher\":{\"@id\":\"https:\\\/\\\/www.pakery.pl\\\/cs\\\/#organization\"},\"potentialAction\":[{\"@type\":\"SearchAction\",\"target\":{\"@type\":\"EntryPoint\",\"urlTemplate\":\"https:\\\/\\\/www.pakery.pl\\\/cs\\\/?s={search_term_string}\"},\"query-input\":{\"@type\":\"PropertyValueSpecification\",\"valueRequired\":true,\"valueName\":\"search_term_string\"}}],\"inLanguage\":\"cs\"},{\"@type\":\"Organization\",\"@id\":\"https:\\\/\\\/www.pakery.pl\\\/cs\\\/#organization\",\"name\":\"PAKERY.PL\",\"url\":\"https:\\\/\\\/www.pakery.pl\\\/cs\\\/\",\"logo\":{\"@type\":\"ImageObject\",\"inLanguage\":\"cs\",\"@id\":\"https:\\\/\\\/www.pakery.pl\\\/cs\\\/#\\\/schema\\\/logo\\\/image\\\/\",\"url\":\"https:\\\/\\\/www.pakery.pl\\\/wp-content\\\/uploads\\\/2021\\\/04\\\/cropped-PAKERY-LOGO.png\",\"contentUrl\":\"https:\\\/\\\/www.pakery.pl\\\/wp-content\\\/uploads\\\/2021\\\/04\\\/cropped-PAKERY-LOGO.png\",\"width\":1529,\"height\":500,\"caption\":\"PAKERY.PL\"},\"image\":{\"@id\":\"https:\\\/\\\/www.pakery.pl\\\/cs\\\/#\\\/schema\\\/logo\\\/image\\\/\"}}]}<\/script>\n<!-- \/ Yoast SEO plugin. -->","yoast_head_json":{"title":"8mm konektor vst\u0159ikovac\u00ed hadice - PAKERY.PL | Vst\u0159ikovac\u00ed hadice","description":"10mm konektor vst\u0159ikovac\u00ed hadice | Vst\u0159ikovac\u00ed hadice","robots":{"index":"index","follow":"follow","max-snippet":"max-snippet:-1","max-image-preview":"max-image-preview:large","max-video-preview":"max-video-preview:-1"},"canonical":"https:\/\/www.pakery.pl\/cs\/produkt\/8mm-konektor-vstrikovaci-hadice\/","og_locale":"cs_CZ","og_type":"article","og_title":"8mm konektor vst\u0159ikovac\u00ed hadice - PAKERY.PL | Vst\u0159ikovac\u00ed hadice","og_description":"10mm konektor vst\u0159ikovac\u00ed hadice | Vst\u0159ikovac\u00ed hadice","og_url":"https:\/\/www.pakery.pl\/cs\/produkt\/8mm-konektor-vstrikovaci-hadice\/","og_site_name":"PAKERY.PL","article_modified_time":"2021-08-05T07:05:00+00:00","og_image":[{"width":1024,"height":1024,"url":"https:\/\/www.pakery.pl\/wp-content\/uploads\/2021\/06\/PAKER-16-of-17-1024x1024.png","type":"image\/png"}],"twitter_card":"summary_large_image","schema":{"@context":"https:\/\/schema.org","@graph":[{"@type":"WebPage","@id":"https:\/\/www.pakery.pl\/cs\/produkt\/8mm-konektor-vstrikovaci-hadice\/","url":"https:\/\/www.pakery.pl\/cs\/produkt\/8mm-konektor-vstrikovaci-hadice\/","name":"8mm konektor vst\u0159ikovac\u00ed hadice - PAKERY.PL | Vst\u0159ikovac\u00ed hadice","isPartOf":{"@id":"https:\/\/www.pakery.pl\/cs\/#website"},"primaryImageOfPage":{"@id":"https:\/\/www.pakery.pl\/cs\/produkt\/8mm-konektor-vstrikovaci-hadice\/#primaryimage"},"image":{"@id":"https:\/\/www.pakery.pl\/cs\/produkt\/8mm-konektor-vstrikovaci-hadice\/#primaryimage"},"thumbnailUrl":"https:\/\/www.pakery.pl\/wp-content\/uploads\/2021\/06\/PAKER-16-of-17.png","datePublished":"2021-08-05T07:03:12+00:00","dateModified":"2021-08-05T07:05:00+00:00","description":"10mm konektor vst\u0159ikovac\u00ed hadice | Vst\u0159ikovac\u00ed hadice","breadcrumb":{"@id":"https:\/\/www.pakery.pl\/cs\/produkt\/8mm-konektor-vstrikovaci-hadice\/#breadcrumb"},"inLanguage":"cs","potentialAction":[{"@type":"ReadAction","target":["https:\/\/www.pakery.pl\/cs\/produkt\/8mm-konektor-vstrikovaci-hadice\/"]}]},{"@type":"ImageObject","inLanguage":"cs","@id":"https:\/\/www.pakery.pl\/cs\/produkt\/8mm-konektor-vstrikovaci-hadice\/#primaryimage","url":"https:\/\/www.pakery.pl\/wp-content\/uploads\/2021\/06\/PAKER-16-of-17.png","contentUrl":"https:\/\/www.pakery.pl\/wp-content\/uploads\/2021\/06\/PAKER-16-of-17.png","width":2500,"height":2500,"caption":"Konektor pro vst\u0159ikovac\u00ed hadice"},{"@type":"BreadcrumbList","@id":"https:\/\/www.pakery.pl\/cs\/produkt\/8mm-konektor-vstrikovaci-hadice\/#breadcrumb","itemListElement":[{"@type":"ListItem","position":1,"name":"Strona g\u0142\u00f3wna","item":"https:\/\/www.pakery.pl\/cs\/"},{"@type":"ListItem","position":2,"name":"Prodejna","item":"https:\/\/www.pakery.pl\/cs\/prodejna\/"},{"@type":"ListItem","position":3,"name":"8mm konektor vst\u0159ikovac\u00ed hadice"}]},{"@type":"WebSite","@id":"https:\/\/www.pakery.pl\/cs\/#website","url":"https:\/\/www.pakery.pl\/cs\/","name":"Pakery.pl","description":"Pakery iniekcyjne, Kotwy spiralne, Lance iniekcyjne, W\u0119\u017ce do iniekcji, Pompy iniekcyjne, Serwis pomp iniekcyjnych, Wynajem pomp do iniekcji","publisher":{"@id":"https:\/\/www.pakery.pl\/cs\/#organization"},"potentialAction":[{"@type":"SearchAction","target":{"@type":"EntryPoint","urlTemplate":"https:\/\/www.pakery.pl\/cs\/?s={search_term_string}"},"query-input":{"@type":"PropertyValueSpecification","valueRequired":true,"valueName":"search_term_string"}}],"inLanguage":"cs"},{"@type":"Organization","@id":"https:\/\/www.pakery.pl\/cs\/#organization","name":"PAKERY.PL","url":"https:\/\/www.pakery.pl\/cs\/","logo":{"@type":"ImageObject","inLanguage":"cs","@id":"https:\/\/www.pakery.pl\/cs\/#\/schema\/logo\/image\/","url":"https:\/\/www.pakery.pl\/wp-content\/uploads\/2021\/04\/cropped-PAKERY-LOGO.png","contentUrl":"https:\/\/www.pakery.pl\/wp-content\/uploads\/2021\/04\/cropped-PAKERY-LOGO.png","width":1529,"height":500,"caption":"PAKERY.PL"},"image":{"@id":"https:\/\/www.pakery.pl\/cs\/#\/schema\/logo\/image\/"}}]}},"_links":{"self":[{"href":"https:\/\/www.pakery.pl\/cs\/wp-json\/wp\/v2\/product\/7689","targetHints":{"allow":["GET"]}}],"collection":[{"href":"https:\/\/www.pakery.pl\/cs\/wp-json\/wp\/v2\/product"}],"about":[{"href":"https:\/\/www.pakery.pl\/cs\/wp-json\/wp\/v2\/types\/product"}],"version-history":[{"count":3,"href":"https:\/\/www.pakery.pl\/cs\/wp-json\/wp\/v2\/product\/7689\/revisions"}],"predecessor-version":[{"id":7718,"href":"https:\/\/www.pakery.pl\/cs\/wp-json\/wp\/v2\/product\/7689\/revisions\/7718"}],"wp:featuredmedia":[{"embeddable":true,"href":"https:\/\/www.pakery.pl\/cs\/wp-json\/wp\/v2\/media\/7690"}],"wp:attachment":[{"href":"https:\/\/www.pakery.pl\/cs\/wp-json\/wp\/v2\/media?parent=7689"}],"wp:term":[{"taxonomy":"product_brand","embeddable":true,"href":"https:\/\/www.pakery.pl\/cs\/wp-json\/wp\/v2\/product_brand?post=7689"},{"taxonomy":"product_cat","embeddable":true,"href":"https:\/\/www.pakery.pl\/cs\/wp-json\/wp\/v2\/product_cat?post=7689"},{"taxonomy":"product_tag","embeddable":true,"href":"https:\/\/www.pakery.pl\/cs\/wp-json\/wp\/v2\/product_tag?post=7689"}],"curies":[{"name":"wp","href":"https:\/\/api.w.org\/{rel}","templated":true}]}}