{"id":5679,"date":"2021-05-05T16:45:51","date_gmt":"2021-05-05T14:45:51","guid":{"rendered":"https:\/\/www.pakery.pl\/produkt\/korek-ze-stali-nierdzewnej-ca410\/"},"modified":"2021-07-27T16:19:43","modified_gmt":"2021-07-27T14:19:43","slug":"stainless-steel-pkug-ca410","status":"publish","type":"product","link":"https:\/\/www.pakery.pl\/cs\/produkt\/stainless-steel-pkug-ca410\/","title":{"rendered":"Stainless steel plug (CA410)"},"content":{"rendered":"\t\t<div data-elementor-type=\"product-post\" data-elementor-id=\"5679\" class=\"elementor elementor-5679 elementor-2298\" data-elementor-post-type=\"product\">\n\t\t\t\t\t\t<section class=\"elementor-section elementor-top-section elementor-element elementor-element-3a4601d elementor-section-boxed elementor-section-height-default elementor-section-height-default\" data-id=\"3a4601d\" data-element_type=\"section\" data-e-type=\"section\">\n\t\t\t\t\t\t<div class=\"elementor-container elementor-column-gap-default\">\n\t\t\t\t\t<div class=\"elementor-column elementor-col-100 elementor-top-column elementor-element elementor-element-74ac676\" data-id=\"74ac676\" data-element_type=\"column\" data-e-type=\"column\">\n\t\t\t<div class=\"elementor-widget-wrap elementor-element-populated\">\n\t\t\t\t\t\t<section class=\"elementor-section elementor-inner-section elementor-element elementor-element-49c36cf elementor-section-boxed elementor-section-height-default elementor-section-height-default\" data-id=\"49c36cf\" data-element_type=\"section\" data-e-type=\"section\">\n\t\t\t\t\t\t<div class=\"elementor-container elementor-column-gap-default\">\n\t\t\t\t\t<div class=\"elementor-column elementor-col-50 elementor-inner-column elementor-element elementor-element-014ec4f\" data-id=\"014ec4f\" data-element_type=\"column\" data-e-type=\"column\">\n\t\t\t<div class=\"elementor-widget-wrap elementor-element-populated\">\n\t\t\t\t\t\t<div class=\"elementor-element elementor-element-c7f3f26 elementor-widget elementor-widget-text-editor\" data-id=\"c7f3f26\" data-element_type=\"widget\" data-e-type=\"widget\" data-widget_type=\"text-editor.default\">\n\t\t\t\t<div class=\"elementor-widget-container\">\n\t\t\t\t\t\t\t\t\t<table style=\"border-color: black;\" border=\"\" cellspacing=\"0\" cellpadding=\"0\"><tbody><tr><td valign=\"middle\"><p align=\"center\"><span style=\"color: #000000; font-family: Helvetica Neue; font-size: small;\">NO.<\/span><\/p><\/td><td valign=\"middle\"><p align=\"center\"><span style=\"color: #000000; font-family: Helvetica Neue; font-size: small;\">CODE<\/span><\/p><\/td><td valign=\"middle\"><p align=\"center\"><span style=\"color: #000000; font-family: Helvetica Neue; font-size: small;\">NAME<\/span><\/p><\/td><\/tr><tr style=\"background-color: #cdd0d4;\"><td valign=\"middle\"><p align=\"center\"><strong><span style=\"color: #000000; font-family: Helvetica Neue; font-size: small;\">1<\/span><\/strong><\/p><\/td><td valign=\"middle\"><p align=\"center\"><strong><span style=\"color: #000000; font-family: Helvetica Neue; font-size: small;\">CA410<\/span><\/strong><\/p><\/td><td valign=\"middle\"><h5 style=\"text-align: center;\"><span style=\"color: #000000;\"><strong>Stainless steel plug<\/strong><\/span><\/h5><\/td><\/tr><tr><td valign=\"middle\"><p align=\"center\"><span style=\"color: #000000; font-family: Helvetica Neue; font-size: small;\">2<\/span><\/p><\/td><td valign=\"middle\"><p align=\"center\"><span style=\"color: #000000; font-family: Helvetica Neue; font-size: small;\">CA411<\/span><\/p><\/td><td valign=\"middle\"><h6 style=\"text-align: center;\"><span style=\"color: #000000;\">Cooper packing<\/span><\/h6><\/td><\/tr><tr><td valign=\"middle\"><p align=\"center\"><span style=\"color: #000000; font-family: Helvetica Neue; font-size: small;\">3<\/span><\/p><\/td><td valign=\"middle\"><p align=\"center\"><span style=\"color: #000000; font-family: Helvetica Neue; font-size: small;\">CA412<\/span><\/p><\/td><td valign=\"middle\"><h6 style=\"text-align: center;\"><span style=\"color: #000000;\">Calibrated spring<\/span><\/h6><\/td><\/tr><tr><td valign=\"middle\"><p align=\"center\"><span style=\"color: #000000; font-family: Helvetica Neue; font-size: small;\">4<\/span><\/p><\/td><td valign=\"middle\"><p align=\"center\"><span style=\"color: #000000; font-family: Helvetica Neue; font-size: small;\">CA413<\/span><\/p><\/td><td valign=\"middle\"><h6 style=\"text-align: center;\"><span style=\"color: #000000;\">Teflon guide ring<\/span><\/h6><\/td><\/tr><tr><td valign=\"middle\"><p align=\"center\"><span style=\"color: #000000; font-family: Helvetica Neue; font-size: small;\">5<\/span><\/p><\/td><td valign=\"middle\"><p align=\"center\"><span style=\"color: #000000; font-family: Helvetica Neue; font-size: small;\">CA414<\/span><\/p><\/td><td valign=\"middle\"><h6 style=\"text-align: center;\"><span style=\"color: #000000;\">Ball\u00a0<\/span><span style=\"color: #000000;\"><span style=\"caret-color: #000000;\">diam. 11mm<\/span><\/span><\/h6><\/td><\/tr><tr><td valign=\"middle\"><p align=\"center\"><span style=\"color: #000000; font-family: Helvetica Neue; font-size: small;\">6<\/span><\/p><\/td><td valign=\"middle\"><p align=\"center\"><span style=\"color: #000000; font-family: Helvetica Neue; font-size: small;\">CA415<\/span><\/p><\/td><td valign=\"middle\"><h6 style=\"text-align: center;\"><span style=\"color: #000000;\">Ball socket<\/span><\/h6><\/td><\/tr><tr><td valign=\"middle\"><p align=\"center\"><span style=\"color: #000000; font-family: Helvetica Neue; font-size: small;\">7<\/span><\/p><\/td><td valign=\"middle\"><p align=\"center\"><span style=\"color: #000000; font-family: Helvetica Neue; font-size: small;\">CA416<\/span><\/p><\/td><td valign=\"middle\"><h6 style=\"text-align: center;\"><span style=\"color: #000000;\">Teflon valve seal<\/span><\/h6><\/td><\/tr><\/tbody><\/table>\t\t\t\t\t\t\t\t<\/div>\n\t\t\t\t<\/div>\n\t\t\t\t\t<\/div>\n\t\t<\/div>\n\t\t\t\t<div class=\"elementor-column elementor-col-50 elementor-inner-column elementor-element elementor-element-bfb67a7\" data-id=\"bfb67a7\" data-element_type=\"column\" data-e-type=\"column\">\n\t\t\t<div class=\"elementor-widget-wrap elementor-element-populated\">\n\t\t\t\t\t\t<div class=\"elementor-element elementor-element-c59cd7a elementor-widget elementor-widget-image\" data-id=\"c59cd7a\" data-element_type=\"widget\" data-e-type=\"widget\" data-widget_type=\"image.default\">\n\t\t\t\t<div class=\"elementor-widget-container\">\n\t\t\t\t\t\t\t\t\t\t\t\t\t\t\t<img fetchpriority=\"high\" decoding=\"async\" width=\"572\" height=\"470\" src=\"https:\/\/www.pakery.pl\/wp-content\/uploads\/2021\/05\/Zrzut-ekranu-2021-05-18-o-11.51.41.png\" class=\"attachment-medium_large size-medium_large wp-image-3405\" alt=\"\" srcset=\"https:\/\/www.pakery.pl\/wp-content\/uploads\/2021\/05\/Zrzut-ekranu-2021-05-18-o-11.51.41.png 572w, https:\/\/www.pakery.pl\/wp-content\/uploads\/2021\/05\/Zrzut-ekranu-2021-05-18-o-11.51.41-300x247.png 300w\" sizes=\"(max-width: 572px) 100vw, 572px\" \/>\t\t\t\t\t\t\t\t\t\t\t\t\t\t\t<\/div>\n\t\t\t\t<\/div>\n\t\t\t\t\t<\/div>\n\t\t<\/div>\n\t\t\t\t\t<\/div>\n\t\t<\/section>\n\t\t\t\t\t<\/div>\n\t\t<\/div>\n\t\t\t\t\t<\/div>\n\t\t<\/section>\n\t\t\t\t<\/div>\n\t\t","protected":false},"excerpt":{"rendered":"<p>NO. CODE NAME 1 CA410 Stainless steel plug 2 CA411 Cooper packing 3 CA412 Calibrated spring 4 CA413 Teflon guide ring 5 CA414 Ball\u00a0diam. 11mm 6 CA415 Ball socket 7 CA416 Teflon valve seal<\/p>\n","protected":false},"featured_media":2300,"template":"","meta":{"_acf_changed":false},"product_brand":[],"product_cat":[160,94],"product_tag":[],"class_list":{"0":"post-5679","1":"product","2":"type-product","3":"status-publish","4":"has-post-thumbnail","6":"product_cat-czesci-do-pomp-en","7":"product_cat-pi-pump-4000-en","9":"first","10":"instock","11":"taxable","12":"shipping-taxable","13":"purchasable","14":"product-type-simple"},"acf":[],"yoast_head":"<!-- This site is optimized with the Yoast SEO plugin v27.3 - https:\/\/yoast.com\/product\/yoast-seo-wordpress\/ -->\n<title>Stainless steel plug (CA410) - PAKERY.PL | PI-PUMP 4000<\/title>\n<meta name=\"description\" content=\"Stainless steel plug (CA410) | PI-PUMP 4000 | Injection pumps | Injection | Injection packers\" \/>\n<meta name=\"robots\" content=\"index, follow, max-snippet:-1, max-image-preview:large, max-video-preview:-1\" \/>\n<link rel=\"canonical\" href=\"https:\/\/www.pakery.pl\/cs\/produkt\/stainless-steel-pkug-ca410\/\" \/>\n<meta property=\"og:locale\" content=\"cs_CZ\" \/>\n<meta property=\"og:type\" content=\"article\" \/>\n<meta property=\"og:title\" content=\"Stainless steel plug (CA410) - PAKERY.PL | PI-PUMP 4000\" \/>\n<meta property=\"og:description\" content=\"Stainless steel plug (CA410) | PI-PUMP 4000 | Injection pumps | Injection | Injection packers\" \/>\n<meta property=\"og:url\" content=\"https:\/\/www.pakery.pl\/cs\/produkt\/stainless-steel-pkug-ca410\/\" \/>\n<meta property=\"og:site_name\" content=\"PAKERY.PL\" \/>\n<meta property=\"article:modified_time\" content=\"2021-07-27T14:19:43+00:00\" \/>\n<meta property=\"og:image\" content=\"https:\/\/www.pakery.pl\/wp-content\/uploads\/2021\/05\/CA410.png\" \/>\n\t<meta property=\"og:image:width\" content=\"2500\" \/>\n\t<meta property=\"og:image:height\" content=\"2500\" \/>\n\t<meta property=\"og:image:type\" content=\"image\/png\" \/>\n<meta name=\"twitter:card\" content=\"summary_large_image\" \/>\n<meta name=\"twitter:label1\" content=\"Odhadovan\u00e1 doba \u010dten\u00ed\" \/>\n\t<meta name=\"twitter:data1\" content=\"1 minuta\" \/>\n<script type=\"application\/ld+json\" class=\"yoast-schema-graph\">{\"@context\":\"https:\\\/\\\/schema.org\",\"@graph\":[{\"@type\":\"WebPage\",\"@id\":\"https:\\\/\\\/www.pakery.pl\\\/cs\\\/produkt\\\/stainless-steel-pkug-ca410\\\/\",\"url\":\"https:\\\/\\\/www.pakery.pl\\\/cs\\\/produkt\\\/stainless-steel-pkug-ca410\\\/\",\"name\":\"Stainless steel plug (CA410) - PAKERY.PL | PI-PUMP 4000\",\"isPartOf\":{\"@id\":\"https:\\\/\\\/www.pakery.pl\\\/cs\\\/#website\"},\"primaryImageOfPage\":{\"@id\":\"https:\\\/\\\/www.pakery.pl\\\/cs\\\/produkt\\\/stainless-steel-pkug-ca410\\\/#primaryimage\"},\"image\":{\"@id\":\"https:\\\/\\\/www.pakery.pl\\\/cs\\\/produkt\\\/stainless-steel-pkug-ca410\\\/#primaryimage\"},\"thumbnailUrl\":\"https:\\\/\\\/www.pakery.pl\\\/wp-content\\\/uploads\\\/2021\\\/05\\\/CA410.png\",\"datePublished\":\"2021-05-05T14:45:51+00:00\",\"dateModified\":\"2021-07-27T14:19:43+00:00\",\"description\":\"Stainless steel plug (CA410) | PI-PUMP 4000 | Injection pumps | Injection | Injection packers\",\"breadcrumb\":{\"@id\":\"https:\\\/\\\/www.pakery.pl\\\/cs\\\/produkt\\\/stainless-steel-pkug-ca410\\\/#breadcrumb\"},\"inLanguage\":\"cs\",\"potentialAction\":[{\"@type\":\"ReadAction\",\"target\":[\"https:\\\/\\\/www.pakery.pl\\\/cs\\\/produkt\\\/stainless-steel-pkug-ca410\\\/\"]}]},{\"@type\":\"ImageObject\",\"inLanguage\":\"cs\",\"@id\":\"https:\\\/\\\/www.pakery.pl\\\/cs\\\/produkt\\\/stainless-steel-pkug-ca410\\\/#primaryimage\",\"url\":\"https:\\\/\\\/www.pakery.pl\\\/wp-content\\\/uploads\\\/2021\\\/05\\\/CA410.png\",\"contentUrl\":\"https:\\\/\\\/www.pakery.pl\\\/wp-content\\\/uploads\\\/2021\\\/05\\\/CA410.png\",\"width\":2500,\"height\":2500,\"caption\":\"Korek ze stali nierdzewnej\"},{\"@type\":\"BreadcrumbList\",\"@id\":\"https:\\\/\\\/www.pakery.pl\\\/cs\\\/produkt\\\/stainless-steel-pkug-ca410\\\/#breadcrumb\",\"itemListElement\":[{\"@type\":\"ListItem\",\"position\":1,\"name\":\"Strona g\u0142\u00f3wna\",\"item\":\"https:\\\/\\\/www.pakery.pl\\\/cs\\\/\"},{\"@type\":\"ListItem\",\"position\":2,\"name\":\"Prodejna\",\"item\":\"https:\\\/\\\/www.pakery.pl\\\/cs\\\/prodejna\\\/\"},{\"@type\":\"ListItem\",\"position\":3,\"name\":\"Stainless steel plug (CA410)\"}]},{\"@type\":\"WebSite\",\"@id\":\"https:\\\/\\\/www.pakery.pl\\\/cs\\\/#website\",\"url\":\"https:\\\/\\\/www.pakery.pl\\\/cs\\\/\",\"name\":\"Pakery.pl\",\"description\":\"Pakery iniekcyjne, Kotwy spiralne, Lance iniekcyjne, W\u0119\u017ce do iniekcji, Pompy iniekcyjne, Serwis pomp iniekcyjnych, Wynajem pomp do iniekcji\",\"publisher\":{\"@id\":\"https:\\\/\\\/www.pakery.pl\\\/cs\\\/#organization\"},\"potentialAction\":[{\"@type\":\"SearchAction\",\"target\":{\"@type\":\"EntryPoint\",\"urlTemplate\":\"https:\\\/\\\/www.pakery.pl\\\/cs\\\/?s={search_term_string}\"},\"query-input\":{\"@type\":\"PropertyValueSpecification\",\"valueRequired\":true,\"valueName\":\"search_term_string\"}}],\"inLanguage\":\"cs\"},{\"@type\":\"Organization\",\"@id\":\"https:\\\/\\\/www.pakery.pl\\\/cs\\\/#organization\",\"name\":\"PAKERY.PL\",\"url\":\"https:\\\/\\\/www.pakery.pl\\\/cs\\\/\",\"logo\":{\"@type\":\"ImageObject\",\"inLanguage\":\"cs\",\"@id\":\"https:\\\/\\\/www.pakery.pl\\\/cs\\\/#\\\/schema\\\/logo\\\/image\\\/\",\"url\":\"https:\\\/\\\/www.pakery.pl\\\/wp-content\\\/uploads\\\/2021\\\/04\\\/cropped-PAKERY-LOGO.png\",\"contentUrl\":\"https:\\\/\\\/www.pakery.pl\\\/wp-content\\\/uploads\\\/2021\\\/04\\\/cropped-PAKERY-LOGO.png\",\"width\":1529,\"height\":500,\"caption\":\"PAKERY.PL\"},\"image\":{\"@id\":\"https:\\\/\\\/www.pakery.pl\\\/cs\\\/#\\\/schema\\\/logo\\\/image\\\/\"}}]}<\/script>\n<!-- \/ Yoast SEO plugin. -->","yoast_head_json":{"title":"Stainless steel plug (CA410) - PAKERY.PL | PI-PUMP 4000","description":"Stainless steel plug (CA410) | PI-PUMP 4000 | Injection pumps | Injection | Injection packers","robots":{"index":"index","follow":"follow","max-snippet":"max-snippet:-1","max-image-preview":"max-image-preview:large","max-video-preview":"max-video-preview:-1"},"canonical":"https:\/\/www.pakery.pl\/cs\/produkt\/stainless-steel-pkug-ca410\/","og_locale":"cs_CZ","og_type":"article","og_title":"Stainless steel plug (CA410) - PAKERY.PL | PI-PUMP 4000","og_description":"Stainless steel plug (CA410) | PI-PUMP 4000 | Injection pumps | Injection | Injection packers","og_url":"https:\/\/www.pakery.pl\/cs\/produkt\/stainless-steel-pkug-ca410\/","og_site_name":"PAKERY.PL","article_modified_time":"2021-07-27T14:19:43+00:00","og_image":[{"width":2500,"height":2500,"url":"https:\/\/www.pakery.pl\/wp-content\/uploads\/2021\/05\/CA410.png","type":"image\/png"}],"twitter_card":"summary_large_image","twitter_misc":{"Odhadovan\u00e1 doba \u010dten\u00ed":"1 minuta"},"schema":{"@context":"https:\/\/schema.org","@graph":[{"@type":"WebPage","@id":"https:\/\/www.pakery.pl\/cs\/produkt\/stainless-steel-pkug-ca410\/","url":"https:\/\/www.pakery.pl\/cs\/produkt\/stainless-steel-pkug-ca410\/","name":"Stainless steel plug (CA410) - PAKERY.PL | PI-PUMP 4000","isPartOf":{"@id":"https:\/\/www.pakery.pl\/cs\/#website"},"primaryImageOfPage":{"@id":"https:\/\/www.pakery.pl\/cs\/produkt\/stainless-steel-pkug-ca410\/#primaryimage"},"image":{"@id":"https:\/\/www.pakery.pl\/cs\/produkt\/stainless-steel-pkug-ca410\/#primaryimage"},"thumbnailUrl":"https:\/\/www.pakery.pl\/wp-content\/uploads\/2021\/05\/CA410.png","datePublished":"2021-05-05T14:45:51+00:00","dateModified":"2021-07-27T14:19:43+00:00","description":"Stainless steel plug (CA410) | PI-PUMP 4000 | Injection pumps | Injection | Injection packers","breadcrumb":{"@id":"https:\/\/www.pakery.pl\/cs\/produkt\/stainless-steel-pkug-ca410\/#breadcrumb"},"inLanguage":"cs","potentialAction":[{"@type":"ReadAction","target":["https:\/\/www.pakery.pl\/cs\/produkt\/stainless-steel-pkug-ca410\/"]}]},{"@type":"ImageObject","inLanguage":"cs","@id":"https:\/\/www.pakery.pl\/cs\/produkt\/stainless-steel-pkug-ca410\/#primaryimage","url":"https:\/\/www.pakery.pl\/wp-content\/uploads\/2021\/05\/CA410.png","contentUrl":"https:\/\/www.pakery.pl\/wp-content\/uploads\/2021\/05\/CA410.png","width":2500,"height":2500,"caption":"Korek ze stali nierdzewnej"},{"@type":"BreadcrumbList","@id":"https:\/\/www.pakery.pl\/cs\/produkt\/stainless-steel-pkug-ca410\/#breadcrumb","itemListElement":[{"@type":"ListItem","position":1,"name":"Strona g\u0142\u00f3wna","item":"https:\/\/www.pakery.pl\/cs\/"},{"@type":"ListItem","position":2,"name":"Prodejna","item":"https:\/\/www.pakery.pl\/cs\/prodejna\/"},{"@type":"ListItem","position":3,"name":"Stainless steel plug (CA410)"}]},{"@type":"WebSite","@id":"https:\/\/www.pakery.pl\/cs\/#website","url":"https:\/\/www.pakery.pl\/cs\/","name":"Pakery.pl","description":"Pakery iniekcyjne, Kotwy spiralne, Lance iniekcyjne, W\u0119\u017ce do iniekcji, Pompy iniekcyjne, Serwis pomp iniekcyjnych, Wynajem pomp do iniekcji","publisher":{"@id":"https:\/\/www.pakery.pl\/cs\/#organization"},"potentialAction":[{"@type":"SearchAction","target":{"@type":"EntryPoint","urlTemplate":"https:\/\/www.pakery.pl\/cs\/?s={search_term_string}"},"query-input":{"@type":"PropertyValueSpecification","valueRequired":true,"valueName":"search_term_string"}}],"inLanguage":"cs"},{"@type":"Organization","@id":"https:\/\/www.pakery.pl\/cs\/#organization","name":"PAKERY.PL","url":"https:\/\/www.pakery.pl\/cs\/","logo":{"@type":"ImageObject","inLanguage":"cs","@id":"https:\/\/www.pakery.pl\/cs\/#\/schema\/logo\/image\/","url":"https:\/\/www.pakery.pl\/wp-content\/uploads\/2021\/04\/cropped-PAKERY-LOGO.png","contentUrl":"https:\/\/www.pakery.pl\/wp-content\/uploads\/2021\/04\/cropped-PAKERY-LOGO.png","width":1529,"height":500,"caption":"PAKERY.PL"},"image":{"@id":"https:\/\/www.pakery.pl\/cs\/#\/schema\/logo\/image\/"}}]}},"_links":{"self":[{"href":"https:\/\/www.pakery.pl\/cs\/wp-json\/wp\/v2\/product\/5679","targetHints":{"allow":["GET"]}}],"collection":[{"href":"https:\/\/www.pakery.pl\/cs\/wp-json\/wp\/v2\/product"}],"about":[{"href":"https:\/\/www.pakery.pl\/cs\/wp-json\/wp\/v2\/types\/product"}],"version-history":[{"count":5,"href":"https:\/\/www.pakery.pl\/cs\/wp-json\/wp\/v2\/product\/5679\/revisions"}],"predecessor-version":[{"id":6072,"href":"https:\/\/www.pakery.pl\/cs\/wp-json\/wp\/v2\/product\/5679\/revisions\/6072"}],"wp:featuredmedia":[{"embeddable":true,"href":"https:\/\/www.pakery.pl\/cs\/wp-json\/wp\/v2\/media\/2300"}],"wp:attachment":[{"href":"https:\/\/www.pakery.pl\/cs\/wp-json\/wp\/v2\/media?parent=5679"}],"wp:term":[{"taxonomy":"product_brand","embeddable":true,"href":"https:\/\/www.pakery.pl\/cs\/wp-json\/wp\/v2\/product_brand?post=5679"},{"taxonomy":"product_cat","embeddable":true,"href":"https:\/\/www.pakery.pl\/cs\/wp-json\/wp\/v2\/product_cat?post=5679"},{"taxonomy":"product_tag","embeddable":true,"href":"https:\/\/www.pakery.pl\/cs\/wp-json\/wp\/v2\/product_tag?post=5679"}],"curies":[{"name":"wp","href":"https:\/\/api.w.org\/{rel}","templated":true}]}}