{"id":49201,"date":"2021-04-21T09:23:50","date_gmt":"2025-05-13T06:53:31","guid":{"rendered":"https:\/\/www.pakery.pl\/produkt\/denni-balicka-pi-spx-10-110swg\/"},"modified":"2025-05-19T14:34:30","modified_gmt":"2025-05-19T12:34:30","slug":"paker-jednodniowy-pi-spx-10-110swg","status":"publish","type":"product","link":"https:\/\/www.pakery.pl\/cs\/produkt\/paker-jednodniowy-pi-spx-10-110swg\/","title":{"rendered":"Denn\u00ed bali\u010dka PI-SPX 10\/110swg"},"content":{"rendered":"\t\t<div data-elementor-type=\"product-post\" data-elementor-id=\"49201\" class=\"elementor elementor-49201 elementor-1875\" data-elementor-post-type=\"product\">\n\t\t\t\t\t\t<section class=\"elementor-section elementor-top-section elementor-element elementor-element-6bf1e09 elementor-section-full_width elementor-section-height-default elementor-section-height-default\" data-id=\"6bf1e09\" data-element_type=\"section\" data-e-type=\"section\">\n\t\t\t\t\t\t<div class=\"elementor-container elementor-column-gap-default\">\n\t\t\t\t\t<div class=\"elementor-column elementor-col-100 elementor-top-column elementor-element elementor-element-e29b068\" data-id=\"e29b068\" data-element_type=\"column\" data-e-type=\"column\">\n\t\t\t<div class=\"elementor-widget-wrap elementor-element-populated\">\n\t\t\t\t\t\t<div class=\"elementor-element elementor-element-85aae22 elementor-widget elementor-widget-text-editor\" data-id=\"85aae22\" data-element_type=\"widget\" data-e-type=\"widget\" data-widget_type=\"text-editor.default\">\n\t\t\t\t<div class=\"elementor-widget-container\">\n\t\t\t\t\t\t\t\t\t<p><span style=\"color: #000000;\"><strong>Jednodenn\u00ed injek\u010dn\u00ed p\u011bchova\u010de<\/strong> nebo dvouventilov\u00e9 <strong>p\u011bchova\u010de<\/strong>. Umo\u017e\u0148uj\u00ed dokon\u010den\u00ed injekt\u00e1\u017ee je\u0161t\u011b t\u00fd\u017e den, ani\u017e by se muselo \u010dekat na vytvrzen\u00ed injek\u010dn\u00ed prysky\u0159ice. <\/span><\/p>\n<p><span style=\"color: #000000;\">Ve spodn\u00ed \u010d\u00e1sti vst\u0159ikovac\u00edho stimul\u00e1toru (expanzn\u00ed pry\u017e) je druh\u00fd ventil a na z\u00e1vitu je up\u00ednac\u00ed krou\u017eek. T\u011bleso injek\u010dn\u00edho pakru m\u016f\u017eete vyjmout ihned po vst\u0159ikov\u00e1n\u00ed, ani\u017e byste museli \u010dekat, a\u017e injek\u010dn\u00ed prysky\u0159ice ztvrdne. <\/span><\/p>\n<p><em><span style=\"color: #000000;\">To je u\u017eite\u010dn\u00e9 zejm\u00e9na v p\u0159\u00edpadech, kdy nen\u00ed rentabiln\u00ed, aby t\u00fdm pro vst\u0159ikov\u00e1n\u00ed p\u0159ijel n\u00e1sleduj\u00edc\u00ed den jen kv\u016fli odstran\u011bn\u00ed balic\u00edch prost\u0159edk\u016f.<\/span><\/em><br \/><em><span style=\"color: #000000;\">Tak\u00e9 v podzemn\u00edch gar\u00e1\u017e\u00edch, kde obvykl\u00e9 vst\u0159ikova\u010de nechaly pro\u0159ezat pneumatiky vj\u00ed\u017ed\u011bj\u00edc\u00edch voz\u016f.<\/span><\/em><\/p>\n\t\t\t\t\t\t\t\t<\/div>\n\t\t\t\t<\/div>\n\t\t\t\t\t<\/div>\n\t\t<\/div>\n\t\t\t\t\t<\/div>\n\t\t<\/section>\n\t\t\t\t<\/div>\n\t\t","protected":false},"excerpt":{"rendered":"<p>Jednodenn\u00ed injek\u010dn\u00ed p\u011bchova\u010de nebo dvouventilov\u00e9 p\u011bchova\u010de. Umo\u017e\u0148uj\u00ed dokon\u010den\u00ed injekt\u00e1\u017ee je\u0161t\u011b t\u00fd\u017e den, ani\u017e by se muselo \u010dekat na vytvrzen\u00ed injek\u010dn\u00ed prysky\u0159ice. Ve spodn\u00ed \u010d\u00e1sti vst\u0159ikovac\u00edho stimul\u00e1toru (expanzn\u00ed pry\u017e) je druh\u00fd ventil a na z\u00e1vitu je up\u00ednac\u00ed krou\u017eek. T\u011bleso injek\u010dn\u00edho pakru m\u016f\u017eete vyjmout ihned po vst\u0159ikov\u00e1n\u00ed, ani\u017e byste museli \u010dekat, a\u017e injek\u010dn\u00ed prysky\u0159ice ztvrdne. To je [&hellip;]<\/p>\n","protected":false},"featured_media":49174,"template":"","meta":{"_acf_changed":false},"product_brand":[],"product_cat":[237,2006],"product_tag":[],"class_list":{"0":"post-49201","1":"product","2":"type-product","3":"status-publish","4":"has-post-thumbnail","6":"product_cat-balicky-kovu","7":"product_cat-injekcni-pechovace","9":"first","10":"instock","11":"taxable","12":"shipping-taxable","13":"purchasable","14":"product-type-simple"},"acf":[],"yoast_head":"<!-- This site is optimized with the Yoast SEO plugin v27.3 - https:\/\/yoast.com\/product\/yoast-seo-wordpress\/ -->\n<title>Injek\u010dn\u00ed packer pro jednodenn\u00ed injekce PI-SPX 10\/110 - PAKERY.PL<\/title>\n<meta name=\"description\" content=\"Jednodenn\u00ed injek\u010dn\u00ed balen\u00ed. V\u00fdjime\u010dn\u00e1 t\u011bsnost i p\u0159i velmi vysok\u00fdch tlac\u00edch. Zaregistrujte se a vyberte typ kalamity.\" \/>\n<meta name=\"robots\" content=\"index, follow, max-snippet:-1, max-image-preview:large, max-video-preview:-1\" \/>\n<link rel=\"canonical\" href=\"https:\/\/www.pakery.pl\/cs\/produkt\/paker-jednodniowy-pi-spx-10-110swg\/\" \/>\n<meta property=\"og:locale\" content=\"cs_CZ\" \/>\n<meta property=\"og:type\" content=\"article\" \/>\n<meta property=\"og:title\" content=\"Injek\u010dn\u00ed packer pro jednodenn\u00ed injekce PI-SPX 10\/110 - PAKERY.PL\" \/>\n<meta property=\"og:description\" content=\"Jednodenn\u00ed injek\u010dn\u00ed balen\u00ed. V\u00fdjime\u010dn\u00e1 t\u011bsnost i p\u0159i velmi vysok\u00fdch tlac\u00edch. Zaregistrujte se a vyberte typ kalamity.\" \/>\n<meta property=\"og:url\" content=\"https:\/\/www.pakery.pl\/cs\/produkt\/paker-jednodniowy-pi-spx-10-110swg\/\" \/>\n<meta property=\"og:site_name\" content=\"PAKERY.PL\" \/>\n<meta property=\"article:modified_time\" content=\"2025-05-19T12:34:30+00:00\" \/>\n<meta property=\"og:image\" content=\"https:\/\/www.pakery.pl\/wp-content\/uploads\/2021\/04\/PI-SPX-10110e-1024x1024.png\" \/>\n\t<meta property=\"og:image:width\" content=\"1024\" \/>\n\t<meta property=\"og:image:height\" content=\"1024\" \/>\n\t<meta property=\"og:image:type\" content=\"image\/png\" \/>\n<meta name=\"twitter:card\" content=\"summary_large_image\" \/>\n<meta name=\"twitter:label1\" content=\"Odhadovan\u00e1 doba \u010dten\u00ed\" \/>\n\t<meta name=\"twitter:data1\" content=\"1 minuta\" \/>\n<script type=\"application\/ld+json\" class=\"yoast-schema-graph\">{\"@context\":\"https:\\\/\\\/schema.org\",\"@graph\":[{\"@type\":\"WebPage\",\"@id\":\"https:\\\/\\\/www.pakery.pl\\\/cs\\\/produkt\\\/paker-jednodniowy-pi-spx-10-110swg\\\/\",\"url\":\"https:\\\/\\\/www.pakery.pl\\\/cs\\\/produkt\\\/paker-jednodniowy-pi-spx-10-110swg\\\/\",\"name\":\"Injek\u010dn\u00ed packer pro jednodenn\u00ed injekce PI-SPX 10\\\/110 - PAKERY.PL\",\"isPartOf\":{\"@id\":\"https:\\\/\\\/www.pakery.pl\\\/cs\\\/#website\"},\"primaryImageOfPage\":{\"@id\":\"https:\\\/\\\/www.pakery.pl\\\/cs\\\/produkt\\\/paker-jednodniowy-pi-spx-10-110swg\\\/#primaryimage\"},\"image\":{\"@id\":\"https:\\\/\\\/www.pakery.pl\\\/cs\\\/produkt\\\/paker-jednodniowy-pi-spx-10-110swg\\\/#primaryimage\"},\"thumbnailUrl\":\"https:\\\/\\\/www.pakery.pl\\\/wp-content\\\/uploads\\\/2021\\\/04\\\/PI-SPX-10110e.png\",\"datePublished\":\"2025-05-13T06:53:31+00:00\",\"dateModified\":\"2025-05-19T12:34:30+00:00\",\"description\":\"Jednodenn\u00ed injek\u010dn\u00ed balen\u00ed. V\u00fdjime\u010dn\u00e1 t\u011bsnost i p\u0159i velmi vysok\u00fdch tlac\u00edch. Zaregistrujte se a vyberte typ kalamity.\",\"breadcrumb\":{\"@id\":\"https:\\\/\\\/www.pakery.pl\\\/cs\\\/produkt\\\/paker-jednodniowy-pi-spx-10-110swg\\\/#breadcrumb\"},\"inLanguage\":\"cs\",\"potentialAction\":[{\"@type\":\"ReadAction\",\"target\":[\"https:\\\/\\\/www.pakery.pl\\\/cs\\\/produkt\\\/paker-jednodniowy-pi-spx-10-110swg\\\/\"]}]},{\"@type\":\"ImageObject\",\"inLanguage\":\"cs\",\"@id\":\"https:\\\/\\\/www.pakery.pl\\\/cs\\\/produkt\\\/paker-jednodniowy-pi-spx-10-110swg\\\/#primaryimage\",\"url\":\"https:\\\/\\\/www.pakery.pl\\\/wp-content\\\/uploads\\\/2021\\\/04\\\/PI-SPX-10110e.png\",\"contentUrl\":\"https:\\\/\\\/www.pakery.pl\\\/wp-content\\\/uploads\\\/2021\\\/04\\\/PI-SPX-10110e.png\",\"width\":2000,\"height\":2000},{\"@type\":\"BreadcrumbList\",\"@id\":\"https:\\\/\\\/www.pakery.pl\\\/cs\\\/produkt\\\/paker-jednodniowy-pi-spx-10-110swg\\\/#breadcrumb\",\"itemListElement\":[{\"@type\":\"ListItem\",\"position\":1,\"name\":\"Strona g\u0142\u00f3wna\",\"item\":\"https:\\\/\\\/www.pakery.pl\\\/cs\\\/\"},{\"@type\":\"ListItem\",\"position\":2,\"name\":\"Prodejna\",\"item\":\"https:\\\/\\\/www.pakery.pl\\\/cs\\\/prodejna\\\/\"},{\"@type\":\"ListItem\",\"position\":3,\"name\":\"Denn\u00ed bali\u010dka PI-SPX 10\\\/110swg\"}]},{\"@type\":\"WebSite\",\"@id\":\"https:\\\/\\\/www.pakery.pl\\\/cs\\\/#website\",\"url\":\"https:\\\/\\\/www.pakery.pl\\\/cs\\\/\",\"name\":\"Pakery.pl\",\"description\":\"Pakery iniekcyjne, Kotwy spiralne, Lance iniekcyjne, W\u0119\u017ce do iniekcji, Pompy iniekcyjne, Serwis pomp iniekcyjnych, Wynajem pomp do iniekcji\",\"publisher\":{\"@id\":\"https:\\\/\\\/www.pakery.pl\\\/cs\\\/#organization\"},\"potentialAction\":[{\"@type\":\"SearchAction\",\"target\":{\"@type\":\"EntryPoint\",\"urlTemplate\":\"https:\\\/\\\/www.pakery.pl\\\/cs\\\/?s={search_term_string}\"},\"query-input\":{\"@type\":\"PropertyValueSpecification\",\"valueRequired\":true,\"valueName\":\"search_term_string\"}}],\"inLanguage\":\"cs\"},{\"@type\":\"Organization\",\"@id\":\"https:\\\/\\\/www.pakery.pl\\\/cs\\\/#organization\",\"name\":\"PAKERY.PL\",\"url\":\"https:\\\/\\\/www.pakery.pl\\\/cs\\\/\",\"logo\":{\"@type\":\"ImageObject\",\"inLanguage\":\"cs\",\"@id\":\"https:\\\/\\\/www.pakery.pl\\\/cs\\\/#\\\/schema\\\/logo\\\/image\\\/\",\"url\":\"https:\\\/\\\/www.pakery.pl\\\/wp-content\\\/uploads\\\/2021\\\/04\\\/cropped-PAKERY-LOGO.png\",\"contentUrl\":\"https:\\\/\\\/www.pakery.pl\\\/wp-content\\\/uploads\\\/2021\\\/04\\\/cropped-PAKERY-LOGO.png\",\"width\":1529,\"height\":500,\"caption\":\"PAKERY.PL\"},\"image\":{\"@id\":\"https:\\\/\\\/www.pakery.pl\\\/cs\\\/#\\\/schema\\\/logo\\\/image\\\/\"}}]}<\/script>\n<!-- \/ Yoast SEO plugin. -->","yoast_head_json":{"title":"Injek\u010dn\u00ed packer pro jednodenn\u00ed injekce PI-SPX 10\/110 - PAKERY.PL","description":"Jednodenn\u00ed injek\u010dn\u00ed balen\u00ed. V\u00fdjime\u010dn\u00e1 t\u011bsnost i p\u0159i velmi vysok\u00fdch tlac\u00edch. Zaregistrujte se a vyberte typ kalamity.","robots":{"index":"index","follow":"follow","max-snippet":"max-snippet:-1","max-image-preview":"max-image-preview:large","max-video-preview":"max-video-preview:-1"},"canonical":"https:\/\/www.pakery.pl\/cs\/produkt\/paker-jednodniowy-pi-spx-10-110swg\/","og_locale":"cs_CZ","og_type":"article","og_title":"Injek\u010dn\u00ed packer pro jednodenn\u00ed injekce PI-SPX 10\/110 - PAKERY.PL","og_description":"Jednodenn\u00ed injek\u010dn\u00ed balen\u00ed. V\u00fdjime\u010dn\u00e1 t\u011bsnost i p\u0159i velmi vysok\u00fdch tlac\u00edch. Zaregistrujte se a vyberte typ kalamity.","og_url":"https:\/\/www.pakery.pl\/cs\/produkt\/paker-jednodniowy-pi-spx-10-110swg\/","og_site_name":"PAKERY.PL","article_modified_time":"2025-05-19T12:34:30+00:00","og_image":[{"width":1024,"height":1024,"url":"https:\/\/www.pakery.pl\/wp-content\/uploads\/2021\/04\/PI-SPX-10110e-1024x1024.png","type":"image\/png"}],"twitter_card":"summary_large_image","twitter_misc":{"Odhadovan\u00e1 doba \u010dten\u00ed":"1 minuta"},"schema":{"@context":"https:\/\/schema.org","@graph":[{"@type":"WebPage","@id":"https:\/\/www.pakery.pl\/cs\/produkt\/paker-jednodniowy-pi-spx-10-110swg\/","url":"https:\/\/www.pakery.pl\/cs\/produkt\/paker-jednodniowy-pi-spx-10-110swg\/","name":"Injek\u010dn\u00ed packer pro jednodenn\u00ed injekce PI-SPX 10\/110 - PAKERY.PL","isPartOf":{"@id":"https:\/\/www.pakery.pl\/cs\/#website"},"primaryImageOfPage":{"@id":"https:\/\/www.pakery.pl\/cs\/produkt\/paker-jednodniowy-pi-spx-10-110swg\/#primaryimage"},"image":{"@id":"https:\/\/www.pakery.pl\/cs\/produkt\/paker-jednodniowy-pi-spx-10-110swg\/#primaryimage"},"thumbnailUrl":"https:\/\/www.pakery.pl\/wp-content\/uploads\/2021\/04\/PI-SPX-10110e.png","datePublished":"2025-05-13T06:53:31+00:00","dateModified":"2025-05-19T12:34:30+00:00","description":"Jednodenn\u00ed injek\u010dn\u00ed balen\u00ed. V\u00fdjime\u010dn\u00e1 t\u011bsnost i p\u0159i velmi vysok\u00fdch tlac\u00edch. Zaregistrujte se a vyberte typ kalamity.","breadcrumb":{"@id":"https:\/\/www.pakery.pl\/cs\/produkt\/paker-jednodniowy-pi-spx-10-110swg\/#breadcrumb"},"inLanguage":"cs","potentialAction":[{"@type":"ReadAction","target":["https:\/\/www.pakery.pl\/cs\/produkt\/paker-jednodniowy-pi-spx-10-110swg\/"]}]},{"@type":"ImageObject","inLanguage":"cs","@id":"https:\/\/www.pakery.pl\/cs\/produkt\/paker-jednodniowy-pi-spx-10-110swg\/#primaryimage","url":"https:\/\/www.pakery.pl\/wp-content\/uploads\/2021\/04\/PI-SPX-10110e.png","contentUrl":"https:\/\/www.pakery.pl\/wp-content\/uploads\/2021\/04\/PI-SPX-10110e.png","width":2000,"height":2000},{"@type":"BreadcrumbList","@id":"https:\/\/www.pakery.pl\/cs\/produkt\/paker-jednodniowy-pi-spx-10-110swg\/#breadcrumb","itemListElement":[{"@type":"ListItem","position":1,"name":"Strona g\u0142\u00f3wna","item":"https:\/\/www.pakery.pl\/cs\/"},{"@type":"ListItem","position":2,"name":"Prodejna","item":"https:\/\/www.pakery.pl\/cs\/prodejna\/"},{"@type":"ListItem","position":3,"name":"Denn\u00ed bali\u010dka PI-SPX 10\/110swg"}]},{"@type":"WebSite","@id":"https:\/\/www.pakery.pl\/cs\/#website","url":"https:\/\/www.pakery.pl\/cs\/","name":"Pakery.pl","description":"Pakery iniekcyjne, Kotwy spiralne, Lance iniekcyjne, W\u0119\u017ce do iniekcji, Pompy iniekcyjne, Serwis pomp iniekcyjnych, Wynajem pomp do iniekcji","publisher":{"@id":"https:\/\/www.pakery.pl\/cs\/#organization"},"potentialAction":[{"@type":"SearchAction","target":{"@type":"EntryPoint","urlTemplate":"https:\/\/www.pakery.pl\/cs\/?s={search_term_string}"},"query-input":{"@type":"PropertyValueSpecification","valueRequired":true,"valueName":"search_term_string"}}],"inLanguage":"cs"},{"@type":"Organization","@id":"https:\/\/www.pakery.pl\/cs\/#organization","name":"PAKERY.PL","url":"https:\/\/www.pakery.pl\/cs\/","logo":{"@type":"ImageObject","inLanguage":"cs","@id":"https:\/\/www.pakery.pl\/cs\/#\/schema\/logo\/image\/","url":"https:\/\/www.pakery.pl\/wp-content\/uploads\/2021\/04\/cropped-PAKERY-LOGO.png","contentUrl":"https:\/\/www.pakery.pl\/wp-content\/uploads\/2021\/04\/cropped-PAKERY-LOGO.png","width":1529,"height":500,"caption":"PAKERY.PL"},"image":{"@id":"https:\/\/www.pakery.pl\/cs\/#\/schema\/logo\/image\/"}}]}},"_links":{"self":[{"href":"https:\/\/www.pakery.pl\/cs\/wp-json\/wp\/v2\/product\/49201","targetHints":{"allow":["GET"]}}],"collection":[{"href":"https:\/\/www.pakery.pl\/cs\/wp-json\/wp\/v2\/product"}],"about":[{"href":"https:\/\/www.pakery.pl\/cs\/wp-json\/wp\/v2\/types\/product"}],"version-history":[{"count":1,"href":"https:\/\/www.pakery.pl\/cs\/wp-json\/wp\/v2\/product\/49201\/revisions"}],"predecessor-version":[{"id":49203,"href":"https:\/\/www.pakery.pl\/cs\/wp-json\/wp\/v2\/product\/49201\/revisions\/49203"}],"wp:featuredmedia":[{"embeddable":true,"href":"https:\/\/www.pakery.pl\/cs\/wp-json\/wp\/v2\/media\/49174"}],"wp:attachment":[{"href":"https:\/\/www.pakery.pl\/cs\/wp-json\/wp\/v2\/media?parent=49201"}],"wp:term":[{"taxonomy":"product_brand","embeddable":true,"href":"https:\/\/www.pakery.pl\/cs\/wp-json\/wp\/v2\/product_brand?post=49201"},{"taxonomy":"product_cat","embeddable":true,"href":"https:\/\/www.pakery.pl\/cs\/wp-json\/wp\/v2\/product_cat?post=49201"},{"taxonomy":"product_tag","embeddable":true,"href":"https:\/\/www.pakery.pl\/cs\/wp-json\/wp\/v2\/product_tag?post=49201"}],"curies":[{"name":"wp","href":"https:\/\/api.w.org\/{rel}","templated":true}]}}