{"id":44194,"date":"2022-04-08T12:38:28","date_gmt":"2023-04-06T08:29:06","guid":{"rendered":"https:\/\/www.pakery.pl\/produkt\/injekcni-pena-waterstopper\/"},"modified":"2023-04-06T10:29:10","modified_gmt":"2023-04-06T08:29:10","slug":"injekcni-pena-waterstopper","status":"publish","type":"product","link":"https:\/\/www.pakery.pl\/cs\/produkt\/injekcni-pena-waterstopper\/","title":{"rendered":"Injek\u010dn\u00ed p\u011bna WaterStopper"},"content":{"rendered":"\t\t<div data-elementor-type=\"product-post\" data-elementor-id=\"44194\" class=\"elementor elementor-44194 elementor-41138\" data-elementor-post-type=\"product\">\n\t\t\t\t\t\t<section class=\"elementor-section elementor-top-section elementor-element elementor-element-923b001 elementor-section-boxed elementor-section-height-default elementor-section-height-default\" data-id=\"923b001\" data-element_type=\"section\" data-e-type=\"section\">\n\t\t\t\t\t\t<div class=\"elementor-container elementor-column-gap-default\">\n\t\t\t\t\t<div class=\"elementor-column elementor-col-100 elementor-top-column elementor-element elementor-element-181d783\" data-id=\"181d783\" data-element_type=\"column\" data-e-type=\"column\">\n\t\t\t<div class=\"elementor-widget-wrap elementor-element-populated\">\n\t\t\t\t\t\t<div class=\"elementor-element elementor-element-c580e83 elementor-widget elementor-widget-text-editor\" data-id=\"c580e83\" data-element_type=\"widget\" data-e-type=\"widget\" data-widget_type=\"text-editor.default\">\n\t\t\t\t<div class=\"elementor-widget-container\">\n\t\t\t\t\t\t\t\t\t<section data-id=\"cc6f8dc\" data-element_type=\"section\">\n<div>\n<div>\n<div data-id=\"06fa206\" data-element_type=\"column\">\n<div>\n<div>\n<div data-id=\"0efdb52\" data-element_type=\"widget\" data-widget_type=\"image.default\">\n<div>\n<div><span style=\"color: #000000;\"><img fetchpriority=\"high\" decoding=\"async\" style=\"font-size: 1rem;\" src=\"https:\/\/www.iniekcjebudowlane.pl\/wp-content\/uploads\/2022\/05\/Zrzut-ekranu-2022-05-17-o-15.47.54.png\" sizes=\"(max-width: 953px) 100vw, 953px\" srcset=\"https:\/\/www.iniekcjebudowlane.pl\/wp-content\/uploads\/2022\/05\/Zrzut-ekranu-2022-05-17-o-15.47.54.png 953w, https:\/\/www.iniekcjebudowlane.pl\/wp-content\/uploads\/2022\/05\/Zrzut-ekranu-2022-05-17-o-15.47.54-300x77.png 300w, https:\/\/www.iniekcjebudowlane.pl\/wp-content\/uploads\/2022\/05\/Zrzut-ekranu-2022-05-17-o-15.47.54-768x197.png 768w, https:\/\/www.iniekcjebudowlane.pl\/wp-content\/uploads\/2022\/05\/Zrzut-ekranu-2022-05-17-o-15.47.54-683x175.png 683w, https:\/\/www.iniekcjebudowlane.pl\/wp-content\/uploads\/2022\/05\/Zrzut-ekranu-2022-05-17-o-15.47.54-602x154.png 602w\" alt=\"\" width=\"953\" height=\"244\" data-src=\"https:\/\/www.iniekcjebudowlane.pl\/wp-content\/uploads\/2022\/05\/Zrzut-ekranu-2022-05-17-o-15.47.54.png\" data-srcset=\"https:\/\/www.iniekcjebudowlane.pl\/wp-content\/uploads\/2022\/05\/Zrzut-ekranu-2022-05-17-o-15.47.54.png 953w, https:\/\/www.iniekcjebudowlane.pl\/wp-content\/uploads\/2022\/05\/Zrzut-ekranu-2022-05-17-o-15.47.54-300x77.png 300w, https:\/\/www.iniekcjebudowlane.pl\/wp-content\/uploads\/2022\/05\/Zrzut-ekranu-2022-05-17-o-15.47.54-768x197.png 768w, https:\/\/www.iniekcjebudowlane.pl\/wp-content\/uploads\/2022\/05\/Zrzut-ekranu-2022-05-17-o-15.47.54-683x175.png 683w, https:\/\/www.iniekcjebudowlane.pl\/wp-content\/uploads\/2022\/05\/Zrzut-ekranu-2022-05-17-o-15.47.54-602x154.png 602w\" data-sizes=\"(max-width: 953px) 100vw, 953px\"><\/span><\/div>\n<\/div>\n<\/div>\n<\/div>\n<\/div>\n<\/div>\n<\/div>\n<\/div>\n<\/section>\n<section data-id=\"3a8ca45\" data-element_type=\"section\">\n<div data-id=\"322903a\" data-element_type=\"column\">\n<div data-id=\"49f80af\" data-element_type=\"widget\" data-widget_type=\"text-editor.default\">\n<section data-id=\"3a8ca45\" data-element_type=\"section\">\n<div>\n<div>\n<div data-id=\"322903a\" data-element_type=\"column\">\n<div>\n<div>\n<div data-id=\"49f80af\" data-element_type=\"widget\" data-widget_type=\"text-editor.default\">\n<div>\n<div>\n<p><span style=\"color: #000000;\"><b>WaterStopper<\/b> je jednoslo\u017ekov\u00e1 prysky\u0159ice s n\u00edzkou viskozitou, kter\u00e1 se pou\u017e\u00edv\u00e1 k ut\u011bsn\u011bn\u00ed trhlin, velk\u00fdch mezer nebo \u00fanik\u016f vody p\u0159i vysok\u00e9m tlaku nebo pr\u016ftoku.<\/span><\/p>\n<\/div>\n<\/div>\n<\/div>\n<\/div>\n<\/div>\n<\/div>\n<\/div>\n<\/div>\n<\/section>\n<\/div>\n<\/div>\n<\/section>\n\t\t\t\t\t\t\t\t<\/div>\n\t\t\t\t<\/div>\n\t\t\t\t\t<\/div>\n\t\t<\/div>\n\t\t\t\t\t<\/div>\n\t\t<\/section>\n\t\t\t\t<section class=\"elementor-section elementor-top-section elementor-element elementor-element-d1587ee elementor-section-boxed elementor-section-height-default elementor-section-height-default\" data-id=\"d1587ee\" data-element_type=\"section\" data-e-type=\"section\">\n\t\t\t\t\t\t<div class=\"elementor-container elementor-column-gap-default\">\n\t\t\t\t\t<div class=\"elementor-column elementor-col-50 elementor-top-column elementor-element elementor-element-737b71a\" data-id=\"737b71a\" data-element_type=\"column\" data-e-type=\"column\">\n\t\t\t<div class=\"elementor-widget-wrap elementor-element-populated\">\n\t\t\t\t\t\t<div class=\"elementor-element elementor-element-2362824 elementor-widget elementor-widget-text-editor\" data-id=\"2362824\" data-element_type=\"widget\" data-e-type=\"widget\" data-widget_type=\"text-editor.default\">\n\t\t\t\t<div class=\"elementor-widget-container\">\n\t\t\t\t\t\t\t\t\t<p><span style=\"caret-color: #000000; color: #14408a; font-family: ArialNarrow; font-size: 18.66666603088379px; font-weight: bold;\">Oblasti pou\u017eit\u00ed<\/span><\/p>\n\t\t\t\t\t\t\t\t<\/div>\n\t\t\t\t<\/div>\n\t\t\t\t\t<\/div>\n\t\t<\/div>\n\t\t\t\t<div class=\"elementor-column elementor-col-50 elementor-top-column elementor-element elementor-element-1043400\" data-id=\"1043400\" data-element_type=\"column\" data-e-type=\"column\">\n\t\t\t<div class=\"elementor-widget-wrap\">\n\t\t\t\t\t\t\t<\/div>\n\t\t<\/div>\n\t\t\t\t\t<\/div>\n\t\t<\/section>\n\t\t\t\t<section class=\"elementor-section elementor-top-section elementor-element elementor-element-127dff7 elementor-section-boxed elementor-section-height-default elementor-section-height-default\" data-id=\"127dff7\" data-element_type=\"section\" data-e-type=\"section\">\n\t\t\t\t\t\t<div class=\"elementor-container elementor-column-gap-default\">\n\t\t\t\t\t<div class=\"elementor-column elementor-col-50 elementor-top-column elementor-element elementor-element-68d2654\" data-id=\"68d2654\" data-element_type=\"column\" data-e-type=\"column\">\n\t\t\t<div class=\"elementor-widget-wrap elementor-element-populated\">\n\t\t\t\t\t\t<div class=\"elementor-element elementor-element-0331cfe elementor-widget elementor-widget-image\" data-id=\"0331cfe\" data-element_type=\"widget\" data-e-type=\"widget\" data-widget_type=\"image.default\">\n\t\t\t\t<div class=\"elementor-widget-container\">\n\t\t\t\t\t\t\t\t\t\t\t\t\t\t\t<img decoding=\"async\" width=\"269\" height=\"118\" src=\"https:\/\/www.pakery.pl\/wp-content\/uploads\/2022\/11\/Zrzut-ekranu-2022-11-14-o-09.44.52.png\" class=\"attachment-large size-large wp-image-42078\" alt=\"\" \/>\t\t\t\t\t\t\t\t\t\t\t\t\t\t\t<\/div>\n\t\t\t\t<\/div>\n\t\t\t\t\t<\/div>\n\t\t<\/div>\n\t\t\t\t<div class=\"elementor-column elementor-col-50 elementor-top-column elementor-element elementor-element-11ae028\" data-id=\"11ae028\" data-element_type=\"column\" data-e-type=\"column\">\n\t\t\t<div class=\"elementor-widget-wrap elementor-element-populated\">\n\t\t\t\t\t\t<div class=\"elementor-element elementor-element-970c599 elementor-widget elementor-widget-text-editor\" data-id=\"970c599\" data-element_type=\"widget\" data-e-type=\"widget\" data-widget_type=\"text-editor.default\">\n\t\t\t\t<div class=\"elementor-widget-container\">\n\t\t\t\t\t\t\t\t\t<ul>\n<li>\n<h6><span style=\"color: #000000;\">Tmelen\u00ed trhlin a velk\u00fdch prasklin ve st\u011bn\u00e1ch, podlah\u00e1ch, betonov\u00fdch konstrukc\u00edch a podzemn\u00edch stavb\u00e1ch.<\/span><\/h6>\n<\/li>\n<li>\n<h6><span style=\"color: #000000;\">Omezova\u010d pr\u016ftoku vody p\u0159i net\u011bsnostech nebo aktivn\u00edch net\u011bsnostech p\u0159i vysok\u00e9m hydrostatick\u00e9m tlaku<\/span><\/h6>\n<\/li>\n<li>\n<h6><span style=\"color: #000000;\">Dobu odezvy lze upravit p\u0159id\u00e1n\u00edm vhodn\u00e9ho mno\u017estv\u00ed inici\u00e1toru.<\/span><\/h6>\n<\/li>\n<\/ul>\n\t\t\t\t\t\t\t\t<\/div>\n\t\t\t\t<\/div>\n\t\t\t\t\t<\/div>\n\t\t<\/div>\n\t\t\t\t\t<\/div>\n\t\t<\/section>\n\t\t\t\t<section class=\"elementor-section elementor-top-section elementor-element elementor-element-2e8e380 elementor-section-boxed elementor-section-height-default elementor-section-height-default\" data-id=\"2e8e380\" data-element_type=\"section\" data-e-type=\"section\">\n\t\t\t\t\t\t<div class=\"elementor-container elementor-column-gap-default\">\n\t\t\t\t\t<div class=\"elementor-column elementor-col-50 elementor-top-column elementor-element elementor-element-6287fb1\" data-id=\"6287fb1\" data-element_type=\"column\" data-e-type=\"column\">\n\t\t\t<div class=\"elementor-widget-wrap elementor-element-populated\">\n\t\t\t\t\t\t<div class=\"elementor-element elementor-element-0991d01 elementor-widget elementor-widget-text-editor\" data-id=\"0991d01\" data-element_type=\"widget\" data-e-type=\"widget\" data-widget_type=\"text-editor.default\">\n\t\t\t\t<div class=\"elementor-widget-container\">\n\t\t\t\t\t\t\t\t\t<p><span style=\"caret-color: #000000; color: #14408a; font-family: ArialNarrow; font-size: 18.66666603088379px; font-weight: bold;\">Voliteln\u00e9 dopl\u0148kov\u00e9 produkty<\/span><\/p>\n\t\t\t\t\t\t\t\t<\/div>\n\t\t\t\t<\/div>\n\t\t\t\t\t<\/div>\n\t\t<\/div>\n\t\t\t\t<div class=\"elementor-column elementor-col-50 elementor-top-column elementor-element elementor-element-e57c546\" data-id=\"e57c546\" data-element_type=\"column\" data-e-type=\"column\">\n\t\t\t<div class=\"elementor-widget-wrap elementor-element-populated\">\n\t\t\t\t\t\t<div class=\"elementor-element elementor-element-f5009e6 elementor-widget elementor-widget-text-editor\" data-id=\"f5009e6\" data-element_type=\"widget\" data-e-type=\"widget\" data-widget_type=\"text-editor.default\">\n\t\t\t\t<div class=\"elementor-widget-container\">\n\t\t\t\t\t\t\t\t\t<ul>\n<li>\n<h6><span style=\"color: #000000;\">ResinBau CrackOn.5 &#8211; malta pro ut\u011bsn\u011bn\u00ed povrch\u016f s trhlinami<\/span><\/h6>\n<\/li>\n<li>\n<h6><span style=\"color: #000000;\">Hammpack\u00ae PI-Cleaner pro \u010di\u0161t\u011bn\u00ed vst\u0159ikovac\u00edch \u010derpadel<\/span><\/h6>\n<\/li>\n<li>\n<h6><span style=\"color: #000000;\">Vst\u0159ikovac\u00ed \u010derpadlo 1K\/2K<\/span><\/h6>\n<\/li>\n<li>\n<h6><span style=\"color: #000000;\">Vst\u0159ikovac\u00ed p\u011bchy Hammpack\u00ae<\/span><\/h6>\n<\/li>\n<\/ul>\n\t\t\t\t\t\t\t\t<\/div>\n\t\t\t\t<\/div>\n\t\t\t\t\t<\/div>\n\t\t<\/div>\n\t\t\t\t\t<\/div>\n\t\t<\/section>\n\t\t\t\t<section class=\"elementor-section elementor-top-section elementor-element elementor-element-96a5507 elementor-section-boxed elementor-section-height-default elementor-section-height-default\" data-id=\"96a5507\" data-element_type=\"section\" data-e-type=\"section\">\n\t\t\t\t\t\t<div class=\"elementor-container elementor-column-gap-default\">\n\t\t\t\t\t<div class=\"elementor-column elementor-col-50 elementor-top-column elementor-element elementor-element-26ac153\" data-id=\"26ac153\" data-element_type=\"column\" data-e-type=\"column\">\n\t\t\t<div class=\"elementor-widget-wrap elementor-element-populated\">\n\t\t\t\t\t\t<div class=\"elementor-element elementor-element-92a2044 elementor-widget elementor-widget-text-editor\" data-id=\"92a2044\" data-element_type=\"widget\" data-e-type=\"widget\" data-widget_type=\"text-editor.default\">\n\t\t\t\t<div class=\"elementor-widget-container\">\n\t\t\t\t\t\t\t\t\t<p><span style=\"caret-color: #000000; color: #14408a; font-family: ArialNarrow; font-size: 18.66666603088379px; font-weight: bold;\">Ke sta\u017een\u00ed<\/span><\/p>\n\t\t\t\t\t\t\t\t<\/div>\n\t\t\t\t<\/div>\n\t\t\t\t\t<\/div>\n\t\t<\/div>\n\t\t\t\t<div class=\"elementor-column elementor-col-50 elementor-top-column elementor-element elementor-element-12f1597\" data-id=\"12f1597\" data-element_type=\"column\" data-e-type=\"column\">\n\t\t\t<div class=\"elementor-widget-wrap elementor-element-populated\">\n\t\t\t\t\t\t<div class=\"elementor-element elementor-element-7358313 elementor-widget elementor-widget-button\" data-id=\"7358313\" data-element_type=\"widget\" data-e-type=\"widget\" data-widget_type=\"button.default\">\n\t\t\t\t<div class=\"elementor-widget-container\">\n\t\t\t\t\t\t\t\t\t<div class=\"elementor-button-wrapper\">\n\t\t\t\t\t<a class=\"elementor-button elementor-button-link elementor-size-sm\" href=\"https:\/\/www.pakery.pl\/wp-content\/uploads\/2023\/04\/ResinBau-WaterStopper_Karta_Techniczna.pdf\">\n\t\t\t\t\t\t<span class=\"elementor-button-content-wrapper\">\n\t\t\t\t\t\t\t\t\t<span class=\"elementor-button-text\">Technick\u00fd list<\/span>\n\t\t\t\t\t<\/span>\n\t\t\t\t\t<\/a>\n\t\t\t\t<\/div>\n\t\t\t\t\t\t\t\t<\/div>\n\t\t\t\t<\/div>\n\t\t\t\t\t<\/div>\n\t\t<\/div>\n\t\t\t\t\t<\/div>\n\t\t<\/section>\n\t\t\t\t<\/div>\n\t\t","protected":false},"excerpt":{"rendered":"<p>WaterStopper je jednoslo\u017ekov\u00e1 prysky\u0159ice s n\u00edzkou viskozitou, kter\u00e1 se pou\u017e\u00edv\u00e1 k ut\u011bsn\u011bn\u00ed trhlin, velk\u00fdch mezer nebo \u00fanik\u016f vody p\u0159i vysok\u00e9m tlaku nebo pr\u016ftoku. Oblasti pou\u017eit\u00ed Tmelen\u00ed trhlin a velk\u00fdch prasklin ve st\u011bn\u00e1ch, podlah\u00e1ch, betonov\u00fdch konstrukc\u00edch a podzemn\u00edch stavb\u00e1ch. Omezova\u010d pr\u016ftoku vody p\u0159i net\u011bsnostech nebo aktivn\u00edch net\u011bsnostech p\u0159i vysok\u00e9m hydrostatick\u00e9m tlaku Dobu odezvy lze upravit p\u0159id\u00e1n\u00edm [&hellip;]<\/p>\n","protected":false},"featured_media":50376,"template":"","meta":{"_acf_changed":false},"product_brand":[],"product_cat":[1892],"product_tag":[],"class_list":{"0":"post-44194","1":"product","2":"type-product","3":"status-publish","4":"has-post-thumbnail","6":"product_cat-injekcni-pryskyrice","8":"first","9":"instock","10":"taxable","11":"shipping-taxable","12":"product-type-simple"},"acf":[],"yoast_head":"<!-- This site is optimized with the Yoast SEO plugin v27.3 - https:\/\/yoast.com\/product\/yoast-seo-wordpress\/ -->\n<title>Injek\u010dn\u00ed p\u011bna WaterStopper - PAKERY.PL<\/title>\n<meta name=\"description\" content=\"Injek\u010dn\u00ed polyuretanov\u00e1 p\u011bna WaterStopper ResinBau\" \/>\n<meta name=\"robots\" content=\"index, follow, max-snippet:-1, max-image-preview:large, max-video-preview:-1\" \/>\n<link rel=\"canonical\" href=\"https:\/\/www.pakery.pl\/cs\/produkt\/injekcni-pena-waterstopper\/\" \/>\n<meta property=\"og:locale\" content=\"cs_CZ\" \/>\n<meta property=\"og:type\" content=\"article\" \/>\n<meta property=\"og:title\" content=\"Injek\u010dn\u00ed p\u011bna WaterStopper - PAKERY.PL\" \/>\n<meta property=\"og:description\" content=\"Injek\u010dn\u00ed polyuretanov\u00e1 p\u011bna WaterStopper ResinBau\" \/>\n<meta property=\"og:url\" content=\"https:\/\/www.pakery.pl\/cs\/produkt\/injekcni-pena-waterstopper\/\" \/>\n<meta property=\"og:site_name\" content=\"PAKERY.PL\" \/>\n<meta property=\"article:modified_time\" content=\"2023-04-06T08:29:10+00:00\" \/>\n<meta property=\"og:image\" content=\"https:\/\/www.pakery.pl\/wp-content\/uploads\/2022\/04\/WaterStopper-SET-861x1024.png\" \/>\n\t<meta property=\"og:image:width\" content=\"861\" \/>\n\t<meta property=\"og:image:height\" content=\"1024\" \/>\n\t<meta property=\"og:image:type\" content=\"image\/png\" \/>\n<meta name=\"twitter:card\" content=\"summary_large_image\" \/>\n<meta name=\"twitter:label1\" content=\"Odhadovan\u00e1 doba \u010dten\u00ed\" \/>\n\t<meta name=\"twitter:data1\" content=\"1 minuta\" \/>\n<script type=\"application\/ld+json\" class=\"yoast-schema-graph\">{\"@context\":\"https:\\\/\\\/schema.org\",\"@graph\":[{\"@type\":\"WebPage\",\"@id\":\"https:\\\/\\\/www.pakery.pl\\\/cs\\\/produkt\\\/injekcni-pena-waterstopper\\\/\",\"url\":\"https:\\\/\\\/www.pakery.pl\\\/cs\\\/produkt\\\/injekcni-pena-waterstopper\\\/\",\"name\":\"Injek\u010dn\u00ed p\u011bna WaterStopper - PAKERY.PL\",\"isPartOf\":{\"@id\":\"https:\\\/\\\/www.pakery.pl\\\/cs\\\/#website\"},\"primaryImageOfPage\":{\"@id\":\"https:\\\/\\\/www.pakery.pl\\\/cs\\\/produkt\\\/injekcni-pena-waterstopper\\\/#primaryimage\"},\"image\":{\"@id\":\"https:\\\/\\\/www.pakery.pl\\\/cs\\\/produkt\\\/injekcni-pena-waterstopper\\\/#primaryimage\"},\"thumbnailUrl\":\"https:\\\/\\\/www.pakery.pl\\\/wp-content\\\/uploads\\\/2022\\\/04\\\/WaterStopper-SET.png\",\"datePublished\":\"2023-04-06T08:29:06+00:00\",\"dateModified\":\"2023-04-06T08:29:10+00:00\",\"description\":\"Injek\u010dn\u00ed polyuretanov\u00e1 p\u011bna WaterStopper ResinBau\",\"breadcrumb\":{\"@id\":\"https:\\\/\\\/www.pakery.pl\\\/cs\\\/produkt\\\/injekcni-pena-waterstopper\\\/#breadcrumb\"},\"inLanguage\":\"cs\",\"potentialAction\":[{\"@type\":\"ReadAction\",\"target\":[\"https:\\\/\\\/www.pakery.pl\\\/cs\\\/produkt\\\/injekcni-pena-waterstopper\\\/\"]}]},{\"@type\":\"ImageObject\",\"inLanguage\":\"cs\",\"@id\":\"https:\\\/\\\/www.pakery.pl\\\/cs\\\/produkt\\\/injekcni-pena-waterstopper\\\/#primaryimage\",\"url\":\"https:\\\/\\\/www.pakery.pl\\\/wp-content\\\/uploads\\\/2022\\\/04\\\/WaterStopper-SET.png\",\"contentUrl\":\"https:\\\/\\\/www.pakery.pl\\\/wp-content\\\/uploads\\\/2022\\\/04\\\/WaterStopper-SET.png\",\"width\":1654,\"height\":1967},{\"@type\":\"BreadcrumbList\",\"@id\":\"https:\\\/\\\/www.pakery.pl\\\/cs\\\/produkt\\\/injekcni-pena-waterstopper\\\/#breadcrumb\",\"itemListElement\":[{\"@type\":\"ListItem\",\"position\":1,\"name\":\"Strona g\u0142\u00f3wna\",\"item\":\"https:\\\/\\\/www.pakery.pl\\\/cs\\\/\"},{\"@type\":\"ListItem\",\"position\":2,\"name\":\"Prodejna\",\"item\":\"https:\\\/\\\/www.pakery.pl\\\/cs\\\/prodejna\\\/\"},{\"@type\":\"ListItem\",\"position\":3,\"name\":\"Injek\u010dn\u00ed p\u011bna WaterStopper\"}]},{\"@type\":\"WebSite\",\"@id\":\"https:\\\/\\\/www.pakery.pl\\\/cs\\\/#website\",\"url\":\"https:\\\/\\\/www.pakery.pl\\\/cs\\\/\",\"name\":\"Pakery.pl\",\"description\":\"Pakery iniekcyjne, Kotwy spiralne, Lance iniekcyjne, W\u0119\u017ce do iniekcji, Pompy iniekcyjne, Serwis pomp iniekcyjnych, Wynajem pomp do iniekcji\",\"publisher\":{\"@id\":\"https:\\\/\\\/www.pakery.pl\\\/cs\\\/#organization\"},\"potentialAction\":[{\"@type\":\"SearchAction\",\"target\":{\"@type\":\"EntryPoint\",\"urlTemplate\":\"https:\\\/\\\/www.pakery.pl\\\/cs\\\/?s={search_term_string}\"},\"query-input\":{\"@type\":\"PropertyValueSpecification\",\"valueRequired\":true,\"valueName\":\"search_term_string\"}}],\"inLanguage\":\"cs\"},{\"@type\":\"Organization\",\"@id\":\"https:\\\/\\\/www.pakery.pl\\\/cs\\\/#organization\",\"name\":\"PAKERY.PL\",\"url\":\"https:\\\/\\\/www.pakery.pl\\\/cs\\\/\",\"logo\":{\"@type\":\"ImageObject\",\"inLanguage\":\"cs\",\"@id\":\"https:\\\/\\\/www.pakery.pl\\\/cs\\\/#\\\/schema\\\/logo\\\/image\\\/\",\"url\":\"https:\\\/\\\/www.pakery.pl\\\/wp-content\\\/uploads\\\/2021\\\/04\\\/cropped-PAKERY-LOGO.png\",\"contentUrl\":\"https:\\\/\\\/www.pakery.pl\\\/wp-content\\\/uploads\\\/2021\\\/04\\\/cropped-PAKERY-LOGO.png\",\"width\":1529,\"height\":500,\"caption\":\"PAKERY.PL\"},\"image\":{\"@id\":\"https:\\\/\\\/www.pakery.pl\\\/cs\\\/#\\\/schema\\\/logo\\\/image\\\/\"}}]}<\/script>\n<!-- \/ Yoast SEO plugin. -->","yoast_head_json":{"title":"Injek\u010dn\u00ed p\u011bna WaterStopper - PAKERY.PL","description":"Injek\u010dn\u00ed polyuretanov\u00e1 p\u011bna WaterStopper ResinBau","robots":{"index":"index","follow":"follow","max-snippet":"max-snippet:-1","max-image-preview":"max-image-preview:large","max-video-preview":"max-video-preview:-1"},"canonical":"https:\/\/www.pakery.pl\/cs\/produkt\/injekcni-pena-waterstopper\/","og_locale":"cs_CZ","og_type":"article","og_title":"Injek\u010dn\u00ed p\u011bna WaterStopper - PAKERY.PL","og_description":"Injek\u010dn\u00ed polyuretanov\u00e1 p\u011bna WaterStopper ResinBau","og_url":"https:\/\/www.pakery.pl\/cs\/produkt\/injekcni-pena-waterstopper\/","og_site_name":"PAKERY.PL","article_modified_time":"2023-04-06T08:29:10+00:00","og_image":[{"width":861,"height":1024,"url":"https:\/\/www.pakery.pl\/wp-content\/uploads\/2022\/04\/WaterStopper-SET-861x1024.png","type":"image\/png"}],"twitter_card":"summary_large_image","twitter_misc":{"Odhadovan\u00e1 doba \u010dten\u00ed":"1 minuta"},"schema":{"@context":"https:\/\/schema.org","@graph":[{"@type":"WebPage","@id":"https:\/\/www.pakery.pl\/cs\/produkt\/injekcni-pena-waterstopper\/","url":"https:\/\/www.pakery.pl\/cs\/produkt\/injekcni-pena-waterstopper\/","name":"Injek\u010dn\u00ed p\u011bna WaterStopper - PAKERY.PL","isPartOf":{"@id":"https:\/\/www.pakery.pl\/cs\/#website"},"primaryImageOfPage":{"@id":"https:\/\/www.pakery.pl\/cs\/produkt\/injekcni-pena-waterstopper\/#primaryimage"},"image":{"@id":"https:\/\/www.pakery.pl\/cs\/produkt\/injekcni-pena-waterstopper\/#primaryimage"},"thumbnailUrl":"https:\/\/www.pakery.pl\/wp-content\/uploads\/2022\/04\/WaterStopper-SET.png","datePublished":"2023-04-06T08:29:06+00:00","dateModified":"2023-04-06T08:29:10+00:00","description":"Injek\u010dn\u00ed polyuretanov\u00e1 p\u011bna WaterStopper ResinBau","breadcrumb":{"@id":"https:\/\/www.pakery.pl\/cs\/produkt\/injekcni-pena-waterstopper\/#breadcrumb"},"inLanguage":"cs","potentialAction":[{"@type":"ReadAction","target":["https:\/\/www.pakery.pl\/cs\/produkt\/injekcni-pena-waterstopper\/"]}]},{"@type":"ImageObject","inLanguage":"cs","@id":"https:\/\/www.pakery.pl\/cs\/produkt\/injekcni-pena-waterstopper\/#primaryimage","url":"https:\/\/www.pakery.pl\/wp-content\/uploads\/2022\/04\/WaterStopper-SET.png","contentUrl":"https:\/\/www.pakery.pl\/wp-content\/uploads\/2022\/04\/WaterStopper-SET.png","width":1654,"height":1967},{"@type":"BreadcrumbList","@id":"https:\/\/www.pakery.pl\/cs\/produkt\/injekcni-pena-waterstopper\/#breadcrumb","itemListElement":[{"@type":"ListItem","position":1,"name":"Strona g\u0142\u00f3wna","item":"https:\/\/www.pakery.pl\/cs\/"},{"@type":"ListItem","position":2,"name":"Prodejna","item":"https:\/\/www.pakery.pl\/cs\/prodejna\/"},{"@type":"ListItem","position":3,"name":"Injek\u010dn\u00ed p\u011bna WaterStopper"}]},{"@type":"WebSite","@id":"https:\/\/www.pakery.pl\/cs\/#website","url":"https:\/\/www.pakery.pl\/cs\/","name":"Pakery.pl","description":"Pakery iniekcyjne, Kotwy spiralne, Lance iniekcyjne, W\u0119\u017ce do iniekcji, Pompy iniekcyjne, Serwis pomp iniekcyjnych, Wynajem pomp do iniekcji","publisher":{"@id":"https:\/\/www.pakery.pl\/cs\/#organization"},"potentialAction":[{"@type":"SearchAction","target":{"@type":"EntryPoint","urlTemplate":"https:\/\/www.pakery.pl\/cs\/?s={search_term_string}"},"query-input":{"@type":"PropertyValueSpecification","valueRequired":true,"valueName":"search_term_string"}}],"inLanguage":"cs"},{"@type":"Organization","@id":"https:\/\/www.pakery.pl\/cs\/#organization","name":"PAKERY.PL","url":"https:\/\/www.pakery.pl\/cs\/","logo":{"@type":"ImageObject","inLanguage":"cs","@id":"https:\/\/www.pakery.pl\/cs\/#\/schema\/logo\/image\/","url":"https:\/\/www.pakery.pl\/wp-content\/uploads\/2021\/04\/cropped-PAKERY-LOGO.png","contentUrl":"https:\/\/www.pakery.pl\/wp-content\/uploads\/2021\/04\/cropped-PAKERY-LOGO.png","width":1529,"height":500,"caption":"PAKERY.PL"},"image":{"@id":"https:\/\/www.pakery.pl\/cs\/#\/schema\/logo\/image\/"}}]}},"_links":{"self":[{"href":"https:\/\/www.pakery.pl\/cs\/wp-json\/wp\/v2\/product\/44194","targetHints":{"allow":["GET"]}}],"collection":[{"href":"https:\/\/www.pakery.pl\/cs\/wp-json\/wp\/v2\/product"}],"about":[{"href":"https:\/\/www.pakery.pl\/cs\/wp-json\/wp\/v2\/types\/product"}],"version-history":[{"count":3,"href":"https:\/\/www.pakery.pl\/cs\/wp-json\/wp\/v2\/product\/44194\/revisions"}],"predecessor-version":[{"id":44197,"href":"https:\/\/www.pakery.pl\/cs\/wp-json\/wp\/v2\/product\/44194\/revisions\/44197"}],"wp:featuredmedia":[{"embeddable":true,"href":"https:\/\/www.pakery.pl\/cs\/wp-json\/wp\/v2\/media\/50376"}],"wp:attachment":[{"href":"https:\/\/www.pakery.pl\/cs\/wp-json\/wp\/v2\/media?parent=44194"}],"wp:term":[{"taxonomy":"product_brand","embeddable":true,"href":"https:\/\/www.pakery.pl\/cs\/wp-json\/wp\/v2\/product_brand?post=44194"},{"taxonomy":"product_cat","embeddable":true,"href":"https:\/\/www.pakery.pl\/cs\/wp-json\/wp\/v2\/product_cat?post=44194"},{"taxonomy":"product_tag","embeddable":true,"href":"https:\/\/www.pakery.pl\/cs\/wp-json\/wp\/v2\/product_tag?post=44194"}],"curies":[{"name":"wp","href":"https:\/\/api.w.org\/{rel}","templated":true}]}}