{"id":44032,"date":"2023-04-06T10:11:56","date_gmt":"2023-04-06T08:11:56","guid":{"rendered":"https:\/\/www.pakery.pl\/produkt\/vodotesna-rychletuhnouci-malta-crackon-5\/"},"modified":"2023-04-06T10:12:00","modified_gmt":"2023-04-06T08:12:00","slug":"vodotesna-rychletuhnouci-malta-crackon-5","status":"publish","type":"product","link":"https:\/\/www.pakery.pl\/cs\/produkt\/vodotesna-rychletuhnouci-malta-crackon-5\/","title":{"rendered":"Vodot\u011bsn\u00e1 rychletuhnouc\u00ed malta CrackOn.5"},"content":{"rendered":"\t\t<div data-elementor-type=\"product-post\" data-elementor-id=\"44032\" class=\"elementor elementor-44032 elementor-41186\" data-elementor-post-type=\"product\">\n\t\t\t\t\t\t<section class=\"elementor-section elementor-top-section elementor-element elementor-element-2928d35 elementor-section-boxed elementor-section-height-default elementor-section-height-default\" data-id=\"2928d35\" data-element_type=\"section\" data-e-type=\"section\">\n\t\t\t\t\t\t<div class=\"elementor-container elementor-column-gap-default\">\n\t\t\t\t\t<div class=\"elementor-column elementor-col-50 elementor-top-column elementor-element elementor-element-eea3ab2\" data-id=\"eea3ab2\" data-element_type=\"column\" data-e-type=\"column\">\n\t\t\t<div class=\"elementor-widget-wrap elementor-element-populated\">\n\t\t\t\t\t\t<div class=\"elementor-element elementor-element-785be24 elementor-widget elementor-widget-image\" data-id=\"785be24\" data-element_type=\"widget\" data-e-type=\"widget\" data-widget_type=\"image.default\">\n\t\t\t\t<div class=\"elementor-widget-container\">\n\t\t\t\t\t\t\t\t\t\t\t\t\t\t\t<img fetchpriority=\"high\" decoding=\"async\" width=\"560\" height=\"175\" src=\"https:\/\/www.pakery.pl\/wp-content\/uploads\/2022\/06\/Zrzut-ekranu-2022-06-9-o-09.03.44.png\" class=\"attachment-large size-large wp-image-41190\" alt=\"\" srcset=\"https:\/\/www.pakery.pl\/wp-content\/uploads\/2022\/06\/Zrzut-ekranu-2022-06-9-o-09.03.44.png 560w, https:\/\/www.pakery.pl\/wp-content\/uploads\/2022\/06\/Zrzut-ekranu-2022-06-9-o-09.03.44-300x94.png 300w\" sizes=\"(max-width: 560px) 100vw, 560px\" \/>\t\t\t\t\t\t\t\t\t\t\t\t\t\t\t<\/div>\n\t\t\t\t<\/div>\n\t\t\t\t\t<\/div>\n\t\t<\/div>\n\t\t\t\t<div class=\"elementor-column elementor-col-50 elementor-top-column elementor-element elementor-element-fc19765\" data-id=\"fc19765\" data-element_type=\"column\" data-e-type=\"column\">\n\t\t\t<div class=\"elementor-widget-wrap elementor-element-populated\">\n\t\t\t\t\t\t<div class=\"elementor-element elementor-element-270ede0 elementor-widget elementor-widget-text-editor\" data-id=\"270ede0\" data-element_type=\"widget\" data-e-type=\"widget\" data-widget_type=\"text-editor.default\">\n\t\t\t\t<div class=\"elementor-widget-container\">\n\t\t\t\t\t\t\t\t\t<p><b style=\"caret-color: #070707; color: #070707;\">CrackOn.5<\/b><span style=\"caret-color: #070707; color: #070707;\"> je v\u00fdrobek ur\u010den\u00fd k rychl\u00e9mu ut\u011bsn\u011bn\u00ed betonov\u00fdch prvk\u016f, trhlin a otvor\u016f v betonu a k p\u0159ehrazen\u00ed lok\u00e1ln\u00edch pr\u016fsak\u016f vody.<\/span><\/p>\n\t\t\t\t\t\t\t\t<\/div>\n\t\t\t\t<\/div>\n\t\t\t\t\t<\/div>\n\t\t<\/div>\n\t\t\t\t\t<\/div>\n\t\t<\/section>\n\t\t\t\t<section class=\"elementor-section elementor-top-section elementor-element elementor-element-bd32a33 elementor-section-boxed elementor-section-height-default elementor-section-height-default\" data-id=\"bd32a33\" data-element_type=\"section\" data-e-type=\"section\">\n\t\t\t\t\t\t<div class=\"elementor-container elementor-column-gap-default\">\n\t\t\t\t\t<div class=\"elementor-column elementor-col-50 elementor-top-column elementor-element elementor-element-a9e4796\" data-id=\"a9e4796\" data-element_type=\"column\" data-e-type=\"column\">\n\t\t\t<div class=\"elementor-widget-wrap elementor-element-populated\">\n\t\t\t\t\t\t<div class=\"elementor-element elementor-element-d02ff8f elementor-widget elementor-widget-text-editor\" data-id=\"d02ff8f\" data-element_type=\"widget\" data-e-type=\"widget\" data-widget_type=\"text-editor.default\">\n\t\t\t\t<div class=\"elementor-widget-container\">\n\t\t\t\t\t\t\t\t\t<p><span style=\"caret-color: #000000; color: #14408a; font-family: ArialNarrow; font-size: 18.66666603088379px; font-weight: bold;\">Oblasti pou\u017eit\u00ed  <\/span><\/p>\n\t\t\t\t\t\t\t\t<\/div>\n\t\t\t\t<\/div>\n\t\t\t\t\t<\/div>\n\t\t<\/div>\n\t\t\t\t<div class=\"elementor-column elementor-col-50 elementor-top-column elementor-element elementor-element-a5f2224\" data-id=\"a5f2224\" data-element_type=\"column\" data-e-type=\"column\">\n\t\t\t<div class=\"elementor-widget-wrap\">\n\t\t\t\t\t\t\t<\/div>\n\t\t<\/div>\n\t\t\t\t\t<\/div>\n\t\t<\/section>\n\t\t\t\t<section class=\"elementor-section elementor-top-section elementor-element elementor-element-c46a362 elementor-section-boxed elementor-section-height-default elementor-section-height-default\" data-id=\"c46a362\" data-element_type=\"section\" data-e-type=\"section\">\n\t\t\t\t\t\t<div class=\"elementor-container elementor-column-gap-default\">\n\t\t\t\t\t<div class=\"elementor-column elementor-col-100 elementor-top-column elementor-element elementor-element-86657da\" data-id=\"86657da\" data-element_type=\"column\" data-e-type=\"column\">\n\t\t\t<div class=\"elementor-widget-wrap elementor-element-populated\">\n\t\t\t\t\t\t<div class=\"elementor-element elementor-element-9f03506 elementor-widget elementor-widget-text-editor\" data-id=\"9f03506\" data-element_type=\"widget\" data-e-type=\"widget\" data-widget_type=\"text-editor.default\">\n\t\t\t\t<div class=\"elementor-widget-container\">\n\t\t\t\t\t\t\t\t\t<ul style=\"caret-color: #151414; color: #151414;\">\n<li>Kanaliza\u010dn\u00ed infrastruktura<\/li>\n<li>Pr\u016fmyslov\u00e9 stavby, hydrotechnika, energetika<\/li>\n<li>Svisl\u00e9, vodorovn\u00e9 a stropn\u00ed plochy<\/li>\n<li>Pro do\u010dasn\u00e9 omezen\u00ed \u00fanik\u016f vody<\/li>\n<li>Pro pou\u017eit\u00ed v interi\u00e9ru i exteri\u00e9ru<\/li>\n<li>Pro rychlou mont\u00e1\u017e a usazov\u00e1n\u00ed ocelov\u00fdch prvk\u016f v betonu<\/li>\n<li>K vypl\u0148ov\u00e1n\u00ed trhlin a d\u011br<\/li>\n<\/ul>\n\t\t\t\t\t\t\t\t<\/div>\n\t\t\t\t<\/div>\n\t\t\t\t\t<\/div>\n\t\t<\/div>\n\t\t\t\t\t<\/div>\n\t\t<\/section>\n\t\t\t\t<section class=\"elementor-section elementor-top-section elementor-element elementor-element-45bc812 elementor-section-boxed elementor-section-height-default elementor-section-height-default\" data-id=\"45bc812\" data-element_type=\"section\" data-e-type=\"section\">\n\t\t\t\t\t\t<div class=\"elementor-container elementor-column-gap-default\">\n\t\t\t\t\t<div class=\"elementor-column elementor-col-50 elementor-top-column elementor-element elementor-element-60e491c\" data-id=\"60e491c\" data-element_type=\"column\" data-e-type=\"column\">\n\t\t\t<div class=\"elementor-widget-wrap elementor-element-populated\">\n\t\t\t\t\t\t<div class=\"elementor-element elementor-element-b50d958 elementor-widget elementor-widget-text-editor\" data-id=\"b50d958\" data-element_type=\"widget\" data-e-type=\"widget\" data-widget_type=\"text-editor.default\">\n\t\t\t\t<div class=\"elementor-widget-container\">\n\t\t\t\t\t\t\t\t\t<p><span style=\"caret-color: #000000; color: #14408a; font-family: ArialNarrow; font-size: 18.66666603088379px; font-weight: bold;\">Zp\u016fsob pou\u017eit\u00ed<\/span><\/p>\n\t\t\t\t\t\t\t\t<\/div>\n\t\t\t\t<\/div>\n\t\t\t\t\t<\/div>\n\t\t<\/div>\n\t\t\t\t<div class=\"elementor-column elementor-col-50 elementor-top-column elementor-element elementor-element-2f97c5f\" data-id=\"2f97c5f\" data-element_type=\"column\" data-e-type=\"column\">\n\t\t\t<div class=\"elementor-widget-wrap\">\n\t\t\t\t\t\t\t<\/div>\n\t\t<\/div>\n\t\t\t\t\t<\/div>\n\t\t<\/section>\n\t\t\t\t<section class=\"elementor-section elementor-top-section elementor-element elementor-element-16fdd51 elementor-section-boxed elementor-section-height-default elementor-section-height-default\" data-id=\"16fdd51\" data-element_type=\"section\" data-e-type=\"section\">\n\t\t\t\t\t\t<div class=\"elementor-container elementor-column-gap-default\">\n\t\t\t\t\t<div class=\"elementor-column elementor-col-50 elementor-top-column elementor-element elementor-element-c2fdfbd\" data-id=\"c2fdfbd\" data-element_type=\"column\" data-e-type=\"column\">\n\t\t\t<div class=\"elementor-widget-wrap elementor-element-populated\">\n\t\t\t\t\t\t<div class=\"elementor-element elementor-element-e6aedfd elementor-widget elementor-widget-image\" data-id=\"e6aedfd\" data-element_type=\"widget\" data-e-type=\"widget\" data-widget_type=\"image.default\">\n\t\t\t\t<div class=\"elementor-widget-container\">\n\t\t\t\t\t\t\t\t\t\t\t\t\t\t\t<img decoding=\"async\" width=\"408\" height=\"368\" src=\"https:\/\/www.pakery.pl\/wp-content\/uploads\/2022\/06\/Zrzut-ekranu-2022-06-9-o-09.19.39.png\" class=\"attachment-large size-large wp-image-41214\" alt=\"\" srcset=\"https:\/\/www.pakery.pl\/wp-content\/uploads\/2022\/06\/Zrzut-ekranu-2022-06-9-o-09.19.39.png 408w, https:\/\/www.pakery.pl\/wp-content\/uploads\/2022\/06\/Zrzut-ekranu-2022-06-9-o-09.19.39-300x271.png 300w\" sizes=\"(max-width: 408px) 100vw, 408px\" \/>\t\t\t\t\t\t\t\t\t\t\t\t\t\t\t<\/div>\n\t\t\t\t<\/div>\n\t\t\t\t\t<\/div>\n\t\t<\/div>\n\t\t\t\t<div class=\"elementor-column elementor-col-50 elementor-top-column elementor-element elementor-element-b92204b\" data-id=\"b92204b\" data-element_type=\"column\" data-e-type=\"column\">\n\t\t\t<div class=\"elementor-widget-wrap elementor-element-populated\">\n\t\t\t\t\t\t<div class=\"elementor-element elementor-element-8dad73f elementor-widget elementor-widget-text-editor\" data-id=\"8dad73f\" data-element_type=\"widget\" data-e-type=\"widget\" data-widget_type=\"text-editor.default\">\n\t\t\t\t<div class=\"elementor-widget-container\">\n\t\t\t\t\t\t\t\t\t<ul>\n<li style=\"margin: 0px; text-align: justify; font-stretch: normal; font-size: 10px; line-height: normal; font-family: 'Arial Narrow'; color: #000000;\">\n<h6>Teplota materi\u00e1lu, prost\u0159ed\u00ed a podkladu by se m\u011bla pohybovat mezi +5 \u00b0C a +30 \u00b0C.<\/h6>\n<\/li>\n<li style=\"margin: 0px; text-align: justify; font-stretch: normal; font-size: 10px; line-height: normal; font-family: 'Arial Narrow'; color: #000000;\">\n<h6>Ni\u017e\u0161\u00ed teplota prodlu\u017euje trvanlivost malty, zat\u00edmco vy\u0161\u0161\u00ed teplota trvanlivost zkracuje.<\/h6>\n<\/li>\n<li style=\"margin: 0px; text-align: justify; font-stretch: normal; font-size: 10px; line-height: normal; font-family: 'Arial Narrow'; color: #000000;\">\n<h6>P\u0159ipravenou maltu vtla\u010dte do c\u00edlov\u00e9 oblasti a dr\u017ete ji na m\u00edst\u011b, dokud nezatvrdne.<\/h6>\n<\/li>\n<\/ul>\n<div style=\"text-align: justify;\">\n<table style=\"width: 550px; caret-color: #000000; color: #000000;\" cellspacing=\"0\" cellpadding=\"0\">\n<tbody>\n<tr>\n<td style=\"width: 214px; height: 30px; border: 1px solid #000000; padding: 4px;\" rowspan=\"2\" valign=\"middle\">\n<h6 style=\"margin-right: 0px; margin-bottom: 0px; margin-left: 0px;\"><span style=\"font-stretch: normal; font-size: 15px; line-height: normal; font-family: 'Arial Narrow'; font-variant-ligatures: common-ligatures;\">Doba zpracovatelnosti malty<\/span><\/h6>\n<\/td>\n<td style=\"width: 162px; height: 10px; border: 1px solid #000000; padding: 4px;\" valign=\"middle\">\n<h3 style=\"margin-right: 0px; margin-bottom: 0px; margin-left: 0px; text-align: center;\" align=\"center\"><span style=\"font-stretch: normal; font-size: 15px; line-height: normal; font-family: 'Arial Narrow'; font-variant-ligatures: common-ligatures;\">4 minuty p\u0159i 25 \u00b0C<\/span><\/h3>\n<\/td>\n<\/tr>\n<tr>\n<td style=\"width: 162px; height: 11px; border: 1px solid #000000; padding: 4px;\" valign=\"middle\">\n<h3 style=\"margin-right: 0px; margin-bottom: 0px; margin-left: 0px; text-align: center;\" align=\"center\"><span style=\"font-stretch: normal; font-size: 15px; line-height: normal; font-family: 'Arial Narrow'; font-variant-ligatures: common-ligatures;\">7 minut p\u0159i 7 \u00b0C<\/span><\/h3>\n<\/td>\n<\/tr>\n<\/tbody>\n<\/table>\n<\/div>\n\t\t\t\t\t\t\t\t<\/div>\n\t\t\t\t<\/div>\n\t\t\t\t\t<\/div>\n\t\t<\/div>\n\t\t\t\t\t<\/div>\n\t\t<\/section>\n\t\t\t\t<section class=\"elementor-section elementor-top-section elementor-element elementor-element-51e2dcd elementor-section-boxed elementor-section-height-default elementor-section-height-default\" data-id=\"51e2dcd\" data-element_type=\"section\" data-e-type=\"section\">\n\t\t\t\t\t\t<div class=\"elementor-container elementor-column-gap-default\">\n\t\t\t\t\t<div class=\"elementor-column elementor-col-50 elementor-top-column elementor-element elementor-element-c3aee0c\" data-id=\"c3aee0c\" data-element_type=\"column\" data-e-type=\"column\">\n\t\t\t<div class=\"elementor-widget-wrap elementor-element-populated\">\n\t\t\t\t\t\t<div class=\"elementor-element elementor-element-6745adf elementor-widget elementor-widget-text-editor\" data-id=\"6745adf\" data-element_type=\"widget\" data-e-type=\"widget\" data-widget_type=\"text-editor.default\">\n\t\t\t\t<div class=\"elementor-widget-container\">\n\t\t\t\t\t\t\t\t\t<h5 style=\"font-family: Montserrat, sans-serif; color: #7a7a7a;\"><b style=\"caret-color: #000000; color: #14408a; font-family: ArialNarrow;\">St\u00e1hnout<\/b><\/h5>\n\t\t\t\t\t\t\t\t<\/div>\n\t\t\t\t<\/div>\n\t\t\t\t\t<\/div>\n\t\t<\/div>\n\t\t\t\t<div class=\"elementor-column elementor-col-50 elementor-top-column elementor-element elementor-element-496f486\" data-id=\"496f486\" data-element_type=\"column\" data-e-type=\"column\">\n\t\t\t<div class=\"elementor-widget-wrap elementor-element-populated\">\n\t\t\t\t\t\t<div class=\"elementor-element elementor-element-88d1809 elementor-widget elementor-widget-button\" data-id=\"88d1809\" data-element_type=\"widget\" data-e-type=\"widget\" data-widget_type=\"button.default\">\n\t\t\t\t<div class=\"elementor-widget-container\">\n\t\t\t\t\t\t\t\t\t<div class=\"elementor-button-wrapper\">\n\t\t\t\t\t<a class=\"elementor-button elementor-button-link elementor-size-sm\" href=\"https:\/\/www.pakery.pl\/wp-content\/uploads\/2022\/06\/ResinBau-CrackOn-5-Karta-Techniczna.pdf\">\n\t\t\t\t\t\t<span class=\"elementor-button-content-wrapper\">\n\t\t\t\t\t\t\t\t\t<span class=\"elementor-button-text\">Technick\u00fd list<\/span>\n\t\t\t\t\t<\/span>\n\t\t\t\t\t<\/a>\n\t\t\t\t<\/div>\n\t\t\t\t\t\t\t\t<\/div>\n\t\t\t\t<\/div>\n\t\t\t\t\t<\/div>\n\t\t<\/div>\n\t\t\t\t\t<\/div>\n\t\t<\/section>\n\t\t\t\t<\/div>\n\t\t","protected":false},"excerpt":{"rendered":"<p>CrackOn.5 je v\u00fdrobek ur\u010den\u00fd k rychl\u00e9mu ut\u011bsn\u011bn\u00ed betonov\u00fdch prvk\u016f, trhlin a otvor\u016f v betonu a k p\u0159ehrazen\u00ed lok\u00e1ln\u00edch pr\u016fsak\u016f vody. Oblasti pou\u017eit\u00ed Kanaliza\u010dn\u00ed infrastruktura Pr\u016fmyslov\u00e9 stavby, hydrotechnika, energetika Svisl\u00e9, vodorovn\u00e9 a stropn\u00ed plochy Pro do\u010dasn\u00e9 omezen\u00ed \u00fanik\u016f vody Pro pou\u017eit\u00ed v interi\u00e9ru i exteri\u00e9ru Pro rychlou mont\u00e1\u017e a usazov\u00e1n\u00ed ocelov\u00fdch prvk\u016f v betonu K vypl\u0148ov\u00e1n\u00ed [&hellip;]<\/p>\n","protected":false},"featured_media":41238,"template":"","meta":{"_acf_changed":false},"product_brand":[],"product_cat":[1892],"product_tag":[],"class_list":{"0":"post-44032","1":"product","2":"type-product","3":"status-publish","4":"has-post-thumbnail","6":"product_cat-injekcni-pryskyrice","8":"first","9":"instock","10":"taxable","11":"shipping-taxable","12":"purchasable","13":"product-type-simple"},"acf":[],"yoast_head":"<!-- This site is optimized with the Yoast SEO plugin v27.3 - https:\/\/yoast.com\/product\/yoast-seo-wordpress\/ -->\n<title>Vodot\u011bsn\u00e1 rychletuhnouc\u00ed malta CrackOn.5 - PAKERY.PL<\/title>\n<meta name=\"description\" content=\"Vodot\u011bsn\u00e1 rychletuhnouc\u00ed malta CrackOn.5 | Injek\u010dn\u00ed obaly | Stavebn\u00ed injekt\u00e1\u017e\" \/>\n<meta name=\"robots\" content=\"index, follow, max-snippet:-1, max-image-preview:large, max-video-preview:-1\" \/>\n<link rel=\"canonical\" href=\"https:\/\/www.pakery.pl\/cs\/produkt\/vodotesna-rychletuhnouci-malta-crackon-5\/\" \/>\n<meta property=\"og:locale\" content=\"cs_CZ\" \/>\n<meta property=\"og:type\" content=\"article\" \/>\n<meta property=\"og:title\" content=\"Vodot\u011bsn\u00e1 rychletuhnouc\u00ed malta CrackOn.5 - PAKERY.PL\" \/>\n<meta property=\"og:description\" content=\"Vodot\u011bsn\u00e1 rychletuhnouc\u00ed malta CrackOn.5 | Injek\u010dn\u00ed obaly | Stavebn\u00ed injekt\u00e1\u017e\" \/>\n<meta property=\"og:url\" content=\"https:\/\/www.pakery.pl\/cs\/produkt\/vodotesna-rychletuhnouci-malta-crackon-5\/\" \/>\n<meta property=\"og:site_name\" content=\"PAKERY.PL\" \/>\n<meta property=\"article:modified_time\" content=\"2023-04-06T08:12:00+00:00\" \/>\n<meta property=\"og:image\" content=\"https:\/\/www.pakery.pl\/wp-content\/uploads\/2022\/06\/CrackOn.5-602x551-1-e1657201249223.png\" \/>\n\t<meta property=\"og:image:width\" content=\"602\" \/>\n\t<meta property=\"og:image:height\" content=\"551\" \/>\n\t<meta property=\"og:image:type\" content=\"image\/png\" \/>\n<meta name=\"twitter:card\" content=\"summary_large_image\" \/>\n<meta name=\"twitter:label1\" content=\"Odhadovan\u00e1 doba \u010dten\u00ed\" \/>\n\t<meta name=\"twitter:data1\" content=\"1 minuta\" \/>\n<script type=\"application\/ld+json\" class=\"yoast-schema-graph\">{\"@context\":\"https:\\\/\\\/schema.org\",\"@graph\":[{\"@type\":\"WebPage\",\"@id\":\"https:\\\/\\\/www.pakery.pl\\\/cs\\\/produkt\\\/vodotesna-rychletuhnouci-malta-crackon-5\\\/\",\"url\":\"https:\\\/\\\/www.pakery.pl\\\/cs\\\/produkt\\\/vodotesna-rychletuhnouci-malta-crackon-5\\\/\",\"name\":\"Vodot\u011bsn\u00e1 rychletuhnouc\u00ed malta CrackOn.5 - PAKERY.PL\",\"isPartOf\":{\"@id\":\"https:\\\/\\\/www.pakery.pl\\\/cs\\\/#website\"},\"primaryImageOfPage\":{\"@id\":\"https:\\\/\\\/www.pakery.pl\\\/cs\\\/produkt\\\/vodotesna-rychletuhnouci-malta-crackon-5\\\/#primaryimage\"},\"image\":{\"@id\":\"https:\\\/\\\/www.pakery.pl\\\/cs\\\/produkt\\\/vodotesna-rychletuhnouci-malta-crackon-5\\\/#primaryimage\"},\"thumbnailUrl\":\"https:\\\/\\\/www.pakery.pl\\\/wp-content\\\/uploads\\\/2022\\\/06\\\/CrackOn.5-602x551-1-e1657201249223.png\",\"datePublished\":\"2023-04-06T08:11:56+00:00\",\"dateModified\":\"2023-04-06T08:12:00+00:00\",\"description\":\"Vodot\u011bsn\u00e1 rychletuhnouc\u00ed malta CrackOn.5 | Injek\u010dn\u00ed obaly | Stavebn\u00ed injekt\u00e1\u017e\",\"breadcrumb\":{\"@id\":\"https:\\\/\\\/www.pakery.pl\\\/cs\\\/produkt\\\/vodotesna-rychletuhnouci-malta-crackon-5\\\/#breadcrumb\"},\"inLanguage\":\"cs\",\"potentialAction\":[{\"@type\":\"ReadAction\",\"target\":[\"https:\\\/\\\/www.pakery.pl\\\/cs\\\/produkt\\\/vodotesna-rychletuhnouci-malta-crackon-5\\\/\"]}]},{\"@type\":\"ImageObject\",\"inLanguage\":\"cs\",\"@id\":\"https:\\\/\\\/www.pakery.pl\\\/cs\\\/produkt\\\/vodotesna-rychletuhnouci-malta-crackon-5\\\/#primaryimage\",\"url\":\"https:\\\/\\\/www.pakery.pl\\\/wp-content\\\/uploads\\\/2022\\\/06\\\/CrackOn.5-602x551-1-e1657201249223.png\",\"contentUrl\":\"https:\\\/\\\/www.pakery.pl\\\/wp-content\\\/uploads\\\/2022\\\/06\\\/CrackOn.5-602x551-1-e1657201249223.png\",\"width\":602,\"height\":551},{\"@type\":\"BreadcrumbList\",\"@id\":\"https:\\\/\\\/www.pakery.pl\\\/cs\\\/produkt\\\/vodotesna-rychletuhnouci-malta-crackon-5\\\/#breadcrumb\",\"itemListElement\":[{\"@type\":\"ListItem\",\"position\":1,\"name\":\"Strona g\u0142\u00f3wna\",\"item\":\"https:\\\/\\\/www.pakery.pl\\\/cs\\\/\"},{\"@type\":\"ListItem\",\"position\":2,\"name\":\"Prodejna\",\"item\":\"https:\\\/\\\/www.pakery.pl\\\/cs\\\/prodejna\\\/\"},{\"@type\":\"ListItem\",\"position\":3,\"name\":\"Vodot\u011bsn\u00e1 rychletuhnouc\u00ed malta CrackOn.5\"}]},{\"@type\":\"WebSite\",\"@id\":\"https:\\\/\\\/www.pakery.pl\\\/cs\\\/#website\",\"url\":\"https:\\\/\\\/www.pakery.pl\\\/cs\\\/\",\"name\":\"Pakery.pl\",\"description\":\"Pakery iniekcyjne, Kotwy spiralne, Lance iniekcyjne, W\u0119\u017ce do iniekcji, Pompy iniekcyjne, Serwis pomp iniekcyjnych, Wynajem pomp do iniekcji\",\"publisher\":{\"@id\":\"https:\\\/\\\/www.pakery.pl\\\/cs\\\/#organization\"},\"potentialAction\":[{\"@type\":\"SearchAction\",\"target\":{\"@type\":\"EntryPoint\",\"urlTemplate\":\"https:\\\/\\\/www.pakery.pl\\\/cs\\\/?s={search_term_string}\"},\"query-input\":{\"@type\":\"PropertyValueSpecification\",\"valueRequired\":true,\"valueName\":\"search_term_string\"}}],\"inLanguage\":\"cs\"},{\"@type\":\"Organization\",\"@id\":\"https:\\\/\\\/www.pakery.pl\\\/cs\\\/#organization\",\"name\":\"PAKERY.PL\",\"url\":\"https:\\\/\\\/www.pakery.pl\\\/cs\\\/\",\"logo\":{\"@type\":\"ImageObject\",\"inLanguage\":\"cs\",\"@id\":\"https:\\\/\\\/www.pakery.pl\\\/cs\\\/#\\\/schema\\\/logo\\\/image\\\/\",\"url\":\"https:\\\/\\\/www.pakery.pl\\\/wp-content\\\/uploads\\\/2021\\\/04\\\/cropped-PAKERY-LOGO.png\",\"contentUrl\":\"https:\\\/\\\/www.pakery.pl\\\/wp-content\\\/uploads\\\/2021\\\/04\\\/cropped-PAKERY-LOGO.png\",\"width\":1529,\"height\":500,\"caption\":\"PAKERY.PL\"},\"image\":{\"@id\":\"https:\\\/\\\/www.pakery.pl\\\/cs\\\/#\\\/schema\\\/logo\\\/image\\\/\"}}]}<\/script>\n<!-- \/ Yoast SEO plugin. -->","yoast_head_json":{"title":"Vodot\u011bsn\u00e1 rychletuhnouc\u00ed malta CrackOn.5 - PAKERY.PL","description":"Vodot\u011bsn\u00e1 rychletuhnouc\u00ed malta CrackOn.5 | Injek\u010dn\u00ed obaly | Stavebn\u00ed injekt\u00e1\u017e","robots":{"index":"index","follow":"follow","max-snippet":"max-snippet:-1","max-image-preview":"max-image-preview:large","max-video-preview":"max-video-preview:-1"},"canonical":"https:\/\/www.pakery.pl\/cs\/produkt\/vodotesna-rychletuhnouci-malta-crackon-5\/","og_locale":"cs_CZ","og_type":"article","og_title":"Vodot\u011bsn\u00e1 rychletuhnouc\u00ed malta CrackOn.5 - PAKERY.PL","og_description":"Vodot\u011bsn\u00e1 rychletuhnouc\u00ed malta CrackOn.5 | Injek\u010dn\u00ed obaly | Stavebn\u00ed injekt\u00e1\u017e","og_url":"https:\/\/www.pakery.pl\/cs\/produkt\/vodotesna-rychletuhnouci-malta-crackon-5\/","og_site_name":"PAKERY.PL","article_modified_time":"2023-04-06T08:12:00+00:00","og_image":[{"width":602,"height":551,"url":"https:\/\/www.pakery.pl\/wp-content\/uploads\/2022\/06\/CrackOn.5-602x551-1-e1657201249223.png","type":"image\/png"}],"twitter_card":"summary_large_image","twitter_misc":{"Odhadovan\u00e1 doba \u010dten\u00ed":"1 minuta"},"schema":{"@context":"https:\/\/schema.org","@graph":[{"@type":"WebPage","@id":"https:\/\/www.pakery.pl\/cs\/produkt\/vodotesna-rychletuhnouci-malta-crackon-5\/","url":"https:\/\/www.pakery.pl\/cs\/produkt\/vodotesna-rychletuhnouci-malta-crackon-5\/","name":"Vodot\u011bsn\u00e1 rychletuhnouc\u00ed malta CrackOn.5 - PAKERY.PL","isPartOf":{"@id":"https:\/\/www.pakery.pl\/cs\/#website"},"primaryImageOfPage":{"@id":"https:\/\/www.pakery.pl\/cs\/produkt\/vodotesna-rychletuhnouci-malta-crackon-5\/#primaryimage"},"image":{"@id":"https:\/\/www.pakery.pl\/cs\/produkt\/vodotesna-rychletuhnouci-malta-crackon-5\/#primaryimage"},"thumbnailUrl":"https:\/\/www.pakery.pl\/wp-content\/uploads\/2022\/06\/CrackOn.5-602x551-1-e1657201249223.png","datePublished":"2023-04-06T08:11:56+00:00","dateModified":"2023-04-06T08:12:00+00:00","description":"Vodot\u011bsn\u00e1 rychletuhnouc\u00ed malta CrackOn.5 | Injek\u010dn\u00ed obaly | Stavebn\u00ed injekt\u00e1\u017e","breadcrumb":{"@id":"https:\/\/www.pakery.pl\/cs\/produkt\/vodotesna-rychletuhnouci-malta-crackon-5\/#breadcrumb"},"inLanguage":"cs","potentialAction":[{"@type":"ReadAction","target":["https:\/\/www.pakery.pl\/cs\/produkt\/vodotesna-rychletuhnouci-malta-crackon-5\/"]}]},{"@type":"ImageObject","inLanguage":"cs","@id":"https:\/\/www.pakery.pl\/cs\/produkt\/vodotesna-rychletuhnouci-malta-crackon-5\/#primaryimage","url":"https:\/\/www.pakery.pl\/wp-content\/uploads\/2022\/06\/CrackOn.5-602x551-1-e1657201249223.png","contentUrl":"https:\/\/www.pakery.pl\/wp-content\/uploads\/2022\/06\/CrackOn.5-602x551-1-e1657201249223.png","width":602,"height":551},{"@type":"BreadcrumbList","@id":"https:\/\/www.pakery.pl\/cs\/produkt\/vodotesna-rychletuhnouci-malta-crackon-5\/#breadcrumb","itemListElement":[{"@type":"ListItem","position":1,"name":"Strona g\u0142\u00f3wna","item":"https:\/\/www.pakery.pl\/cs\/"},{"@type":"ListItem","position":2,"name":"Prodejna","item":"https:\/\/www.pakery.pl\/cs\/prodejna\/"},{"@type":"ListItem","position":3,"name":"Vodot\u011bsn\u00e1 rychletuhnouc\u00ed malta CrackOn.5"}]},{"@type":"WebSite","@id":"https:\/\/www.pakery.pl\/cs\/#website","url":"https:\/\/www.pakery.pl\/cs\/","name":"Pakery.pl","description":"Pakery iniekcyjne, Kotwy spiralne, Lance iniekcyjne, W\u0119\u017ce do iniekcji, Pompy iniekcyjne, Serwis pomp iniekcyjnych, Wynajem pomp do iniekcji","publisher":{"@id":"https:\/\/www.pakery.pl\/cs\/#organization"},"potentialAction":[{"@type":"SearchAction","target":{"@type":"EntryPoint","urlTemplate":"https:\/\/www.pakery.pl\/cs\/?s={search_term_string}"},"query-input":{"@type":"PropertyValueSpecification","valueRequired":true,"valueName":"search_term_string"}}],"inLanguage":"cs"},{"@type":"Organization","@id":"https:\/\/www.pakery.pl\/cs\/#organization","name":"PAKERY.PL","url":"https:\/\/www.pakery.pl\/cs\/","logo":{"@type":"ImageObject","inLanguage":"cs","@id":"https:\/\/www.pakery.pl\/cs\/#\/schema\/logo\/image\/","url":"https:\/\/www.pakery.pl\/wp-content\/uploads\/2021\/04\/cropped-PAKERY-LOGO.png","contentUrl":"https:\/\/www.pakery.pl\/wp-content\/uploads\/2021\/04\/cropped-PAKERY-LOGO.png","width":1529,"height":500,"caption":"PAKERY.PL"},"image":{"@id":"https:\/\/www.pakery.pl\/cs\/#\/schema\/logo\/image\/"}}]}},"_links":{"self":[{"href":"https:\/\/www.pakery.pl\/cs\/wp-json\/wp\/v2\/product\/44032","targetHints":{"allow":["GET"]}}],"collection":[{"href":"https:\/\/www.pakery.pl\/cs\/wp-json\/wp\/v2\/product"}],"about":[{"href":"https:\/\/www.pakery.pl\/cs\/wp-json\/wp\/v2\/types\/product"}],"version-history":[{"count":3,"href":"https:\/\/www.pakery.pl\/cs\/wp-json\/wp\/v2\/product\/44032\/revisions"}],"predecessor-version":[{"id":44035,"href":"https:\/\/www.pakery.pl\/cs\/wp-json\/wp\/v2\/product\/44032\/revisions\/44035"}],"wp:featuredmedia":[{"embeddable":true,"href":"https:\/\/www.pakery.pl\/cs\/wp-json\/wp\/v2\/media\/41238"}],"wp:attachment":[{"href":"https:\/\/www.pakery.pl\/cs\/wp-json\/wp\/v2\/media?parent=44032"}],"wp:term":[{"taxonomy":"product_brand","embeddable":true,"href":"https:\/\/www.pakery.pl\/cs\/wp-json\/wp\/v2\/product_brand?post=44032"},{"taxonomy":"product_cat","embeddable":true,"href":"https:\/\/www.pakery.pl\/cs\/wp-json\/wp\/v2\/product_cat?post=44032"},{"taxonomy":"product_tag","embeddable":true,"href":"https:\/\/www.pakery.pl\/cs\/wp-json\/wp\/v2\/product_tag?post=44032"}],"curies":[{"name":"wp","href":"https:\/\/api.w.org\/{rel}","templated":true}]}}