{"id":43888,"date":"2022-11-14T09:06:41","date_gmt":"2023-04-06T07:54:59","guid":{"rendered":"https:\/\/www.pakery.pl\/produkt\/jednoslozkova-injekcni-pena-easyinject\/"},"modified":"2023-04-06T09:55:06","modified_gmt":"2023-04-06T07:55:06","slug":"jednoslozkova-injekcni-pena-easyinject","status":"publish","type":"product","link":"https:\/\/www.pakery.pl\/cs\/produkt\/jednoslozkova-injekcni-pena-easyinject\/","title":{"rendered":"Jednoslo\u017ekov\u00e1 injek\u010dn\u00ed p\u011bna EasyInject"},"content":{"rendered":"\t\t<div data-elementor-type=\"product-post\" data-elementor-id=\"43888\" class=\"elementor elementor-43888 elementor-42316\" data-elementor-post-type=\"product\">\n\t\t\t\t\t\t<section class=\"elementor-section elementor-top-section elementor-element elementor-element-7526949 elementor-section-boxed elementor-section-height-default elementor-section-height-default\" data-id=\"7526949\" data-element_type=\"section\" data-e-type=\"section\">\n\t\t\t\t\t\t<div class=\"elementor-container elementor-column-gap-default\">\n\t\t\t\t\t<div class=\"elementor-column elementor-col-100 elementor-top-column elementor-element elementor-element-0d5108e\" data-id=\"0d5108e\" data-element_type=\"column\" data-e-type=\"column\">\n\t\t\t<div class=\"elementor-widget-wrap elementor-element-populated\">\n\t\t\t\t\t\t<div class=\"elementor-element elementor-element-e281ea7 elementor-widget elementor-widget-image\" data-id=\"e281ea7\" data-element_type=\"widget\" data-e-type=\"widget\" data-widget_type=\"image.default\">\n\t\t\t\t<div class=\"elementor-widget-container\">\n\t\t\t\t\t\t\t\t\t\t\t\t\t\t\t<img fetchpriority=\"high\" decoding=\"async\" width=\"713\" height=\"188\" src=\"https:\/\/www.pakery.pl\/wp-content\/uploads\/2022\/11\/Zrzut-ekranu-2022-11-14-o-09.22.43.png\" class=\"attachment-large size-large wp-image-42053\" alt=\"\" srcset=\"https:\/\/www.pakery.pl\/wp-content\/uploads\/2022\/11\/Zrzut-ekranu-2022-11-14-o-09.22.43.png 713w, https:\/\/www.pakery.pl\/wp-content\/uploads\/2022\/11\/Zrzut-ekranu-2022-11-14-o-09.22.43-300x79.png 300w, https:\/\/www.pakery.pl\/wp-content\/uploads\/2022\/11\/Zrzut-ekranu-2022-11-14-o-09.22.43-683x180.png 683w, https:\/\/www.pakery.pl\/wp-content\/uploads\/2022\/11\/Zrzut-ekranu-2022-11-14-o-09.22.43-602x159.png 602w\" sizes=\"(max-width: 713px) 100vw, 713px\" \/>\t\t\t\t\t\t\t\t\t\t\t\t\t\t\t<\/div>\n\t\t\t\t<\/div>\n\t\t\t\t\t<\/div>\n\t\t<\/div>\n\t\t\t\t\t<\/div>\n\t\t<\/section>\n\t\t\t\t<section class=\"elementor-section elementor-top-section elementor-element elementor-element-8b2d72b elementor-section-boxed elementor-section-height-default elementor-section-height-default\" data-id=\"8b2d72b\" data-element_type=\"section\" data-e-type=\"section\">\n\t\t\t\t\t\t<div class=\"elementor-container elementor-column-gap-default\">\n\t\t\t\t\t<div class=\"elementor-column elementor-col-100 elementor-top-column elementor-element elementor-element-3acdb32\" data-id=\"3acdb32\" data-element_type=\"column\" data-e-type=\"column\">\n\t\t\t<div class=\"elementor-widget-wrap elementor-element-populated\">\n\t\t\t\t\t\t<div class=\"elementor-element elementor-element-9735818 elementor-widget elementor-widget-text-editor\" data-id=\"9735818\" data-element_type=\"widget\" data-e-type=\"widget\" data-widget_type=\"text-editor.default\">\n\t\t\t\t<div class=\"elementor-widget-container\">\n\t\t\t\t\t\t\t\t\t<p><span style=\"color: #000000;\"><b>EasyInject<\/b> je jednoslo\u017ekov\u00e1, n\u00edzkovisk\u00f3zn\u00ed prysky\u0159ice, kter\u00e1 se pou\u017e\u00edv\u00e1 k ut\u011bsn\u011bn\u00ed vlhk\u00fdch trhlin, segment\u016f mezi betonov\u00fdmi deskami, kanaliza\u010dn\u00edch potrub\u00ed.  <\/span><\/p>\n<ul>\n<li><span style=\"color: #000000;\"><b>K zah\u00e1jen\u00ed reakce je nutn\u00fd kontakt s vodou<\/b><\/span><\/li>\n<li><span style=\"color: #000000;\">N\u00edzk\u00e1 viskozita<\/span><\/li>\n<li><span style=\"color: #000000;\">Vynikaj\u00edc\u00ed t\u011bsnic\u00ed vlastnosti <\/span><span style=\"color: #000000;\"><br \/>\n  <span style=\"caret-color: #000000;\">t\u011bsnic\u00ed vlastnosti<\/span><br \/>\n<\/span><\/li>\n<li><span style=\"color: #000000;\">Jednoslo\u017ekov\u00fd v\u00fdrobek<\/span><\/li>\n<li><span style=\"color: #000000;\">Kr\u00e1tk\u00e1 doba spu\u0161t\u011bn\u00ed<\/span><\/li>\n<li><span style=\"color: #000000;\">Dobr\u00e1 chemick\u00e1, tepeln\u00e1 a mechanick\u00e1 odolnost.<\/span><\/li>\n<\/ul>\n\t\t\t\t\t\t\t\t<\/div>\n\t\t\t\t<\/div>\n\t\t\t\t\t<\/div>\n\t\t<\/div>\n\t\t\t\t\t<\/div>\n\t\t<\/section>\n\t\t\t\t<section class=\"elementor-section elementor-top-section elementor-element elementor-element-4bcfd6e elementor-section-boxed elementor-section-height-default elementor-section-height-default\" data-id=\"4bcfd6e\" data-element_type=\"section\" data-e-type=\"section\">\n\t\t\t\t\t\t<div class=\"elementor-container elementor-column-gap-default\">\n\t\t\t\t\t<div class=\"elementor-column elementor-col-100 elementor-top-column elementor-element elementor-element-e978186\" data-id=\"e978186\" data-element_type=\"column\" data-e-type=\"column\">\n\t\t\t<div class=\"elementor-widget-wrap elementor-element-populated\">\n\t\t\t\t\t\t<div class=\"elementor-element elementor-element-a3af72b elementor-widget elementor-widget-text-editor\" data-id=\"a3af72b\" data-element_type=\"widget\" data-e-type=\"widget\" data-widget_type=\"text-editor.default\">\n\t\t\t\t<div class=\"elementor-widget-container\">\n\t\t\t\t\t\t\t\t\t<p><span style=\"caret-color: #000000; color: #14408a; font-family: ArialNarrow; font-size: 18.66666603088379px; font-weight: bold;\">Oblasti pou\u017eit\u00ed<\/span><\/p>\n\t\t\t\t\t\t\t\t<\/div>\n\t\t\t\t<\/div>\n\t\t\t\t\t<\/div>\n\t\t<\/div>\n\t\t\t\t\t<\/div>\n\t\t<\/section>\n\t\t\t\t<section class=\"elementor-section elementor-top-section elementor-element elementor-element-1f7bcee elementor-section-boxed elementor-section-height-default elementor-section-height-default\" data-id=\"1f7bcee\" data-element_type=\"section\" data-e-type=\"section\">\n\t\t\t\t\t\t<div class=\"elementor-container elementor-column-gap-default\">\n\t\t\t\t\t<div class=\"elementor-column elementor-col-50 elementor-top-column elementor-element elementor-element-bf56336\" data-id=\"bf56336\" data-element_type=\"column\" data-e-type=\"column\">\n\t\t\t<div class=\"elementor-widget-wrap elementor-element-populated\">\n\t\t\t\t\t\t<div class=\"elementor-element elementor-element-5f6bdd4 elementor-widget elementor-widget-image\" data-id=\"5f6bdd4\" data-element_type=\"widget\" data-e-type=\"widget\" data-widget_type=\"image.default\">\n\t\t\t\t<div class=\"elementor-widget-container\">\n\t\t\t\t\t\t\t\t\t\t\t\t\t\t\t<img decoding=\"async\" width=\"269\" height=\"118\" src=\"https:\/\/www.pakery.pl\/wp-content\/uploads\/2022\/11\/Zrzut-ekranu-2022-11-14-o-09.44.52.png\" class=\"attachment-large size-large wp-image-42078\" alt=\"\" \/>\t\t\t\t\t\t\t\t\t\t\t\t\t\t\t<\/div>\n\t\t\t\t<\/div>\n\t\t\t\t\t<\/div>\n\t\t<\/div>\n\t\t\t\t<div class=\"elementor-column elementor-col-50 elementor-top-column elementor-element elementor-element-d693b41\" data-id=\"d693b41\" data-element_type=\"column\" data-e-type=\"column\">\n\t\t\t<div class=\"elementor-widget-wrap elementor-element-populated\">\n\t\t\t\t\t\t<div class=\"elementor-element elementor-element-f6532d7 elementor-widget elementor-widget-text-editor\" data-id=\"f6532d7\" data-element_type=\"widget\" data-e-type=\"widget\" data-widget_type=\"text-editor.default\">\n\t\t\t\t<div class=\"elementor-widget-container\">\n\t\t\t\t\t\t\t\t\t<ul>\n<li>\n<h6><span style=\"color: #000000;\">T\u011bsn\u011bn\u00ed konstrukc\u00ed proti vnik\u00e1n\u00ed vody<\/span><\/h6>\n<\/li>\n<li>\n<h6><span style=\"color: #000000;\">T\u011bsn\u011bn\u00ed trhlin ve zd\u011bn\u00fdch konstrukc\u00edch<\/span><\/h6>\n<\/li>\n<\/ul>\n\t\t\t\t\t\t\t\t<\/div>\n\t\t\t\t<\/div>\n\t\t\t\t\t<\/div>\n\t\t<\/div>\n\t\t\t\t\t<\/div>\n\t\t<\/section>\n\t\t\t\t<section class=\"elementor-section elementor-top-section elementor-element elementor-element-5e35a2b elementor-section-boxed elementor-section-height-default elementor-section-height-default\" data-id=\"5e35a2b\" data-element_type=\"section\" data-e-type=\"section\">\n\t\t\t\t\t\t<div class=\"elementor-container elementor-column-gap-default\">\n\t\t\t\t\t<div class=\"elementor-column elementor-col-50 elementor-top-column elementor-element elementor-element-70bf213\" data-id=\"70bf213\" data-element_type=\"column\" data-e-type=\"column\">\n\t\t\t<div class=\"elementor-widget-wrap elementor-element-populated\">\n\t\t\t\t\t\t<div class=\"elementor-element elementor-element-3a17631 elementor-widget elementor-widget-text-editor\" data-id=\"3a17631\" data-element_type=\"widget\" data-e-type=\"widget\" data-widget_type=\"text-editor.default\">\n\t\t\t\t<div class=\"elementor-widget-container\">\n\t\t\t\t\t\t\t\t\t<p><span style=\"caret-color: #000000; color: #14408a; font-family: ArialNarrow; font-size: 18.66666603088379px; font-weight: bold;\">Voliteln\u00e9 dopl\u0148kov\u00e9 produkty<\/span><\/p>\n\t\t\t\t\t\t\t\t<\/div>\n\t\t\t\t<\/div>\n\t\t\t\t\t<\/div>\n\t\t<\/div>\n\t\t\t\t<div class=\"elementor-column elementor-col-50 elementor-top-column elementor-element elementor-element-7919f27\" data-id=\"7919f27\" data-element_type=\"column\" data-e-type=\"column\">\n\t\t\t<div class=\"elementor-widget-wrap elementor-element-populated\">\n\t\t\t\t\t\t<div class=\"elementor-element elementor-element-090c40f elementor-widget elementor-widget-text-editor\" data-id=\"090c40f\" data-element_type=\"widget\" data-e-type=\"widget\" data-widget_type=\"text-editor.default\">\n\t\t\t\t<div class=\"elementor-widget-container\">\n\t\t\t\t\t\t\t\t\t<ul>\n<li><span style=\"color: #000000; font-size: 1rem;\">ResinBau CrackOn.5 &#8211; malta uzav\u00edraj\u00edc\u00ed l\u00edc trhliny<\/span><\/li>\n<li><span style=\"color: #000000; font-size: 1rem;\">ResinBau CrackFlex &#8211; pro dvouf\u00e1zov\u00e9 vst\u0159ikov\u00e1n\u00ed<\/span><\/li>\n<li><span style=\"color: #000000; font-family: inherit; font-size: 1rem;\">Hammpack\u00ae PI-Cleaner pro \u010di\u0161t\u011bn\u00ed vst\u0159ikovac\u00edch \u010derpadel<\/span><\/li>\n<li><span style=\"color: #000000; font-family: inherit; font-size: 1rem;\">Vst\u0159ikovac\u00ed \u010derpadlo 1K<\/span><\/li>\n<li><span style=\"color: #000000; font-family: inherit; font-size: 1rem;\">Vst\u0159ikovac\u00ed p\u011bchy Hammpack\u00ae<\/span><\/li>\n<\/ul>\n\t\t\t\t\t\t\t\t<\/div>\n\t\t\t\t<\/div>\n\t\t\t\t\t<\/div>\n\t\t<\/div>\n\t\t\t\t\t<\/div>\n\t\t<\/section>\n\t\t\t\t<section class=\"elementor-section elementor-top-section elementor-element elementor-element-32b2611 elementor-section-boxed elementor-section-height-default elementor-section-height-default\" data-id=\"32b2611\" data-element_type=\"section\" data-e-type=\"section\">\n\t\t\t\t\t\t<div class=\"elementor-container elementor-column-gap-default\">\n\t\t\t\t\t<div class=\"elementor-column elementor-col-50 elementor-top-column elementor-element elementor-element-378579b\" data-id=\"378579b\" data-element_type=\"column\" data-e-type=\"column\">\n\t\t\t<div class=\"elementor-widget-wrap elementor-element-populated\">\n\t\t\t\t\t\t<div class=\"elementor-element elementor-element-802e3fa elementor-widget elementor-widget-text-editor\" data-id=\"802e3fa\" data-element_type=\"widget\" data-e-type=\"widget\" data-widget_type=\"text-editor.default\">\n\t\t\t\t<div class=\"elementor-widget-container\">\n\t\t\t\t\t\t\t\t\t<p><span style=\"caret-color: #000000; color: #14408a; font-family: ArialNarrow; font-size: 18.66666603088379px; font-weight: bold;\">Ke sta\u017een\u00ed<\/span><\/p>\n\t\t\t\t\t\t\t\t<\/div>\n\t\t\t\t<\/div>\n\t\t\t\t\t<\/div>\n\t\t<\/div>\n\t\t\t\t<div class=\"elementor-column elementor-col-50 elementor-top-column elementor-element elementor-element-a4051b6\" data-id=\"a4051b6\" data-element_type=\"column\" data-e-type=\"column\">\n\t\t\t<div class=\"elementor-widget-wrap elementor-element-populated\">\n\t\t\t\t\t\t<div class=\"elementor-element elementor-element-8ecc1f0 elementor-widget elementor-widget-button\" data-id=\"8ecc1f0\" data-element_type=\"widget\" data-e-type=\"widget\" data-widget_type=\"button.default\">\n\t\t\t\t<div class=\"elementor-widget-container\">\n\t\t\t\t\t\t\t\t\t<div class=\"elementor-button-wrapper\">\n\t\t\t\t\t<a class=\"elementor-button elementor-button-link elementor-size-sm\" href=\"https:\/\/www.pakery.pl\/wp-content\/uploads\/2022\/11\/ResinBau-EasyInject-_KT.pdf\">\n\t\t\t\t\t\t<span class=\"elementor-button-content-wrapper\">\n\t\t\t\t\t\t\t\t\t<span class=\"elementor-button-text\">Technick\u00fd list<\/span>\n\t\t\t\t\t<\/span>\n\t\t\t\t\t<\/a>\n\t\t\t\t<\/div>\n\t\t\t\t\t\t\t\t<\/div>\n\t\t\t\t<\/div>\n\t\t\t\t\t<\/div>\n\t\t<\/div>\n\t\t\t\t\t<\/div>\n\t\t<\/section>\n\t\t\t\t<section class=\"elementor-section elementor-top-section elementor-element elementor-element-4a5ff64 elementor-section-boxed elementor-section-height-default elementor-section-height-default\" data-id=\"4a5ff64\" data-element_type=\"section\" data-e-type=\"section\">\n\t\t\t\t\t\t<div class=\"elementor-container elementor-column-gap-default\">\n\t\t\t\t\t<div class=\"elementor-column elementor-col-100 elementor-top-column elementor-element elementor-element-dfc4c10\" data-id=\"dfc4c10\" data-element_type=\"column\" data-e-type=\"column\">\n\t\t\t<div class=\"elementor-widget-wrap\">\n\t\t\t\t\t\t\t<\/div>\n\t\t<\/div>\n\t\t\t\t\t<\/div>\n\t\t<\/section>\n\t\t\t\t<section class=\"elementor-section elementor-top-section elementor-element elementor-element-9967a67 elementor-section-boxed elementor-section-height-default elementor-section-height-default\" data-id=\"9967a67\" data-element_type=\"section\" data-e-type=\"section\">\n\t\t\t\t\t\t<div class=\"elementor-container elementor-column-gap-default\">\n\t\t\t\t\t<div class=\"elementor-column elementor-col-100 elementor-top-column elementor-element elementor-element-a423df2\" data-id=\"a423df2\" data-element_type=\"column\" data-e-type=\"column\">\n\t\t\t<div class=\"elementor-widget-wrap elementor-element-populated\">\n\t\t\t\t\t\t<div class=\"elementor-element elementor-element-c6ce702 elementor-widget elementor-widget-video\" data-id=\"c6ce702\" data-element_type=\"widget\" data-e-type=\"widget\" data-settings=\"{&quot;youtube_url&quot;:&quot;https:\\\/\\\/www.youtube.com\\\/watch?v=jBuUyTRFEHE&quot;,&quot;video_type&quot;:&quot;youtube&quot;,&quot;controls&quot;:&quot;yes&quot;}\" data-widget_type=\"video.default\">\n\t\t\t\t<div class=\"elementor-widget-container\">\n\t\t\t\t\t\t\t<div class=\"elementor-wrapper elementor-open-inline\">\n\t\t\t<div class=\"elementor-video\"><\/div>\t\t<\/div>\n\t\t\t\t\t\t<\/div>\n\t\t\t\t<\/div>\n\t\t\t\t\t<\/div>\n\t\t<\/div>\n\t\t\t\t\t<\/div>\n\t\t<\/section>\n\t\t\t\t<\/div>\n\t\t","protected":false},"excerpt":{"rendered":"<p>EasyInject je jednoslo\u017ekov\u00e1, n\u00edzkovisk\u00f3zn\u00ed prysky\u0159ice, kter\u00e1 se pou\u017e\u00edv\u00e1 k ut\u011bsn\u011bn\u00ed vlhk\u00fdch trhlin, segment\u016f mezi betonov\u00fdmi deskami, kanaliza\u010dn\u00edch potrub\u00ed. K zah\u00e1jen\u00ed reakce je nutn\u00fd kontakt s vodou N\u00edzk\u00e1 viskozita Vynikaj\u00edc\u00ed t\u011bsnic\u00ed vlastnosti t\u011bsnic\u00ed vlastnosti Jednoslo\u017ekov\u00fd v\u00fdrobek Kr\u00e1tk\u00e1 doba spu\u0161t\u011bn\u00ed Dobr\u00e1 chemick\u00e1, tepeln\u00e1 a mechanick\u00e1 odolnost. Oblasti pou\u017eit\u00ed T\u011bsn\u011bn\u00ed konstrukc\u00ed proti vnik\u00e1n\u00ed vody T\u011bsn\u011bn\u00ed trhlin ve zd\u011bn\u00fdch [&hellip;]<\/p>\n","protected":false},"featured_media":42005,"template":"","meta":{"_acf_changed":false},"product_brand":[],"product_cat":[1892],"product_tag":[],"class_list":{"0":"post-43888","1":"product","2":"type-product","3":"status-publish","4":"has-post-thumbnail","6":"product_cat-injekcni-pryskyrice","7":"pa_weight-of-the-resin-1-kg-cs","8":"pa_weight-of-the-resin-10-kg-cs","9":"pa_weight-of-the-resin-5-kg-cs","11":"first","12":"instock","13":"taxable","14":"shipping-taxable","15":"product-type-variable"},"acf":[],"yoast_head":"<!-- This site is optimized with the Yoast SEO plugin v27.3 - https:\/\/yoast.com\/product\/yoast-seo-wordpress\/ -->\n<title>Jednoslo\u017ekov\u00e1 injek\u010dn\u00ed p\u011bna EasyInject - PAKERY.PL<\/title>\n<meta name=\"description\" content=\"Vysokotlak\u00e9 vst\u0159ikov\u00e1n\u00ed | Injek\u010dn\u00ed p\u011bchova\u010de | Injek\u010dn\u00ed prysky\u0159ice | Hydroizolace\" \/>\n<meta name=\"robots\" content=\"index, follow, max-snippet:-1, max-image-preview:large, max-video-preview:-1\" \/>\n<link rel=\"canonical\" href=\"https:\/\/www.pakery.pl\/cs\/produkt\/jednoslozkova-injekcni-pena-easyinject\/\" \/>\n<meta property=\"og:locale\" content=\"cs_CZ\" \/>\n<meta property=\"og:type\" content=\"article\" \/>\n<meta property=\"og:title\" content=\"Jednoslo\u017ekov\u00e1 injek\u010dn\u00ed p\u011bna EasyInject - PAKERY.PL\" \/>\n<meta property=\"og:description\" content=\"Vysokotlak\u00e9 vst\u0159ikov\u00e1n\u00ed | Injek\u010dn\u00ed p\u011bchova\u010de | Injek\u010dn\u00ed prysky\u0159ice | Hydroizolace\" \/>\n<meta property=\"og:url\" content=\"https:\/\/www.pakery.pl\/cs\/produkt\/jednoslozkova-injekcni-pena-easyinject\/\" \/>\n<meta property=\"og:site_name\" content=\"PAKERY.PL\" \/>\n<meta property=\"article:modified_time\" content=\"2023-04-06T07:55:06+00:00\" \/>\n<meta property=\"og:image\" content=\"https:\/\/www.pakery.pl\/wp-content\/uploads\/2022\/11\/easyinject-5kg-1024x1024.png\" \/>\n\t<meta property=\"og:image:width\" content=\"1024\" \/>\n\t<meta property=\"og:image:height\" content=\"1024\" \/>\n\t<meta property=\"og:image:type\" content=\"image\/png\" \/>\n<meta name=\"twitter:card\" content=\"summary_large_image\" \/>\n<meta name=\"twitter:label1\" content=\"Odhadovan\u00e1 doba \u010dten\u00ed\" \/>\n\t<meta name=\"twitter:data1\" content=\"1 minuta\" \/>\n<script type=\"application\/ld+json\" class=\"yoast-schema-graph\">{\"@context\":\"https:\\\/\\\/schema.org\",\"@graph\":[{\"@type\":\"WebPage\",\"@id\":\"https:\\\/\\\/www.pakery.pl\\\/cs\\\/produkt\\\/jednoslozkova-injekcni-pena-easyinject\\\/\",\"url\":\"https:\\\/\\\/www.pakery.pl\\\/cs\\\/produkt\\\/jednoslozkova-injekcni-pena-easyinject\\\/\",\"name\":\"Jednoslo\u017ekov\u00e1 injek\u010dn\u00ed p\u011bna EasyInject - PAKERY.PL\",\"isPartOf\":{\"@id\":\"https:\\\/\\\/www.pakery.pl\\\/cs\\\/#website\"},\"primaryImageOfPage\":{\"@id\":\"https:\\\/\\\/www.pakery.pl\\\/cs\\\/produkt\\\/jednoslozkova-injekcni-pena-easyinject\\\/#primaryimage\"},\"image\":{\"@id\":\"https:\\\/\\\/www.pakery.pl\\\/cs\\\/produkt\\\/jednoslozkova-injekcni-pena-easyinject\\\/#primaryimage\"},\"thumbnailUrl\":\"https:\\\/\\\/www.pakery.pl\\\/wp-content\\\/uploads\\\/2022\\\/11\\\/easyinject-5kg.png\",\"datePublished\":\"2023-04-06T07:54:59+00:00\",\"dateModified\":\"2023-04-06T07:55:06+00:00\",\"description\":\"Vysokotlak\u00e9 vst\u0159ikov\u00e1n\u00ed | Injek\u010dn\u00ed p\u011bchova\u010de | Injek\u010dn\u00ed prysky\u0159ice | Hydroizolace\",\"breadcrumb\":{\"@id\":\"https:\\\/\\\/www.pakery.pl\\\/cs\\\/produkt\\\/jednoslozkova-injekcni-pena-easyinject\\\/#breadcrumb\"},\"inLanguage\":\"cs\",\"potentialAction\":[{\"@type\":\"ReadAction\",\"target\":[\"https:\\\/\\\/www.pakery.pl\\\/cs\\\/produkt\\\/jednoslozkova-injekcni-pena-easyinject\\\/\"]}]},{\"@type\":\"ImageObject\",\"inLanguage\":\"cs\",\"@id\":\"https:\\\/\\\/www.pakery.pl\\\/cs\\\/produkt\\\/jednoslozkova-injekcni-pena-easyinject\\\/#primaryimage\",\"url\":\"https:\\\/\\\/www.pakery.pl\\\/wp-content\\\/uploads\\\/2022\\\/11\\\/easyinject-5kg.png\",\"contentUrl\":\"https:\\\/\\\/www.pakery.pl\\\/wp-content\\\/uploads\\\/2022\\\/11\\\/easyinject-5kg.png\",\"width\":3000,\"height\":3000},{\"@type\":\"BreadcrumbList\",\"@id\":\"https:\\\/\\\/www.pakery.pl\\\/cs\\\/produkt\\\/jednoslozkova-injekcni-pena-easyinject\\\/#breadcrumb\",\"itemListElement\":[{\"@type\":\"ListItem\",\"position\":1,\"name\":\"Strona g\u0142\u00f3wna\",\"item\":\"https:\\\/\\\/www.pakery.pl\\\/cs\\\/\"},{\"@type\":\"ListItem\",\"position\":2,\"name\":\"Prodejna\",\"item\":\"https:\\\/\\\/www.pakery.pl\\\/cs\\\/prodejna\\\/\"},{\"@type\":\"ListItem\",\"position\":3,\"name\":\"Jednoslo\u017ekov\u00e1 injek\u010dn\u00ed p\u011bna EasyInject\"}]},{\"@type\":\"WebSite\",\"@id\":\"https:\\\/\\\/www.pakery.pl\\\/cs\\\/#website\",\"url\":\"https:\\\/\\\/www.pakery.pl\\\/cs\\\/\",\"name\":\"Pakery.pl\",\"description\":\"Pakery iniekcyjne, Kotwy spiralne, Lance iniekcyjne, W\u0119\u017ce do iniekcji, Pompy iniekcyjne, Serwis pomp iniekcyjnych, Wynajem pomp do iniekcji\",\"publisher\":{\"@id\":\"https:\\\/\\\/www.pakery.pl\\\/cs\\\/#organization\"},\"potentialAction\":[{\"@type\":\"SearchAction\",\"target\":{\"@type\":\"EntryPoint\",\"urlTemplate\":\"https:\\\/\\\/www.pakery.pl\\\/cs\\\/?s={search_term_string}\"},\"query-input\":{\"@type\":\"PropertyValueSpecification\",\"valueRequired\":true,\"valueName\":\"search_term_string\"}}],\"inLanguage\":\"cs\"},{\"@type\":\"Organization\",\"@id\":\"https:\\\/\\\/www.pakery.pl\\\/cs\\\/#organization\",\"name\":\"PAKERY.PL\",\"url\":\"https:\\\/\\\/www.pakery.pl\\\/cs\\\/\",\"logo\":{\"@type\":\"ImageObject\",\"inLanguage\":\"cs\",\"@id\":\"https:\\\/\\\/www.pakery.pl\\\/cs\\\/#\\\/schema\\\/logo\\\/image\\\/\",\"url\":\"https:\\\/\\\/www.pakery.pl\\\/wp-content\\\/uploads\\\/2021\\\/04\\\/cropped-PAKERY-LOGO.png\",\"contentUrl\":\"https:\\\/\\\/www.pakery.pl\\\/wp-content\\\/uploads\\\/2021\\\/04\\\/cropped-PAKERY-LOGO.png\",\"width\":1529,\"height\":500,\"caption\":\"PAKERY.PL\"},\"image\":{\"@id\":\"https:\\\/\\\/www.pakery.pl\\\/cs\\\/#\\\/schema\\\/logo\\\/image\\\/\"}}]}<\/script>\n<!-- \/ Yoast SEO plugin. -->","yoast_head_json":{"title":"Jednoslo\u017ekov\u00e1 injek\u010dn\u00ed p\u011bna EasyInject - PAKERY.PL","description":"Vysokotlak\u00e9 vst\u0159ikov\u00e1n\u00ed | Injek\u010dn\u00ed p\u011bchova\u010de | Injek\u010dn\u00ed prysky\u0159ice | Hydroizolace","robots":{"index":"index","follow":"follow","max-snippet":"max-snippet:-1","max-image-preview":"max-image-preview:large","max-video-preview":"max-video-preview:-1"},"canonical":"https:\/\/www.pakery.pl\/cs\/produkt\/jednoslozkova-injekcni-pena-easyinject\/","og_locale":"cs_CZ","og_type":"article","og_title":"Jednoslo\u017ekov\u00e1 injek\u010dn\u00ed p\u011bna EasyInject - PAKERY.PL","og_description":"Vysokotlak\u00e9 vst\u0159ikov\u00e1n\u00ed | Injek\u010dn\u00ed p\u011bchova\u010de | Injek\u010dn\u00ed prysky\u0159ice | Hydroizolace","og_url":"https:\/\/www.pakery.pl\/cs\/produkt\/jednoslozkova-injekcni-pena-easyinject\/","og_site_name":"PAKERY.PL","article_modified_time":"2023-04-06T07:55:06+00:00","og_image":[{"width":1024,"height":1024,"url":"https:\/\/www.pakery.pl\/wp-content\/uploads\/2022\/11\/easyinject-5kg-1024x1024.png","type":"image\/png"}],"twitter_card":"summary_large_image","twitter_misc":{"Odhadovan\u00e1 doba \u010dten\u00ed":"1 minuta"},"schema":{"@context":"https:\/\/schema.org","@graph":[{"@type":"WebPage","@id":"https:\/\/www.pakery.pl\/cs\/produkt\/jednoslozkova-injekcni-pena-easyinject\/","url":"https:\/\/www.pakery.pl\/cs\/produkt\/jednoslozkova-injekcni-pena-easyinject\/","name":"Jednoslo\u017ekov\u00e1 injek\u010dn\u00ed p\u011bna EasyInject - PAKERY.PL","isPartOf":{"@id":"https:\/\/www.pakery.pl\/cs\/#website"},"primaryImageOfPage":{"@id":"https:\/\/www.pakery.pl\/cs\/produkt\/jednoslozkova-injekcni-pena-easyinject\/#primaryimage"},"image":{"@id":"https:\/\/www.pakery.pl\/cs\/produkt\/jednoslozkova-injekcni-pena-easyinject\/#primaryimage"},"thumbnailUrl":"https:\/\/www.pakery.pl\/wp-content\/uploads\/2022\/11\/easyinject-5kg.png","datePublished":"2023-04-06T07:54:59+00:00","dateModified":"2023-04-06T07:55:06+00:00","description":"Vysokotlak\u00e9 vst\u0159ikov\u00e1n\u00ed | Injek\u010dn\u00ed p\u011bchova\u010de | Injek\u010dn\u00ed prysky\u0159ice | Hydroizolace","breadcrumb":{"@id":"https:\/\/www.pakery.pl\/cs\/produkt\/jednoslozkova-injekcni-pena-easyinject\/#breadcrumb"},"inLanguage":"cs","potentialAction":[{"@type":"ReadAction","target":["https:\/\/www.pakery.pl\/cs\/produkt\/jednoslozkova-injekcni-pena-easyinject\/"]}]},{"@type":"ImageObject","inLanguage":"cs","@id":"https:\/\/www.pakery.pl\/cs\/produkt\/jednoslozkova-injekcni-pena-easyinject\/#primaryimage","url":"https:\/\/www.pakery.pl\/wp-content\/uploads\/2022\/11\/easyinject-5kg.png","contentUrl":"https:\/\/www.pakery.pl\/wp-content\/uploads\/2022\/11\/easyinject-5kg.png","width":3000,"height":3000},{"@type":"BreadcrumbList","@id":"https:\/\/www.pakery.pl\/cs\/produkt\/jednoslozkova-injekcni-pena-easyinject\/#breadcrumb","itemListElement":[{"@type":"ListItem","position":1,"name":"Strona g\u0142\u00f3wna","item":"https:\/\/www.pakery.pl\/cs\/"},{"@type":"ListItem","position":2,"name":"Prodejna","item":"https:\/\/www.pakery.pl\/cs\/prodejna\/"},{"@type":"ListItem","position":3,"name":"Jednoslo\u017ekov\u00e1 injek\u010dn\u00ed p\u011bna EasyInject"}]},{"@type":"WebSite","@id":"https:\/\/www.pakery.pl\/cs\/#website","url":"https:\/\/www.pakery.pl\/cs\/","name":"Pakery.pl","description":"Pakery iniekcyjne, Kotwy spiralne, Lance iniekcyjne, W\u0119\u017ce do iniekcji, Pompy iniekcyjne, Serwis pomp iniekcyjnych, Wynajem pomp do iniekcji","publisher":{"@id":"https:\/\/www.pakery.pl\/cs\/#organization"},"potentialAction":[{"@type":"SearchAction","target":{"@type":"EntryPoint","urlTemplate":"https:\/\/www.pakery.pl\/cs\/?s={search_term_string}"},"query-input":{"@type":"PropertyValueSpecification","valueRequired":true,"valueName":"search_term_string"}}],"inLanguage":"cs"},{"@type":"Organization","@id":"https:\/\/www.pakery.pl\/cs\/#organization","name":"PAKERY.PL","url":"https:\/\/www.pakery.pl\/cs\/","logo":{"@type":"ImageObject","inLanguage":"cs","@id":"https:\/\/www.pakery.pl\/cs\/#\/schema\/logo\/image\/","url":"https:\/\/www.pakery.pl\/wp-content\/uploads\/2021\/04\/cropped-PAKERY-LOGO.png","contentUrl":"https:\/\/www.pakery.pl\/wp-content\/uploads\/2021\/04\/cropped-PAKERY-LOGO.png","width":1529,"height":500,"caption":"PAKERY.PL"},"image":{"@id":"https:\/\/www.pakery.pl\/cs\/#\/schema\/logo\/image\/"}}]}},"_links":{"self":[{"href":"https:\/\/www.pakery.pl\/cs\/wp-json\/wp\/v2\/product\/43888","targetHints":{"allow":["GET"]}}],"collection":[{"href":"https:\/\/www.pakery.pl\/cs\/wp-json\/wp\/v2\/product"}],"about":[{"href":"https:\/\/www.pakery.pl\/cs\/wp-json\/wp\/v2\/types\/product"}],"version-history":[{"count":3,"href":"https:\/\/www.pakery.pl\/cs\/wp-json\/wp\/v2\/product\/43888\/revisions"}],"predecessor-version":[{"id":43894,"href":"https:\/\/www.pakery.pl\/cs\/wp-json\/wp\/v2\/product\/43888\/revisions\/43894"}],"wp:featuredmedia":[{"embeddable":true,"href":"https:\/\/www.pakery.pl\/cs\/wp-json\/wp\/v2\/media\/42005"}],"wp:attachment":[{"href":"https:\/\/www.pakery.pl\/cs\/wp-json\/wp\/v2\/media?parent=43888"}],"wp:term":[{"taxonomy":"product_brand","embeddable":true,"href":"https:\/\/www.pakery.pl\/cs\/wp-json\/wp\/v2\/product_brand?post=43888"},{"taxonomy":"product_cat","embeddable":true,"href":"https:\/\/www.pakery.pl\/cs\/wp-json\/wp\/v2\/product_cat?post=43888"},{"taxonomy":"product_tag","embeddable":true,"href":"https:\/\/www.pakery.pl\/cs\/wp-json\/wp\/v2\/product_tag?post=43888"}],"curies":[{"name":"wp","href":"https:\/\/api.w.org\/{rel}","templated":true}]}}