{"id":7314,"date":"2021-08-05T07:47:03","date_gmt":"2021-08-05T05:47:03","guid":{"rendered":"https:\/\/www.pakery.pl\/registrovat\/"},"modified":"2021-08-05T09:38:40","modified_gmt":"2021-08-05T07:38:40","slug":"registrovat","status":"publish","type":"page","link":"https:\/\/www.pakery.pl\/cs\/registrovat\/","title":{"rendered":"Registrovat"},"content":{"rendered":"\t\t<div data-elementor-type=\"wp-page\" data-elementor-id=\"7314\" class=\"elementor elementor-7314 elementor-1271\" data-elementor-post-type=\"page\">\n\t\t\t\t\t\t<section class=\"elementor-section elementor-top-section elementor-element elementor-element-06f1593 elementor-section-boxed elementor-section-height-default elementor-section-height-default\" data-id=\"06f1593\" data-element_type=\"section\" data-e-type=\"section\">\n\t\t\t\t\t\t<div class=\"elementor-container elementor-column-gap-default\">\n\t\t\t\t\t<div class=\"elementor-column elementor-col-100 elementor-top-column elementor-element elementor-element-cfbb1e7\" data-id=\"cfbb1e7\" data-element_type=\"column\" data-e-type=\"column\">\n\t\t\t<div class=\"elementor-widget-wrap elementor-element-populated\">\n\t\t\t\t\t\t<div class=\"elementor-element elementor-element-2b129a7 elementor-widget elementor-widget-text-editor\" data-id=\"2b129a7\" data-element_type=\"widget\" data-e-type=\"widget\" data-widget_type=\"text-editor.default\">\n\t\t\t\t<div class=\"elementor-widget-container\">\n\t\t\t\t\t\t\t\t\t<p style=\"text-align: center;\"><span style=\"color: #000000;\">D\u00e1my a p\u00e1nov\u00e9 ! Chcete -li zadat velkoobchodn\u00ed objedn\u00e1vku, vypl\u0148te pros\u00edm registra\u010dn\u00ed formul\u00e1\u0159. Pokud hled\u00e1te produkty k n\u00e1kupu v maloobchodn\u00edm mno\u017estv\u00ed (<b><i>bez registrace)<\/i><\/b> nav\u0161tivte pros\u00edm prodejnu<span style=\"text-decoration: underline;\"><a style=\"color: #000000; text-decoration: underline;\" href=\"https:\/\/iniekcjebudowlane.pl\/\">INIEKCJEBUDOWLANE.PL<\/a><\/span><\/span><\/p>\n<p style=\"text-align: center;\"><span style=\"color: #000000;\">Sta\u0148te se dodavatelem PAKERY.PL na platform\u011b B2B. Informujte se o nov\u00fdch produktech, cen\u00e1ch, objedn\u00e1vejte 24 hodin denn\u011b<\/span><\/p>\n<p style=\"text-align: center;\"><span style=\"color: #000000;\">U\u017eivateli platformy se mohou st\u00e1t pouze podnikatel\u00e9 a spole\u010dnosti<span class=\"Apple-converted-space\"> <\/span><\/span><\/p>\n<p style=\"text-align: center;\"><span style=\"color: #000000;\">Chcete -li se zaregistrovat, vypl\u0148te pros\u00edm n\u00e1sleduj\u00edc\u00ed pole:<\/span><\/p>\n\t\t\t\t\t\t\t\t<\/div>\n\t\t\t\t<\/div>\n\t\t\t\t\t<\/div>\n\t\t<\/div>\n\t\t\t\t\t<\/div>\n\t\t<\/section>\n\t\t\t\t<section class=\"elementor-section elementor-top-section elementor-element elementor-element-d91d0e4 elementor-section-boxed elementor-section-height-default elementor-section-height-default\" data-id=\"d91d0e4\" data-element_type=\"section\" data-e-type=\"section\">\n\t\t\t\t\t\t<div class=\"elementor-container elementor-column-gap-default\">\n\t\t\t\t\t<div class=\"elementor-column elementor-col-100 elementor-top-column elementor-element elementor-element-c0bf998\" data-id=\"c0bf998\" data-element_type=\"column\" data-e-type=\"column\">\n\t\t\t<div class=\"elementor-widget-wrap elementor-element-populated\">\n\t\t\t\t\t\t<section class=\"elementor-section elementor-inner-section elementor-element elementor-element-fffb09c elementor-section-boxed elementor-section-height-default elementor-section-height-default\" data-id=\"fffb09c\" data-element_type=\"section\" data-e-type=\"section\">\n\t\t\t\t\t\t<div class=\"elementor-container elementor-column-gap-default\">\n\t\t\t\t\t<div class=\"elementor-column elementor-col-100 elementor-inner-column elementor-element elementor-element-186a892\" data-id=\"186a892\" data-element_type=\"column\" data-e-type=\"column\">\n\t\t\t<div class=\"elementor-widget-wrap elementor-element-populated\">\n\t\t\t\t\t\t<div class=\"elementor-element elementor-element-870a454 responsive-iframe elementor-widget elementor-widget-html\" data-id=\"870a454\" data-element_type=\"widget\" data-e-type=\"widget\" data-widget_type=\"html.default\">\n\t\t\t\t<div class=\"elementor-widget-container\">\n\t\t\t\t\t  <iframe class=\"responsive-iframe\" src=\"https:\/\/docs.google.com\/forms\/d\/e\/1FAIpQLScT3KfAkQMfterHbbkCMFbiofJqGWi5Lx55gjs1Mr4BQ1_pGw\/viewform\"><\/iframe>\t\t\t\t<\/div>\n\t\t\t\t<\/div>\n\t\t\t\t\t<\/div>\n\t\t<\/div>\n\t\t\t\t\t<\/div>\n\t\t<\/section>\n\t\t\t\t\t<\/div>\n\t\t<\/div>\n\t\t\t\t\t<\/div>\n\t\t<\/section>\n\t\t\t\t<\/div>\n\t\t","protected":false},"excerpt":{"rendered":"<p>D\u00e1my a p\u00e1nov\u00e9 ! Chcete -li zadat velkoobchodn\u00ed objedn\u00e1vku, vypl\u0148te pros\u00edm registra\u010dn\u00ed formul\u00e1\u0159. Pokud hled\u00e1te produkty k n\u00e1kupu v maloobchodn\u00edm mno\u017estv\u00ed (bez registrace) nav\u0161tivte pros\u00edm prodejnuINIEKCJEBUDOWLANE.PL Sta\u0148te se dodavatelem PAKERY.PL na platform\u011b B2B. Informujte se o nov\u00fdch produktech, cen\u00e1ch, objedn\u00e1vejte 24 hodin denn\u011b U\u017eivateli platformy se mohou st\u00e1t pouze podnikatel\u00e9 a spole\u010dnosti Chcete -li se [&hellip;]<\/p>\n","protected":false},"author":1,"featured_media":0,"parent":0,"menu_order":0,"comment_status":"closed","ping_status":"closed","template":"","meta":{"_acf_changed":false,"footnotes":""},"class_list":["post-7314","page","type-page","status-publish","hentry"],"acf":[],"yoast_head":"<!-- This site is optimized with the Yoast SEO plugin v27.3 - https:\/\/yoast.com\/product\/yoast-seo-wordpress\/ -->\n<title>Registrovat - PAKERY.PL<\/title>\n<meta name=\"robots\" content=\"index, follow, max-snippet:-1, max-image-preview:large, max-video-preview:-1\" \/>\n<link rel=\"canonical\" href=\"https:\/\/www.pakery.pl\/cs\/registrovat\/\" \/>\n<meta property=\"og:locale\" content=\"cs_CZ\" \/>\n<meta property=\"og:type\" content=\"article\" \/>\n<meta property=\"og:title\" content=\"Registrovat - PAKERY.PL\" \/>\n<meta property=\"og:description\" content=\"D\u00e1my a p\u00e1nov\u00e9 ! Chcete -li zadat velkoobchodn\u00ed objedn\u00e1vku, vypl\u0148te pros\u00edm registra\u010dn\u00ed formul\u00e1\u0159. Pokud hled\u00e1te produkty k n\u00e1kupu v maloobchodn\u00edm mno\u017estv\u00ed (bez registrace) nav\u0161tivte pros\u00edm prodejnuINIEKCJEBUDOWLANE.PL Sta\u0148te se dodavatelem PAKERY.PL na platform\u011b B2B. Informujte se o nov\u00fdch produktech, cen\u00e1ch, objedn\u00e1vejte 24 hodin denn\u011b U\u017eivateli platformy se mohou st\u00e1t pouze podnikatel\u00e9 a spole\u010dnosti Chcete -li se [&hellip;]\" \/>\n<meta property=\"og:url\" content=\"https:\/\/www.pakery.pl\/cs\/registrovat\/\" \/>\n<meta property=\"og:site_name\" content=\"PAKERY.PL\" \/>\n<meta property=\"article:modified_time\" content=\"2021-08-05T07:38:40+00:00\" \/>\n<meta name=\"twitter:card\" content=\"summary_large_image\" \/>\n<meta name=\"twitter:label1\" content=\"Odhadovan\u00e1 doba \u010dten\u00ed\" \/>\n\t<meta name=\"twitter:data1\" content=\"1 minuta\" \/>\n<script type=\"application\/ld+json\" class=\"yoast-schema-graph\">{\"@context\":\"https:\\\/\\\/schema.org\",\"@graph\":[{\"@type\":\"WebPage\",\"@id\":\"https:\\\/\\\/www.pakery.pl\\\/cs\\\/registrovat\\\/\",\"url\":\"https:\\\/\\\/www.pakery.pl\\\/cs\\\/registrovat\\\/\",\"name\":\"Registrovat - PAKERY.PL\",\"isPartOf\":{\"@id\":\"https:\\\/\\\/www.pakery.pl\\\/cs\\\/#website\"},\"datePublished\":\"2021-08-05T05:47:03+00:00\",\"dateModified\":\"2021-08-05T07:38:40+00:00\",\"breadcrumb\":{\"@id\":\"https:\\\/\\\/www.pakery.pl\\\/cs\\\/registrovat\\\/#breadcrumb\"},\"inLanguage\":\"cs\",\"potentialAction\":[{\"@type\":\"ReadAction\",\"target\":[\"https:\\\/\\\/www.pakery.pl\\\/cs\\\/registrovat\\\/\"]}]},{\"@type\":\"BreadcrumbList\",\"@id\":\"https:\\\/\\\/www.pakery.pl\\\/cs\\\/registrovat\\\/#breadcrumb\",\"itemListElement\":[{\"@type\":\"ListItem\",\"position\":1,\"name\":\"Strona g\u0142\u00f3wna\",\"item\":\"https:\\\/\\\/www.pakery.pl\\\/cs\\\/\"},{\"@type\":\"ListItem\",\"position\":2,\"name\":\"Registrovat\"}]},{\"@type\":\"WebSite\",\"@id\":\"https:\\\/\\\/www.pakery.pl\\\/cs\\\/#website\",\"url\":\"https:\\\/\\\/www.pakery.pl\\\/cs\\\/\",\"name\":\"Pakery.pl\",\"description\":\"Pakery iniekcyjne, Kotwy spiralne, Lance iniekcyjne, W\u0119\u017ce do iniekcji, Pompy iniekcyjne, Serwis pomp iniekcyjnych, Wynajem pomp do iniekcji\",\"publisher\":{\"@id\":\"https:\\\/\\\/www.pakery.pl\\\/cs\\\/#organization\"},\"potentialAction\":[{\"@type\":\"SearchAction\",\"target\":{\"@type\":\"EntryPoint\",\"urlTemplate\":\"https:\\\/\\\/www.pakery.pl\\\/cs\\\/?s={search_term_string}\"},\"query-input\":{\"@type\":\"PropertyValueSpecification\",\"valueRequired\":true,\"valueName\":\"search_term_string\"}}],\"inLanguage\":\"cs\"},{\"@type\":\"Organization\",\"@id\":\"https:\\\/\\\/www.pakery.pl\\\/cs\\\/#organization\",\"name\":\"PAKERY.PL\",\"url\":\"https:\\\/\\\/www.pakery.pl\\\/cs\\\/\",\"logo\":{\"@type\":\"ImageObject\",\"inLanguage\":\"cs\",\"@id\":\"https:\\\/\\\/www.pakery.pl\\\/cs\\\/#\\\/schema\\\/logo\\\/image\\\/\",\"url\":\"https:\\\/\\\/www.pakery.pl\\\/wp-content\\\/uploads\\\/2021\\\/04\\\/cropped-PAKERY-LOGO.png\",\"contentUrl\":\"https:\\\/\\\/www.pakery.pl\\\/wp-content\\\/uploads\\\/2021\\\/04\\\/cropped-PAKERY-LOGO.png\",\"width\":1529,\"height\":500,\"caption\":\"PAKERY.PL\"},\"image\":{\"@id\":\"https:\\\/\\\/www.pakery.pl\\\/cs\\\/#\\\/schema\\\/logo\\\/image\\\/\"}}]}<\/script>\n<!-- \/ Yoast SEO plugin. -->","yoast_head_json":{"title":"Registrovat - PAKERY.PL","robots":{"index":"index","follow":"follow","max-snippet":"max-snippet:-1","max-image-preview":"max-image-preview:large","max-video-preview":"max-video-preview:-1"},"canonical":"https:\/\/www.pakery.pl\/cs\/registrovat\/","og_locale":"cs_CZ","og_type":"article","og_title":"Registrovat - PAKERY.PL","og_description":"D\u00e1my a p\u00e1nov\u00e9 ! Chcete -li zadat velkoobchodn\u00ed objedn\u00e1vku, vypl\u0148te pros\u00edm registra\u010dn\u00ed formul\u00e1\u0159. Pokud hled\u00e1te produkty k n\u00e1kupu v maloobchodn\u00edm mno\u017estv\u00ed (bez registrace) nav\u0161tivte pros\u00edm prodejnuINIEKCJEBUDOWLANE.PL Sta\u0148te se dodavatelem PAKERY.PL na platform\u011b B2B. Informujte se o nov\u00fdch produktech, cen\u00e1ch, objedn\u00e1vejte 24 hodin denn\u011b U\u017eivateli platformy se mohou st\u00e1t pouze podnikatel\u00e9 a spole\u010dnosti Chcete -li se [&hellip;]","og_url":"https:\/\/www.pakery.pl\/cs\/registrovat\/","og_site_name":"PAKERY.PL","article_modified_time":"2021-08-05T07:38:40+00:00","twitter_card":"summary_large_image","twitter_misc":{"Odhadovan\u00e1 doba \u010dten\u00ed":"1 minuta"},"schema":{"@context":"https:\/\/schema.org","@graph":[{"@type":"WebPage","@id":"https:\/\/www.pakery.pl\/cs\/registrovat\/","url":"https:\/\/www.pakery.pl\/cs\/registrovat\/","name":"Registrovat - PAKERY.PL","isPartOf":{"@id":"https:\/\/www.pakery.pl\/cs\/#website"},"datePublished":"2021-08-05T05:47:03+00:00","dateModified":"2021-08-05T07:38:40+00:00","breadcrumb":{"@id":"https:\/\/www.pakery.pl\/cs\/registrovat\/#breadcrumb"},"inLanguage":"cs","potentialAction":[{"@type":"ReadAction","target":["https:\/\/www.pakery.pl\/cs\/registrovat\/"]}]},{"@type":"BreadcrumbList","@id":"https:\/\/www.pakery.pl\/cs\/registrovat\/#breadcrumb","itemListElement":[{"@type":"ListItem","position":1,"name":"Strona g\u0142\u00f3wna","item":"https:\/\/www.pakery.pl\/cs\/"},{"@type":"ListItem","position":2,"name":"Registrovat"}]},{"@type":"WebSite","@id":"https:\/\/www.pakery.pl\/cs\/#website","url":"https:\/\/www.pakery.pl\/cs\/","name":"Pakery.pl","description":"Pakery iniekcyjne, Kotwy spiralne, Lance iniekcyjne, W\u0119\u017ce do iniekcji, Pompy iniekcyjne, Serwis pomp iniekcyjnych, Wynajem pomp do iniekcji","publisher":{"@id":"https:\/\/www.pakery.pl\/cs\/#organization"},"potentialAction":[{"@type":"SearchAction","target":{"@type":"EntryPoint","urlTemplate":"https:\/\/www.pakery.pl\/cs\/?s={search_term_string}"},"query-input":{"@type":"PropertyValueSpecification","valueRequired":true,"valueName":"search_term_string"}}],"inLanguage":"cs"},{"@type":"Organization","@id":"https:\/\/www.pakery.pl\/cs\/#organization","name":"PAKERY.PL","url":"https:\/\/www.pakery.pl\/cs\/","logo":{"@type":"ImageObject","inLanguage":"cs","@id":"https:\/\/www.pakery.pl\/cs\/#\/schema\/logo\/image\/","url":"https:\/\/www.pakery.pl\/wp-content\/uploads\/2021\/04\/cropped-PAKERY-LOGO.png","contentUrl":"https:\/\/www.pakery.pl\/wp-content\/uploads\/2021\/04\/cropped-PAKERY-LOGO.png","width":1529,"height":500,"caption":"PAKERY.PL"},"image":{"@id":"https:\/\/www.pakery.pl\/cs\/#\/schema\/logo\/image\/"}}]}},"_links":{"self":[{"href":"https:\/\/www.pakery.pl\/cs\/wp-json\/wp\/v2\/pages\/7314","targetHints":{"allow":["GET"]}}],"collection":[{"href":"https:\/\/www.pakery.pl\/cs\/wp-json\/wp\/v2\/pages"}],"about":[{"href":"https:\/\/www.pakery.pl\/cs\/wp-json\/wp\/v2\/types\/page"}],"author":[{"embeddable":true,"href":"https:\/\/www.pakery.pl\/cs\/wp-json\/wp\/v2\/users\/1"}],"replies":[{"embeddable":true,"href":"https:\/\/www.pakery.pl\/cs\/wp-json\/wp\/v2\/comments?post=7314"}],"version-history":[{"count":5,"href":"https:\/\/www.pakery.pl\/cs\/wp-json\/wp\/v2\/pages\/7314\/revisions"}],"predecessor-version":[{"id":7728,"href":"https:\/\/www.pakery.pl\/cs\/wp-json\/wp\/v2\/pages\/7314\/revisions\/7728"}],"wp:attachment":[{"href":"https:\/\/www.pakery.pl\/cs\/wp-json\/wp\/v2\/media?parent=7314"}],"curies":[{"name":"wp","href":"https:\/\/api.w.org\/{rel}","templated":true}]}}